{"id":1236,"date":"2017-02-25T17:51:15","date_gmt":"2017-02-25T17:51:15","guid":{"rendered":"http:\/\/misal.hr\/?page_id=1236"},"modified":"2023-04-12T10:04:07","modified_gmt":"2023-04-12T10:04:07","slug":"poklon-paketi","status":"publish","type":"page","link":"https:\/\/misal.hr\/de\/aktualno\/poklon-paketi\/","title":{"rendered":"SPEZIAL"},"content":{"rendered":"<div class=\"wpb-content-wrapper\"><p>[vc_row][vc_column width=&#8221;1\/4&#8243;][vc_single_image image=&#8221;1530&#8243; img_size=&#8221;full&#8221;][\/vc_column][vc_column width=&#8221;3\/4&#8243;][vc_column_text]<\/p>\n<h3>Geschenkpakete<\/h3>\n<p>Sind Sie auf der Suche nach Geschenken f\u00fcr Gesch\u00e4ftspartner, Familie oder besondere Anl\u00e4sse im Leben? Wir haben f\u00fcr Sie Geschenkpakete mit Holzkisten f\u00fcr eine Flasche vorbereitet. Auf Bestellung k\u00f6nnen wir auch Geschenkpakete mit mehreren Flaschen, sowie mit unseren Gl\u00e4sern, K\u00fchlbeh\u00e4ltern oder Weinverschl\u00fcssen zusammenstellen.<\/p>\n<p>&nbsp;<\/p>\n<h3><\/h3>\n<p>[\/vc_column_text][\/vc_column][\/vc_row][vc_row][vc_column][vc_column_text]<\/p>\n<h3>Personalisierte Auflagen<\/h3>\n<p>Wir sind stolz auf das Projekt unserer personalisierter Produktserien, die wir f\u00fcr unsere Gesch\u00e4ftspartner einrichten.[\/vc_column_text][vc_gallery type=&#8221;image_grid&#8221; images=&#8221;2757,2758&#8243; img_size=&#8221;500&#215;367&#8243;][vc_row_inner equal_height=&#8221;yes&#8221; content_placement=&#8221;middle&#8221; css=&#8221;.vc_custom_1621594489458{border-top-width: 3px !important;border-right-width: 3px !important;border-bottom-width: 3px !important;border-left-width: 3px !important;padding-top: 30px !important;padding-right: 30px !important;padding-bottom: 30px !important;padding-left: 30px !important;border-left-color: #b0976d !important;border-left-style: solid !important;border-right-color: #b0976d !important;border-right-style: solid !important;border-top-color: #b0976d !important;border-top-style: solid !important;border-bottom-color: #b0976d !important;border-bottom-style: solid !important;border-radius: 3px !important;}&#8221;][vc_column_inner width=&#8221;1\/5&#8243;][vc_single_image image=&#8221;6466&#8243; img_size=&#8221;&#8221;][\/vc_column_inner][vc_column_inner width=&#8221;1\/5&#8243;][vc_single_image image=&#8221;6467&#8243; img_size=&#8221;&#8221;][\/vc_column_inner][vc_column_inner width=&#8221;1\/5&#8243;][vc_single_image image=&#8221;6468&#8243; img_size=&#8221;&#8221;][\/vc_column_inner][vc_column_inner width=&#8221;1\/5&#8243;][vc_single_image image=&#8221;6469&#8243; img_size=&#8221;&#8221;][\/vc_column_inner][vc_column_inner width=&#8221;1\/5&#8243;][vc_column_text]<\/p>\n<h4 style=\"text-align: center;\">Weitere Informationen finden Sie auf der <a href=\"https:\/\/istriana.wine\/\">istriana.wine<\/a><\/h4>\n<p>[\/vc_column_text][\/vc_column_inner][\/vc_row_inner][\/vc_column][\/vc_row][vc_row content_placement=&#8221;middle&#8221;][vc_column width=&#8221;1\/4&#8243;][vc_column_text]<\/p>\n<h3>Limitierte Auflagen<\/h3>\n<p>[\/vc_column_text][vc_single_image image=&#8221;1538&#8243; img_size=&#8221;full&#8221;][\/vc_column][vc_column width=&#8221;3\/4&#8243;][vc_column_text]<strong>Istrischer Malvasia 2006<\/strong><br \/>\nArchivwein, der bereits 8 Jahre in der Flasche liegt. Die lange Mazeration und die Reifung in alten Eichenf\u00e4ssern verleihen diesem Wein eine gelbgoldene Farbe sowie das reiche und kr\u00e4ftige Bukett, das vom Akazienhonig- und Vanillearoma gepr\u00e4gt ist. Vom Geschmack her ist er warm und abgerundet. Weinflasche: 0,75 l<\/p>\n<p><em>Der Wein wird im Weinkeller verkauft.<\/em>[\/vc_column_text][\/vc_column][\/vc_row][vc_row][vc_column width=&#8221;1\/4&#8243;][vc_single_image image=&#8221;1540&#8243; img_size=&#8221;full&#8221;][\/vc_column][vc_column width=&#8221;3\/4&#8243;][vc_column_text]<strong>Muskat Per\u0161uri\u0107<\/strong><br \/>\nDessertwein, der durch die rasche Trocknung der geernteten wei\u00dfen und\/oder gelben Muskattrauben gekeltert wird. Er wird sehr selten in sehr geringen Auflagen hergestellt. Der Wein hat ein feines Bukett, das vom Trockenfr\u00fcchte-, Honig-, Bittermandel- und Muskattraubenaroma gepr\u00e4gt ist. Ein \u00e4u\u00dferst \u00fcppiger Wein reichen Geschmacks in Altgoldfarbe. Weinflasche: 0,50 l und 1,50 l<\/p>\n<p><em>Der Wein wird im Weinkeller verkauft. <\/em>[\/vc_column_text][\/vc_column][\/vc_row][vc_row full_width=&#8221;stretch_row&#8221; equal_height=&#8221;yes&#8221; content_placement=&#8221;middle&#8221; css=&#8221;.vc_custom_1503922111239{padding-top: 150px !important;padding-bottom: 150px !important;background: #121212 url(http:\/\/misal.hr\/wp-content\/uploads\/2016\/03\/misal_spark_01.jpg?id=1683) !important;background-position: center !important;background-repeat: no-repeat !important;background-size: cover !important;}&#8221;][vc_column][vc_column_text]<\/p>\n<div class=\"heading\">\n<p class=\"h_subtitle\" style=\"text-align: center;\">PJENU\u0160CI PER\u0160URI\u0106<\/p>\n<h2 class=\"h_title\" style=\"text-align: center;\">Denn unsere Sekte sind so cool<\/h2>\n<\/div>\n<p>[\/vc_column_text][\/vc_column][\/vc_row]<\/p>\n<\/div>","protected":false},"excerpt":{"rendered":"<p>[vc_row][vc_column width=&#8221;1\/4&#8243;][vc_single_image image=&#8221;1530&#8243; img_size=&#8221;full&#8221;][\/vc_column][vc_column width=&#8221;3\/4&#8243;][vc_column_text] Geschenkpakete Sind Sie auf der Suche nach Geschenken f\u00fcr Gesch\u00e4ftspartner, Familie oder besondere Anl\u00e4sse im Leben? Wir haben f\u00fcr Sie Geschenkpakete mit Holzkisten f\u00fcr eine Flasche vorbereitet. Auf Bestellung k\u00f6nnen wir auch Geschenkpakete mit mehreren Flaschen, sowie mit unseren Gl\u00e4sern, K\u00fchlbeh\u00e4ltern oder Weinverschl\u00fcssen zusammenstellen. &nbsp; [\/vc_column_text][\/vc_column][\/vc_row][vc_row][vc_column][vc_column_text] Personalisierte Auflagen Wir sind<br class=\"read-more-spacer\"> <a class=\"more-link\" href=\"https:\/\/misal.hr\/de\/aktualno\/poklon-paketi\/\">Mehr lesen<\/a><\/p>\n","protected":false},"author":1,"featured_media":0,"parent":1233,"menu_order":0,"comment_status":"closed","ping_status":"closed","template":"","meta":{"_acf_changed":false,"footnotes":""},"class_list":["post-1236","page","type-page","status-publish"],"acf":[],"yoast_head":"<!-- This site is optimized with the Yoast SEO plugin v26.6 - https:\/\/yoast.com\/wordpress\/plugins\/seo\/ -->\n<title>GESCHENKPAKETE | PERSONALISIERTE AUFLAGEN | MISAL<\/title>\n<meta name=\"description\" content=\"Sind Sie auf der Suche nach Geschenken f\u00fcr Gesch\u00e4ftspartner, Familie oder besondere Anl\u00e4sse im Leben? Wir haben f\u00fcr Sie Geschenkpakete mit Holzkisten f\u00fcr ...\" \/>\n<meta name=\"robots\" content=\"index, follow, max-snippet:-1, max-image-preview:large, max-video-preview:-1\" \/>\n<link rel=\"canonical\" href=\"https:\/\/misal.hr\/de\/aktualno\/poklon-paketi\/\" \/>\n<meta property=\"og:locale\" content=\"de_DE\" \/>\n<meta property=\"og:type\" content=\"article\" \/>\n<meta property=\"og:title\" content=\"GESCHENKPAKETE | PERSONALISIERTE AUFLAGEN | MISAL\" \/>\n<meta property=\"og:description\" content=\"Sind Sie auf der Suche nach Geschenken f\u00fcr Gesch\u00e4ftspartner, Familie oder besondere Anl\u00e4sse im Leben? Wir haben f\u00fcr Sie Geschenkpakete mit Holzkisten f\u00fcr ...\" \/>\n<meta property=\"og:url\" content=\"https:\/\/misal.hr\/de\/aktualno\/poklon-paketi\/\" \/>\n<meta property=\"og:site_name\" content=\"MISAL\" \/>\n<meta property=\"article:publisher\" content=\"https:\/\/web.facebook.com\/misal.pjenusci\" \/>\n<meta property=\"article:modified_time\" content=\"2023-04-12T10:04:07+00:00\" \/>\n<meta property=\"og:image\" content=\"https:\/\/misal.hr\/wp-content\/uploads\/2016\/03\/misal_web-sparkle-1.jpg\" \/>\n\t<meta property=\"og:image:width\" content=\"1920\" \/>\n\t<meta property=\"og:image:height\" content=\"1272\" \/>\n\t<meta property=\"og:image:type\" content=\"image\/jpeg\" \/>\n<meta name=\"twitter:card\" content=\"summary_large_image\" \/>\n<meta name=\"twitter:label1\" content=\"Gesch\u00e4tzte Lesezeit\" \/>\n\t<meta name=\"twitter:data1\" content=\"2\u00a0Minuten\" \/>\n<script type=\"application\/ld+json\" class=\"yoast-schema-graph\">{\"@context\":\"https:\/\/schema.org\",\"@graph\":[{\"@type\":\"WebPage\",\"@id\":\"https:\/\/misal.hr\/de\/aktualno\/poklon-paketi\/\",\"url\":\"https:\/\/misal.hr\/de\/aktualno\/poklon-paketi\/\",\"name\":\"GESCHENKPAKETE | PERSONALISIERTE AUFLAGEN | MISAL\",\"isPartOf\":{\"@id\":\"https:\/\/misal.hr\/de\/#website\"},\"datePublished\":\"2017-02-25T17:51:15+00:00\",\"dateModified\":\"2023-04-12T10:04:07+00:00\",\"description\":\"Sind Sie auf der Suche nach Geschenken f\u00fcr Gesch\u00e4ftspartner, Familie oder besondere Anl\u00e4sse im Leben? Wir haben f\u00fcr Sie Geschenkpakete mit Holzkisten f\u00fcr ...\",\"breadcrumb\":{\"@id\":\"https:\/\/misal.hr\/de\/aktualno\/poklon-paketi\/#breadcrumb\"},\"inLanguage\":\"de\",\"potentialAction\":[{\"@type\":\"ReadAction\",\"target\":[[\"https:\/\/misal.hr\/de\/aktualno\/poklon-paketi\/\"]]}]},{\"@type\":\"BreadcrumbList\",\"@id\":\"https:\/\/misal.hr\/de\/aktualno\/poklon-paketi\/#breadcrumb\",\"itemListElement\":[{\"@type\":\"ListItem\",\"position\":1,\"name\":\"Home\",\"item\":\"https:\/\/misal.hr\/de\/\"},{\"@type\":\"ListItem\",\"position\":2,\"name\":\"AKTUALNO\",\"item\":\"https:\/\/misal.hr\/de\/aktualno\/\"},{\"@type\":\"ListItem\",\"position\":3,\"name\":\"SPECIJAL\"}]},{\"@type\":\"WebSite\",\"@id\":\"https:\/\/misal.hr\/de\/#website\",\"url\":\"https:\/\/misal.hr\/de\/\",\"name\":\"MISAL\",\"description\":\"Pjenu\u0161ci Per\u0161uri\u0107\",\"publisher\":{\"@id\":\"https:\/\/misal.hr\/de\/#organization\"},\"potentialAction\":[{\"@type\":\"SearchAction\",\"target\":{\"@type\":\"EntryPoint\",\"urlTemplate\":\"https:\/\/misal.hr\/de\/?s={search_term_string}\"},\"query-input\":{\"@type\":\"PropertyValueSpecification\",\"valueRequired\":true,\"valueName\":\"search_term_string\"}}],\"inLanguage\":\"de\"},{\"@type\":\"Organization\",\"@id\":\"https:\/\/misal.hr\/de\/#organization\",\"name\":\"PJENU\u0160CI PER\u0160URI\u0106 d.o.o.\",\"alternateName\":\"MISAL\",\"url\":\"https:\/\/misal.hr\/de\/\",\"logo\":{\"@type\":\"ImageObject\",\"inLanguage\":\"de\",\"@id\":\"https:\/\/misal.hr\/de\/#\/schema\/logo\/image\/\",\"url\":\"https:\/\/misal.hr\/wp-content\/uploads\/2016\/03\/misal_pjenusci_vina_persuric.jpg\",\"contentUrl\":\"https:\/\/misal.hr\/wp-content\/uploads\/2016\/03\/misal_pjenusci_vina_persuric.jpg\",\"width\":1500,\"height\":996,\"caption\":\"PJENU\u0160CI PER\u0160URI\u0106 d.o.o.\"},\"image\":{\"@id\":\"https:\/\/misal.hr\/de\/#\/schema\/logo\/image\/\"},\"sameAs\":[\"https:\/\/web.facebook.com\/misal.pjenusci\",\"https:\/\/www.instagram.com\/sparkling_wines_misal\/\"]}]}<\/script>\n<!-- \/ Yoast SEO plugin. -->","yoast_head_json":{"title":"GESCHENKPAKETE | PERSONALISIERTE AUFLAGEN | MISAL","description":"Sind Sie auf der Suche nach Geschenken f\u00fcr Gesch\u00e4ftspartner, Familie oder besondere Anl\u00e4sse im Leben? Wir haben f\u00fcr Sie Geschenkpakete mit Holzkisten f\u00fcr ...","robots":{"index":"index","follow":"follow","max-snippet":"max-snippet:-1","max-image-preview":"max-image-preview:large","max-video-preview":"max-video-preview:-1"},"canonical":"https:\/\/misal.hr\/de\/aktualno\/poklon-paketi\/","og_locale":"de_DE","og_type":"article","og_title":"GESCHENKPAKETE | PERSONALISIERTE AUFLAGEN | MISAL","og_description":"Sind Sie auf der Suche nach Geschenken f\u00fcr Gesch\u00e4ftspartner, Familie oder besondere Anl\u00e4sse im Leben? Wir haben f\u00fcr Sie Geschenkpakete mit Holzkisten f\u00fcr ...","og_url":"https:\/\/misal.hr\/de\/aktualno\/poklon-paketi\/","og_site_name":"MISAL","article_publisher":"https:\/\/web.facebook.com\/misal.pjenusci","article_modified_time":"2023-04-12T10:04:07+00:00","og_image":[{"width":1920,"height":1272,"url":"https:\/\/misal.hr\/wp-content\/uploads\/2016\/03\/misal_web-sparkle-1.jpg","type":"image\/jpeg"}],"twitter_card":"summary_large_image","twitter_misc":{"Gesch\u00e4tzte Lesezeit":"2\u00a0Minuten"},"schema":{"@context":"https:\/\/schema.org","@graph":[{"@type":"WebPage","@id":"https:\/\/misal.hr\/de\/aktualno\/poklon-paketi\/","url":"https:\/\/misal.hr\/de\/aktualno\/poklon-paketi\/","name":"GESCHENKPAKETE | PERSONALISIERTE AUFLAGEN | MISAL","isPartOf":{"@id":"https:\/\/misal.hr\/de\/#website"},"datePublished":"2017-02-25T17:51:15+00:00","dateModified":"2023-04-12T10:04:07+00:00","description":"Sind Sie auf der Suche nach Geschenken f\u00fcr Gesch\u00e4ftspartner, Familie oder besondere Anl\u00e4sse im Leben? Wir haben f\u00fcr Sie Geschenkpakete mit Holzkisten f\u00fcr ...","breadcrumb":{"@id":"https:\/\/misal.hr\/de\/aktualno\/poklon-paketi\/#breadcrumb"},"inLanguage":"de","potentialAction":[{"@type":"ReadAction","target":[["https:\/\/misal.hr\/de\/aktualno\/poklon-paketi\/"]]}]},{"@type":"BreadcrumbList","@id":"https:\/\/misal.hr\/de\/aktualno\/poklon-paketi\/#breadcrumb","itemListElement":[{"@type":"ListItem","position":1,"name":"Home","item":"https:\/\/misal.hr\/de\/"},{"@type":"ListItem","position":2,"name":"AKTUALNO","item":"https:\/\/misal.hr\/de\/aktualno\/"},{"@type":"ListItem","position":3,"name":"SPECIJAL"}]},{"@type":"WebSite","@id":"https:\/\/misal.hr\/de\/#website","url":"https:\/\/misal.hr\/de\/","name":"MISAL","description":"Pjenu\u0161ci Per\u0161uri\u0107","publisher":{"@id":"https:\/\/misal.hr\/de\/#organization"},"potentialAction":[{"@type":"SearchAction","target":{"@type":"EntryPoint","urlTemplate":"https:\/\/misal.hr\/de\/?s={search_term_string}"},"query-input":{"@type":"PropertyValueSpecification","valueRequired":true,"valueName":"search_term_string"}}],"inLanguage":"de"},{"@type":"Organization","@id":"https:\/\/misal.hr\/de\/#organization","name":"PJENU\u0160CI PER\u0160URI\u0106 d.o.o.","alternateName":"MISAL","url":"https:\/\/misal.hr\/de\/","logo":{"@type":"ImageObject","inLanguage":"de","@id":"https:\/\/misal.hr\/de\/#\/schema\/logo\/image\/","url":"https:\/\/misal.hr\/wp-content\/uploads\/2016\/03\/misal_pjenusci_vina_persuric.jpg","contentUrl":"https:\/\/misal.hr\/wp-content\/uploads\/2016\/03\/misal_pjenusci_vina_persuric.jpg","width":1500,"height":996,"caption":"PJENU\u0160CI PER\u0160URI\u0106 d.o.o."},"image":{"@id":"https:\/\/misal.hr\/de\/#\/schema\/logo\/image\/"},"sameAs":["https:\/\/web.facebook.com\/misal.pjenusci","https:\/\/www.instagram.com\/sparkling_wines_misal\/"]}]}},"_links":{"self":[{"href":"https:\/\/misal.hr\/de\/wp-json\/wp\/v2\/pages\/1236","targetHints":{"allow":["GET"]}}],"collection":[{"href":"https:\/\/misal.hr\/de\/wp-json\/wp\/v2\/pages"}],"about":[{"href":"https:\/\/misal.hr\/de\/wp-json\/wp\/v2\/types\/page"}],"author":[{"embeddable":true,"href":"https:\/\/misal.hr\/de\/wp-json\/wp\/v2\/users\/1"}],"replies":[{"embeddable":true,"href":"https:\/\/misal.hr\/de\/wp-json\/wp\/v2\/comments?post=1236"}],"version-history":[{"count":0,"href":"https:\/\/misal.hr\/de\/wp-json\/wp\/v2\/pages\/1236\/revisions"}],"up":[{"embeddable":true,"href":"https:\/\/misal.hr\/de\/wp-json\/wp\/v2\/pages\/1233"}],"wp:attachment":[{"href":"https:\/\/misal.hr\/de\/wp-json\/wp\/v2\/media?parent=1236"}],"curies":[{"name":"wp","href":"https:\/\/api.w.org\/{rel}","templated":true}]}}