{"id":1276,"date":"2017-02-26T10:08:22","date_gmt":"2017-02-26T10:08:22","guid":{"rendered":"http:\/\/misal.hr\/?page_id=1276"},"modified":"2017-05-18T09:38:59","modified_gmt":"2017-05-18T09:38:59","slug":"koristenje-kolacica","status":"publish","type":"page","link":"https:\/\/misal.hr\/de\/koristenje-kolacica\/","title":{"rendered":"Einsatz von Cookies"},"content":{"rendered":"<div class=\"wpb-content-wrapper\"><p>[vc_row][vc_column][vc_column_text]Cookies in Ihrem Browser erm\u00f6glichen uns, den Betrieb aller Funktionen der Website zu gew\u00e4hrleisten, bestimmte Funktionen speziell f\u00fcr Sie anzupassen und durch Analyse der Besuche unsere Webseiten st\u00e4ndig zu verbessern.<\/p>\n<p>Dar\u00fcber hinaus k\u00f6nnen Sie selbst entscheiden, ob Sie die Verwendung von Cookies zulassen oder verweigern m\u00f6chten. In diesem Fall wird die Webseite im Browser keine persistenten Cookies einlesen, au\u00dfer den eigenen Cookies, mit denen wir die Besuche unserer Webseiten analysieren und den Cookies, mit denen Sie \u00fcber die Webseiten Ihre Buchungen ausf\u00fchren k\u00f6nnen.\u00a0 Aber dadurch k\u00f6nnen wir Ihnen nicht garantieren, dass Sie in der Lage sein werden, die Webseiten komplett zu verwenden. Die Webseiten nutzen Elemente anderer Anbieter, die auch Cookies verwenden.[\/vc_column_text][\/vc_column][\/vc_row]<\/p>\n<\/div>","protected":false},"excerpt":{"rendered":"<p>[vc_row][vc_column][vc_column_text]Cookies in Ihrem Browser erm\u00f6glichen uns, den Betrieb aller Funktionen der Website zu gew\u00e4hrleisten, bestimmte Funktionen speziell f\u00fcr Sie anzupassen und durch Analyse der Besuche unsere Webseiten st\u00e4ndig zu verbessern. Dar\u00fcber hinaus k\u00f6nnen Sie selbst entscheiden, ob Sie die Verwendung von Cookies zulassen oder verweigern m\u00f6chten. In diesem Fall wird die Webseite im Browser keine<br class=\"read-more-spacer\"> <a class=\"more-link\" href=\"https:\/\/misal.hr\/de\/koristenje-kolacica\/\">Mehr lesen<\/a><\/p>\n","protected":false},"author":1,"featured_media":0,"parent":0,"menu_order":0,"comment_status":"closed","ping_status":"closed","template":"","meta":{"_acf_changed":false,"footnotes":""},"class_list":["post-1276","page","type-page","status-publish"],"acf":[],"yoast_head":"<!-- This site is optimized with the Yoast SEO plugin v27.4 - https:\/\/yoast.com\/product\/yoast-seo-wordpress\/ -->\n<title>Einsatz von Cookies - MISAL<\/title>\n<meta name=\"robots\" content=\"index, follow, max-snippet:-1, max-image-preview:large, max-video-preview:-1\" \/>\n<link rel=\"canonical\" href=\"https:\/\/misal.hr\/de\/koristenje-kolacica\/\" \/>\n<meta property=\"og:locale\" content=\"de_DE\" \/>\n<meta property=\"og:type\" content=\"article\" \/>\n<meta property=\"og:title\" content=\"Einsatz von Cookies - MISAL\" \/>\n<meta property=\"og:description\" content=\"[vc_row][vc_column][vc_column_text]Cookies in Ihrem Browser erm\u00f6glichen uns, den Betrieb aller Funktionen der Website zu gew\u00e4hrleisten, bestimmte Funktionen speziell f\u00fcr Sie anzupassen und durch Analyse der Besuche unsere Webseiten st\u00e4ndig zu verbessern. Dar\u00fcber hinaus k\u00f6nnen Sie selbst entscheiden, ob Sie die Verwendung von Cookies zulassen oder verweigern m\u00f6chten. In diesem Fall wird die Webseite im Browser keine Mehr lesen\" \/>\n<meta property=\"og:url\" content=\"https:\/\/misal.hr\/de\/koristenje-kolacica\/\" \/>\n<meta property=\"og:site_name\" content=\"MISAL\" \/>\n<meta property=\"article:publisher\" content=\"https:\/\/web.facebook.com\/misal.pjenusci\" \/>\n<meta property=\"article:modified_time\" content=\"2017-05-18T09:38:59+00:00\" \/>\n<meta property=\"og:image\" content=\"https:\/\/misal.hr\/wp-content\/uploads\/2016\/03\/misal_web-sparkle-1.jpg\" \/>\n\t<meta property=\"og:image:width\" content=\"1920\" \/>\n\t<meta property=\"og:image:height\" content=\"1272\" \/>\n\t<meta property=\"og:image:type\" content=\"image\/jpeg\" \/>\n<meta name=\"twitter:card\" content=\"summary_large_image\" \/>\n<meta name=\"twitter:label1\" content=\"Gesch\u00e4tzte Lesezeit\" \/>\n\t<meta name=\"twitter:data1\" content=\"3\u00a0Minuten\" \/>\n<script type=\"application\/ld+json\" class=\"yoast-schema-graph\">{\"@context\":\"https:\\\/\\\/schema.org\",\"@graph\":[{\"@type\":\"WebPage\",\"@id\":\"https:\\\/\\\/misal.hr\\\/de\\\/koristenje-kolacica\\\/\",\"url\":\"https:\\\/\\\/misal.hr\\\/de\\\/koristenje-kolacica\\\/\",\"name\":\"Einsatz von Cookies - MISAL\",\"isPartOf\":{\"@id\":\"https:\\\/\\\/misal.hr\\\/de\\\/#website\"},\"datePublished\":\"2017-02-26T10:08:22+00:00\",\"dateModified\":\"2017-05-18T09:38:59+00:00\",\"breadcrumb\":{\"@id\":\"https:\\\/\\\/misal.hr\\\/de\\\/koristenje-kolacica\\\/#breadcrumb\"},\"inLanguage\":\"de\",\"potentialAction\":[{\"@type\":\"ReadAction\",\"target\":[[\"https:\\\/\\\/misal.hr\\\/de\\\/koristenje-kolacica\\\/\"]]}]},{\"@type\":\"BreadcrumbList\",\"@id\":\"https:\\\/\\\/misal.hr\\\/de\\\/koristenje-kolacica\\\/#breadcrumb\",\"itemListElement\":[{\"@type\":\"ListItem\",\"position\":1,\"name\":\"Home\",\"item\":\"https:\\\/\\\/misal.hr\\\/de\\\/\"},{\"@type\":\"ListItem\",\"position\":2,\"name\":\"Kori\u0161tenje kola\u010di\u0107a\"}]},{\"@type\":\"WebSite\",\"@id\":\"https:\\\/\\\/misal.hr\\\/de\\\/#website\",\"url\":\"https:\\\/\\\/misal.hr\\\/de\\\/\",\"name\":\"MISAL\",\"description\":\"Pjenu\u0161ci Per\u0161uri\u0107\",\"publisher\":{\"@id\":\"https:\\\/\\\/misal.hr\\\/de\\\/#organization\"},\"potentialAction\":[{\"@type\":\"SearchAction\",\"target\":{\"@type\":\"EntryPoint\",\"urlTemplate\":\"https:\\\/\\\/misal.hr\\\/de\\\/?s={search_term_string}\"},\"query-input\":{\"@type\":\"PropertyValueSpecification\",\"valueRequired\":true,\"valueName\":\"search_term_string\"}}],\"inLanguage\":\"de\"},{\"@type\":\"Organization\",\"@id\":\"https:\\\/\\\/misal.hr\\\/de\\\/#organization\",\"name\":\"PJENU\u0160CI PER\u0160URI\u0106 d.o.o.\",\"alternateName\":\"MISAL\",\"url\":\"https:\\\/\\\/misal.hr\\\/de\\\/\",\"logo\":{\"@type\":\"ImageObject\",\"inLanguage\":\"de\",\"@id\":\"https:\\\/\\\/misal.hr\\\/de\\\/#\\\/schema\\\/logo\\\/image\\\/\",\"url\":\"https:\\\/\\\/misal.hr\\\/wp-content\\\/uploads\\\/2016\\\/03\\\/misal_pjenusci_vina_persuric.jpg\",\"contentUrl\":\"https:\\\/\\\/misal.hr\\\/wp-content\\\/uploads\\\/2016\\\/03\\\/misal_pjenusci_vina_persuric.jpg\",\"width\":1500,\"height\":996,\"caption\":\"PJENU\u0160CI PER\u0160URI\u0106 d.o.o.\"},\"image\":{\"@id\":\"https:\\\/\\\/misal.hr\\\/de\\\/#\\\/schema\\\/logo\\\/image\\\/\"},\"sameAs\":[\"https:\\\/\\\/web.facebook.com\\\/misal.pjenusci\",\"https:\\\/\\\/www.instagram.com\\\/sparkling_wines_misal\\\/\"]}]}<\/script>\n<!-- \/ Yoast SEO plugin. -->","yoast_head_json":{"title":"Einsatz von Cookies - MISAL","robots":{"index":"index","follow":"follow","max-snippet":"max-snippet:-1","max-image-preview":"max-image-preview:large","max-video-preview":"max-video-preview:-1"},"canonical":"https:\/\/misal.hr\/de\/koristenje-kolacica\/","og_locale":"de_DE","og_type":"article","og_title":"Einsatz von Cookies - MISAL","og_description":"[vc_row][vc_column][vc_column_text]Cookies in Ihrem Browser erm\u00f6glichen uns, den Betrieb aller Funktionen der Website zu gew\u00e4hrleisten, bestimmte Funktionen speziell f\u00fcr Sie anzupassen und durch Analyse der Besuche unsere Webseiten st\u00e4ndig zu verbessern. Dar\u00fcber hinaus k\u00f6nnen Sie selbst entscheiden, ob Sie die Verwendung von Cookies zulassen oder verweigern m\u00f6chten. In diesem Fall wird die Webseite im Browser keine Mehr lesen","og_url":"https:\/\/misal.hr\/de\/koristenje-kolacica\/","og_site_name":"MISAL","article_publisher":"https:\/\/web.facebook.com\/misal.pjenusci","article_modified_time":"2017-05-18T09:38:59+00:00","og_image":[{"width":1920,"height":1272,"url":"https:\/\/misal.hr\/wp-content\/uploads\/2016\/03\/misal_web-sparkle-1.jpg","type":"image\/jpeg"}],"twitter_card":"summary_large_image","twitter_misc":{"Gesch\u00e4tzte Lesezeit":"3\u00a0Minuten"},"schema":{"@context":"https:\/\/schema.org","@graph":[{"@type":"WebPage","@id":"https:\/\/misal.hr\/de\/koristenje-kolacica\/","url":"https:\/\/misal.hr\/de\/koristenje-kolacica\/","name":"Einsatz von Cookies - MISAL","isPartOf":{"@id":"https:\/\/misal.hr\/de\/#website"},"datePublished":"2017-02-26T10:08:22+00:00","dateModified":"2017-05-18T09:38:59+00:00","breadcrumb":{"@id":"https:\/\/misal.hr\/de\/koristenje-kolacica\/#breadcrumb"},"inLanguage":"de","potentialAction":[{"@type":"ReadAction","target":[["https:\/\/misal.hr\/de\/koristenje-kolacica\/"]]}]},{"@type":"BreadcrumbList","@id":"https:\/\/misal.hr\/de\/koristenje-kolacica\/#breadcrumb","itemListElement":[{"@type":"ListItem","position":1,"name":"Home","item":"https:\/\/misal.hr\/de\/"},{"@type":"ListItem","position":2,"name":"Kori\u0161tenje kola\u010di\u0107a"}]},{"@type":"WebSite","@id":"https:\/\/misal.hr\/de\/#website","url":"https:\/\/misal.hr\/de\/","name":"MISAL","description":"Pjenu\u0161ci Per\u0161uri\u0107","publisher":{"@id":"https:\/\/misal.hr\/de\/#organization"},"potentialAction":[{"@type":"SearchAction","target":{"@type":"EntryPoint","urlTemplate":"https:\/\/misal.hr\/de\/?s={search_term_string}"},"query-input":{"@type":"PropertyValueSpecification","valueRequired":true,"valueName":"search_term_string"}}],"inLanguage":"de"},{"@type":"Organization","@id":"https:\/\/misal.hr\/de\/#organization","name":"PJENU\u0160CI PER\u0160URI\u0106 d.o.o.","alternateName":"MISAL","url":"https:\/\/misal.hr\/de\/","logo":{"@type":"ImageObject","inLanguage":"de","@id":"https:\/\/misal.hr\/de\/#\/schema\/logo\/image\/","url":"https:\/\/misal.hr\/wp-content\/uploads\/2016\/03\/misal_pjenusci_vina_persuric.jpg","contentUrl":"https:\/\/misal.hr\/wp-content\/uploads\/2016\/03\/misal_pjenusci_vina_persuric.jpg","width":1500,"height":996,"caption":"PJENU\u0160CI PER\u0160URI\u0106 d.o.o."},"image":{"@id":"https:\/\/misal.hr\/de\/#\/schema\/logo\/image\/"},"sameAs":["https:\/\/web.facebook.com\/misal.pjenusci","https:\/\/www.instagram.com\/sparkling_wines_misal\/"]}]}},"_links":{"self":[{"href":"https:\/\/misal.hr\/de\/wp-json\/wp\/v2\/pages\/1276","targetHints":{"allow":["GET"]}}],"collection":[{"href":"https:\/\/misal.hr\/de\/wp-json\/wp\/v2\/pages"}],"about":[{"href":"https:\/\/misal.hr\/de\/wp-json\/wp\/v2\/types\/page"}],"author":[{"embeddable":true,"href":"https:\/\/misal.hr\/de\/wp-json\/wp\/v2\/users\/1"}],"replies":[{"embeddable":true,"href":"https:\/\/misal.hr\/de\/wp-json\/wp\/v2\/comments?post=1276"}],"version-history":[{"count":0,"href":"https:\/\/misal.hr\/de\/wp-json\/wp\/v2\/pages\/1276\/revisions"}],"wp:attachment":[{"href":"https:\/\/misal.hr\/de\/wp-json\/wp\/v2\/media?parent=1276"}],"curies":[{"name":"wp","href":"https:\/\/api.w.org\/{rel}","templated":true}]}}