{"id":1281,"date":"2017-02-26T10:23:52","date_gmt":"2017-02-26T10:23:52","guid":{"rendered":"http:\/\/misal.hr\/?page_id=1281"},"modified":"2017-11-20T12:23:57","modified_gmt":"2017-11-20T12:23:57","slug":"impressum","status":"publish","type":"page","link":"https:\/\/misal.hr\/de\/impressum\/","title":{"rendered":"Impressum"},"content":{"rendered":"<p><strong>PJENU\u0160CI PER\u0160URI\u0106\u00a0d.o.o.<\/strong><br \/>\nSitz: Pr\u0161uri\u0107i 5a, 52463 Vi\u0161njan<\/p>\n<p>PIN (OIB): 19343415546<br \/>\nMB:\u00a02157659<br \/>\nReg.-Nr.: 130011945<br \/>\nGirokonto Zagreba\u010dka banka d.d.: 2360000-1101930042<br \/>\nIBAN: HR7723600001101930042<br \/>\nSWIFT CODE (BIC):\u00a0ZABAHR2X<\/p>\n<p><strong>Gesch\u00e4ftsf\u00fchrung<\/strong><br \/>\nKatarina Per\u0161uri\u0107 Bernobi\u0107, Ana Per\u0161uri\u0107 Pal\u010di\u0107<\/p>\n<p><strong>Gesch\u00e4ftsf\u00fchrer<\/strong><br \/>\nKatarina Per\u0161uri\u0107 Bernobi\u0107<\/p>\n<p><strong>Stammkapital<\/strong><br \/>\n20.000,00 HRK voll einbezahlt<\/p>\n<p><strong>PJENU\u0160CI PER\u0160URI\u0106<\/strong> Gesellschaft mit beschr\u00e4nkter Haftung f\u00fcr Agrarproduktion und Handel ist im Handelsgericht in Pazin eingetragen.<\/p>","protected":false},"excerpt":{"rendered":"<p>PJENU\u0160CI PER\u0160URI\u0106\u00a0d.o.o. Sitz: Pr\u0161uri\u0107i 5a, 52463 Vi\u0161njan PIN (OIB): 19343415546 MB:\u00a02157659 Reg.-Nr.: 130011945 Girokonto Zagreba\u010dka banka d.d.: 2360000-1101930042 IBAN: HR7723600001101930042 SWIFT CODE (BIC):\u00a0ZABAHR2X Gesch\u00e4ftsf\u00fchrung Katarina Per\u0161uri\u0107 Bernobi\u0107, Ana Per\u0161uri\u0107 Pal\u010di\u0107 Gesch\u00e4ftsf\u00fchrer Katarina Per\u0161uri\u0107 Bernobi\u0107 Stammkapital 20.000,00 HRK voll einbezahlt PJENU\u0160CI PER\u0160URI\u0106 Gesellschaft mit beschr\u00e4nkter Haftung f\u00fcr Agrarproduktion und Handel ist im Handelsgericht in Pazin eingetragen.<\/p>\n","protected":false},"author":1,"featured_media":0,"parent":0,"menu_order":0,"comment_status":"closed","ping_status":"closed","template":"","meta":{"_acf_changed":false,"footnotes":""},"class_list":["post-1281","page","type-page","status-publish"],"acf":[],"yoast_head":"<!-- This site is optimized with the Yoast SEO plugin v26.6 - https:\/\/yoast.com\/wordpress\/plugins\/seo\/ -->\n<title>Impressum - MISAL<\/title>\n<meta name=\"robots\" content=\"index, follow, max-snippet:-1, max-image-preview:large, max-video-preview:-1\" \/>\n<link rel=\"canonical\" href=\"https:\/\/misal.hr\/de\/impressum\/\" \/>\n<meta property=\"og:locale\" content=\"de_DE\" \/>\n<meta property=\"og:type\" content=\"article\" \/>\n<meta property=\"og:title\" content=\"Impressum - MISAL\" \/>\n<meta property=\"og:description\" content=\"PJENU\u0160CI PER\u0160URI\u0106\u00a0d.o.o. Sitz: Pr\u0161uri\u0107i 5a, 52463 Vi\u0161njan PIN (OIB): 19343415546 MB:\u00a02157659 Reg.-Nr.: 130011945 Girokonto Zagreba\u010dka banka d.d.: 2360000-1101930042 IBAN: HR7723600001101930042 SWIFT CODE (BIC):\u00a0ZABAHR2X Gesch\u00e4ftsf\u00fchrung Katarina Per\u0161uri\u0107 Bernobi\u0107, Ana Per\u0161uri\u0107 Pal\u010di\u0107 Gesch\u00e4ftsf\u00fchrer Katarina Per\u0161uri\u0107 Bernobi\u0107 Stammkapital 20.000,00 HRK voll einbezahlt PJENU\u0160CI PER\u0160URI\u0106 Gesellschaft mit beschr\u00e4nkter Haftung f\u00fcr Agrarproduktion und Handel ist im Handelsgericht in Pazin eingetragen.\" \/>\n<meta property=\"og:url\" content=\"https:\/\/misal.hr\/de\/impressum\/\" \/>\n<meta property=\"og:site_name\" content=\"MISAL\" \/>\n<meta property=\"article:publisher\" content=\"https:\/\/web.facebook.com\/misal.pjenusci\" \/>\n<meta property=\"article:modified_time\" content=\"2017-11-20T12:23:57+00:00\" \/>\n<meta property=\"og:image\" content=\"https:\/\/misal.hr\/wp-content\/uploads\/2016\/03\/misal_web-sparkle-1.jpg\" \/>\n\t<meta property=\"og:image:width\" content=\"1920\" \/>\n\t<meta property=\"og:image:height\" content=\"1272\" \/>\n\t<meta property=\"og:image:type\" content=\"image\/jpeg\" \/>\n<meta name=\"twitter:card\" content=\"summary_large_image\" \/>\n<meta name=\"twitter:label1\" content=\"Gesch\u00e4tzte Lesezeit\" \/>\n\t<meta name=\"twitter:data1\" content=\"2\u00a0Minuten\" \/>\n<script type=\"application\/ld+json\" class=\"yoast-schema-graph\">{\"@context\":\"https:\/\/schema.org\",\"@graph\":[{\"@type\":\"WebPage\",\"@id\":\"https:\/\/misal.hr\/de\/impressum\/\",\"url\":\"https:\/\/misal.hr\/de\/impressum\/\",\"name\":\"Impressum - MISAL\",\"isPartOf\":{\"@id\":\"https:\/\/misal.hr\/de\/#website\"},\"datePublished\":\"2017-02-26T10:23:52+00:00\",\"dateModified\":\"2017-11-20T12:23:57+00:00\",\"breadcrumb\":{\"@id\":\"https:\/\/misal.hr\/de\/impressum\/#breadcrumb\"},\"inLanguage\":\"de\",\"potentialAction\":[{\"@type\":\"ReadAction\",\"target\":[[\"https:\/\/misal.hr\/de\/impressum\/\"]]}]},{\"@type\":\"BreadcrumbList\",\"@id\":\"https:\/\/misal.hr\/de\/impressum\/#breadcrumb\",\"itemListElement\":[{\"@type\":\"ListItem\",\"position\":1,\"name\":\"Home\",\"item\":\"https:\/\/misal.hr\/de\/\"},{\"@type\":\"ListItem\",\"position\":2,\"name\":\"Impressum\"}]},{\"@type\":\"WebSite\",\"@id\":\"https:\/\/misal.hr\/de\/#website\",\"url\":\"https:\/\/misal.hr\/de\/\",\"name\":\"MISAL\",\"description\":\"Pjenu\u0161ci Per\u0161uri\u0107\",\"publisher\":{\"@id\":\"https:\/\/misal.hr\/de\/#organization\"},\"potentialAction\":[{\"@type\":\"SearchAction\",\"target\":{\"@type\":\"EntryPoint\",\"urlTemplate\":\"https:\/\/misal.hr\/de\/?s={search_term_string}\"},\"query-input\":{\"@type\":\"PropertyValueSpecification\",\"valueRequired\":true,\"valueName\":\"search_term_string\"}}],\"inLanguage\":\"de\"},{\"@type\":\"Organization\",\"@id\":\"https:\/\/misal.hr\/de\/#organization\",\"name\":\"PJENU\u0160CI PER\u0160URI\u0106 d.o.o.\",\"alternateName\":\"MISAL\",\"url\":\"https:\/\/misal.hr\/de\/\",\"logo\":{\"@type\":\"ImageObject\",\"inLanguage\":\"de\",\"@id\":\"https:\/\/misal.hr\/de\/#\/schema\/logo\/image\/\",\"url\":\"https:\/\/misal.hr\/wp-content\/uploads\/2016\/03\/misal_pjenusci_vina_persuric.jpg\",\"contentUrl\":\"https:\/\/misal.hr\/wp-content\/uploads\/2016\/03\/misal_pjenusci_vina_persuric.jpg\",\"width\":1500,\"height\":996,\"caption\":\"PJENU\u0160CI PER\u0160URI\u0106 d.o.o.\"},\"image\":{\"@id\":\"https:\/\/misal.hr\/de\/#\/schema\/logo\/image\/\"},\"sameAs\":[\"https:\/\/web.facebook.com\/misal.pjenusci\",\"https:\/\/www.instagram.com\/sparkling_wines_misal\/\"]}]}<\/script>\n<!-- \/ Yoast SEO plugin. -->","yoast_head_json":{"title":"Impressum - MISAL","robots":{"index":"index","follow":"follow","max-snippet":"max-snippet:-1","max-image-preview":"max-image-preview:large","max-video-preview":"max-video-preview:-1"},"canonical":"https:\/\/misal.hr\/de\/impressum\/","og_locale":"de_DE","og_type":"article","og_title":"Impressum - MISAL","og_description":"PJENU\u0160CI PER\u0160URI\u0106\u00a0d.o.o. Sitz: Pr\u0161uri\u0107i 5a, 52463 Vi\u0161njan PIN (OIB): 19343415546 MB:\u00a02157659 Reg.-Nr.: 130011945 Girokonto Zagreba\u010dka banka d.d.: 2360000-1101930042 IBAN: HR7723600001101930042 SWIFT CODE (BIC):\u00a0ZABAHR2X Gesch\u00e4ftsf\u00fchrung Katarina Per\u0161uri\u0107 Bernobi\u0107, Ana Per\u0161uri\u0107 Pal\u010di\u0107 Gesch\u00e4ftsf\u00fchrer Katarina Per\u0161uri\u0107 Bernobi\u0107 Stammkapital 20.000,00 HRK voll einbezahlt PJENU\u0160CI PER\u0160URI\u0106 Gesellschaft mit beschr\u00e4nkter Haftung f\u00fcr Agrarproduktion und Handel ist im Handelsgericht in Pazin eingetragen.","og_url":"https:\/\/misal.hr\/de\/impressum\/","og_site_name":"MISAL","article_publisher":"https:\/\/web.facebook.com\/misal.pjenusci","article_modified_time":"2017-11-20T12:23:57+00:00","og_image":[{"width":1920,"height":1272,"url":"https:\/\/misal.hr\/wp-content\/uploads\/2016\/03\/misal_web-sparkle-1.jpg","type":"image\/jpeg"}],"twitter_card":"summary_large_image","twitter_misc":{"Gesch\u00e4tzte Lesezeit":"2\u00a0Minuten"},"schema":{"@context":"https:\/\/schema.org","@graph":[{"@type":"WebPage","@id":"https:\/\/misal.hr\/de\/impressum\/","url":"https:\/\/misal.hr\/de\/impressum\/","name":"Impressum - MISAL","isPartOf":{"@id":"https:\/\/misal.hr\/de\/#website"},"datePublished":"2017-02-26T10:23:52+00:00","dateModified":"2017-11-20T12:23:57+00:00","breadcrumb":{"@id":"https:\/\/misal.hr\/de\/impressum\/#breadcrumb"},"inLanguage":"de","potentialAction":[{"@type":"ReadAction","target":[["https:\/\/misal.hr\/de\/impressum\/"]]}]},{"@type":"BreadcrumbList","@id":"https:\/\/misal.hr\/de\/impressum\/#breadcrumb","itemListElement":[{"@type":"ListItem","position":1,"name":"Home","item":"https:\/\/misal.hr\/de\/"},{"@type":"ListItem","position":2,"name":"Impressum"}]},{"@type":"WebSite","@id":"https:\/\/misal.hr\/de\/#website","url":"https:\/\/misal.hr\/de\/","name":"MISAL","description":"Pjenu\u0161ci Per\u0161uri\u0107","publisher":{"@id":"https:\/\/misal.hr\/de\/#organization"},"potentialAction":[{"@type":"SearchAction","target":{"@type":"EntryPoint","urlTemplate":"https:\/\/misal.hr\/de\/?s={search_term_string}"},"query-input":{"@type":"PropertyValueSpecification","valueRequired":true,"valueName":"search_term_string"}}],"inLanguage":"de"},{"@type":"Organization","@id":"https:\/\/misal.hr\/de\/#organization","name":"PJENU\u0160CI PER\u0160URI\u0106 d.o.o.","alternateName":"MISAL","url":"https:\/\/misal.hr\/de\/","logo":{"@type":"ImageObject","inLanguage":"de","@id":"https:\/\/misal.hr\/de\/#\/schema\/logo\/image\/","url":"https:\/\/misal.hr\/wp-content\/uploads\/2016\/03\/misal_pjenusci_vina_persuric.jpg","contentUrl":"https:\/\/misal.hr\/wp-content\/uploads\/2016\/03\/misal_pjenusci_vina_persuric.jpg","width":1500,"height":996,"caption":"PJENU\u0160CI PER\u0160URI\u0106 d.o.o."},"image":{"@id":"https:\/\/misal.hr\/de\/#\/schema\/logo\/image\/"},"sameAs":["https:\/\/web.facebook.com\/misal.pjenusci","https:\/\/www.instagram.com\/sparkling_wines_misal\/"]}]}},"_links":{"self":[{"href":"https:\/\/misal.hr\/de\/wp-json\/wp\/v2\/pages\/1281","targetHints":{"allow":["GET"]}}],"collection":[{"href":"https:\/\/misal.hr\/de\/wp-json\/wp\/v2\/pages"}],"about":[{"href":"https:\/\/misal.hr\/de\/wp-json\/wp\/v2\/types\/page"}],"author":[{"embeddable":true,"href":"https:\/\/misal.hr\/de\/wp-json\/wp\/v2\/users\/1"}],"replies":[{"embeddable":true,"href":"https:\/\/misal.hr\/de\/wp-json\/wp\/v2\/comments?post=1281"}],"version-history":[{"count":0,"href":"https:\/\/misal.hr\/de\/wp-json\/wp\/v2\/pages\/1281\/revisions"}],"wp:attachment":[{"href":"https:\/\/misal.hr\/de\/wp-json\/wp\/v2\/media?parent=1281"}],"curies":[{"name":"wp","href":"https:\/\/api.w.org\/{rel}","templated":true}]}}