{"id":187,"date":"2016-03-10T09:22:23","date_gmt":"2016-03-10T09:22:23","guid":{"rendered":"http:\/\/okthemes.com\/villenoirdemo\/?page_id=187"},"modified":"2021-12-24T12:50:19","modified_gmt":"2021-12-24T12:50:19","slug":"pjenusava-vina","status":"publish","type":"page","link":"https:\/\/misal.hr\/de\/pjenusava-vina\/","title":{"rendered":"SCHAUMWEINE"},"content":{"rendered":"<div class=\"wpb-content-wrapper\"><p>[vc_row][vc_column]<div class=\"woocommerce columns-4 \"><div class=\"row\">\r\n<ul class=\"products\">\r\n<li class=\"col-xs-12 col-sm-6 col-md-3 product type-product post-680 status-publish first instock product_cat-chardonnay product_cat-pjenusci has-post-thumbnail taxable shipping-taxable purchasable product-type-variable\">\r\n\r\n\t<a href=\"https:\/\/misal.hr\/de\/proizvod\/misal-blanc-de-blancs\/\" class=\"woocommerce-LoopProduct-link woocommerce-loop-product__link\"><h2 class=\"woocommerce-loop-product__title\">Misal<\/br>Blanc de blancs<\/h2><div class=\"gg-product-image-wrapper\"><img loading=\"lazy\" decoding=\"async\" width=\"800\" height=\"800\" src=\"https:\/\/misal.hr\/wp-content\/uploads\/2017\/02\/BLanc-de-blancs.jpg\" class=\"attachment-woocommerce_thumbnail size-woocommerce_thumbnail\" alt=\"Misal&lt;\/br&gt;Blanc de blancs\" srcset=\"https:\/\/misal.hr\/wp-content\/uploads\/2017\/02\/BLanc-de-blancs.jpg 800w, https:\/\/misal.hr\/wp-content\/uploads\/2017\/02\/BLanc-de-blancs-140x140.jpg 140w, https:\/\/misal.hr\/wp-content\/uploads\/2017\/02\/BLanc-de-blancs-600x600.jpg 600w, https:\/\/misal.hr\/wp-content\/uploads\/2017\/02\/BLanc-de-blancs-150x150.jpg 150w, https:\/\/misal.hr\/wp-content\/uploads\/2017\/02\/BLanc-de-blancs-768x768.jpg 768w, https:\/\/misal.hr\/wp-content\/uploads\/2017\/02\/BLanc-de-blancs-243x243.jpg 243w\" sizes=\"auto, (max-width: 800px) 100vw, 800px\" \/><\/div><\/a><div class=\"gg-product-meta-wrapper\"><\/div>\r\n<\/li>\r\n\r\n<li class=\"col-xs-12 col-sm-6 col-md-3 product type-product post-1169 status-publish instock product_cat-chardonnay product_cat-malvazija-istarska product_cat-pinot-crni product_cat-pjenusci has-post-thumbnail taxable shipping-taxable purchasable product-type-variable\">\r\n\r\n\t<a href=\"https:\/\/misal.hr\/de\/proizvod\/misal-prestige\/\" class=\"woocommerce-LoopProduct-link woocommerce-loop-product__link\"><h2 class=\"woocommerce-loop-product__title\">Misal<\/br>Prestige<\/h2><div class=\"gg-product-image-wrapper\"><img loading=\"lazy\" decoding=\"async\" width=\"800\" height=\"800\" src=\"https:\/\/misal.hr\/wp-content\/uploads\/2017\/02\/Prestige.jpg\" class=\"attachment-woocommerce_thumbnail size-woocommerce_thumbnail\" alt=\"Misal&lt;\/br&gt;Prestige\" srcset=\"https:\/\/misal.hr\/wp-content\/uploads\/2017\/02\/Prestige.jpg 800w, https:\/\/misal.hr\/wp-content\/uploads\/2017\/02\/Prestige-140x140.jpg 140w, https:\/\/misal.hr\/wp-content\/uploads\/2017\/02\/Prestige-600x600.jpg 600w, https:\/\/misal.hr\/wp-content\/uploads\/2017\/02\/Prestige-150x150.jpg 150w, https:\/\/misal.hr\/wp-content\/uploads\/2017\/02\/Prestige-768x768.jpg 768w, https:\/\/misal.hr\/wp-content\/uploads\/2017\/02\/Prestige-243x243.jpg 243w\" sizes=\"auto, (max-width: 800px) 100vw, 800px\" \/><\/div><\/a><div class=\"gg-product-meta-wrapper\"><\/div>\r\n<\/li>\r\n\r\n<li class=\"col-xs-12 col-sm-6 col-md-3 product type-product post-1173 status-publish instock product_cat-pinot-crni product_cat-pjenusci has-post-thumbnail taxable shipping-taxable purchasable product-type-variable\">\r\n\r\n\t<a href=\"https:\/\/misal.hr\/de\/proizvod\/misal-blanc-de-noirs\/\" class=\"woocommerce-LoopProduct-link woocommerce-loop-product__link\"><h2 class=\"woocommerce-loop-product__title\">Misal<\/br>Blanc de noirs<\/h2><div class=\"gg-product-image-wrapper\"><img loading=\"lazy\" decoding=\"async\" width=\"800\" height=\"800\" src=\"https:\/\/misal.hr\/wp-content\/uploads\/2017\/02\/Blanc-de-noirs.jpg\" class=\"attachment-woocommerce_thumbnail size-woocommerce_thumbnail\" alt=\"Misal&lt;\/br&gt;Blanc de noirs\" srcset=\"https:\/\/misal.hr\/wp-content\/uploads\/2017\/02\/Blanc-de-noirs.jpg 800w, https:\/\/misal.hr\/wp-content\/uploads\/2017\/02\/Blanc-de-noirs-140x140.jpg 140w, https:\/\/misal.hr\/wp-content\/uploads\/2017\/02\/Blanc-de-noirs-600x600.jpg 600w, https:\/\/misal.hr\/wp-content\/uploads\/2017\/02\/Blanc-de-noirs-150x150.jpg 150w, https:\/\/misal.hr\/wp-content\/uploads\/2017\/02\/Blanc-de-noirs-768x768.jpg 768w, https:\/\/misal.hr\/wp-content\/uploads\/2017\/02\/Blanc-de-noirs-243x243.jpg 243w\" sizes=\"auto, (max-width: 800px) 100vw, 800px\" \/><\/div><\/a><div class=\"gg-product-meta-wrapper\"><\/div>\r\n<\/li>\r\n\r\n<li class=\"col-xs-12 col-sm-6 col-md-3 product type-product post-1175 status-publish last instock product_cat-pinot-crni product_cat-pjenusci has-post-thumbnail taxable shipping-taxable purchasable product-type-variable\">\r\n\r\n\t<a href=\"https:\/\/misal.hr\/de\/proizvod\/misal-royal\/\" class=\"woocommerce-LoopProduct-link woocommerce-loop-product__link\"><h2 class=\"woocommerce-loop-product__title\">Misal<\/br>Royal<\/h2><div class=\"gg-product-image-wrapper\"><img loading=\"lazy\" decoding=\"async\" width=\"800\" height=\"800\" src=\"https:\/\/misal.hr\/wp-content\/uploads\/2017\/02\/Royal.jpg\" class=\"attachment-woocommerce_thumbnail size-woocommerce_thumbnail\" alt=\"Misal&lt;\/br&gt;Royal\" srcset=\"https:\/\/misal.hr\/wp-content\/uploads\/2017\/02\/Royal.jpg 800w, https:\/\/misal.hr\/wp-content\/uploads\/2017\/02\/Royal-140x140.jpg 140w, https:\/\/misal.hr\/wp-content\/uploads\/2017\/02\/Royal-600x600.jpg 600w, https:\/\/misal.hr\/wp-content\/uploads\/2017\/02\/Royal-150x150.jpg 150w, https:\/\/misal.hr\/wp-content\/uploads\/2017\/02\/Royal-768x768.jpg 768w, https:\/\/misal.hr\/wp-content\/uploads\/2017\/02\/Royal-243x243.jpg 243w\" sizes=\"auto, (max-width: 800px) 100vw, 800px\" \/><\/div><\/a><div class=\"gg-product-meta-wrapper\"><\/div>\r\n<\/li>\r\n\r\n<li class=\"col-xs-12 col-sm-6 col-md-3 product type-product post-1177 status-publish first instock product_cat-chardonnay product_cat-malvazija-istarska product_cat-pinot-crni product_cat-pjenusci has-post-thumbnail taxable shipping-taxable purchasable product-type-variable has-default-attributes\">\r\n\r\n\t<a href=\"https:\/\/misal.hr\/de\/proizvod\/misal-millennium\/\" class=\"woocommerce-LoopProduct-link woocommerce-loop-product__link\"><h2 class=\"woocommerce-loop-product__title\">Misal<\/br>Millennium<\/h2><div class=\"gg-product-image-wrapper\"><img loading=\"lazy\" decoding=\"async\" width=\"800\" height=\"800\" src=\"https:\/\/misal.hr\/wp-content\/uploads\/2017\/02\/MIllennium.jpg\" class=\"attachment-woocommerce_thumbnail size-woocommerce_thumbnail\" alt=\"Misal&lt;\/br&gt;Millennium\" srcset=\"https:\/\/misal.hr\/wp-content\/uploads\/2017\/02\/MIllennium.jpg 800w, https:\/\/misal.hr\/wp-content\/uploads\/2017\/02\/MIllennium-140x140.jpg 140w, https:\/\/misal.hr\/wp-content\/uploads\/2017\/02\/MIllennium-600x600.jpg 600w, https:\/\/misal.hr\/wp-content\/uploads\/2017\/02\/MIllennium-150x150.jpg 150w, https:\/\/misal.hr\/wp-content\/uploads\/2017\/02\/MIllennium-768x768.jpg 768w, https:\/\/misal.hr\/wp-content\/uploads\/2017\/02\/MIllennium-243x243.jpg 243w\" sizes=\"auto, (max-width: 800px) 100vw, 800px\" \/><\/div><\/a><div class=\"gg-product-meta-wrapper\"><\/div>\r\n<\/li>\r\n\r\n<li class=\"col-xs-12 col-sm-6 col-md-3 product type-product post-1179 status-publish instock product_cat-malvazija-istarska product_cat-pjenusci has-post-thumbnail taxable shipping-taxable purchasable product-type-variable\">\r\n\r\n\t<a href=\"https:\/\/misal.hr\/de\/proizvod\/misal-istra\/\" class=\"woocommerce-LoopProduct-link woocommerce-loop-product__link\"><h2 class=\"woocommerce-loop-product__title\">Misal<\/br>Istra<\/h2><div class=\"gg-product-image-wrapper\"><img loading=\"lazy\" decoding=\"async\" width=\"800\" height=\"800\" src=\"https:\/\/misal.hr\/wp-content\/uploads\/2017\/02\/Istra.jpg\" class=\"attachment-woocommerce_thumbnail size-woocommerce_thumbnail\" alt=\"Misal&lt;\/br&gt;Istra\" srcset=\"https:\/\/misal.hr\/wp-content\/uploads\/2017\/02\/Istra.jpg 800w, https:\/\/misal.hr\/wp-content\/uploads\/2017\/02\/Istra-140x140.jpg 140w, https:\/\/misal.hr\/wp-content\/uploads\/2017\/02\/Istra-600x600.jpg 600w, https:\/\/misal.hr\/wp-content\/uploads\/2017\/02\/Istra-150x150.jpg 150w, https:\/\/misal.hr\/wp-content\/uploads\/2017\/02\/Istra-768x768.jpg 768w, https:\/\/misal.hr\/wp-content\/uploads\/2017\/02\/Istra-243x243.jpg 243w\" sizes=\"auto, (max-width: 800px) 100vw, 800px\" \/><\/div><\/a><div class=\"gg-product-meta-wrapper\"><\/div>\r\n<\/li>\r\n\r\n<li class=\"col-xs-12 col-sm-6 col-md-3 product type-product post-1194 status-publish instock product_cat-borgonja product_cat-hrvatica product_cat-pjenusci product_cat-teran has-post-thumbnail taxable shipping-taxable purchasable product-type-variable\">\r\n\r\n\t<a href=\"https:\/\/misal.hr\/de\/proizvod\/misal-noir\/\" class=\"woocommerce-LoopProduct-link woocommerce-loop-product__link\"><h2 class=\"woocommerce-loop-product__title\">Misal<\/br>Noir<\/h2><div class=\"gg-product-image-wrapper\"><img loading=\"lazy\" decoding=\"async\" width=\"800\" height=\"800\" src=\"https:\/\/misal.hr\/wp-content\/uploads\/2017\/02\/NOir.jpg\" class=\"attachment-woocommerce_thumbnail size-woocommerce_thumbnail\" alt=\"Misal&lt;\/br&gt;Noir\" srcset=\"https:\/\/misal.hr\/wp-content\/uploads\/2017\/02\/NOir.jpg 800w, https:\/\/misal.hr\/wp-content\/uploads\/2017\/02\/NOir-140x140.jpg 140w, https:\/\/misal.hr\/wp-content\/uploads\/2017\/02\/NOir-600x600.jpg 600w, https:\/\/misal.hr\/wp-content\/uploads\/2017\/02\/NOir-150x150.jpg 150w, https:\/\/misal.hr\/wp-content\/uploads\/2017\/02\/NOir-768x768.jpg 768w, https:\/\/misal.hr\/wp-content\/uploads\/2017\/02\/NOir-243x243.jpg 243w\" sizes=\"auto, (max-width: 800px) 100vw, 800px\" \/><\/div><\/a><div class=\"gg-product-meta-wrapper\"><\/div>\r\n<\/li>\r\n\r\n<li class=\"col-xs-12 col-sm-6 col-md-3 product type-product post-1196 status-publish last instock product_cat-chardonnay product_cat-malvazija-istarska product_cat-pinot-crni product_cat-pjenusci has-post-thumbnail taxable shipping-taxable purchasable product-type-variable has-default-attributes\">\r\n\r\n\t<a href=\"https:\/\/misal.hr\/de\/proizvod\/misal-rose\/\" class=\"woocommerce-LoopProduct-link woocommerce-loop-product__link\"><h2 class=\"woocommerce-loop-product__title\">Misal<\/br>Ros\u00e9<\/h2><div class=\"gg-product-image-wrapper\"><img loading=\"lazy\" decoding=\"async\" width=\"800\" height=\"800\" src=\"https:\/\/misal.hr\/wp-content\/uploads\/2017\/02\/Rose.jpg\" class=\"attachment-woocommerce_thumbnail size-woocommerce_thumbnail\" alt=\"Misal&lt;\/br&gt;Ros\u00e9\" srcset=\"https:\/\/misal.hr\/wp-content\/uploads\/2017\/02\/Rose.jpg 800w, https:\/\/misal.hr\/wp-content\/uploads\/2017\/02\/Rose-140x140.jpg 140w, https:\/\/misal.hr\/wp-content\/uploads\/2017\/02\/Rose-600x600.jpg 600w, https:\/\/misal.hr\/wp-content\/uploads\/2017\/02\/Rose-150x150.jpg 150w, https:\/\/misal.hr\/wp-content\/uploads\/2017\/02\/Rose-768x768.jpg 768w, https:\/\/misal.hr\/wp-content\/uploads\/2017\/02\/Rose-243x243.jpg 243w\" sizes=\"auto, (max-width: 800px) 100vw, 800px\" \/><\/div><\/a><div class=\"gg-product-meta-wrapper\"><\/div>\r\n<\/li>\r\n\r\n<li class=\"col-xs-12 col-sm-6 col-md-3 product type-product post-6528 status-publish first instock product_cat-chardonnay product_cat-malvazija-istarska product_cat-pinot-crni product_cat-pjenusci has-post-thumbnail taxable shipping-taxable purchasable product-type-variable\">\r\n\r\n\t<a href=\"https:\/\/misal.hr\/de\/proizvod\/misalmister\/\" class=\"woocommerce-LoopProduct-link woocommerce-loop-product__link\"><h2 class=\"woocommerce-loop-product__title\">Misal<\/br>Mister<\/h2><div class=\"gg-product-image-wrapper\"><img loading=\"lazy\" decoding=\"async\" width=\"800\" height=\"800\" src=\"https:\/\/misal.hr\/wp-content\/uploads\/2023\/05\/MIster.jpg\" class=\"attachment-woocommerce_thumbnail size-woocommerce_thumbnail\" alt=\"Misal&lt;\/br&gt;Mister\" srcset=\"https:\/\/misal.hr\/wp-content\/uploads\/2023\/05\/MIster.jpg 800w, https:\/\/misal.hr\/wp-content\/uploads\/2023\/05\/MIster-600x600.jpg 600w, https:\/\/misal.hr\/wp-content\/uploads\/2023\/05\/MIster-150x150.jpg 150w, https:\/\/misal.hr\/wp-content\/uploads\/2023\/05\/MIster-768x768.jpg 768w, https:\/\/misal.hr\/wp-content\/uploads\/2023\/05\/MIster-140x140.jpg 140w\" sizes=\"auto, (max-width: 800px) 100vw, 800px\" \/><\/div><\/a><div class=\"gg-product-meta-wrapper\"><\/div>\r\n<\/li>\r\n\r\n<li class=\"col-xs-12 col-sm-6 col-md-3 product type-product post-1209 status-publish instock product_cat-malvazija-istarska product_cat-pjenusci has-post-thumbnail taxable shipping-taxable purchasable product-type-variable\">\r\n\r\n\t<a href=\"https:\/\/misal.hr\/de\/proizvod\/misal-sinjorina\/\" class=\"woocommerce-LoopProduct-link woocommerce-loop-product__link\"><h2 class=\"woocommerce-loop-product__title\">Misal<\/br>\u0160injorina<\/h2><div class=\"gg-product-image-wrapper\"><img loading=\"lazy\" decoding=\"async\" width=\"800\" height=\"800\" src=\"https:\/\/misal.hr\/wp-content\/uploads\/2017\/02\/Sinjorina.jpg\" class=\"attachment-woocommerce_thumbnail size-woocommerce_thumbnail\" alt=\"Misal&lt;\/br&gt;\u0160injorina\" srcset=\"https:\/\/misal.hr\/wp-content\/uploads\/2017\/02\/Sinjorina.jpg 800w, https:\/\/misal.hr\/wp-content\/uploads\/2017\/02\/Sinjorina-140x140.jpg 140w, https:\/\/misal.hr\/wp-content\/uploads\/2017\/02\/Sinjorina-600x600.jpg 600w, https:\/\/misal.hr\/wp-content\/uploads\/2017\/02\/Sinjorina-150x150.jpg 150w, https:\/\/misal.hr\/wp-content\/uploads\/2017\/02\/Sinjorina-768x768.jpg 768w, https:\/\/misal.hr\/wp-content\/uploads\/2017\/02\/Sinjorina-243x243.jpg 243w\" sizes=\"auto, (max-width: 800px) 100vw, 800px\" \/><\/div><\/a><div class=\"gg-product-meta-wrapper\"><\/div>\r\n<\/li>\r\n\r\n<li class=\"col-xs-12 col-sm-6 col-md-3 product type-product post-1204 status-publish instock product_cat-malvazija-istarska product_cat-muskat-ruza-porecki product_cat-pjenusci product_cat-teran has-post-thumbnail taxable shipping-taxable purchasable product-type-variable\">\r\n\r\n\t<a href=\"https:\/\/misal.hr\/de\/proizvod\/misal-rouge\/\" class=\"woocommerce-LoopProduct-link woocommerce-loop-product__link\"><h2 class=\"woocommerce-loop-product__title\">Misal<\/br>Rouge<\/h2><div class=\"gg-product-image-wrapper\"><img loading=\"lazy\" decoding=\"async\" width=\"800\" height=\"800\" src=\"https:\/\/misal.hr\/wp-content\/uploads\/2017\/02\/Rouge.jpg\" class=\"attachment-woocommerce_thumbnail size-woocommerce_thumbnail\" alt=\"Misal&lt;\/br&gt;Rouge\" srcset=\"https:\/\/misal.hr\/wp-content\/uploads\/2017\/02\/Rouge.jpg 800w, https:\/\/misal.hr\/wp-content\/uploads\/2017\/02\/Rouge-140x140.jpg 140w, https:\/\/misal.hr\/wp-content\/uploads\/2017\/02\/Rouge-600x600.jpg 600w, https:\/\/misal.hr\/wp-content\/uploads\/2017\/02\/Rouge-150x150.jpg 150w, https:\/\/misal.hr\/wp-content\/uploads\/2017\/02\/Rouge-768x768.jpg 768w, https:\/\/misal.hr\/wp-content\/uploads\/2017\/02\/Rouge-243x243.jpg 243w\" sizes=\"auto, (max-width: 800px) 100vw, 800px\" \/><\/div><\/a><div class=\"gg-product-meta-wrapper\"><\/div>\r\n<\/li>\r\n\r\n<li class=\"col-xs-12 col-sm-6 col-md-3 product type-product post-1206 status-publish last instock product_cat-chardonnay product_cat-malvazija-istarska product_cat-muskat-bijeli product_cat-pinot-crni product_cat-pjenusci has-post-thumbnail taxable shipping-taxable purchasable product-type-variable\">\r\n\r\n\t<a href=\"https:\/\/misal.hr\/de\/proizvod\/misal-amor\/\" class=\"woocommerce-LoopProduct-link woocommerce-loop-product__link\"><h2 class=\"woocommerce-loop-product__title\">Misal<\/br>Amor<\/h2><div class=\"gg-product-image-wrapper\"><img loading=\"lazy\" decoding=\"async\" width=\"800\" height=\"800\" src=\"https:\/\/misal.hr\/wp-content\/uploads\/2017\/02\/Amor.jpg\" class=\"attachment-woocommerce_thumbnail size-woocommerce_thumbnail\" alt=\"Misal&lt;\/br&gt;Amor\" srcset=\"https:\/\/misal.hr\/wp-content\/uploads\/2017\/02\/Amor.jpg 800w, https:\/\/misal.hr\/wp-content\/uploads\/2017\/02\/Amor-140x140.jpg 140w, https:\/\/misal.hr\/wp-content\/uploads\/2017\/02\/Amor-600x600.jpg 600w, https:\/\/misal.hr\/wp-content\/uploads\/2017\/02\/Amor-150x150.jpg 150w, https:\/\/misal.hr\/wp-content\/uploads\/2017\/02\/Amor-768x768.jpg 768w, https:\/\/misal.hr\/wp-content\/uploads\/2017\/02\/Amor-243x243.jpg 243w\" sizes=\"auto, (max-width: 800px) 100vw, 800px\" \/><\/div><\/a><div class=\"gg-product-meta-wrapper\"><\/div>\r\n<\/li>\r\n<\/ul>\r\n<\/div><\/div>[\/vc_column][\/vc_row]<\/p>\n<\/div>","protected":false},"excerpt":{"rendered":"<p>[vc_row][vc_column][\/vc_column][\/vc_row]<\/p>\n","protected":false},"author":1,"featured_media":0,"parent":0,"menu_order":0,"comment_status":"closed","ping_status":"closed","template":"","meta":{"_acf_changed":false,"footnotes":""},"class_list":["post-187","page","type-page","status-publish"],"acf":[],"yoast_head":"<!-- This site is optimized with the Yoast SEO plugin v26.6 - https:\/\/yoast.com\/wordpress\/plugins\/seo\/ -->\n<title>SCHAUMWEINE | MISAL | PJENU\u0160CI PER\u0160URI\u0106 | VI\u0160NJAN<\/title>\n<meta name=\"description\" content=\"Wir haben elf Schaumweinsorten produziert mit dem Ziel, verschiedenen Geschmacken und W\u00fcnschen nachzukommen. Misal Millennium, Royal, \u0160injorina\" \/>\n<meta name=\"robots\" content=\"index, follow, max-snippet:-1, max-image-preview:large, max-video-preview:-1\" \/>\n<link rel=\"canonical\" href=\"https:\/\/misal.hr\/de\/pjenusava-vina\/\" \/>\n<meta property=\"og:locale\" content=\"de_DE\" \/>\n<meta property=\"og:type\" content=\"article\" \/>\n<meta property=\"og:title\" content=\"SCHAUMWEINE | MISAL | PJENU\u0160CI PER\u0160URI\u0106 | VI\u0160NJAN\" \/>\n<meta property=\"og:description\" content=\"Wir haben elf Schaumweinsorten produziert mit dem Ziel, verschiedenen Geschmacken und W\u00fcnschen nachzukommen. Misal Millennium, Royal, \u0160injorina\" \/>\n<meta property=\"og:url\" content=\"https:\/\/misal.hr\/de\/pjenusava-vina\/\" \/>\n<meta property=\"og:site_name\" content=\"MISAL\" \/>\n<meta property=\"article:publisher\" content=\"https:\/\/web.facebook.com\/misal.pjenusci\" \/>\n<meta property=\"article:modified_time\" content=\"2021-12-24T12:50:19+00:00\" \/>\n<meta property=\"og:image\" content=\"https:\/\/misal.hr\/wp-content\/uploads\/2016\/03\/misal_web-sparkle-1.jpg\" \/>\n\t<meta property=\"og:image:width\" content=\"1920\" \/>\n\t<meta property=\"og:image:height\" content=\"1272\" \/>\n\t<meta property=\"og:image:type\" content=\"image\/jpeg\" \/>\n<meta name=\"twitter:card\" content=\"summary_large_image\" \/>\n<meta name=\"twitter:label1\" content=\"Gesch\u00e4tzte Lesezeit\" \/>\n\t<meta name=\"twitter:data1\" content=\"1\u00a0Minute\" \/>\n<script type=\"application\/ld+json\" class=\"yoast-schema-graph\">{\"@context\":\"https:\/\/schema.org\",\"@graph\":[{\"@type\":\"WebPage\",\"@id\":\"https:\/\/misal.hr\/de\/pjenusava-vina\/\",\"url\":\"https:\/\/misal.hr\/de\/pjenusava-vina\/\",\"name\":\"SCHAUMWEINE | MISAL | PJENU\u0160CI PER\u0160URI\u0106 | VI\u0160NJAN\",\"isPartOf\":{\"@id\":\"https:\/\/misal.hr\/de\/#website\"},\"datePublished\":\"2016-03-10T09:22:23+00:00\",\"dateModified\":\"2021-12-24T12:50:19+00:00\",\"description\":\"Wir haben elf Schaumweinsorten produziert mit dem Ziel, verschiedenen Geschmacken und W\u00fcnschen nachzukommen. Misal Millennium, Royal, \u0160injorina\",\"breadcrumb\":{\"@id\":\"https:\/\/misal.hr\/de\/pjenusava-vina\/#breadcrumb\"},\"inLanguage\":\"de\",\"potentialAction\":[{\"@type\":\"ReadAction\",\"target\":[[\"https:\/\/misal.hr\/de\/pjenusava-vina\/\"]]}]},{\"@type\":\"BreadcrumbList\",\"@id\":\"https:\/\/misal.hr\/de\/pjenusava-vina\/#breadcrumb\",\"itemListElement\":[{\"@type\":\"ListItem\",\"position\":1,\"name\":\"Home\",\"item\":\"https:\/\/misal.hr\/de\/\"},{\"@type\":\"ListItem\",\"position\":2,\"name\":\"PJENU\u0160AVA VINA\"}]},{\"@type\":\"WebSite\",\"@id\":\"https:\/\/misal.hr\/de\/#website\",\"url\":\"https:\/\/misal.hr\/de\/\",\"name\":\"MISAL\",\"description\":\"Pjenu\u0161ci Per\u0161uri\u0107\",\"publisher\":{\"@id\":\"https:\/\/misal.hr\/de\/#organization\"},\"potentialAction\":[{\"@type\":\"SearchAction\",\"target\":{\"@type\":\"EntryPoint\",\"urlTemplate\":\"https:\/\/misal.hr\/de\/?s={search_term_string}\"},\"query-input\":{\"@type\":\"PropertyValueSpecification\",\"valueRequired\":true,\"valueName\":\"search_term_string\"}}],\"inLanguage\":\"de\"},{\"@type\":\"Organization\",\"@id\":\"https:\/\/misal.hr\/de\/#organization\",\"name\":\"PJENU\u0160CI PER\u0160URI\u0106 d.o.o.\",\"alternateName\":\"MISAL\",\"url\":\"https:\/\/misal.hr\/de\/\",\"logo\":{\"@type\":\"ImageObject\",\"inLanguage\":\"de\",\"@id\":\"https:\/\/misal.hr\/de\/#\/schema\/logo\/image\/\",\"url\":\"https:\/\/misal.hr\/wp-content\/uploads\/2016\/03\/misal_pjenusci_vina_persuric.jpg\",\"contentUrl\":\"https:\/\/misal.hr\/wp-content\/uploads\/2016\/03\/misal_pjenusci_vina_persuric.jpg\",\"width\":1500,\"height\":996,\"caption\":\"PJENU\u0160CI PER\u0160URI\u0106 d.o.o.\"},\"image\":{\"@id\":\"https:\/\/misal.hr\/de\/#\/schema\/logo\/image\/\"},\"sameAs\":[\"https:\/\/web.facebook.com\/misal.pjenusci\",\"https:\/\/www.instagram.com\/sparkling_wines_misal\/\"]}]}<\/script>\n<!-- \/ Yoast SEO plugin. -->","yoast_head_json":{"title":"SCHAUMWEINE | MISAL | PJENU\u0160CI PER\u0160URI\u0106 | VI\u0160NJAN","description":"Wir haben elf Schaumweinsorten produziert mit dem Ziel, verschiedenen Geschmacken und W\u00fcnschen nachzukommen. Misal Millennium, Royal, \u0160injorina","robots":{"index":"index","follow":"follow","max-snippet":"max-snippet:-1","max-image-preview":"max-image-preview:large","max-video-preview":"max-video-preview:-1"},"canonical":"https:\/\/misal.hr\/de\/pjenusava-vina\/","og_locale":"de_DE","og_type":"article","og_title":"SCHAUMWEINE | MISAL | PJENU\u0160CI PER\u0160URI\u0106 | VI\u0160NJAN","og_description":"Wir haben elf Schaumweinsorten produziert mit dem Ziel, verschiedenen Geschmacken und W\u00fcnschen nachzukommen. Misal Millennium, Royal, \u0160injorina","og_url":"https:\/\/misal.hr\/de\/pjenusava-vina\/","og_site_name":"MISAL","article_publisher":"https:\/\/web.facebook.com\/misal.pjenusci","article_modified_time":"2021-12-24T12:50:19+00:00","og_image":[{"width":1920,"height":1272,"url":"https:\/\/misal.hr\/wp-content\/uploads\/2016\/03\/misal_web-sparkle-1.jpg","type":"image\/jpeg"}],"twitter_card":"summary_large_image","twitter_misc":{"Gesch\u00e4tzte Lesezeit":"1\u00a0Minute"},"schema":{"@context":"https:\/\/schema.org","@graph":[{"@type":"WebPage","@id":"https:\/\/misal.hr\/de\/pjenusava-vina\/","url":"https:\/\/misal.hr\/de\/pjenusava-vina\/","name":"SCHAUMWEINE | MISAL | PJENU\u0160CI PER\u0160URI\u0106 | VI\u0160NJAN","isPartOf":{"@id":"https:\/\/misal.hr\/de\/#website"},"datePublished":"2016-03-10T09:22:23+00:00","dateModified":"2021-12-24T12:50:19+00:00","description":"Wir haben elf Schaumweinsorten produziert mit dem Ziel, verschiedenen Geschmacken und W\u00fcnschen nachzukommen. Misal Millennium, Royal, \u0160injorina","breadcrumb":{"@id":"https:\/\/misal.hr\/de\/pjenusava-vina\/#breadcrumb"},"inLanguage":"de","potentialAction":[{"@type":"ReadAction","target":[["https:\/\/misal.hr\/de\/pjenusava-vina\/"]]}]},{"@type":"BreadcrumbList","@id":"https:\/\/misal.hr\/de\/pjenusava-vina\/#breadcrumb","itemListElement":[{"@type":"ListItem","position":1,"name":"Home","item":"https:\/\/misal.hr\/de\/"},{"@type":"ListItem","position":2,"name":"PJENU\u0160AVA VINA"}]},{"@type":"WebSite","@id":"https:\/\/misal.hr\/de\/#website","url":"https:\/\/misal.hr\/de\/","name":"MISAL","description":"Pjenu\u0161ci Per\u0161uri\u0107","publisher":{"@id":"https:\/\/misal.hr\/de\/#organization"},"potentialAction":[{"@type":"SearchAction","target":{"@type":"EntryPoint","urlTemplate":"https:\/\/misal.hr\/de\/?s={search_term_string}"},"query-input":{"@type":"PropertyValueSpecification","valueRequired":true,"valueName":"search_term_string"}}],"inLanguage":"de"},{"@type":"Organization","@id":"https:\/\/misal.hr\/de\/#organization","name":"PJENU\u0160CI PER\u0160URI\u0106 d.o.o.","alternateName":"MISAL","url":"https:\/\/misal.hr\/de\/","logo":{"@type":"ImageObject","inLanguage":"de","@id":"https:\/\/misal.hr\/de\/#\/schema\/logo\/image\/","url":"https:\/\/misal.hr\/wp-content\/uploads\/2016\/03\/misal_pjenusci_vina_persuric.jpg","contentUrl":"https:\/\/misal.hr\/wp-content\/uploads\/2016\/03\/misal_pjenusci_vina_persuric.jpg","width":1500,"height":996,"caption":"PJENU\u0160CI PER\u0160URI\u0106 d.o.o."},"image":{"@id":"https:\/\/misal.hr\/de\/#\/schema\/logo\/image\/"},"sameAs":["https:\/\/web.facebook.com\/misal.pjenusci","https:\/\/www.instagram.com\/sparkling_wines_misal\/"]}]}},"_links":{"self":[{"href":"https:\/\/misal.hr\/de\/wp-json\/wp\/v2\/pages\/187","targetHints":{"allow":["GET"]}}],"collection":[{"href":"https:\/\/misal.hr\/de\/wp-json\/wp\/v2\/pages"}],"about":[{"href":"https:\/\/misal.hr\/de\/wp-json\/wp\/v2\/types\/page"}],"author":[{"embeddable":true,"href":"https:\/\/misal.hr\/de\/wp-json\/wp\/v2\/users\/1"}],"replies":[{"embeddable":true,"href":"https:\/\/misal.hr\/de\/wp-json\/wp\/v2\/comments?post=187"}],"version-history":[{"count":0,"href":"https:\/\/misal.hr\/de\/wp-json\/wp\/v2\/pages\/187\/revisions"}],"wp:attachment":[{"href":"https:\/\/misal.hr\/de\/wp-json\/wp\/v2\/media?parent=187"}],"curies":[{"name":"wp","href":"https:\/\/api.w.org\/{rel}","templated":true}]}}