{"id":195,"date":"2016-03-10T10:44:59","date_gmt":"2016-03-10T10:44:59","guid":{"rendered":"http:\/\/okthemes.com\/villenoirdemo\/?page_id=195"},"modified":"2017-10-02T08:39:58","modified_gmt":"2017-10-02T08:39:58","slug":"novosti","status":"publish","type":"page","link":"https:\/\/misal.hr\/de\/aktualno\/novosti\/","title":{"rendered":"NEUIGKEITEN"},"content":{"rendered":"<div class=\"wpb-content-wrapper\"><p>[vc_row][vc_column]\n\t<div class=\" vc-gg-blog-posts\">\n\t<div class=\"gg_posts_grid\">\n\t<ul  class=\"el-grid row \" data-layout-mode=\"masonry\" data-pagination=\"none\">\n\t<li class=\"  isotope-item col-xs-12 col-sm-6 col-md-4 grid-cat-novosti \">\n\t\r\n<article id=\"post-5243\" class=\"gg-vc-posts-grid-default-overlay post-5243 post type-post status-publish format-standard has-post-thumbnail category-novosti\">\r\n\r\n\t\t\r\n    <a class=\"post-thumbnail\" href=\"https:\/\/misal.hr\/de\/novo-istarski-koktel-pjenusac\/\" aria-hidden=\"true\">\r\n        <img loading=\"lazy\" decoding=\"async\" width=\"1600\" height=\"1200\" src=\"https:\/\/misal.hr\/wp-content\/uploads\/2021\/11\/Mister-boca.jpg\" class=\"attachment-post-thumbnail size-post-thumbnail wp-post-image\" alt=\"NEU! Istrischer Schaumwein-Cocktail\" srcset=\"https:\/\/misal.hr\/wp-content\/uploads\/2021\/11\/Mister-boca.jpg 1600w, https:\/\/misal.hr\/wp-content\/uploads\/2021\/11\/Mister-boca-1000x750.jpg 1000w, https:\/\/misal.hr\/wp-content\/uploads\/2021\/11\/Mister-boca-800x600.jpg 800w, https:\/\/misal.hr\/wp-content\/uploads\/2021\/11\/Mister-boca-1024x768.jpg 1024w, https:\/\/misal.hr\/wp-content\/uploads\/2021\/11\/Mister-boca-768x576.jpg 768w, https:\/\/misal.hr\/wp-content\/uploads\/2021\/11\/Mister-boca-1536x1152.jpg 1536w, https:\/\/misal.hr\/wp-content\/uploads\/2021\/11\/Mister-boca-243x182.jpg 243w, https:\/\/misal.hr\/wp-content\/uploads\/2021\/11\/Mister-boca-900x675.jpg 900w\" sizes=\"auto, (max-width: 1600px) 100vw, 1600px\" \/>    <\/a>\r\n\r\n    \r\n\t\t<header class=\"entry-header\">\r\n\t\t\t<div class=\"entry-header-wrapper\">\r\n\t\t\t\t<time class=\"updated\" datetime=\"%2\">Montag, der 22. November 2021<\/time>\t\t\t\t<h2 class=\"entry-title\"><a href=\"https:\/\/misal.hr\/de\/novo-istarski-koktel-pjenusac\/\" rel=\"bookmark\">NEU! Istrischer Schaumwein-Cocktail<\/a><\/h2>\t\t\t<\/div>\r\n\t\t<\/header><!-- .entry-header -->\r\n\r\n<\/article><!-- article -->\r\n\n\t<\/li>\n\t<li class=\"  isotope-item col-xs-12 col-sm-6 col-md-4 grid-cat-akcije grid-cat-novosti \">\n\t\r\n<article id=\"post-4239\" class=\"gg-vc-posts-grid-default-overlay post-4239 post type-post status-publish format-standard has-post-thumbnail category-akcije category-novosti\">\r\n\r\n\t\t\r\n    <a class=\"post-thumbnail\" href=\"https:\/\/misal.hr\/de\/posebna-ponuda\/\" aria-hidden=\"true\">\r\n        <img loading=\"lazy\" decoding=\"async\" width=\"1010\" height=\"964\" src=\"https:\/\/misal.hr\/wp-content\/uploads\/2020\/12\/misal-poklon-paketi.jpg\" class=\"attachment-post-thumbnail size-post-thumbnail wp-post-image\" alt=\"Posebna ponuda\" srcset=\"https:\/\/misal.hr\/wp-content\/uploads\/2020\/12\/misal-poklon-paketi.jpg 1010w, https:\/\/misal.hr\/wp-content\/uploads\/2020\/12\/misal-poklon-paketi-1000x954.jpg 1000w, https:\/\/misal.hr\/wp-content\/uploads\/2020\/12\/misal-poklon-paketi-629x600.jpg 629w, https:\/\/misal.hr\/wp-content\/uploads\/2020\/12\/misal-poklon-paketi-768x733.jpg 768w, https:\/\/misal.hr\/wp-content\/uploads\/2020\/12\/misal-poklon-paketi-243x232.jpg 243w, https:\/\/misal.hr\/wp-content\/uploads\/2020\/12\/misal-poklon-paketi-900x859.jpg 900w\" sizes=\"auto, (max-width: 1010px) 100vw, 1010px\" \/>    <\/a>\r\n\r\n    \r\n\t\t<header class=\"entry-header\">\r\n\t\t\t<div class=\"entry-header-wrapper\">\r\n\t\t\t\t<time class=\"updated\" datetime=\"%2\">Freitag, der  4. Dezember 2020<\/time>\t\t\t\t<h2 class=\"entry-title\"><a href=\"https:\/\/misal.hr\/de\/posebna-ponuda\/\" rel=\"bookmark\">Posebna ponuda<\/a><\/h2>\t\t\t<\/div>\r\n\t\t<\/header><!-- .entry-header -->\r\n\r\n<\/article><!-- article -->\r\n\n\t<\/li>\n\t<li class=\"  isotope-item col-xs-12 col-sm-6 col-md-4 grid-cat-sajmovi grid-cat-novosti \">\n\t\r\n<article id=\"post-3275\" class=\"gg-vc-posts-grid-default-overlay post-3275 post type-post status-publish format-standard has-post-thumbnail category-sajmovi category-novosti\">\r\n\r\n\t\t\r\n    <a class=\"post-thumbnail\" href=\"https:\/\/misal.hr\/de\/festival-pjenusaca-visnjan\/\" aria-hidden=\"true\">\r\n        <img loading=\"lazy\" decoding=\"async\" width=\"500\" height=\"352\" src=\"https:\/\/misal.hr\/wp-content\/uploads\/2019\/11\/visnjan_festival_letak2019-500x352.jpg\" class=\"attachment-post-thumbnail size-post-thumbnail wp-post-image\" alt=\"Festival pjenu\u0161aca Vi\u0161njan\" srcset=\"https:\/\/misal.hr\/wp-content\/uploads\/2019\/11\/visnjan_festival_letak2019-500x352.jpg 500w, https:\/\/misal.hr\/wp-content\/uploads\/2019\/11\/visnjan_festival_letak2019-500x352-243x171.jpg 243w\" sizes=\"auto, (max-width: 500px) 100vw, 500px\" \/>    <\/a>\r\n\r\n    \r\n\t\t<header class=\"entry-header\">\r\n\t\t\t<div class=\"entry-header-wrapper\">\r\n\t\t\t\t<time class=\"updated\" datetime=\"%2\">Montag, der 18. November 2019<\/time>\t\t\t\t<h2 class=\"entry-title\"><a href=\"https:\/\/misal.hr\/de\/festival-pjenusaca-visnjan\/\" rel=\"bookmark\">Festival pjenu\u0161aca Vi\u0161njan<\/a><\/h2>\t\t\t<\/div>\r\n\t\t<\/header><!-- .entry-header -->\r\n\r\n<\/article><!-- article -->\r\n\n\t<\/li>\n\t<li class=\"  isotope-item col-xs-12 col-sm-6 col-md-4 grid-cat-sajmovi grid-cat-novosti \">\n\t\r\n<article id=\"post-3272\" class=\"gg-vc-posts-grid-default-overlay post-3272 post type-post status-publish format-standard has-post-thumbnail category-sajmovi category-novosti\">\r\n\r\n\t\t\r\n    <a class=\"post-thumbnail\" href=\"https:\/\/misal.hr\/de\/14-zagreb-vinocom\/\" aria-hidden=\"true\">\r\n        <img loading=\"lazy\" decoding=\"async\" width=\"362\" height=\"139\" src=\"https:\/\/misal.hr\/wp-content\/uploads\/2019\/11\/Zagreb-VINOcom.jpg\" class=\"attachment-post-thumbnail size-post-thumbnail wp-post-image\" alt=\"14. Zagreb VINOcom\" srcset=\"https:\/\/misal.hr\/wp-content\/uploads\/2019\/11\/Zagreb-VINOcom.jpg 362w, https:\/\/misal.hr\/wp-content\/uploads\/2019\/11\/Zagreb-VINOcom-243x93.jpg 243w\" sizes=\"auto, (max-width: 362px) 100vw, 362px\" \/>    <\/a>\r\n\r\n    \r\n\t\t<header class=\"entry-header\">\r\n\t\t\t<div class=\"entry-header-wrapper\">\r\n\t\t\t\t<time class=\"updated\" datetime=\"%2\">Montag, der 18. November 2019<\/time>\t\t\t\t<h2 class=\"entry-title\"><a href=\"https:\/\/misal.hr\/de\/14-zagreb-vinocom\/\" rel=\"bookmark\">14. Zagreb VINOcom<\/a><\/h2>\t\t\t<\/div>\r\n\t\t<\/header><!-- .entry-header -->\r\n\r\n<\/article><!-- article -->\r\n\n\t<\/li>\n\t<li class=\"  isotope-item col-xs-12 col-sm-6 col-md-4 grid-cat-sajmovi grid-cat-novosti \">\n\t\r\n<article id=\"post-2765\" class=\"gg-vc-posts-grid-default-overlay post-2765 post type-post status-publish format-standard has-post-thumbnail category-sajmovi category-novosti\">\r\n\r\n\t\t\r\n    <a class=\"post-thumbnail\" href=\"https:\/\/misal.hr\/de\/gastro-astro-visnjan-21-06-2019-21h\/\" aria-hidden=\"true\">\r\n        <img loading=\"lazy\" decoding=\"async\" width=\"1465\" height=\"2048\" src=\"https:\/\/misal.hr\/wp-content\/uploads\/2019\/06\/GastroAstroA5letak-eng-scaled.jpg\" class=\"attachment-post-thumbnail size-post-thumbnail wp-post-image\" alt=\"Gastro Astro \u2013 Vi\u0161njan \u2013 21.06.2019. \u2013 21h\" srcset=\"https:\/\/misal.hr\/wp-content\/uploads\/2019\/06\/GastroAstroA5letak-eng-scaled.jpg 1465w, https:\/\/misal.hr\/wp-content\/uploads\/2019\/06\/GastroAstroA5letak-eng-scaled-1000x1398.jpg 1000w, https:\/\/misal.hr\/wp-content\/uploads\/2019\/06\/GastroAstroA5letak-eng-429x600.jpg 429w, https:\/\/misal.hr\/wp-content\/uploads\/2019\/06\/GastroAstroA5letak-eng-768x1074.jpg 768w, https:\/\/misal.hr\/wp-content\/uploads\/2019\/06\/GastroAstroA5letak-eng-858x1200.jpg 858w, https:\/\/misal.hr\/wp-content\/uploads\/2019\/06\/GastroAstroA5letak-eng-scaled-243x340.jpg 243w, https:\/\/misal.hr\/wp-content\/uploads\/2019\/06\/GastroAstroA5letak-eng-scaled-900x1258.jpg 900w\" sizes=\"auto, (max-width: 1465px) 100vw, 1465px\" \/>    <\/a>\r\n\r\n    \r\n\t\t<header class=\"entry-header\">\r\n\t\t\t<div class=\"entry-header-wrapper\">\r\n\t\t\t\t<time class=\"updated\" datetime=\"%2\">Dienstag, der 18. Juni 2019<\/time>\t\t\t\t<h2 class=\"entry-title\"><a href=\"https:\/\/misal.hr\/de\/gastro-astro-visnjan-21-06-2019-21h\/\" rel=\"bookmark\">Gastro Astro \u2013 Vi\u0161njan \u2013 21.06.2019. \u2013 21h<\/a><\/h2>\t\t\t<\/div>\r\n\t\t<\/header><!-- .entry-header -->\r\n\r\n<\/article><!-- article -->\r\n\n\t<\/li>\n\t<li class=\"  isotope-item col-xs-12 col-sm-6 col-md-4 grid-cat-sajmovi grid-cat-novosti \">\n\t\r\n<article id=\"post-2749\" class=\"gg-vc-posts-grid-default-overlay post-2749 post type-post status-publish format-standard has-post-thumbnail category-sajmovi category-novosti\">\r\n\r\n\t\t\r\n    <a class=\"post-thumbnail\" href=\"https:\/\/misal.hr\/de\/wine-day\/\" aria-hidden=\"true\">\r\n        <img loading=\"lazy\" decoding=\"async\" width=\"250\" height=\"201\" src=\"https:\/\/misal.hr\/wp-content\/uploads\/2019\/05\/wine-day.jpg\" class=\"attachment-post-thumbnail size-post-thumbnail wp-post-image\" alt=\"Wine Day\" srcset=\"https:\/\/misal.hr\/wp-content\/uploads\/2019\/05\/wine-day.jpg 250w, https:\/\/misal.hr\/wp-content\/uploads\/2019\/05\/wine-day-243x195.jpg 243w\" sizes=\"auto, (max-width: 250px) 100vw, 250px\" \/>    <\/a>\r\n\r\n    \r\n\t\t<header class=\"entry-header\">\r\n\t\t\t<div class=\"entry-header-wrapper\">\r\n\t\t\t\t<time class=\"updated\" datetime=\"%2\">Freitag, der 24. Mai 2019<\/time>\t\t\t\t<h2 class=\"entry-title\"><a href=\"https:\/\/misal.hr\/de\/wine-day\/\" rel=\"bookmark\">Wine Day<\/a><\/h2>\t\t\t<\/div>\r\n\t\t<\/header><!-- .entry-header -->\r\n\r\n<\/article><!-- article -->\r\n\n\t<\/li>\n\t<li class=\"  isotope-item col-xs-12 col-sm-6 col-md-4 grid-cat-sajmovi grid-cat-novosti \">\n\t\r\n<article id=\"post-2692\" class=\"gg-vc-posts-grid-default-overlay post-2692 post type-post status-publish format-standard has-post-thumbnail category-sajmovi category-novosti\">\r\n\r\n\t\t\r\n    <a class=\"post-thumbnail\" href=\"https:\/\/misal.hr\/de\/vinistra-10-12-05-2019\/\" aria-hidden=\"true\">\r\n        <img loading=\"lazy\" decoding=\"async\" width=\"1330\" height=\"515\" src=\"https:\/\/misal.hr\/wp-content\/uploads\/2019\/05\/Vinistra-2019-Banner.jpg\" class=\"attachment-post-thumbnail size-post-thumbnail wp-post-image\" alt=\"Vinistra \u2013 10.-12.05.2019\" srcset=\"https:\/\/misal.hr\/wp-content\/uploads\/2019\/05\/Vinistra-2019-Banner.jpg 1330w, https:\/\/misal.hr\/wp-content\/uploads\/2019\/05\/Vinistra-2019-Banner-1000x387.jpg 1000w, https:\/\/misal.hr\/wp-content\/uploads\/2019\/05\/Vinistra-2019-Banner-768x297.jpg 768w, https:\/\/misal.hr\/wp-content\/uploads\/2019\/05\/Vinistra-2019-Banner-1024x397.jpg 1024w, https:\/\/misal.hr\/wp-content\/uploads\/2019\/05\/Vinistra-2019-Banner-243x94.jpg 243w, https:\/\/misal.hr\/wp-content\/uploads\/2019\/05\/Vinistra-2019-Banner-900x348.jpg 900w\" sizes=\"auto, (max-width: 1330px) 100vw, 1330px\" \/>    <\/a>\r\n\r\n    \r\n\t\t<header class=\"entry-header\">\r\n\t\t\t<div class=\"entry-header-wrapper\">\r\n\t\t\t\t<time class=\"updated\" datetime=\"%2\">Donnerstag, der  9. Mai 2019<\/time>\t\t\t\t<h2 class=\"entry-title\"><a href=\"https:\/\/misal.hr\/de\/vinistra-10-12-05-2019\/\" rel=\"bookmark\">Vinistra \u2013 10.-12.05.2019<\/a><\/h2>\t\t\t<\/div>\r\n\t\t<\/header><!-- .entry-header -->\r\n\r\n<\/article><!-- article -->\r\n\n\t<\/li>\n\t<li class=\"  isotope-item col-xs-12 col-sm-6 col-md-4 grid-cat-sajmovi grid-cat-novosti \">\n\t\r\n<article id=\"post-2689\" class=\"gg-vc-posts-grid-default-overlay post-2689 post type-post status-publish format-standard has-post-thumbnail category-sajmovi category-novosti\">\r\n\r\n\t\t\r\n    <a class=\"post-thumbnail\" href=\"https:\/\/misal.hr\/de\/wine-nights-09-11-05-2019\/\" aria-hidden=\"true\">\r\n        <img loading=\"lazy\" decoding=\"async\" width=\"1500\" height=\"1030\" src=\"https:\/\/misal.hr\/wp-content\/uploads\/2019\/05\/wine-nights-2019.jpg\" class=\"attachment-post-thumbnail size-post-thumbnail wp-post-image\" alt=\"Wine nights \u2013 09.-11.05.2019\" srcset=\"https:\/\/misal.hr\/wp-content\/uploads\/2019\/05\/wine-nights-2019.jpg 1500w, https:\/\/misal.hr\/wp-content\/uploads\/2019\/05\/wine-nights-2019-1000x687.jpg 1000w, https:\/\/misal.hr\/wp-content\/uploads\/2019\/05\/wine-nights-2019-874x600.jpg 874w, https:\/\/misal.hr\/wp-content\/uploads\/2019\/05\/wine-nights-2019-768x527.jpg 768w, https:\/\/misal.hr\/wp-content\/uploads\/2019\/05\/wine-nights-2019-1024x703.jpg 1024w, https:\/\/misal.hr\/wp-content\/uploads\/2019\/05\/wine-nights-2019-243x167.jpg 243w, https:\/\/misal.hr\/wp-content\/uploads\/2019\/05\/wine-nights-2019-900x618.jpg 900w\" sizes=\"auto, (max-width: 1500px) 100vw, 1500px\" \/>    <\/a>\r\n\r\n    \r\n\t\t<header class=\"entry-header\">\r\n\t\t\t<div class=\"entry-header-wrapper\">\r\n\t\t\t\t<time class=\"updated\" datetime=\"%2\">Donnerstag, der  9. Mai 2019<\/time>\t\t\t\t<h2 class=\"entry-title\"><a href=\"https:\/\/misal.hr\/de\/wine-nights-09-11-05-2019\/\" rel=\"bookmark\">Wine nights \u2013 09.-11.05.2019<\/a><\/h2>\t\t\t<\/div>\r\n\t\t<\/header><!-- .entry-header -->\r\n\r\n<\/article><!-- article -->\r\n\n\t<\/li>\n\t<li class=\"  isotope-item col-xs-12 col-sm-6 col-md-4 grid-cat-sajmovi grid-cat-novosti \">\n\t\r\n<article id=\"post-2643\" class=\"gg-vc-posts-grid-default-overlay post-2643 post type-post status-publish format-standard has-post-thumbnail category-sajmovi category-novosti\">\r\n\r\n\t\t\r\n    <a class=\"post-thumbnail\" href=\"https:\/\/misal.hr\/de\/zadar-wine-festival-2\/\" aria-hidden=\"true\">\r\n        <img loading=\"lazy\" decoding=\"async\" width=\"1024\" height=\"678\" src=\"https:\/\/misal.hr\/wp-content\/uploads\/2019\/03\/DSC_3361.jpg\" class=\"attachment-post-thumbnail size-post-thumbnail wp-post-image\" alt=\"Zadar Wine Festival\" srcset=\"https:\/\/misal.hr\/wp-content\/uploads\/2019\/03\/DSC_3361.jpg 1024w, https:\/\/misal.hr\/wp-content\/uploads\/2019\/03\/DSC_3361-1000x662.jpg 1000w, https:\/\/misal.hr\/wp-content\/uploads\/2019\/03\/DSC_3361-906x600.jpg 906w, https:\/\/misal.hr\/wp-content\/uploads\/2019\/03\/DSC_3361-768x509.jpg 768w, https:\/\/misal.hr\/wp-content\/uploads\/2019\/03\/DSC_3361-243x161.jpg 243w, https:\/\/misal.hr\/wp-content\/uploads\/2019\/03\/DSC_3361-900x596.jpg 900w\" sizes=\"auto, (max-width: 1024px) 100vw, 1024px\" \/>    <\/a>\r\n\r\n    \r\n\t\t<header class=\"entry-header\">\r\n\t\t\t<div class=\"entry-header-wrapper\">\r\n\t\t\t\t<time class=\"updated\" datetime=\"%2\">Mittwoch, der 27. M\u00e4rz 2019<\/time>\t\t\t\t<h2 class=\"entry-title\"><a href=\"https:\/\/misal.hr\/de\/zadar-wine-festival-2\/\" rel=\"bookmark\">Zadar Wine Festival<\/a><\/h2>\t\t\t<\/div>\r\n\t\t<\/header><!-- .entry-header -->\r\n\r\n<\/article><!-- article -->\r\n\n\t<\/li>\n\t<li class=\"  isotope-item col-xs-12 col-sm-6 col-md-4 grid-cat-sajmovi grid-cat-novosti \">\n\t\r\n<article id=\"post-2637\" class=\"gg-vc-posts-grid-default-overlay post-2637 post type-post status-publish format-standard has-post-thumbnail category-sajmovi category-novosti\">\r\n\r\n\t\t\r\n    <a class=\"post-thumbnail\" href=\"https:\/\/misal.hr\/de\/11-wine-style-salon-vina\/\" aria-hidden=\"true\">\r\n        <img loading=\"lazy\" decoding=\"async\" width=\"1024\" height=\"576\" src=\"https:\/\/misal.hr\/wp-content\/uploads\/2019\/03\/salon-vina-home-slider-1024x576.jpg\" class=\"attachment-post-thumbnail size-post-thumbnail wp-post-image\" alt=\"11. Wine Style salon\" srcset=\"https:\/\/misal.hr\/wp-content\/uploads\/2019\/03\/salon-vina-home-slider-1024x576.jpg 1024w, https:\/\/misal.hr\/wp-content\/uploads\/2019\/03\/salon-vina-home-slider-1024x576-1000x563.jpg 1000w, https:\/\/misal.hr\/wp-content\/uploads\/2019\/03\/salon-vina-home-slider-1024x576-768x432.jpg 768w, https:\/\/misal.hr\/wp-content\/uploads\/2019\/03\/salon-vina-home-slider-1024x576-243x137.jpg 243w, https:\/\/misal.hr\/wp-content\/uploads\/2019\/03\/salon-vina-home-slider-1024x576-900x506.jpg 900w\" sizes=\"auto, (max-width: 1024px) 100vw, 1024px\" \/>    <\/a>\r\n\r\n    \r\n\t\t<header class=\"entry-header\">\r\n\t\t\t<div class=\"entry-header-wrapper\">\r\n\t\t\t\t<time class=\"updated\" datetime=\"%2\">Mittwoch, der 27. M\u00e4rz 2019<\/time>\t\t\t\t<h2 class=\"entry-title\"><a href=\"https:\/\/misal.hr\/de\/11-wine-style-salon-vina\/\" rel=\"bookmark\">11. Wine Style salon<\/a><\/h2>\t\t\t<\/div>\r\n\t\t<\/header><!-- .entry-header -->\r\n\r\n<\/article><!-- article -->\r\n\n\t<\/li>\n\t<\/ul>\n\t<\/div>\n\t<\/div>[\/vc_column][\/vc_row][vc_row full_width=&#8221;stretch_row&#8221; equal_height=&#8221;yes&#8221; content_placement=&#8221;middle&#8221; css=&#8221;.vc_custom_1503921614325{background: #121212 url(http:\/\/misal.hr\/wp-content\/uploads\/2016\/03\/misal_spark_01.jpg?id=1683) !important;background-position: center !important;background-repeat: no-repeat !important;background-size: cover !important;}&#8221;][vc_column][vc_column_text]<\/p>\n<div class=\"heading\">\n<p class=\"h_subtitle\" style=\"text-align: center;\">PJENU\u0160CI PER\u0160URI\u0106<\/p>\n<h2 class=\"h_title\" style=\"text-align: center;\">Denn unsere Sekte sind so cool<\/h2>\n<\/div>\n<p>[\/vc_column_text][\/vc_column][\/vc_row]<\/p>\n<\/div>","protected":false},"excerpt":{"rendered":"<p>[vc_row][vc_column][\/vc_column][\/vc_row][vc_row full_width=&#8221;stretch_row&#8221; equal_height=&#8221;yes&#8221; content_placement=&#8221;middle&#8221; css=&#8221;.vc_custom_1503921614325{background: #121212 url(http:\/\/misal.hr\/wp-content\/uploads\/2016\/03\/misal_spark_01.jpg?id=1683) !important;background-position: center !important;background-repeat: no-repeat !important;background-size: cover !important;}&#8221;][vc_column][vc_column_text] PJENU\u0160CI PER\u0160URI\u0106 Denn unsere Sekte sind so cool [\/vc_column_text][\/vc_column][\/vc_row]<\/p>\n","protected":false},"author":1,"featured_media":0,"parent":1233,"menu_order":0,"comment_status":"closed","ping_status":"closed","template":"","meta":{"_acf_changed":false,"footnotes":""},"class_list":["post-195","page","type-page","status-publish"],"acf":[],"yoast_head":"<!-- This site is optimized with the Yoast SEO plugin v26.6 - https:\/\/yoast.com\/wordpress\/plugins\/seo\/ -->\n<title>NEUIGKEITEN - MISAL<\/title>\n<meta name=\"robots\" content=\"index, follow, max-snippet:-1, max-image-preview:large, max-video-preview:-1\" \/>\n<link rel=\"canonical\" href=\"https:\/\/misal.hr\/de\/aktualno\/novosti\/\" \/>\n<meta property=\"og:locale\" content=\"de_DE\" \/>\n<meta property=\"og:type\" content=\"article\" \/>\n<meta property=\"og:title\" content=\"NEUIGKEITEN - MISAL\" \/>\n<meta property=\"og:description\" content=\"[vc_row][vc_column][\/vc_column][\/vc_row][vc_row full_width=&#8221;stretch_row&#8221; equal_height=&#8221;yes&#8221; content_placement=&#8221;middle&#8221; css=&#8221;.vc_custom_1503921614325{background: #121212 url(http:\/\/misal.hr\/wp-content\/uploads\/2016\/03\/misal_spark_01.jpg?id=1683) !important;background-position: center !important;background-repeat: no-repeat !important;background-size: cover !important;}&#8221;][vc_column][vc_column_text] PJENU\u0160CI PER\u0160URI\u0106 Denn unsere Sekte sind so cool [\/vc_column_text][\/vc_column][\/vc_row]\" \/>\n<meta property=\"og:url\" content=\"https:\/\/misal.hr\/de\/aktualno\/novosti\/\" \/>\n<meta property=\"og:site_name\" content=\"MISAL\" \/>\n<meta property=\"article:publisher\" content=\"https:\/\/web.facebook.com\/misal.pjenusci\" \/>\n<meta property=\"article:modified_time\" content=\"2017-10-02T08:39:58+00:00\" \/>\n<meta property=\"og:image\" content=\"https:\/\/misal.hr\/wp-content\/uploads\/2016\/03\/misal_web-sparkle-1.jpg\" \/>\n\t<meta property=\"og:image:width\" content=\"1920\" \/>\n\t<meta property=\"og:image:height\" content=\"1272\" \/>\n\t<meta property=\"og:image:type\" content=\"image\/jpeg\" \/>\n<meta name=\"twitter:card\" content=\"summary_large_image\" \/>\n<meta name=\"twitter:label1\" content=\"Gesch\u00e4tzte Lesezeit\" \/>\n\t<meta name=\"twitter:data1\" content=\"2\u00a0Minuten\" \/>\n<script type=\"application\/ld+json\" class=\"yoast-schema-graph\">{\"@context\":\"https:\/\/schema.org\",\"@graph\":[{\"@type\":\"WebPage\",\"@id\":\"https:\/\/misal.hr\/de\/aktualno\/novosti\/\",\"url\":\"https:\/\/misal.hr\/de\/aktualno\/novosti\/\",\"name\":\"NEUIGKEITEN - MISAL\",\"isPartOf\":{\"@id\":\"https:\/\/misal.hr\/de\/#website\"},\"datePublished\":\"2016-03-10T10:44:59+00:00\",\"dateModified\":\"2017-10-02T08:39:58+00:00\",\"breadcrumb\":{\"@id\":\"https:\/\/misal.hr\/de\/aktualno\/novosti\/#breadcrumb\"},\"inLanguage\":\"de\",\"potentialAction\":[{\"@type\":\"ReadAction\",\"target\":[[\"https:\/\/misal.hr\/de\/aktualno\/novosti\/\"]]}]},{\"@type\":\"BreadcrumbList\",\"@id\":\"https:\/\/misal.hr\/de\/aktualno\/novosti\/#breadcrumb\",\"itemListElement\":[{\"@type\":\"ListItem\",\"position\":1,\"name\":\"Home\",\"item\":\"https:\/\/misal.hr\/de\/\"},{\"@type\":\"ListItem\",\"position\":2,\"name\":\"AKTUALNO\",\"item\":\"https:\/\/misal.hr\/de\/aktualno\/\"},{\"@type\":\"ListItem\",\"position\":3,\"name\":\"NOVOSTI\"}]},{\"@type\":\"WebSite\",\"@id\":\"https:\/\/misal.hr\/de\/#website\",\"url\":\"https:\/\/misal.hr\/de\/\",\"name\":\"MISAL\",\"description\":\"Pjenu\u0161ci Per\u0161uri\u0107\",\"publisher\":{\"@id\":\"https:\/\/misal.hr\/de\/#organization\"},\"potentialAction\":[{\"@type\":\"SearchAction\",\"target\":{\"@type\":\"EntryPoint\",\"urlTemplate\":\"https:\/\/misal.hr\/de\/?s={search_term_string}\"},\"query-input\":{\"@type\":\"PropertyValueSpecification\",\"valueRequired\":true,\"valueName\":\"search_term_string\"}}],\"inLanguage\":\"de\"},{\"@type\":\"Organization\",\"@id\":\"https:\/\/misal.hr\/de\/#organization\",\"name\":\"PJENU\u0160CI PER\u0160URI\u0106 d.o.o.\",\"alternateName\":\"MISAL\",\"url\":\"https:\/\/misal.hr\/de\/\",\"logo\":{\"@type\":\"ImageObject\",\"inLanguage\":\"de\",\"@id\":\"https:\/\/misal.hr\/de\/#\/schema\/logo\/image\/\",\"url\":\"https:\/\/misal.hr\/wp-content\/uploads\/2016\/03\/misal_pjenusci_vina_persuric.jpg\",\"contentUrl\":\"https:\/\/misal.hr\/wp-content\/uploads\/2016\/03\/misal_pjenusci_vina_persuric.jpg\",\"width\":1500,\"height\":996,\"caption\":\"PJENU\u0160CI PER\u0160URI\u0106 d.o.o.\"},\"image\":{\"@id\":\"https:\/\/misal.hr\/de\/#\/schema\/logo\/image\/\"},\"sameAs\":[\"https:\/\/web.facebook.com\/misal.pjenusci\",\"https:\/\/www.instagram.com\/sparkling_wines_misal\/\"]}]}<\/script>\n<!-- \/ Yoast SEO plugin. -->","yoast_head_json":{"title":"NEUIGKEITEN - MISAL","robots":{"index":"index","follow":"follow","max-snippet":"max-snippet:-1","max-image-preview":"max-image-preview:large","max-video-preview":"max-video-preview:-1"},"canonical":"https:\/\/misal.hr\/de\/aktualno\/novosti\/","og_locale":"de_DE","og_type":"article","og_title":"NEUIGKEITEN - MISAL","og_description":"[vc_row][vc_column][\/vc_column][\/vc_row][vc_row full_width=&#8221;stretch_row&#8221; equal_height=&#8221;yes&#8221; content_placement=&#8221;middle&#8221; css=&#8221;.vc_custom_1503921614325{background: #121212 url(http:\/\/misal.hr\/wp-content\/uploads\/2016\/03\/misal_spark_01.jpg?id=1683) !important;background-position: center !important;background-repeat: no-repeat !important;background-size: cover !important;}&#8221;][vc_column][vc_column_text] PJENU\u0160CI PER\u0160URI\u0106 Denn unsere Sekte sind so cool [\/vc_column_text][\/vc_column][\/vc_row]","og_url":"https:\/\/misal.hr\/de\/aktualno\/novosti\/","og_site_name":"MISAL","article_publisher":"https:\/\/web.facebook.com\/misal.pjenusci","article_modified_time":"2017-10-02T08:39:58+00:00","og_image":[{"width":1920,"height":1272,"url":"https:\/\/misal.hr\/wp-content\/uploads\/2016\/03\/misal_web-sparkle-1.jpg","type":"image\/jpeg"}],"twitter_card":"summary_large_image","twitter_misc":{"Gesch\u00e4tzte Lesezeit":"2\u00a0Minuten"},"schema":{"@context":"https:\/\/schema.org","@graph":[{"@type":"WebPage","@id":"https:\/\/misal.hr\/de\/aktualno\/novosti\/","url":"https:\/\/misal.hr\/de\/aktualno\/novosti\/","name":"NEUIGKEITEN - MISAL","isPartOf":{"@id":"https:\/\/misal.hr\/de\/#website"},"datePublished":"2016-03-10T10:44:59+00:00","dateModified":"2017-10-02T08:39:58+00:00","breadcrumb":{"@id":"https:\/\/misal.hr\/de\/aktualno\/novosti\/#breadcrumb"},"inLanguage":"de","potentialAction":[{"@type":"ReadAction","target":[["https:\/\/misal.hr\/de\/aktualno\/novosti\/"]]}]},{"@type":"BreadcrumbList","@id":"https:\/\/misal.hr\/de\/aktualno\/novosti\/#breadcrumb","itemListElement":[{"@type":"ListItem","position":1,"name":"Home","item":"https:\/\/misal.hr\/de\/"},{"@type":"ListItem","position":2,"name":"AKTUALNO","item":"https:\/\/misal.hr\/de\/aktualno\/"},{"@type":"ListItem","position":3,"name":"NOVOSTI"}]},{"@type":"WebSite","@id":"https:\/\/misal.hr\/de\/#website","url":"https:\/\/misal.hr\/de\/","name":"MISAL","description":"Pjenu\u0161ci Per\u0161uri\u0107","publisher":{"@id":"https:\/\/misal.hr\/de\/#organization"},"potentialAction":[{"@type":"SearchAction","target":{"@type":"EntryPoint","urlTemplate":"https:\/\/misal.hr\/de\/?s={search_term_string}"},"query-input":{"@type":"PropertyValueSpecification","valueRequired":true,"valueName":"search_term_string"}}],"inLanguage":"de"},{"@type":"Organization","@id":"https:\/\/misal.hr\/de\/#organization","name":"PJENU\u0160CI PER\u0160URI\u0106 d.o.o.","alternateName":"MISAL","url":"https:\/\/misal.hr\/de\/","logo":{"@type":"ImageObject","inLanguage":"de","@id":"https:\/\/misal.hr\/de\/#\/schema\/logo\/image\/","url":"https:\/\/misal.hr\/wp-content\/uploads\/2016\/03\/misal_pjenusci_vina_persuric.jpg","contentUrl":"https:\/\/misal.hr\/wp-content\/uploads\/2016\/03\/misal_pjenusci_vina_persuric.jpg","width":1500,"height":996,"caption":"PJENU\u0160CI PER\u0160URI\u0106 d.o.o."},"image":{"@id":"https:\/\/misal.hr\/de\/#\/schema\/logo\/image\/"},"sameAs":["https:\/\/web.facebook.com\/misal.pjenusci","https:\/\/www.instagram.com\/sparkling_wines_misal\/"]}]}},"_links":{"self":[{"href":"https:\/\/misal.hr\/de\/wp-json\/wp\/v2\/pages\/195","targetHints":{"allow":["GET"]}}],"collection":[{"href":"https:\/\/misal.hr\/de\/wp-json\/wp\/v2\/pages"}],"about":[{"href":"https:\/\/misal.hr\/de\/wp-json\/wp\/v2\/types\/page"}],"author":[{"embeddable":true,"href":"https:\/\/misal.hr\/de\/wp-json\/wp\/v2\/users\/1"}],"replies":[{"embeddable":true,"href":"https:\/\/misal.hr\/de\/wp-json\/wp\/v2\/comments?post=195"}],"version-history":[{"count":0,"href":"https:\/\/misal.hr\/de\/wp-json\/wp\/v2\/pages\/195\/revisions"}],"up":[{"embeddable":true,"href":"https:\/\/misal.hr\/de\/wp-json\/wp\/v2\/pages\/1233"}],"wp:attachment":[{"href":"https:\/\/misal.hr\/de\/wp-json\/wp\/v2\/media?parent=195"}],"curies":[{"name":"wp","href":"https:\/\/api.w.org\/{rel}","templated":true}]}}