{"id":2006,"date":"2017-11-09T08:40:54","date_gmt":"2017-11-09T08:40:54","guid":{"rendered":"http:\/\/misal.hr\/?page_id=2006"},"modified":"2017-11-20T12:17:55","modified_gmt":"2017-11-20T12:17:55","slug":"opci-uvjeti-poslovanja","status":"publish","type":"page","link":"https:\/\/misal.hr\/de\/opci-uvjeti-poslovanja\/","title":{"rendered":"Allgemeine Gesch\u00e4ftsbedingungen"},"content":{"rendered":"<p><strong>Allgemeines<\/strong><br \/>\nDie Gesellschaft Pjenu\u0161ci Per\u0161uri\u0107 d.o.o. betreibt ihre Gesch\u00e4ftst\u00e4tigkeit gem\u00e4\u00df den gesetzlichen Vorschriften, wonach keine Alkoholgetr\u00e4nke an Personen unter 18 Jahren verkauft werden d\u00fcrfen. Das gesamte Sortiment im Angebot kann sowohl an nat\u00fcrliche als auch an juristische Personen verkauft werden. Unser Angebot ist freibleibend und unverbindlich.<\/p>\n<p><strong>Schaden beim Warentransport<\/strong><br \/>\nDie Lieferung der Ware erfolgt in Originalkartonverpackungen, die das Risiko des Eintritts eines Schadens mindern. Sollte trotzdem ein Schaden w\u00e4hrend des Transportes (zerbrochene Flasche o. \u00c4.) eintreten, sind Sie nicht gehalten, die Ware zu \u00fcbernehmen. In solch einem Fall bitten wir Sie, den Schaden unverz\u00fcglich dem Kurier anzuzeigen. Dieser ist verpflichtet, Ihnen eine Best\u00e4tigung \u00fcber die Besch\u00e4digung der Lieferung auszuh\u00e4ndigen. Danach treten Sie mit uns in Kontakt, um dar\u00fcber uns zu informieren.<\/p>\n<p><strong>Reklamation und Garantie<\/strong><br \/>\nBei Warenr\u00fcckgabe ist der Kunde verpflichtet, eine berechtigte Reklamation innerhalb der vorgeschriebenen Frist per E-Mail an info@misal.hr oder an die Anschrift Pjenu\u0161ci Per\u0161uri\u0107 d.o.o., Pr\u0161uri\u0107i 5a, 52 463 Vi\u0161njan, zu richten.<\/p>\n<p>In folgenden F\u00e4llen hat der Kunde das Recht auf Reklamation:<\/p>\n<ul>\n<li>Lieferung einer Ware, die nicht bestellt wurde (sp\u00e4testens innerhalb von 7 Tagen ab Einkaufsdatum)<\/li>\n<li>Lieferung einer Ware in nicht entsprechender Qualit\u00e4t (sp\u00e4testens innerhalb von 60 Tagen ab Einkaufsdatum)<\/li>\n<li>Lieferung einer Ware mit M\u00e4ngeln oder Besch\u00e4digungen, die nicht beim Transport entstanden sind (sp\u00e4testens innerhalb von 7 Tagen ab Einkaufsdatum)<\/li>\n<\/ul>\n<p>Der Verk\u00e4ufer ist verpflichtet, innerhalb von 30 Tagen ab Erhalt der schriftlichen Reklamation das Produkt des Kunden umzutauschen oder ihm das Geld zur\u00fcckzugeben.<\/p>\n<p><strong>Privatsph\u00e4renschutz und Sicherheit<\/strong><br \/>\nDie Gesellschaft Pjenu\u0161ci Per\u0161uri\u0107 d.o.o. erhebt und wahrt vor Dritten nur diejenigen Kundendaten, die f\u00fcr den erfolgreichen Abschluss der Bestellung und Lieferung erforderlich sind. Die Gesellschaft verpflichtet sich, die Privatsph\u00e4re aller Kunden zu wahren und die erhobenen Daten in keinem Fall an Dritte weiterzugeben. Der Verk\u00e4ufer verpflichtet sich, den Grundsatz zum Schutz der Privatsph\u00e4re der Kunden einzuhalten.<\/p>","protected":false},"excerpt":{"rendered":"<p>Allgemeines Die Gesellschaft Pjenu\u0161ci Per\u0161uri\u0107 d.o.o. betreibt ihre Gesch\u00e4ftst\u00e4tigkeit gem\u00e4\u00df den gesetzlichen Vorschriften, wonach keine Alkoholgetr\u00e4nke an Personen unter 18 Jahren verkauft werden d\u00fcrfen. Das gesamte Sortiment im Angebot kann sowohl an nat\u00fcrliche als auch an juristische Personen verkauft werden. Unser Angebot ist freibleibend und unverbindlich. Schaden beim Warentransport Die Lieferung der Ware erfolgt in<br class=\"read-more-spacer\"> <a class=\"more-link\" href=\"https:\/\/misal.hr\/de\/opci-uvjeti-poslovanja\/\">Mehr lesen<\/a><\/p>\n","protected":false},"author":1,"featured_media":0,"parent":0,"menu_order":0,"comment_status":"closed","ping_status":"closed","template":"","meta":{"_acf_changed":false,"footnotes":""},"class_list":["post-2006","page","type-page","status-publish"],"acf":[],"yoast_head":"<!-- This site is optimized with the Yoast SEO plugin v26.6 - https:\/\/yoast.com\/wordpress\/plugins\/seo\/ -->\n<title>Allgemeine Gesch\u00e4ftsbedingungen - MISAL<\/title>\n<meta name=\"robots\" content=\"index, follow, max-snippet:-1, max-image-preview:large, max-video-preview:-1\" \/>\n<link rel=\"canonical\" href=\"https:\/\/misal.hr\/de\/opci-uvjeti-poslovanja\/\" \/>\n<meta property=\"og:locale\" content=\"de_DE\" \/>\n<meta property=\"og:type\" content=\"article\" \/>\n<meta property=\"og:title\" content=\"Allgemeine Gesch\u00e4ftsbedingungen - MISAL\" \/>\n<meta property=\"og:description\" content=\"Allgemeines Die Gesellschaft Pjenu\u0161ci Per\u0161uri\u0107 d.o.o. betreibt ihre Gesch\u00e4ftst\u00e4tigkeit gem\u00e4\u00df den gesetzlichen Vorschriften, wonach keine Alkoholgetr\u00e4nke an Personen unter 18 Jahren verkauft werden d\u00fcrfen. Das gesamte Sortiment im Angebot kann sowohl an nat\u00fcrliche als auch an juristische Personen verkauft werden. Unser Angebot ist freibleibend und unverbindlich. Schaden beim Warentransport Die Lieferung der Ware erfolgt in Mehr lesen\" \/>\n<meta property=\"og:url\" content=\"https:\/\/misal.hr\/de\/opci-uvjeti-poslovanja\/\" \/>\n<meta property=\"og:site_name\" content=\"MISAL\" \/>\n<meta property=\"article:publisher\" content=\"https:\/\/web.facebook.com\/misal.pjenusci\" \/>\n<meta property=\"article:modified_time\" content=\"2017-11-20T12:17:55+00:00\" \/>\n<meta property=\"og:image\" content=\"https:\/\/misal.hr\/wp-content\/uploads\/2016\/03\/misal_web-sparkle-1.jpg\" \/>\n\t<meta property=\"og:image:width\" content=\"1920\" \/>\n\t<meta property=\"og:image:height\" content=\"1272\" \/>\n\t<meta property=\"og:image:type\" content=\"image\/jpeg\" \/>\n<meta name=\"twitter:card\" content=\"summary_large_image\" \/>\n<meta name=\"twitter:label1\" content=\"Gesch\u00e4tzte Lesezeit\" \/>\n\t<meta name=\"twitter:data1\" content=\"6\u00a0Minuten\" \/>\n<script type=\"application\/ld+json\" class=\"yoast-schema-graph\">{\"@context\":\"https:\/\/schema.org\",\"@graph\":[{\"@type\":\"WebPage\",\"@id\":\"https:\/\/misal.hr\/de\/opci-uvjeti-poslovanja\/\",\"url\":\"https:\/\/misal.hr\/de\/opci-uvjeti-poslovanja\/\",\"name\":\"Allgemeine Gesch\u00e4ftsbedingungen - MISAL\",\"isPartOf\":{\"@id\":\"https:\/\/misal.hr\/de\/#website\"},\"datePublished\":\"2017-11-09T08:40:54+00:00\",\"dateModified\":\"2017-11-20T12:17:55+00:00\",\"breadcrumb\":{\"@id\":\"https:\/\/misal.hr\/de\/opci-uvjeti-poslovanja\/#breadcrumb\"},\"inLanguage\":\"de\",\"potentialAction\":[{\"@type\":\"ReadAction\",\"target\":[[\"https:\/\/misal.hr\/de\/opci-uvjeti-poslovanja\/\"]]}]},{\"@type\":\"BreadcrumbList\",\"@id\":\"https:\/\/misal.hr\/de\/opci-uvjeti-poslovanja\/#breadcrumb\",\"itemListElement\":[{\"@type\":\"ListItem\",\"position\":1,\"name\":\"Home\",\"item\":\"https:\/\/misal.hr\/de\/\"},{\"@type\":\"ListItem\",\"position\":2,\"name\":\"Op\u0107i uvjeti poslovanja\"}]},{\"@type\":\"WebSite\",\"@id\":\"https:\/\/misal.hr\/de\/#website\",\"url\":\"https:\/\/misal.hr\/de\/\",\"name\":\"MISAL\",\"description\":\"Pjenu\u0161ci Per\u0161uri\u0107\",\"publisher\":{\"@id\":\"https:\/\/misal.hr\/de\/#organization\"},\"potentialAction\":[{\"@type\":\"SearchAction\",\"target\":{\"@type\":\"EntryPoint\",\"urlTemplate\":\"https:\/\/misal.hr\/de\/?s={search_term_string}\"},\"query-input\":{\"@type\":\"PropertyValueSpecification\",\"valueRequired\":true,\"valueName\":\"search_term_string\"}}],\"inLanguage\":\"de\"},{\"@type\":\"Organization\",\"@id\":\"https:\/\/misal.hr\/de\/#organization\",\"name\":\"PJENU\u0160CI PER\u0160URI\u0106 d.o.o.\",\"alternateName\":\"MISAL\",\"url\":\"https:\/\/misal.hr\/de\/\",\"logo\":{\"@type\":\"ImageObject\",\"inLanguage\":\"de\",\"@id\":\"https:\/\/misal.hr\/de\/#\/schema\/logo\/image\/\",\"url\":\"https:\/\/misal.hr\/wp-content\/uploads\/2016\/03\/misal_pjenusci_vina_persuric.jpg\",\"contentUrl\":\"https:\/\/misal.hr\/wp-content\/uploads\/2016\/03\/misal_pjenusci_vina_persuric.jpg\",\"width\":1500,\"height\":996,\"caption\":\"PJENU\u0160CI PER\u0160URI\u0106 d.o.o.\"},\"image\":{\"@id\":\"https:\/\/misal.hr\/de\/#\/schema\/logo\/image\/\"},\"sameAs\":[\"https:\/\/web.facebook.com\/misal.pjenusci\",\"https:\/\/www.instagram.com\/sparkling_wines_misal\/\"]}]}<\/script>\n<!-- \/ Yoast SEO plugin. -->","yoast_head_json":{"title":"Allgemeine Gesch\u00e4ftsbedingungen - MISAL","robots":{"index":"index","follow":"follow","max-snippet":"max-snippet:-1","max-image-preview":"max-image-preview:large","max-video-preview":"max-video-preview:-1"},"canonical":"https:\/\/misal.hr\/de\/opci-uvjeti-poslovanja\/","og_locale":"de_DE","og_type":"article","og_title":"Allgemeine Gesch\u00e4ftsbedingungen - MISAL","og_description":"Allgemeines Die Gesellschaft Pjenu\u0161ci Per\u0161uri\u0107 d.o.o. betreibt ihre Gesch\u00e4ftst\u00e4tigkeit gem\u00e4\u00df den gesetzlichen Vorschriften, wonach keine Alkoholgetr\u00e4nke an Personen unter 18 Jahren verkauft werden d\u00fcrfen. Das gesamte Sortiment im Angebot kann sowohl an nat\u00fcrliche als auch an juristische Personen verkauft werden. Unser Angebot ist freibleibend und unverbindlich. Schaden beim Warentransport Die Lieferung der Ware erfolgt in Mehr lesen","og_url":"https:\/\/misal.hr\/de\/opci-uvjeti-poslovanja\/","og_site_name":"MISAL","article_publisher":"https:\/\/web.facebook.com\/misal.pjenusci","article_modified_time":"2017-11-20T12:17:55+00:00","og_image":[{"width":1920,"height":1272,"url":"https:\/\/misal.hr\/wp-content\/uploads\/2016\/03\/misal_web-sparkle-1.jpg","type":"image\/jpeg"}],"twitter_card":"summary_large_image","twitter_misc":{"Gesch\u00e4tzte Lesezeit":"6\u00a0Minuten"},"schema":{"@context":"https:\/\/schema.org","@graph":[{"@type":"WebPage","@id":"https:\/\/misal.hr\/de\/opci-uvjeti-poslovanja\/","url":"https:\/\/misal.hr\/de\/opci-uvjeti-poslovanja\/","name":"Allgemeine Gesch\u00e4ftsbedingungen - MISAL","isPartOf":{"@id":"https:\/\/misal.hr\/de\/#website"},"datePublished":"2017-11-09T08:40:54+00:00","dateModified":"2017-11-20T12:17:55+00:00","breadcrumb":{"@id":"https:\/\/misal.hr\/de\/opci-uvjeti-poslovanja\/#breadcrumb"},"inLanguage":"de","potentialAction":[{"@type":"ReadAction","target":[["https:\/\/misal.hr\/de\/opci-uvjeti-poslovanja\/"]]}]},{"@type":"BreadcrumbList","@id":"https:\/\/misal.hr\/de\/opci-uvjeti-poslovanja\/#breadcrumb","itemListElement":[{"@type":"ListItem","position":1,"name":"Home","item":"https:\/\/misal.hr\/de\/"},{"@type":"ListItem","position":2,"name":"Op\u0107i uvjeti poslovanja"}]},{"@type":"WebSite","@id":"https:\/\/misal.hr\/de\/#website","url":"https:\/\/misal.hr\/de\/","name":"MISAL","description":"Pjenu\u0161ci Per\u0161uri\u0107","publisher":{"@id":"https:\/\/misal.hr\/de\/#organization"},"potentialAction":[{"@type":"SearchAction","target":{"@type":"EntryPoint","urlTemplate":"https:\/\/misal.hr\/de\/?s={search_term_string}"},"query-input":{"@type":"PropertyValueSpecification","valueRequired":true,"valueName":"search_term_string"}}],"inLanguage":"de"},{"@type":"Organization","@id":"https:\/\/misal.hr\/de\/#organization","name":"PJENU\u0160CI PER\u0160URI\u0106 d.o.o.","alternateName":"MISAL","url":"https:\/\/misal.hr\/de\/","logo":{"@type":"ImageObject","inLanguage":"de","@id":"https:\/\/misal.hr\/de\/#\/schema\/logo\/image\/","url":"https:\/\/misal.hr\/wp-content\/uploads\/2016\/03\/misal_pjenusci_vina_persuric.jpg","contentUrl":"https:\/\/misal.hr\/wp-content\/uploads\/2016\/03\/misal_pjenusci_vina_persuric.jpg","width":1500,"height":996,"caption":"PJENU\u0160CI PER\u0160URI\u0106 d.o.o."},"image":{"@id":"https:\/\/misal.hr\/de\/#\/schema\/logo\/image\/"},"sameAs":["https:\/\/web.facebook.com\/misal.pjenusci","https:\/\/www.instagram.com\/sparkling_wines_misal\/"]}]}},"_links":{"self":[{"href":"https:\/\/misal.hr\/de\/wp-json\/wp\/v2\/pages\/2006","targetHints":{"allow":["GET"]}}],"collection":[{"href":"https:\/\/misal.hr\/de\/wp-json\/wp\/v2\/pages"}],"about":[{"href":"https:\/\/misal.hr\/de\/wp-json\/wp\/v2\/types\/page"}],"author":[{"embeddable":true,"href":"https:\/\/misal.hr\/de\/wp-json\/wp\/v2\/users\/1"}],"replies":[{"embeddable":true,"href":"https:\/\/misal.hr\/de\/wp-json\/wp\/v2\/comments?post=2006"}],"version-history":[{"count":0,"href":"https:\/\/misal.hr\/de\/wp-json\/wp\/v2\/pages\/2006\/revisions"}],"wp:attachment":[{"href":"https:\/\/misal.hr\/de\/wp-json\/wp\/v2\/media?parent=2006"}],"curies":[{"name":"wp","href":"https:\/\/api.w.org\/{rel}","templated":true}]}}