{"id":341,"date":"2016-03-15T14:31:38","date_gmt":"2016-03-15T14:31:38","guid":{"rendered":"http:\/\/okthemes.com\/villenoirdemo\/?page_id=341"},"modified":"2024-08-31T11:29:01","modified_gmt":"2024-08-31T11:29:01","slug":"o-nama-vina","status":"publish","type":"page","link":"https:\/\/misal.hr\/de\/o-nama-vina\/","title":{"rendered":"UNSERE GESCHICHTE"},"content":{"rendered":"<div class=\"wpb-content-wrapper\"><p>[vc_row full_width=&#8221;stretch_row&#8221; full_height=&#8221;yes&#8221; columns_placement=&#8221;top&#8221; equal_height=&#8221;yes&#8221; content_placement=&#8221;top&#8221; css_animation=&#8221;&#8221; css=&#8221;.vc_custom_1503575320385{background-color: #ededed !important;}&#8221;][vc_column width=&#8221;1\/2&#8243; css_animation=&#8221;&#8221;][vc_single_image image=&#8221;1894&#8243; img_size=&#8221;full&#8221; alignment=&#8221;center&#8221; css_animation=&#8221;&#8221;][vc_column_text css_animation=&#8221;&#8221;]<\/p>\n<p style=\"text-align: center;\">MISAL-Schaumweine stehen f\u00fcr unsere St\u00e4rke und unseren Stolz. Sie sind der Faden, der unsere Vergangenheit, Gegenwart und Zukunft verbindet. MISAL-Schaumweine stellen f\u00fcr uns eine Verpflichtung dar, die wir von unseren Eltern und Gro\u00dfeltern \u00fcbernommen haben, um sie zu tragen, lieben und zusammen mit ihr zu wachsen und zu reifen. MISAL steht f\u00fcr das Beste, das wir der Welt bieten k\u00f6nnen.<\/p>\n<p>[\/vc_column_text][vc_single_image image=&#8221;1896&#8243; img_size=&#8221;full&#8221; alignment=&#8221;center&#8221; css_animation=&#8221;&#8221;][\/vc_column][vc_column width=&#8221;1\/2&#8243; css_animation=&#8221;&#8221;][vc_single_image image=&#8221;1518&#8243; img_size=&#8221;full&#8221; alignment=&#8221;center&#8221; css_animation=&#8221;&#8221;][vc_column_text css_animation=&#8221;&#8221;]<\/p>\n<p style=\"text-align: center;\">Die Luftbl\u00e4schen der Misal-Weinsorten besitzen die St\u00e4rke der istrischen Steine, die Sch\u00f6nheit der roten Erde, die W\u00e4rme der mediterranen Sonne und die Freundlichkeit der Familie Per\u0161uri\u0107. Als familiengef\u00fchrtes Weingut mit einer \u00fcber funfhundertj\u00e4hrigen Tradition ist f\u00fcr uns stets eine Herausforderung, im Weinberg und im Weinkeller die bestm\u00f6gliche Qualit\u00e4t und Authentizit\u00e4t zu erreichen.<\/p>\n<p>[\/vc_column_text][vc_single_image image=&#8221;1395&#8243; img_size=&#8221;full&#8221; alignment=&#8221;center&#8221; css_animation=&#8221;&#8221;][\/vc_column][\/vc_row][vc_row full_width=&#8221;stretch_row&#8221; css_animation=&#8221;&#8221; css=&#8221;.vc_custom_1681295033506{padding-top: 120px !important;padding-bottom: 400px !important;background-image: url(http:\/\/misal.hr\/wp-content\/uploads\/2023\/04\/misal_vinograd.jpg?id=6480) !important;background-position: center !important;background-repeat: no-repeat !important;background-size: cover !important;}&#8221; el_class=&#8221;gg-force-background-bottom&#8221;][vc_column width=&#8221;1\/2&#8243; css_animation=&#8221;&#8221; el_class=&#8221;nasa_prica&#8221;][vc_column_text css_animation=&#8221;&#8221;]<\/p>\n<h2>Wie wir begonnen<\/h2>\n<p>Die ersten Flaschen der MISAL-Schaumweine sind als Ergebnis der Forschung und Entwicklung von Dr. sc. \u0110ordano Per\u0161uri\u0107 zu Anfang der neunziger Jahre des 20. Jahrhunderts hervorgegangen.<\/p>\n<p>Mit dem Ziel, den Reichtum einheimischer Sorten und der lokalen Landschaft aufzuzeigen, machte er sich auf den Weg zur Schaffung des heutzutage erkennbaren Markennamens MISAL.<\/p>\n<p>MISAL-Schaumweine sind heute Ergebnis einer grenzenlosen Liebe, einer wahren Leidenschaft und einer m\u00fchevollen Arbeit, die sich durch Wissen und Wissenschaft auszeichnet.[\/vc_column_text][\/vc_column][vc_column width=&#8221;1\/2&#8243; css_animation=&#8221;&#8221; el_class=&#8221;nasa_prica&#8221;]\n\t<div class=\"title-subtitle-box  vc_custom_1681295096475\" style=\" padding: 90px 0 0 0px; text-align: center;\">\n\t\t<p  style=\"\">PJENU\u0160CI PER\u0160URI\u0106<\/p>\n\t\t<h3 style=\" color:#e8cfa4;  font-style: normal;\">''Unser Wunsch und unser Bem\u00fchen ist stets, Sekte mit unverwechselbarem aromatischem Charakter herzustellen, die Ihren Geschmack und Ihre Seele bereichern werden''<\/h3>\n\t<\/div> [\/vc_column][\/vc_row][vc_row full_width=&#8221;stretch_row&#8221; css_animation=&#8221;&#8221; css=&#8221;.vc_custom_1493894590475{background-image: url(http:\/\/misal.hr\/wp-content\/uploads\/2016\/03\/persuric-misal.jpg?id=1519) !important;background-position: center !important;background-repeat: no-repeat !important;background-size: cover !important;}&#8221; el_class=&#8221;gg-force-background-bottom-no-cover&#8221;][vc_column width=&#8221;1\/3&#8243; css_animation=&#8221;&#8221;][\/vc_column][vc_column width=&#8221;1\/3&#8243; css_animation=&#8221;&#8221; css=&#8221;.vc_custom_1506687539065{padding-right: 5% !important;padding-left: 5% !important;}&#8221; el_class=&#8221;sivo&#8221;]\n\t<div class=\"title-subtitle-box \" style=\" text-align: left;\">\n\t\t<p  style=\"\">UNSERE GESCHICHTE<\/p>\n\t<\/div> [vc_column_text css_animation=&#8221;&#8221;]<span style=\"color: #ffffff;\">Die Familie Per\u0161uri\u0107 baut seit \u00fcber f\u00fcnfhundert Jahren Wein an. Dr.sc. \u0110ordano Per\u0161uri\u0107, Unternehmensgr\u00fcnder von MISAL-Schaumweinen, kehrt nach abgeschlossenem Studium zur\u00fcck an seinen Heimatort Pr\u0161uri\u0107i und produziert seit dem erfolgreich traditionelle Weine zusammen mit seinem Vater bis Ende 1990.<\/span>[\/vc_column_text][vc_btn title=&#8221;WEITERLESEN&#8221; shape=&#8221;square&#8221; color=&#8221;white&#8221; size=&#8221;xs&#8221; align=&#8221;left&#8221; css_animation=&#8221;&#8221; link=&#8221;url:http%3A%2F%2Fmisal.hr%2Fo-nama%2Fnasa-povijest%2F|||&#8221;][\/vc_column][vc_column width=&#8221;1\/3&#8243; css_animation=&#8221;&#8221; css=&#8221;.vc_custom_1506687541966{padding-top: 80px !important;}&#8221; el_class=&#8221;sivo&#8221;][vc_column_text css_animation=&#8221;&#8221;]<\/p>\n<p style=\"text-align: right;\"><span style=\"color: #ffffff;\">Ende der 80er Jahre beginnt er mit der Arbeit an seinem ersten Schaumwein und gegen Anfang der 90-er Jahre stellt er die ersten hundert Flaschen her. Bis zum Jahre 2000 war die Weinherstellung ausschlie\u00dflich ein Hobby der Familie Per\u0161uri\u0107. Mit Beginn des neuen Jahrhunderts nimmt die Familie ernsthaft das Gesch\u00e4ft auf. Es folgt der Ausbau und die Erweiterung der Produktion.<\/span><\/p>\n<p>[\/vc_column_text][vc_column_text css_animation=&#8221;&#8221;]<\/p>\n<p style=\"text-align: right;\"><span style=\"color: #ffffff;\">Nach erfolgreichem Studium treten die beiden T\u00f6chter Katarina und Ana dem Familienunternehmen bei. Anf\u00e4nglich f\u00fchren sie das Gesch\u00e4ft der Weinherstellung und \u00fcbernehmen verschiedene Marketingaktivit\u00e4ten. Nach dem Ableben des Vaters im Jahre 2015 \u00fcbernehmen sie die gemeinsame Gesch\u00e4ftsf\u00fchrung des Weinguts.<\/span><\/p>\n<p>[\/vc_column_text][\/vc_column][\/vc_row][vc_row full_width=&#8221;stretch_row&#8221; css_animation=&#8221;&#8221; css=&#8221;.vc_custom_1504013311794{background-color: #ededed !important;}&#8221;][vc_column width=&#8221;1\/3&#8243; css_animation=&#8221;&#8221;]\n\t<div class=\"title-subtitle-box \" style=\" text-align: left;\">\n\t\t<p  style=\"\">AUSZEICHNUNGEN<\/p>\n\t\t<h1 style=\" font-style: normal;\">MISAL<\/h1>\n\t<\/div> [vc_column_text css_animation=&#8221;&#8221;]Wir sichern die Qualit\u00e4t unserer MISAL-Schaumweinsorten nicht nur durch hohe Ausbildung und eine unendliche Liebe zu unserer Gesch\u00e4ftst\u00e4tigkeit, sondern auch durch zahlreiche Auszeichnungen und Anerkenntnisse, die unsere Schaumweine erhalten.[\/vc_column_text][vc_btn title=&#8221;WEITERLESEN&#8221; shape=&#8221;square&#8221; color=&#8221;black&#8221; size=&#8221;xs&#8221; align=&#8221;left&#8221; css_animation=&#8221;&#8221; link=&#8221;url:http%3A%2F%2Fmisal.hr%2Fo-nama%2Fnagrade%2F|||&#8221;][\/vc_column][vc_column width=&#8221;2\/3&#8243; css_animation=&#8221;&#8221;][vc_masonry_media_grid element_width=&#8221;3&#8243; grid_id=&#8221;vc_gid:1725103723085-ce34e056-87fe-4&#8243; include=&#8221;1820,1819,1818,1817,1816,1815,1814,1813,1858,1920,1919,1918,1917,1916,1915,1914&#8243;][\/vc_column][\/vc_row][vc_row full_width=&#8221;stretch_row&#8221; equal_height=&#8221;yes&#8221; content_placement=&#8221;middle&#8221; css_animation=&#8221;&#8221; css=&#8221;.vc_custom_1503575578758{background: #121212 url(http:\/\/misal.hr\/wp-content\/uploads\/2016\/03\/misal_spark_01.jpg?id=1683) !important;background-position: center !important;background-repeat: no-repeat !important;background-size: cover !important;}&#8221;][vc_column css_animation=&#8221;&#8221;][vc_column_text css_animation=&#8221;&#8221;]<\/p>\n<div class=\"heading\">\n<p class=\"h_subtitle\" style=\"text-align: center;\">PJENU\u0160CI PER\u0160URI\u0106<\/p>\n<h2 class=\"h_title\" style=\"text-align: center;\">MISAL Schaumweine von Spitzenqualit\u00e4t<\/h2>\n<\/div>\n<p>[\/vc_column_text][\/vc_column][\/vc_row]<\/p>\n<\/div>","protected":false},"excerpt":{"rendered":"<p>[vc_row full_width=&#8221;stretch_row&#8221; full_height=&#8221;yes&#8221; columns_placement=&#8221;top&#8221; equal_height=&#8221;yes&#8221; content_placement=&#8221;top&#8221; css_animation=&#8221;&#8221; css=&#8221;.vc_custom_1503575320385{background-color: #ededed !important;}&#8221;][vc_column width=&#8221;1\/2&#8243; css_animation=&#8221;&#8221;][vc_single_image image=&#8221;1894&#8243; img_size=&#8221;full&#8221; alignment=&#8221;center&#8221; css_animation=&#8221;&#8221;][vc_column_text css_animation=&#8221;&#8221;] MISAL-Schaumweine stehen f\u00fcr unsere St\u00e4rke und unseren Stolz. Sie sind der Faden, der unsere Vergangenheit, Gegenwart und Zukunft verbindet. MISAL-Schaumweine stellen f\u00fcr uns eine Verpflichtung dar, die wir von unseren Eltern und Gro\u00dfeltern \u00fcbernommen haben, um sie zu<br class=\"read-more-spacer\"> <a class=\"more-link\" href=\"https:\/\/misal.hr\/de\/o-nama-vina\/\">Mehr lesen<\/a><\/p>\n","protected":false},"author":1,"featured_media":0,"parent":0,"menu_order":0,"comment_status":"closed","ping_status":"closed","template":"","meta":{"_acf_changed":false,"footnotes":""},"class_list":["post-341","page","type-page","status-publish"],"acf":[],"yoast_head":"<!-- This site is optimized with the Yoast SEO plugin v26.6 - https:\/\/yoast.com\/wordpress\/plugins\/seo\/ -->\n<title>UNSERE GESCHICHTE | MISAL | PJENU\u0160CI PER\u0160URI\u0106<\/title>\n<meta name=\"description\" content=\"MISAL-Schaumweine stehen f\u00fcr unsere St\u00e4rke und unseren Stolz. Sie sind der Faden, der unsere Vergangenheit, Gegenwart und Zukunft verbindet. MISAL\" \/>\n<meta name=\"robots\" content=\"index, follow, max-snippet:-1, max-image-preview:large, max-video-preview:-1\" \/>\n<link rel=\"canonical\" href=\"https:\/\/misal.hr\/de\/o-nama-vina\/\" \/>\n<meta property=\"og:locale\" content=\"de_DE\" \/>\n<meta property=\"og:type\" content=\"article\" \/>\n<meta property=\"og:title\" content=\"UNSERE GESCHICHTE | MISAL | PJENU\u0160CI PER\u0160URI\u0106\" \/>\n<meta property=\"og:description\" content=\"MISAL-Schaumweine stehen f\u00fcr unsere St\u00e4rke und unseren Stolz. Sie sind der Faden, der unsere Vergangenheit, Gegenwart und Zukunft verbindet. MISAL\" \/>\n<meta property=\"og:url\" content=\"https:\/\/misal.hr\/de\/o-nama-vina\/\" \/>\n<meta property=\"og:site_name\" content=\"MISAL\" \/>\n<meta property=\"article:publisher\" content=\"https:\/\/web.facebook.com\/misal.pjenusci\" \/>\n<meta property=\"article:modified_time\" content=\"2024-08-31T11:29:01+00:00\" \/>\n<meta property=\"og:image\" content=\"https:\/\/misal.hr\/wp-content\/uploads\/2016\/03\/misal_web-sparkle-1.jpg\" \/>\n\t<meta property=\"og:image:width\" content=\"1920\" \/>\n\t<meta property=\"og:image:height\" content=\"1272\" \/>\n\t<meta property=\"og:image:type\" content=\"image\/jpeg\" \/>\n<meta name=\"twitter:card\" content=\"summary_large_image\" \/>\n<meta name=\"twitter:label1\" content=\"Gesch\u00e4tzte Lesezeit\" \/>\n\t<meta name=\"twitter:data1\" content=\"19\u00a0Minuten\" \/>\n<script type=\"application\/ld+json\" class=\"yoast-schema-graph\">{\"@context\":\"https:\/\/schema.org\",\"@graph\":[{\"@type\":\"WebPage\",\"@id\":\"https:\/\/misal.hr\/de\/o-nama-vina\/\",\"url\":\"https:\/\/misal.hr\/de\/o-nama-vina\/\",\"name\":\"UNSERE GESCHICHTE | MISAL | PJENU\u0160CI PER\u0160URI\u0106\",\"isPartOf\":{\"@id\":\"https:\/\/misal.hr\/de\/#website\"},\"datePublished\":\"2016-03-15T14:31:38+00:00\",\"dateModified\":\"2024-08-31T11:29:01+00:00\",\"description\":\"MISAL-Schaumweine stehen f\u00fcr unsere St\u00e4rke und unseren Stolz. Sie sind der Faden, der unsere Vergangenheit, Gegenwart und Zukunft verbindet. MISAL\",\"breadcrumb\":{\"@id\":\"https:\/\/misal.hr\/de\/o-nama-vina\/#breadcrumb\"},\"inLanguage\":\"de\",\"potentialAction\":[{\"@type\":\"ReadAction\",\"target\":[[\"https:\/\/misal.hr\/de\/o-nama-vina\/\"]]}]},{\"@type\":\"BreadcrumbList\",\"@id\":\"https:\/\/misal.hr\/de\/o-nama-vina\/#breadcrumb\",\"itemListElement\":[{\"@type\":\"ListItem\",\"position\":1,\"name\":\"Home\",\"item\":\"https:\/\/misal.hr\/de\/\"},{\"@type\":\"ListItem\",\"position\":2,\"name\":\"NA\u0160A PRI\u010cA\"}]},{\"@type\":\"WebSite\",\"@id\":\"https:\/\/misal.hr\/de\/#website\",\"url\":\"https:\/\/misal.hr\/de\/\",\"name\":\"MISAL\",\"description\":\"Pjenu\u0161ci Per\u0161uri\u0107\",\"publisher\":{\"@id\":\"https:\/\/misal.hr\/de\/#organization\"},\"potentialAction\":[{\"@type\":\"SearchAction\",\"target\":{\"@type\":\"EntryPoint\",\"urlTemplate\":\"https:\/\/misal.hr\/de\/?s={search_term_string}\"},\"query-input\":{\"@type\":\"PropertyValueSpecification\",\"valueRequired\":true,\"valueName\":\"search_term_string\"}}],\"inLanguage\":\"de\"},{\"@type\":\"Organization\",\"@id\":\"https:\/\/misal.hr\/de\/#organization\",\"name\":\"PJENU\u0160CI PER\u0160URI\u0106 d.o.o.\",\"alternateName\":\"MISAL\",\"url\":\"https:\/\/misal.hr\/de\/\",\"logo\":{\"@type\":\"ImageObject\",\"inLanguage\":\"de\",\"@id\":\"https:\/\/misal.hr\/de\/#\/schema\/logo\/image\/\",\"url\":\"https:\/\/misal.hr\/wp-content\/uploads\/2016\/03\/misal_pjenusci_vina_persuric.jpg\",\"contentUrl\":\"https:\/\/misal.hr\/wp-content\/uploads\/2016\/03\/misal_pjenusci_vina_persuric.jpg\",\"width\":1500,\"height\":996,\"caption\":\"PJENU\u0160CI PER\u0160URI\u0106 d.o.o.\"},\"image\":{\"@id\":\"https:\/\/misal.hr\/de\/#\/schema\/logo\/image\/\"},\"sameAs\":[\"https:\/\/web.facebook.com\/misal.pjenusci\",\"https:\/\/www.instagram.com\/sparkling_wines_misal\/\"]}]}<\/script>\n<!-- \/ Yoast SEO plugin. -->","yoast_head_json":{"title":"UNSERE GESCHICHTE | MISAL | PJENU\u0160CI PER\u0160URI\u0106","description":"MISAL-Schaumweine stehen f\u00fcr unsere St\u00e4rke und unseren Stolz. Sie sind der Faden, der unsere Vergangenheit, Gegenwart und Zukunft verbindet. MISAL","robots":{"index":"index","follow":"follow","max-snippet":"max-snippet:-1","max-image-preview":"max-image-preview:large","max-video-preview":"max-video-preview:-1"},"canonical":"https:\/\/misal.hr\/de\/o-nama-vina\/","og_locale":"de_DE","og_type":"article","og_title":"UNSERE GESCHICHTE | MISAL | PJENU\u0160CI PER\u0160URI\u0106","og_description":"MISAL-Schaumweine stehen f\u00fcr unsere St\u00e4rke und unseren Stolz. Sie sind der Faden, der unsere Vergangenheit, Gegenwart und Zukunft verbindet. MISAL","og_url":"https:\/\/misal.hr\/de\/o-nama-vina\/","og_site_name":"MISAL","article_publisher":"https:\/\/web.facebook.com\/misal.pjenusci","article_modified_time":"2024-08-31T11:29:01+00:00","og_image":[{"width":1920,"height":1272,"url":"https:\/\/misal.hr\/wp-content\/uploads\/2016\/03\/misal_web-sparkle-1.jpg","type":"image\/jpeg"}],"twitter_card":"summary_large_image","twitter_misc":{"Gesch\u00e4tzte Lesezeit":"19\u00a0Minuten"},"schema":{"@context":"https:\/\/schema.org","@graph":[{"@type":"WebPage","@id":"https:\/\/misal.hr\/de\/o-nama-vina\/","url":"https:\/\/misal.hr\/de\/o-nama-vina\/","name":"UNSERE GESCHICHTE | MISAL | PJENU\u0160CI PER\u0160URI\u0106","isPartOf":{"@id":"https:\/\/misal.hr\/de\/#website"},"datePublished":"2016-03-15T14:31:38+00:00","dateModified":"2024-08-31T11:29:01+00:00","description":"MISAL-Schaumweine stehen f\u00fcr unsere St\u00e4rke und unseren Stolz. Sie sind der Faden, der unsere Vergangenheit, Gegenwart und Zukunft verbindet. MISAL","breadcrumb":{"@id":"https:\/\/misal.hr\/de\/o-nama-vina\/#breadcrumb"},"inLanguage":"de","potentialAction":[{"@type":"ReadAction","target":[["https:\/\/misal.hr\/de\/o-nama-vina\/"]]}]},{"@type":"BreadcrumbList","@id":"https:\/\/misal.hr\/de\/o-nama-vina\/#breadcrumb","itemListElement":[{"@type":"ListItem","position":1,"name":"Home","item":"https:\/\/misal.hr\/de\/"},{"@type":"ListItem","position":2,"name":"NA\u0160A PRI\u010cA"}]},{"@type":"WebSite","@id":"https:\/\/misal.hr\/de\/#website","url":"https:\/\/misal.hr\/de\/","name":"MISAL","description":"Pjenu\u0161ci Per\u0161uri\u0107","publisher":{"@id":"https:\/\/misal.hr\/de\/#organization"},"potentialAction":[{"@type":"SearchAction","target":{"@type":"EntryPoint","urlTemplate":"https:\/\/misal.hr\/de\/?s={search_term_string}"},"query-input":{"@type":"PropertyValueSpecification","valueRequired":true,"valueName":"search_term_string"}}],"inLanguage":"de"},{"@type":"Organization","@id":"https:\/\/misal.hr\/de\/#organization","name":"PJENU\u0160CI PER\u0160URI\u0106 d.o.o.","alternateName":"MISAL","url":"https:\/\/misal.hr\/de\/","logo":{"@type":"ImageObject","inLanguage":"de","@id":"https:\/\/misal.hr\/de\/#\/schema\/logo\/image\/","url":"https:\/\/misal.hr\/wp-content\/uploads\/2016\/03\/misal_pjenusci_vina_persuric.jpg","contentUrl":"https:\/\/misal.hr\/wp-content\/uploads\/2016\/03\/misal_pjenusci_vina_persuric.jpg","width":1500,"height":996,"caption":"PJENU\u0160CI PER\u0160URI\u0106 d.o.o."},"image":{"@id":"https:\/\/misal.hr\/de\/#\/schema\/logo\/image\/"},"sameAs":["https:\/\/web.facebook.com\/misal.pjenusci","https:\/\/www.instagram.com\/sparkling_wines_misal\/"]}]}},"_links":{"self":[{"href":"https:\/\/misal.hr\/de\/wp-json\/wp\/v2\/pages\/341","targetHints":{"allow":["GET"]}}],"collection":[{"href":"https:\/\/misal.hr\/de\/wp-json\/wp\/v2\/pages"}],"about":[{"href":"https:\/\/misal.hr\/de\/wp-json\/wp\/v2\/types\/page"}],"author":[{"embeddable":true,"href":"https:\/\/misal.hr\/de\/wp-json\/wp\/v2\/users\/1"}],"replies":[{"embeddable":true,"href":"https:\/\/misal.hr\/de\/wp-json\/wp\/v2\/comments?post=341"}],"version-history":[{"count":0,"href":"https:\/\/misal.hr\/de\/wp-json\/wp\/v2\/pages\/341\/revisions"}],"wp:attachment":[{"href":"https:\/\/misal.hr\/de\/wp-json\/wp\/v2\/media?parent=341"}],"curies":[{"name":"wp","href":"https:\/\/api.w.org\/{rel}","templated":true}]}}