{"id":503,"date":"2016-03-21T12:36:58","date_gmt":"2016-03-21T12:36:58","guid":{"rendered":"http:\/\/okthemes.com\/villenoirdemo\/?page_id=503"},"modified":"2023-04-12T09:15:31","modified_gmt":"2023-04-12T09:15:31","slug":"nagrade","status":"publish","type":"page","link":"https:\/\/misal.hr\/de\/o-nama-vina\/nagrade\/","title":{"rendered":"AUSZEICHNUNGEN"},"content":{"rendered":"<div class=\"wpb-content-wrapper\"><p>[vc_row css=&#8221;.vc_custom_1458564277675{padding-bottom: 0px !important;}&#8221;][vc_column width=&#8221;1\/2&#8243;]\n\t<div class=\"title-subtitle-box \" style=\" text-align: left;\">\n\t\t<h2 style=\" font-style: normal;\">Blanc de blancs<\/h2>\n\t<\/div> [\/vc_column][vc_column width=&#8221;1\/2&#8243;]\n\t<div class=\"gg_list list_style_line   \">\n<ul>\n<li>3 goldene Medaillen<\/li>\n<li>4 silberne Medaillen<\/li>\n<li>Preis \u201eDr. sc. \u0110ordano Per\u0161uri\u0107\u201c der Gemeinde Vi\u0161njan f\u00fcr den besten Schauwein 2022<\/li>\n<li>Titel der kroatischen TOP Wei\u00dfschaumweinsorte \u2013 am Schaumweinwettbewerb Salon pjenu\u0161avih vina in Zagreb\/Ljubljana 2017<\/li>\n<li>goldene Medaille am Wettbewerb Festival penin in Portoro\u017e 2015 und 2014<\/li>\n<li>bronzene Medaille am Wettbewerb International Wine Chellange in London 2013<\/li>\n<\/ul>\n<\/div>[\/vc_column][\/vc_row][vc_row css=&#8221;.vc_custom_1458564260157{padding-top: 0px !important;padding-bottom: 0px !important;}&#8221;][vc_column css=&#8221;.vc_custom_1458564215708{padding-top: 0px !important;padding-bottom: 0px !important;}&#8221;][vc_separator css=&#8221;.vc_custom_1458564307490{margin-bottom: 0px !important;}&#8221;][\/vc_column][\/vc_row][vc_row css=&#8221;.vc_custom_1458565399766{padding-top: 55px !important;padding-bottom: 0px !important;}&#8221;][vc_column width=&#8221;1\/2&#8243;]\n\t<div class=\"title-subtitle-box \" style=\" text-align: left;\">\n\t\t<h2 style=\" font-style: normal;\">Prestige<\/h2>\n\t<\/div> [\/vc_column][vc_column width=&#8221;1\/2&#8243;]\n\t<div class=\"gg_list list_style_line   \">\n<ul>\n<li>13 goldene Medaillen<\/li>\n<li>21 silberne Medaillen<\/li>\n<li>Goldmedaille bei dem Weltweinwettbewerb The World\u2019s Finest Glass of Bubbly Awards 2022, 2020 in der Kategorie Oaky &amp; Toasty<\/li>\n<li>Preis \u201eDr. sc. \u0110ordano Per\u0161uri\u0107\u201c der Gemeinde Vi\u0161njan f\u00fcr den besten Schauwein 2018<\/li>\n<li>4 \u201eWeinsterne\u201c der Zeitung Ve\u010dernji list 2016 und 2015<\/li>\n<li>Auszeichnung \u201eBester Wein\u201c beim Winzer- und Weinbauertreffen Sabatina 2010<\/li>\n<li>Auszeichnung \u201eBester Wein\u201c auf der Messe Vinistra 2007 und 2004<\/li>\n<\/ul>\n<\/div>[\/vc_column][\/vc_row][vc_row css=&#8221;.vc_custom_1458564260157{padding-top: 0px !important;padding-bottom: 0px !important;}&#8221;][vc_column css=&#8221;.vc_custom_1458564215708{padding-top: 0px !important;padding-bottom: 0px !important;}&#8221;][vc_separator css=&#8221;.vc_custom_1458564307490{margin-bottom: 0px !important;}&#8221;][\/vc_column][\/vc_row][vc_row css=&#8221;.vc_custom_1458565399766{padding-top: 55px !important;padding-bottom: 0px !important;}&#8221;][vc_column width=&#8221;1\/2&#8243;]\n\t<div class=\"title-subtitle-box \" style=\" text-align: left;\">\n\t\t<h2 style=\" font-style: normal;\">Blanc de noirs<\/h2>\n\t<\/div> [\/vc_column][vc_column width=&#8221;1\/2&#8243;]\n\t<div class=\"gg_list list_style_line   \">\n<ul>\n<li>3 silberne Medaillen<\/li>\n<li>goldene Medaille am Wettbewerb Festival penin in Portoro\u017e 2015<\/li>\n<\/ul>\n<\/div>[\/vc_column][\/vc_row][vc_row css=&#8221;.vc_custom_1458564260157{padding-top: 0px !important;padding-bottom: 0px !important;}&#8221;][vc_column css=&#8221;.vc_custom_1458564215708{padding-top: 0px !important;padding-bottom: 0px !important;}&#8221;][vc_separator css=&#8221;.vc_custom_1458564307490{margin-bottom: 0px !important;}&#8221;][\/vc_column][\/vc_row][vc_row css=&#8221;.vc_custom_1487926892300{padding-top: 55px !important;padding-bottom: 0px !important;}&#8221;][vc_column width=&#8221;1\/2&#8243;]\n\t<div class=\"title-subtitle-box \" style=\" text-align: left;\">\n\t\t<h2 style=\" font-style: normal;\">Millennium<\/h2>\n\t<\/div> [\/vc_column][vc_column width=&#8221;1\/2&#8243;]\n\t<div class=\"gg_list list_style_line   \">\n<ul>\n<li>9 goldene Medaillen<\/li>\n<li>27 silberne Medaillen<\/li>\n<li>silberne Medaille am Wettbewerb International Wine Chellange in London 2018 und 2012<\/li>\n<li>Preis &#8220;Dr. sc. \u0110ordano Per\u0161uri\u0107&#8221; der Gemeinde Vi\u0161njan f\u00fcr den besten Schauwein 2017<\/li>\n<li>goldene Medaille am Wettbewerb 1. Balkans International Wine Competition in Sofia 2012<\/li>\n<li>4 \u201eWeingl\u00e4ser\u201c der Zeitung Ve\u010dernji list 2011<\/li>\n<li>gro\u00dfe goldene Auszeichnung an der Messe Gast Split in Split 2003<\/li>\n<\/ul>\n<\/div>[\/vc_column][\/vc_row][vc_row css=&#8221;.vc_custom_1458564260157{padding-top: 0px !important;padding-bottom: 0px !important;}&#8221;][vc_column css=&#8221;.vc_custom_1458564215708{padding-top: 0px !important;padding-bottom: 0px !important;}&#8221;][vc_separator css=&#8221;.vc_custom_1458564307490{margin-bottom: 0px !important;}&#8221;][\/vc_column][\/vc_row][vc_row css=&#8221;.vc_custom_1487926886628{padding-top: 55px !important;padding-bottom: 0px !important;}&#8221;][vc_column width=&#8221;1\/2&#8243;]\n\t<div class=\"title-subtitle-box \" style=\" text-align: left;\">\n\t\t<h2 style=\" font-style: normal;\">Royal<\/h2>\n\t<\/div> [\/vc_column][vc_column width=&#8221;1\/2&#8243;]\n\t<div class=\"gg_list list_style_line   \">\n<ul>\n<li>1 goldene Medaille<\/li>\n<li>1 silberne Medaille<\/li>\n<li>Troph\u00e4e bei dem Weltweinwettbewerb The World\u2019s Finest Glass of Bubbly Awards 2022 in der Kategorie Oaky &amp; Toasty<\/li>\n<\/ul>\n<\/div>[\/vc_column][\/vc_row][vc_row css=&#8221;.vc_custom_1458564260157{padding-top: 0px !important;padding-bottom: 0px !important;}&#8221;][vc_column css=&#8221;.vc_custom_1458564215708{padding-top: 0px !important;padding-bottom: 0px !important;}&#8221;][vc_separator css=&#8221;.vc_custom_1458564307490{margin-bottom: 0px !important;}&#8221;][\/vc_column][\/vc_row][vc_row css=&#8221;.vc_custom_1487926879114{padding-top: 55px !important;padding-bottom: 0px !important;}&#8221;][vc_column width=&#8221;1\/2&#8243;]\n\t<div class=\"title-subtitle-box \" style=\" text-align: left;\">\n\t\t<h2 style=\" font-style: normal;\">Istra<\/h2>\n\t<\/div> [\/vc_column][vc_column width=&#8221;1\/2&#8243;]\n\t<div class=\"gg_list list_style_line   \">\n<ul>\n<li>goldene Medaille am Wettbewerb 3. Balkans International Wine Competition in Sofia 2014<\/li>\n<li>bronzene Medaille am Wettbewerb International Wine Chellange in London 2012<\/li>\n<\/ul>\n<\/div>[\/vc_column][\/vc_row][vc_row css=&#8221;.vc_custom_1458564260157{padding-top: 0px !important;padding-bottom: 0px !important;}&#8221;][vc_column css=&#8221;.vc_custom_1458564215708{padding-top: 0px !important;padding-bottom: 0px !important;}&#8221;][vc_separator css=&#8221;.vc_custom_1458564307490{margin-bottom: 0px !important;}&#8221;][\/vc_column][\/vc_row][vc_row css=&#8221;.vc_custom_1487926871034{padding-top: 55px !important;padding-bottom: 0px !important;}&#8221;][vc_column width=&#8221;1\/2&#8243;]\n\t<div class=\"title-subtitle-box \" style=\" text-align: left;\">\n\t\t<h2 style=\" font-style: normal;\">Rose<\/h2>\n\t<\/div> [\/vc_column][vc_column width=&#8221;1\/2&#8243;]\n\t<div class=\"gg_list list_style_line   \">\n<ul>\n<li>13 goldene Medaillen<\/li>\n<li>17 silberne Medaillen<\/li>\n<li>silberne Medaille am Wettbewerb 1. Balkans International Wine Competition in Sofia 2012<\/li>\n<li>Auszeichnung \u201eBester Wein\u201c beim Winzer- und Weinbauertreffen Sabatina 2011<\/li>\n<li>4 \u201eWeingl\u00e4ser\u201c der Zeitung Ve\u010dernji list 2011<\/li>\n<li>Pokal Ivan Turk f\u00fcr den besten kroatischen Schaumwein an der Messe Vinovita 2004<\/li>\n<li>Auszeichnung Studec f\u00fcr den bestbewerteten kroatischen Wein an der Messe Vinovita 2001 und 1999<\/li>\n<\/ul>\n<\/div>[\/vc_column][\/vc_row][vc_row css=&#8221;.vc_custom_1458564260157{padding-top: 0px !important;padding-bottom: 0px !important;}&#8221;][vc_column css=&#8221;.vc_custom_1458564215708{padding-top: 0px !important;padding-bottom: 0px !important;}&#8221;][vc_separator css=&#8221;.vc_custom_1458564307490{margin-bottom: 0px !important;}&#8221;][\/vc_column][\/vc_row][vc_row css=&#8221;.vc_custom_1487926863492{padding-top: 55px !important;padding-bottom: 0px !important;}&#8221;][vc_column width=&#8221;1\/2&#8243;]\n\t<div class=\"title-subtitle-box \" style=\" text-align: left;\">\n\t\t<h2 style=\" font-style: normal;\">Rouge<\/h2>\n\t<\/div> [\/vc_column][vc_column width=&#8221;1\/2&#8243;]\n\t<div class=\"gg_list list_style_line   \">\n<ul>\n<li>4 goldene Medaillen<\/li>\n<li>11 silberne Medaillen<\/li>\n<li>Troph\u00e4e bei dem Weltweinwettbewerb The World\u2019s Finest Glass of Bubbly Awards 2022 in der Kategorie Dessert<\/li>\n<\/ul>\n<\/div>[\/vc_column][\/vc_row][vc_row css=&#8221;.vc_custom_1458564260157{padding-top: 0px !important;padding-bottom: 0px !important;}&#8221;][vc_column css=&#8221;.vc_custom_1458564215708{padding-top: 0px !important;padding-bottom: 0px !important;}&#8221;][vc_separator css=&#8221;.vc_custom_1458564307490{margin-bottom: 0px !important;}&#8221;][\/vc_column][\/vc_row][vc_row css=&#8221;.vc_custom_1487926856607{padding-top: 55px !important;padding-bottom: 0px !important;}&#8221;][vc_column width=&#8221;1\/2&#8243;]\n\t<div class=\"title-subtitle-box \" style=\" text-align: left;\">\n\t\t<h2 style=\" font-style: normal;\">Amor<\/h2>\n\t<\/div> [\/vc_column][vc_column width=&#8221;1\/2&#8243;]\n\t<div class=\"gg_list list_style_line   \">\n<ul>\n<li>2 silberne Medaillen<\/li>\n<\/ul>\n<\/div>[\/vc_column][\/vc_row][vc_row css=&#8221;.vc_custom_1458564260157{padding-top: 0px !important;padding-bottom: 0px !important;}&#8221;][vc_column css=&#8221;.vc_custom_1458564215708{padding-top: 0px !important;padding-bottom: 0px !important;}&#8221;][vc_separator css=&#8221;.vc_custom_1458564307490{margin-bottom: 0px !important;}&#8221;][\/vc_column][\/vc_row][vc_row css=&#8221;.vc_custom_1487926847492{padding-top: 55px !important;padding-bottom: 0px !important;}&#8221;][vc_column width=&#8221;1\/2&#8243;]\n\t<div class=\"title-subtitle-box \" style=\" text-align: left;\">\n\t\t<h2 style=\" font-style: normal;\">Sonstiges<\/h2>\n\t<\/div> [\/vc_column][vc_column width=&#8221;1\/2&#8243;]\n\t<div class=\"gg_list list_style_line   \">\n<ul>\n<li>Belohnen &#8221;Female Business Leaders&#8221; 2020<\/li>\n<li>Das beste OPG 2019 in der Kategorie Junge Hoffnungen<\/li>\n<li>Auszeichnung f\u00fcr einen der 20 besten Winzer in Kroatien 2006 und 2002<\/li>\n<li>Dankschreiben der Vereinigung Lions Club Opatija<\/li>\n<li>Dankschreiben des Spendervereins Hrvatska donorska mre\u017ea<\/li>\n<li>Dankschreiben des Internationalen Verbands der Studenten in Agrar- und damit verbundene Studien<\/li>\n<li>Dankschreiben des Vereins f\u00fcr K\u00f6rperbehinderte TOMS<\/li>\n<li>Dankschreiben f\u00fcr das Management im Tourismus und Gastgewerbe<\/li>\n<\/ul>\n<\/div>[\/vc_column][\/vc_row][vc_row css=&#8221;.vc_custom_1458564260157{padding-top: 0px !important;padding-bottom: 0px !important;}&#8221;][vc_column css=&#8221;.vc_custom_1458564215708{padding-top: 0px !important;padding-bottom: 0px !important;}&#8221;][vc_separator css=&#8221;.vc_custom_1458564307490{margin-bottom: 0px !important;}&#8221;][\/vc_column][\/vc_row][vc_row full_width=&#8221;stretch_row&#8221; equal_height=&#8221;yes&#8221; content_placement=&#8221;middle&#8221; css=&#8221;.vc_custom_1488276288645{background-color: #121212 !important;}&#8221;][vc_column][vc_column_text]<\/p>\n<div class=\"heading\">\n<p class=\"h_subtitle\" style=\"text-align: center;\">PJENU\u0160CI PER\u0160URI\u0106<\/p>\n<h2 class=\"h_title\" style=\"text-align: center;\">MISAL Schaumweine von Spitzenqualit\u00e4t<\/h2>\n<\/div>\n<p>[\/vc_column_text][\/vc_column][\/vc_row]<\/p>\n<\/div>","protected":false},"excerpt":{"rendered":"<p>[vc_row css=&#8221;.vc_custom_1458564277675{padding-bottom: 0px !important;}&#8221;][vc_column width=&#8221;1\/2&#8243;][\/vc_column][vc_column width=&#8221;1\/2&#8243;][\/vc_column][\/vc_row][vc_row css=&#8221;.vc_custom_1458564260157{padding-top: 0px !important;padding-bottom: 0px !important;}&#8221;][vc_column css=&#8221;.vc_custom_1458564215708{padding-top: 0px !important;padding-bottom: 0px !important;}&#8221;][vc_separator css=&#8221;.vc_custom_1458564307490{margin-bottom: 0px !important;}&#8221;][\/vc_column][\/vc_row][vc_row css=&#8221;.vc_custom_1458565399766{padding-top: 55px !important;padding-bottom: 0px !important;}&#8221;][vc_column width=&#8221;1\/2&#8243;][\/vc_column][vc_column width=&#8221;1\/2&#8243;][\/vc_column][\/vc_row][vc_row css=&#8221;.vc_custom_1458564260157{padding-top: 0px !important;padding-bottom: 0px !important;}&#8221;][vc_column css=&#8221;.vc_custom_1458564215708{padding-top: 0px !important;padding-bottom: 0px !important;}&#8221;][vc_separator css=&#8221;.vc_custom_1458564307490{margin-bottom: 0px !important;}&#8221;][\/vc_column][\/vc_row][vc_row css=&#8221;.vc_custom_1458565399766{padding-top: 55px !important;padding-bottom: 0px !important;}&#8221;][vc_column width=&#8221;1\/2&#8243;][\/vc_column][vc_column width=&#8221;1\/2&#8243;][\/vc_column][\/vc_row][vc_row css=&#8221;.vc_custom_1458564260157{padding-top: 0px !important;padding-bottom: 0px !important;}&#8221;][vc_column css=&#8221;.vc_custom_1458564215708{padding-top: 0px !important;padding-bottom: 0px<br class=\"read-more-spacer\"> <a class=\"more-link\" href=\"https:\/\/misal.hr\/de\/o-nama-vina\/nagrade\/\">Mehr lesen<\/a><\/p>\n","protected":false},"author":1,"featured_media":0,"parent":341,"menu_order":0,"comment_status":"closed","ping_status":"closed","template":"","meta":{"_acf_changed":false,"footnotes":""},"class_list":["post-503","page","type-page","status-publish"],"acf":[],"yoast_head":"<!-- This site is optimized with the Yoast SEO plugin v26.6 - https:\/\/yoast.com\/wordpress\/plugins\/seo\/ -->\n<title>AUSZEICHNUNGEN | MISAL | PJENU\u0160CI PER\u0160URI\u0106<\/title>\n<meta name=\"description\" content=\"Wir sichern die Qualit\u00e4t unserer MISAL-Schaumweinsorten nicht nur durch hohe Ausbildung und eine unendliche Liebe zu unserer Gesch\u00e4ftst\u00e4tigkeit\" \/>\n<meta name=\"robots\" content=\"index, follow, max-snippet:-1, max-image-preview:large, max-video-preview:-1\" \/>\n<link rel=\"canonical\" href=\"https:\/\/misal.hr\/de\/o-nama-vina\/nagrade\/\" \/>\n<meta property=\"og:locale\" content=\"de_DE\" \/>\n<meta property=\"og:type\" content=\"article\" \/>\n<meta property=\"og:title\" content=\"AUSZEICHNUNGEN | MISAL | PJENU\u0160CI PER\u0160URI\u0106\" \/>\n<meta property=\"og:description\" content=\"Wir sichern die Qualit\u00e4t unserer MISAL-Schaumweinsorten nicht nur durch hohe Ausbildung und eine unendliche Liebe zu unserer Gesch\u00e4ftst\u00e4tigkeit\" \/>\n<meta property=\"og:url\" content=\"https:\/\/misal.hr\/de\/o-nama-vina\/nagrade\/\" \/>\n<meta property=\"og:site_name\" content=\"MISAL\" \/>\n<meta property=\"article:publisher\" content=\"https:\/\/web.facebook.com\/misal.pjenusci\" \/>\n<meta property=\"article:modified_time\" content=\"2023-04-12T09:15:31+00:00\" \/>\n<meta property=\"og:image\" content=\"https:\/\/misal.hr\/wp-content\/uploads\/2016\/03\/misal_web-sparkle-1.jpg\" \/>\n\t<meta property=\"og:image:width\" content=\"1920\" \/>\n\t<meta property=\"og:image:height\" content=\"1272\" \/>\n\t<meta property=\"og:image:type\" content=\"image\/jpeg\" \/>\n<meta name=\"twitter:card\" content=\"summary_large_image\" \/>\n<meta name=\"twitter:label1\" content=\"Gesch\u00e4tzte Lesezeit\" \/>\n\t<meta name=\"twitter:data1\" content=\"4\u00a0Minuten\" \/>\n<script type=\"application\/ld+json\" class=\"yoast-schema-graph\">{\"@context\":\"https:\/\/schema.org\",\"@graph\":[{\"@type\":\"WebPage\",\"@id\":\"https:\/\/misal.hr\/de\/o-nama-vina\/nagrade\/\",\"url\":\"https:\/\/misal.hr\/de\/o-nama-vina\/nagrade\/\",\"name\":\"AUSZEICHNUNGEN | MISAL | PJENU\u0160CI PER\u0160URI\u0106\",\"isPartOf\":{\"@id\":\"https:\/\/misal.hr\/de\/#website\"},\"datePublished\":\"2016-03-21T12:36:58+00:00\",\"dateModified\":\"2023-04-12T09:15:31+00:00\",\"description\":\"Wir sichern die Qualit\u00e4t unserer MISAL-Schaumweinsorten nicht nur durch hohe Ausbildung und eine unendliche Liebe zu unserer Gesch\u00e4ftst\u00e4tigkeit\",\"breadcrumb\":{\"@id\":\"https:\/\/misal.hr\/de\/o-nama-vina\/nagrade\/#breadcrumb\"},\"inLanguage\":\"de\",\"potentialAction\":[{\"@type\":\"ReadAction\",\"target\":[[\"https:\/\/misal.hr\/de\/o-nama-vina\/nagrade\/\"]]}]},{\"@type\":\"BreadcrumbList\",\"@id\":\"https:\/\/misal.hr\/de\/o-nama-vina\/nagrade\/#breadcrumb\",\"itemListElement\":[{\"@type\":\"ListItem\",\"position\":1,\"name\":\"Home\",\"item\":\"https:\/\/misal.hr\/de\/\"},{\"@type\":\"ListItem\",\"position\":2,\"name\":\"NA\u0160A PRI\u010cA\",\"item\":\"https:\/\/misal.hr\/de\/o-nama-vina\/\"},{\"@type\":\"ListItem\",\"position\":3,\"name\":\"NAGRADE\"}]},{\"@type\":\"WebSite\",\"@id\":\"https:\/\/misal.hr\/de\/#website\",\"url\":\"https:\/\/misal.hr\/de\/\",\"name\":\"MISAL\",\"description\":\"Pjenu\u0161ci Per\u0161uri\u0107\",\"publisher\":{\"@id\":\"https:\/\/misal.hr\/de\/#organization\"},\"potentialAction\":[{\"@type\":\"SearchAction\",\"target\":{\"@type\":\"EntryPoint\",\"urlTemplate\":\"https:\/\/misal.hr\/de\/?s={search_term_string}\"},\"query-input\":{\"@type\":\"PropertyValueSpecification\",\"valueRequired\":true,\"valueName\":\"search_term_string\"}}],\"inLanguage\":\"de\"},{\"@type\":\"Organization\",\"@id\":\"https:\/\/misal.hr\/de\/#organization\",\"name\":\"PJENU\u0160CI PER\u0160URI\u0106 d.o.o.\",\"alternateName\":\"MISAL\",\"url\":\"https:\/\/misal.hr\/de\/\",\"logo\":{\"@type\":\"ImageObject\",\"inLanguage\":\"de\",\"@id\":\"https:\/\/misal.hr\/de\/#\/schema\/logo\/image\/\",\"url\":\"https:\/\/misal.hr\/wp-content\/uploads\/2016\/03\/misal_pjenusci_vina_persuric.jpg\",\"contentUrl\":\"https:\/\/misal.hr\/wp-content\/uploads\/2016\/03\/misal_pjenusci_vina_persuric.jpg\",\"width\":1500,\"height\":996,\"caption\":\"PJENU\u0160CI PER\u0160URI\u0106 d.o.o.\"},\"image\":{\"@id\":\"https:\/\/misal.hr\/de\/#\/schema\/logo\/image\/\"},\"sameAs\":[\"https:\/\/web.facebook.com\/misal.pjenusci\",\"https:\/\/www.instagram.com\/sparkling_wines_misal\/\"]}]}<\/script>\n<!-- \/ Yoast SEO plugin. -->","yoast_head_json":{"title":"AUSZEICHNUNGEN | MISAL | PJENU\u0160CI PER\u0160URI\u0106","description":"Wir sichern die Qualit\u00e4t unserer MISAL-Schaumweinsorten nicht nur durch hohe Ausbildung und eine unendliche Liebe zu unserer Gesch\u00e4ftst\u00e4tigkeit","robots":{"index":"index","follow":"follow","max-snippet":"max-snippet:-1","max-image-preview":"max-image-preview:large","max-video-preview":"max-video-preview:-1"},"canonical":"https:\/\/misal.hr\/de\/o-nama-vina\/nagrade\/","og_locale":"de_DE","og_type":"article","og_title":"AUSZEICHNUNGEN | MISAL | PJENU\u0160CI PER\u0160URI\u0106","og_description":"Wir sichern die Qualit\u00e4t unserer MISAL-Schaumweinsorten nicht nur durch hohe Ausbildung und eine unendliche Liebe zu unserer Gesch\u00e4ftst\u00e4tigkeit","og_url":"https:\/\/misal.hr\/de\/o-nama-vina\/nagrade\/","og_site_name":"MISAL","article_publisher":"https:\/\/web.facebook.com\/misal.pjenusci","article_modified_time":"2023-04-12T09:15:31+00:00","og_image":[{"width":1920,"height":1272,"url":"https:\/\/misal.hr\/wp-content\/uploads\/2016\/03\/misal_web-sparkle-1.jpg","type":"image\/jpeg"}],"twitter_card":"summary_large_image","twitter_misc":{"Gesch\u00e4tzte Lesezeit":"4\u00a0Minuten"},"schema":{"@context":"https:\/\/schema.org","@graph":[{"@type":"WebPage","@id":"https:\/\/misal.hr\/de\/o-nama-vina\/nagrade\/","url":"https:\/\/misal.hr\/de\/o-nama-vina\/nagrade\/","name":"AUSZEICHNUNGEN | MISAL | PJENU\u0160CI PER\u0160URI\u0106","isPartOf":{"@id":"https:\/\/misal.hr\/de\/#website"},"datePublished":"2016-03-21T12:36:58+00:00","dateModified":"2023-04-12T09:15:31+00:00","description":"Wir sichern die Qualit\u00e4t unserer MISAL-Schaumweinsorten nicht nur durch hohe Ausbildung und eine unendliche Liebe zu unserer Gesch\u00e4ftst\u00e4tigkeit","breadcrumb":{"@id":"https:\/\/misal.hr\/de\/o-nama-vina\/nagrade\/#breadcrumb"},"inLanguage":"de","potentialAction":[{"@type":"ReadAction","target":[["https:\/\/misal.hr\/de\/o-nama-vina\/nagrade\/"]]}]},{"@type":"BreadcrumbList","@id":"https:\/\/misal.hr\/de\/o-nama-vina\/nagrade\/#breadcrumb","itemListElement":[{"@type":"ListItem","position":1,"name":"Home","item":"https:\/\/misal.hr\/de\/"},{"@type":"ListItem","position":2,"name":"NA\u0160A PRI\u010cA","item":"https:\/\/misal.hr\/de\/o-nama-vina\/"},{"@type":"ListItem","position":3,"name":"NAGRADE"}]},{"@type":"WebSite","@id":"https:\/\/misal.hr\/de\/#website","url":"https:\/\/misal.hr\/de\/","name":"MISAL","description":"Pjenu\u0161ci Per\u0161uri\u0107","publisher":{"@id":"https:\/\/misal.hr\/de\/#organization"},"potentialAction":[{"@type":"SearchAction","target":{"@type":"EntryPoint","urlTemplate":"https:\/\/misal.hr\/de\/?s={search_term_string}"},"query-input":{"@type":"PropertyValueSpecification","valueRequired":true,"valueName":"search_term_string"}}],"inLanguage":"de"},{"@type":"Organization","@id":"https:\/\/misal.hr\/de\/#organization","name":"PJENU\u0160CI PER\u0160URI\u0106 d.o.o.","alternateName":"MISAL","url":"https:\/\/misal.hr\/de\/","logo":{"@type":"ImageObject","inLanguage":"de","@id":"https:\/\/misal.hr\/de\/#\/schema\/logo\/image\/","url":"https:\/\/misal.hr\/wp-content\/uploads\/2016\/03\/misal_pjenusci_vina_persuric.jpg","contentUrl":"https:\/\/misal.hr\/wp-content\/uploads\/2016\/03\/misal_pjenusci_vina_persuric.jpg","width":1500,"height":996,"caption":"PJENU\u0160CI PER\u0160URI\u0106 d.o.o."},"image":{"@id":"https:\/\/misal.hr\/de\/#\/schema\/logo\/image\/"},"sameAs":["https:\/\/web.facebook.com\/misal.pjenusci","https:\/\/www.instagram.com\/sparkling_wines_misal\/"]}]}},"_links":{"self":[{"href":"https:\/\/misal.hr\/de\/wp-json\/wp\/v2\/pages\/503","targetHints":{"allow":["GET"]}}],"collection":[{"href":"https:\/\/misal.hr\/de\/wp-json\/wp\/v2\/pages"}],"about":[{"href":"https:\/\/misal.hr\/de\/wp-json\/wp\/v2\/types\/page"}],"author":[{"embeddable":true,"href":"https:\/\/misal.hr\/de\/wp-json\/wp\/v2\/users\/1"}],"replies":[{"embeddable":true,"href":"https:\/\/misal.hr\/de\/wp-json\/wp\/v2\/comments?post=503"}],"version-history":[{"count":0,"href":"https:\/\/misal.hr\/de\/wp-json\/wp\/v2\/pages\/503\/revisions"}],"up":[{"embeddable":true,"href":"https:\/\/misal.hr\/de\/wp-json\/wp\/v2\/pages\/341"}],"wp:attachment":[{"href":"https:\/\/misal.hr\/de\/wp-json\/wp\/v2\/media?parent=503"}],"curies":[{"name":"wp","href":"https:\/\/api.w.org\/{rel}","templated":true}]}}