{"id":519,"date":"2016-03-21T13:06:29","date_gmt":"2016-03-21T13:06:29","guid":{"rendered":"http:\/\/okthemes.com\/villenoirdemo\/?page_id=519"},"modified":"2018-06-07T07:09:59","modified_gmt":"2018-06-07T07:09:59","slug":"zastita-osobnih-podataka","status":"publish","type":"page","link":"https:\/\/misal.hr\/de\/zastita-osobnih-podataka\/","title":{"rendered":"Der Schutz personenbezogener Daten"},"content":{"rendered":"<div class=\"wpb-content-wrapper\"><p>[vc_row][vc_column][vc_column_text]<b>Erkl\u00e4rung zur Privatsph\u00e4re<\/b><\/p>\n<p><span style=\"font-weight: 400;\">Die Gesellschaft PJENU\u0160CI PER\u0160URI\u0106 d.o.o., PER\u0160URI\u0106I 5a, 52463 Vi\u0161njan (nachfolgend \u201eGesellschaft MISAL\u201c genannt) beh\u00e4lt sich s\u00e4mtliche Urheberrechte bei der Nutzung von Photographien, Texten und dem ver\u00f6ffentlichten Material im Sinne der positiven Gesetzesvorschriften in der Republik Kroatien vor. Ohne Zustimmung der Gesellschaft MISAL d\u00fcrfen keine Photographien, Texte oder andere Inhalte ver\u00f6ffentlicht, verkauft, \u00f6ffentlich oder privat publiziert oder anderweitig verwendet werden.<\/span><\/p>\n<p><b>Einleitende Bestimmungen<\/b><\/p>\n<p><span style=\"font-weight: 400;\">Die Gesellschaft MISAL respektiert Ihre Privatsph\u00e4re und verpflichtet sich zum Schutz Ihrer personenbezogenen Daten. Die Datenerhebung und -aufbewahrung erfolgt gem\u00e4\u00df den Bestimmungen des Gesetzes \u00fcber den Schutz personenbezogener Daten.<\/span><\/p>\n<p><b>Daten, die der Politik der Privatsph\u00e4re unterliegen<\/b><\/p>\n<p><span style=\"font-weight: 400;\">Daten, die wir grunds\u00e4tzlich von Ihnen ben\u00f6tigen und die gesch\u00fctzt werden<\/span><span style=\"font-weight: 400;\">:<\/span><\/p>\n<p><span style=\"font-weight: 400;\">&#8211; Vorname und Nachname<\/span><\/p>\n<p><span style=\"font-weight: 400;\">&#8211; <\/span><span style=\"font-weight: 400;\">E-Mail-Adresse<\/span><\/p>\n<p><span style=\"font-weight: 400;\">&#8211; sonstige Daten, die Sie angeben und geheim halten m\u00f6chten.<\/span><\/p>\n<p><b>Zweck der erhaltenen Daten<\/b><\/p>\n<p><span style=\"font-weight: 400;\">S\u00e4mtliche Daten, welche die Gesellschaft MISAL von Ihnen erh\u00e4lt, dienen ausschlie\u00dflich zu folgenden Zwecken:<\/span><\/p>\n<p><span style=\"font-weight: 400;\">&#8211; eine m\u00f6glichst effektive Beantwortung Ihrer Anfrage<\/span><\/p>\n<p><span style=\"font-weight: 400;\">&#8211; Sicherstellung der Erbringung der beauftragten Dienstleistung<\/span><\/p>\n<p><span style=\"font-weight: 400;\">&#8211; unsere internen statistischen Datenverarbeitungen<\/span><\/p>\n<p><span style=\"font-weight: 400;\">&#8211; M\u00f6glichkeiten zum Versand von Publikationen, Brosch\u00fcren und weiteren Werbeinhalten.<\/span><\/p>\n<p><span style=\"font-weight: 400;\">Die Gesellschaft MISAL verpflichtet sich, die erhobenen Daten nur zu den<\/span> <span style=\"font-weight: 400;\">genannten Zwecken zu nutzen. Durch die \u00dcberlassung ihrer personenbezogenen Daten zu kommunikationsbezogenen Zwecken jeglicher Art erteilen Sie ihre ausdr\u00fcckliche Zustimmung daf\u00fcr, dass die Gesellschaft MISAL sich zu den genannten Zwecken an Sie wenden kann. M\u00f6chten Sie nicht, dass die Gesellschaft MISAL mit Ihnen Kontakt aufnimmt, sind Sie verpflichtet, die Gesellschaft MISAL ausdr\u00fccklich in schriftlicher Form dar\u00fcber zu informieren.<\/span><\/p>\n<p><b>Geltungsdauer der Politik zur Privatsph\u00e4re<\/b><\/p>\n<p><span style=\"font-weight: 400;\">Zum Zeitpunkt der \u00dcbermittlung Ihrer Daten stimmen Sie der Kontaktaufnahme unsererseits zu. Mit Ihrem Zugriff auf die Webseite geben Sie Ihre ausdr\u00fcckliche Zustimmung zur genannten Kontaktaufnahme ab. Die Privatsph\u00e4re Ihrer Daten steht unter permanentem Schutz und Sie k\u00f6nnen die Beendigung des Versandes der E-Mail-Benachrichtigungen jederzeit anfordern. Danach wird die Gesellschaft MISAL Ihre Daten nicht mehr nutzen, es sei denn, es handelt sich um interne Zwecke, <\/span><span style=\"font-weight: 400;\"><br \/>\n<\/span><span style=\"font-weight: 400;\">z. B. informatische oder statistische Datenverarbeitung.<\/span><\/p>\n<p><b>Inhalt der Politik zur Privatsph\u00e4re<\/b><\/p>\n<p><span style=\"font-weight: 400;\">Wir werden Ihre E-Mail-Adresse und andere sch\u00fctzenswerte Daten nicht an dritte juristische und nat\u00fcrliche Personen au\u00dferhalb der MISAL Webseite ohne Ihre Zustimmung verkaufen, vermieten oder zur Verf\u00fcgung stellen, weil dies unserer Politik zur Einhaltung ihrer Privatsph\u00e4re widerspricht. Die Gesellschaft MISAL unterh\u00e4lt eine strikte \u201eNo-Spam-Politik\u201c. Die Gesellschaft MISAL \u00fcbernimmt keine Haftung f\u00fcr zuf\u00e4llige Fehler oder Fehler infolge h\u00f6herer Gewalt oder anderer objektiver Umst\u00e4nde, die zu einer zuf\u00e4lligen Verletzung des gew\u00e4hrleisteten Schutzes Ihrer Daten f\u00fchren. Die Gesellschaft MISAL haftet aber daf\u00fcr, dass erkannte Fehler, soweit es m\u00f6glich ist, so fr\u00fch wie m\u00f6glich behoben werden.<\/span><\/p>\n<p>&nbsp;<\/p>\n<p><b>Cookies und Internettechnologien<\/b><\/p>\n<p><span style=\"font-weight: 400;\">Wie es mit vielen anderen Internetseiten \u00fcblich ist, so nutzt auch unsere Internetseite Cookies sowie andere Technologien, die uns die Bereitstellung der Inhalte je nach Ihren Interessen, die Abwicklung von Antr\u00e4gen und\/oder die Auswertung der Eigenschaften Ihrer Besuche erleichtern. Die Cookies k\u00f6nnen selbst zur Erkennung Ihrer pers\u00f6nlichen Identit\u00e4t nicht verwendet werden. Wenn Sie auf unsere Webseite zugreifen, erhalten unsere Server eine Information \u00fcber die Eigenschaften Ihres Browsers, nicht aber \u00fcber Sie. Wenn Sie zu einem bestimmten Zeitpunkt Cookies auf Ihrem Rechner l\u00f6schen oder deaktivieren wollen, so k\u00f6nnen Sie die Einstellungen Ihres Internetbrowsers entsprechend \u00e4ndern (Informationen dar\u00fcber, wie Sie Cookies l\u00f6schen und deaktivieren k\u00f6nnen, finden Sie in Ihrem Browser unter dem Men\u00fcpunkt \u201eHilfe\u201c). Au\u00dferdem k\u00f6nnen wir Informationen durch \u201ePixel-Tags\u201c, \u201eNetzwerksignale\u201c, \u201eleere GIFs\u201c oder \u00e4hnliche Mittel erheben (gemeinsam \u201ePixel-Tags\u201c). Sie erm\u00f6glichen uns, Informationen \u00fcber den Zeitpunkt Ihres Besuches unseres Portals und zu der Art Ihrer Nutzung unserer E-Mails oder Anzeigen zu erhalten.<\/span><\/p>\n<p><b>\u00c4nderung der Daten<\/b><\/p>\n<p><span style=\"font-weight: 400;\">Sie k\u00f6nnen uns jederzeit kontaktieren, um Auskunft \u00fcber Ihre personenbezogenen Daten zu erhalten sowie Ihre Daten zu aktualisieren, berichtigen oder l\u00f6schen. Bis zu diesem Zeitpunkt werden wir Ihre alten Daten zu den genannten Zwecken nutzen.<\/span><\/p>\n<p><b>Ihre Zustimmung<\/b><\/p>\n<p><span style=\"font-weight: 400;\">Durch das Ausf\u00fcllen der Formulare auf dieser Webseite sichern Sie zu, dass die mitgeteilten Informationen richtig sind, Sie gesch\u00e4ftsf\u00e4hig und zur Bereitstellung der gegebenen Informationen berechtigt sind und Ihre volle Zustimmung dazu \u00e4u\u00dfern, dass die Gesellschaft MISAL Ihre Daten im Einklang mit den gesetzlichen Bestimmungen und den Bedingungen unserer Politik zur Privatsph\u00e4re nutzt und erhebt.<\/span><\/p>\n<p><b>Transparenz<\/b><\/p>\n<p><span style=\"font-weight: 400;\">Sollten wir unsere Politik zur Privatsph\u00e4re \u00e4ndern, werden wir die \u00c4nderungen in diese Webseite integrieren, so dass Sie jederzeit Einsicht in diese nehmen k\u00f6nnen.<\/span><\/p>\n<p><b>Zus\u00e4tzliche Erkl\u00e4rungen<\/b><\/p>\n<p><span style=\"font-weight: 400;\">Durch die Benutzung unserer Webseite best\u00e4tigen Sie, dass Sie die Erkl\u00e4rung zur Privatsph\u00e4re gelesen haben und ihr zustimmen.<\/span><\/p>\n<p><span style=\"font-weight: 400;\">Sollten Sie weitere Fragen, Probleme oder Bemerkungen in Bezug auf unsere Politik zur Privatsph\u00e4re haben, so k\u00f6nnen Sie uns diese an die angegebene E-Mail-Adresse <\/span><a href=\"mailto:info@misal.hr\"><span style=\"font-weight: 400;\">info@misal.hr<\/span><\/a><span style=\"font-weight: 400;\"> mitteilen.<\/span>[\/vc_column_text][\/vc_column][\/vc_row]<\/p>\n<\/div>","protected":false},"excerpt":{"rendered":"<p>[vc_row][vc_column][vc_column_text]Erkl\u00e4rung zur Privatsph\u00e4re Die Gesellschaft PJENU\u0160CI PER\u0160URI\u0106 d.o.o., PER\u0160URI\u0106I 5a, 52463 Vi\u0161njan (nachfolgend \u201eGesellschaft MISAL\u201c genannt) beh\u00e4lt sich s\u00e4mtliche Urheberrechte bei der Nutzung von Photographien, Texten und dem ver\u00f6ffentlichten Material im Sinne der positiven Gesetzesvorschriften in der Republik Kroatien vor. Ohne Zustimmung der Gesellschaft MISAL d\u00fcrfen keine Photographien, Texte oder andere Inhalte ver\u00f6ffentlicht, verkauft, \u00f6ffentlich<br class=\"read-more-spacer\"> <a class=\"more-link\" href=\"https:\/\/misal.hr\/de\/zastita-osobnih-podataka\/\">Mehr lesen<\/a><\/p>\n","protected":false},"author":1,"featured_media":0,"parent":0,"menu_order":0,"comment_status":"closed","ping_status":"closed","template":"","meta":{"_acf_changed":false,"footnotes":""},"class_list":["post-519","page","type-page","status-publish"],"acf":[],"yoast_head":"<!-- This site is optimized with the Yoast SEO plugin v26.6 - https:\/\/yoast.com\/wordpress\/plugins\/seo\/ -->\n<title>Der Schutz personenbezogener Daten - MISAL<\/title>\n<meta name=\"robots\" content=\"index, follow, max-snippet:-1, max-image-preview:large, max-video-preview:-1\" \/>\n<link rel=\"canonical\" href=\"https:\/\/misal.hr\/de\/zastita-osobnih-podataka\/\" \/>\n<meta property=\"og:locale\" content=\"de_DE\" \/>\n<meta property=\"og:type\" content=\"article\" \/>\n<meta property=\"og:title\" content=\"Der Schutz personenbezogener Daten - MISAL\" \/>\n<meta property=\"og:description\" content=\"[vc_row][vc_column][vc_column_text]Erkl\u00e4rung zur Privatsph\u00e4re Die Gesellschaft PJENU\u0160CI PER\u0160URI\u0106 d.o.o., PER\u0160URI\u0106I 5a, 52463 Vi\u0161njan (nachfolgend \u201eGesellschaft MISAL\u201c genannt) beh\u00e4lt sich s\u00e4mtliche Urheberrechte bei der Nutzung von Photographien, Texten und dem ver\u00f6ffentlichten Material im Sinne der positiven Gesetzesvorschriften in der Republik Kroatien vor. Ohne Zustimmung der Gesellschaft MISAL d\u00fcrfen keine Photographien, Texte oder andere Inhalte ver\u00f6ffentlicht, verkauft, \u00f6ffentlich Mehr lesen\" \/>\n<meta property=\"og:url\" content=\"https:\/\/misal.hr\/de\/zastita-osobnih-podataka\/\" \/>\n<meta property=\"og:site_name\" content=\"MISAL\" \/>\n<meta property=\"article:publisher\" content=\"https:\/\/web.facebook.com\/misal.pjenusci\" \/>\n<meta property=\"article:modified_time\" content=\"2018-06-07T07:09:59+00:00\" \/>\n<meta property=\"og:image\" content=\"https:\/\/misal.hr\/wp-content\/uploads\/2016\/03\/misal_web-sparkle-1.jpg\" \/>\n\t<meta property=\"og:image:width\" content=\"1920\" \/>\n\t<meta property=\"og:image:height\" content=\"1272\" \/>\n\t<meta property=\"og:image:type\" content=\"image\/jpeg\" \/>\n<meta name=\"twitter:card\" content=\"summary_large_image\" \/>\n<meta name=\"twitter:label1\" content=\"Gesch\u00e4tzte Lesezeit\" \/>\n\t<meta name=\"twitter:data1\" content=\"15\u00a0Minuten\" \/>\n<script type=\"application\/ld+json\" class=\"yoast-schema-graph\">{\"@context\":\"https:\/\/schema.org\",\"@graph\":[{\"@type\":\"WebPage\",\"@id\":\"https:\/\/misal.hr\/de\/zastita-osobnih-podataka\/\",\"url\":\"https:\/\/misal.hr\/de\/zastita-osobnih-podataka\/\",\"name\":\"Der Schutz personenbezogener Daten - MISAL\",\"isPartOf\":{\"@id\":\"https:\/\/misal.hr\/de\/#website\"},\"datePublished\":\"2016-03-21T13:06:29+00:00\",\"dateModified\":\"2018-06-07T07:09:59+00:00\",\"breadcrumb\":{\"@id\":\"https:\/\/misal.hr\/de\/zastita-osobnih-podataka\/#breadcrumb\"},\"inLanguage\":\"de\",\"potentialAction\":[{\"@type\":\"ReadAction\",\"target\":[[\"https:\/\/misal.hr\/de\/zastita-osobnih-podataka\/\"]]}]},{\"@type\":\"BreadcrumbList\",\"@id\":\"https:\/\/misal.hr\/de\/zastita-osobnih-podataka\/#breadcrumb\",\"itemListElement\":[{\"@type\":\"ListItem\",\"position\":1,\"name\":\"Home\",\"item\":\"https:\/\/misal.hr\/de\/\"},{\"@type\":\"ListItem\",\"position\":2,\"name\":\"Za\u0161tita osobnih podataka\"}]},{\"@type\":\"WebSite\",\"@id\":\"https:\/\/misal.hr\/de\/#website\",\"url\":\"https:\/\/misal.hr\/de\/\",\"name\":\"MISAL\",\"description\":\"Pjenu\u0161ci Per\u0161uri\u0107\",\"publisher\":{\"@id\":\"https:\/\/misal.hr\/de\/#organization\"},\"potentialAction\":[{\"@type\":\"SearchAction\",\"target\":{\"@type\":\"EntryPoint\",\"urlTemplate\":\"https:\/\/misal.hr\/de\/?s={search_term_string}\"},\"query-input\":{\"@type\":\"PropertyValueSpecification\",\"valueRequired\":true,\"valueName\":\"search_term_string\"}}],\"inLanguage\":\"de\"},{\"@type\":\"Organization\",\"@id\":\"https:\/\/misal.hr\/de\/#organization\",\"name\":\"PJENU\u0160CI PER\u0160URI\u0106 d.o.o.\",\"alternateName\":\"MISAL\",\"url\":\"https:\/\/misal.hr\/de\/\",\"logo\":{\"@type\":\"ImageObject\",\"inLanguage\":\"de\",\"@id\":\"https:\/\/misal.hr\/de\/#\/schema\/logo\/image\/\",\"url\":\"https:\/\/misal.hr\/wp-content\/uploads\/2016\/03\/misal_pjenusci_vina_persuric.jpg\",\"contentUrl\":\"https:\/\/misal.hr\/wp-content\/uploads\/2016\/03\/misal_pjenusci_vina_persuric.jpg\",\"width\":1500,\"height\":996,\"caption\":\"PJENU\u0160CI PER\u0160URI\u0106 d.o.o.\"},\"image\":{\"@id\":\"https:\/\/misal.hr\/de\/#\/schema\/logo\/image\/\"},\"sameAs\":[\"https:\/\/web.facebook.com\/misal.pjenusci\",\"https:\/\/www.instagram.com\/sparkling_wines_misal\/\"]}]}<\/script>\n<!-- \/ Yoast SEO plugin. -->","yoast_head_json":{"title":"Der Schutz personenbezogener Daten - MISAL","robots":{"index":"index","follow":"follow","max-snippet":"max-snippet:-1","max-image-preview":"max-image-preview:large","max-video-preview":"max-video-preview:-1"},"canonical":"https:\/\/misal.hr\/de\/zastita-osobnih-podataka\/","og_locale":"de_DE","og_type":"article","og_title":"Der Schutz personenbezogener Daten - MISAL","og_description":"[vc_row][vc_column][vc_column_text]Erkl\u00e4rung zur Privatsph\u00e4re Die Gesellschaft PJENU\u0160CI PER\u0160URI\u0106 d.o.o., PER\u0160URI\u0106I 5a, 52463 Vi\u0161njan (nachfolgend \u201eGesellschaft MISAL\u201c genannt) beh\u00e4lt sich s\u00e4mtliche Urheberrechte bei der Nutzung von Photographien, Texten und dem ver\u00f6ffentlichten Material im Sinne der positiven Gesetzesvorschriften in der Republik Kroatien vor. Ohne Zustimmung der Gesellschaft MISAL d\u00fcrfen keine Photographien, Texte oder andere Inhalte ver\u00f6ffentlicht, verkauft, \u00f6ffentlich Mehr lesen","og_url":"https:\/\/misal.hr\/de\/zastita-osobnih-podataka\/","og_site_name":"MISAL","article_publisher":"https:\/\/web.facebook.com\/misal.pjenusci","article_modified_time":"2018-06-07T07:09:59+00:00","og_image":[{"width":1920,"height":1272,"url":"https:\/\/misal.hr\/wp-content\/uploads\/2016\/03\/misal_web-sparkle-1.jpg","type":"image\/jpeg"}],"twitter_card":"summary_large_image","twitter_misc":{"Gesch\u00e4tzte Lesezeit":"15\u00a0Minuten"},"schema":{"@context":"https:\/\/schema.org","@graph":[{"@type":"WebPage","@id":"https:\/\/misal.hr\/de\/zastita-osobnih-podataka\/","url":"https:\/\/misal.hr\/de\/zastita-osobnih-podataka\/","name":"Der Schutz personenbezogener Daten - MISAL","isPartOf":{"@id":"https:\/\/misal.hr\/de\/#website"},"datePublished":"2016-03-21T13:06:29+00:00","dateModified":"2018-06-07T07:09:59+00:00","breadcrumb":{"@id":"https:\/\/misal.hr\/de\/zastita-osobnih-podataka\/#breadcrumb"},"inLanguage":"de","potentialAction":[{"@type":"ReadAction","target":[["https:\/\/misal.hr\/de\/zastita-osobnih-podataka\/"]]}]},{"@type":"BreadcrumbList","@id":"https:\/\/misal.hr\/de\/zastita-osobnih-podataka\/#breadcrumb","itemListElement":[{"@type":"ListItem","position":1,"name":"Home","item":"https:\/\/misal.hr\/de\/"},{"@type":"ListItem","position":2,"name":"Za\u0161tita osobnih podataka"}]},{"@type":"WebSite","@id":"https:\/\/misal.hr\/de\/#website","url":"https:\/\/misal.hr\/de\/","name":"MISAL","description":"Pjenu\u0161ci Per\u0161uri\u0107","publisher":{"@id":"https:\/\/misal.hr\/de\/#organization"},"potentialAction":[{"@type":"SearchAction","target":{"@type":"EntryPoint","urlTemplate":"https:\/\/misal.hr\/de\/?s={search_term_string}"},"query-input":{"@type":"PropertyValueSpecification","valueRequired":true,"valueName":"search_term_string"}}],"inLanguage":"de"},{"@type":"Organization","@id":"https:\/\/misal.hr\/de\/#organization","name":"PJENU\u0160CI PER\u0160URI\u0106 d.o.o.","alternateName":"MISAL","url":"https:\/\/misal.hr\/de\/","logo":{"@type":"ImageObject","inLanguage":"de","@id":"https:\/\/misal.hr\/de\/#\/schema\/logo\/image\/","url":"https:\/\/misal.hr\/wp-content\/uploads\/2016\/03\/misal_pjenusci_vina_persuric.jpg","contentUrl":"https:\/\/misal.hr\/wp-content\/uploads\/2016\/03\/misal_pjenusci_vina_persuric.jpg","width":1500,"height":996,"caption":"PJENU\u0160CI PER\u0160URI\u0106 d.o.o."},"image":{"@id":"https:\/\/misal.hr\/de\/#\/schema\/logo\/image\/"},"sameAs":["https:\/\/web.facebook.com\/misal.pjenusci","https:\/\/www.instagram.com\/sparkling_wines_misal\/"]}]}},"_links":{"self":[{"href":"https:\/\/misal.hr\/de\/wp-json\/wp\/v2\/pages\/519","targetHints":{"allow":["GET"]}}],"collection":[{"href":"https:\/\/misal.hr\/de\/wp-json\/wp\/v2\/pages"}],"about":[{"href":"https:\/\/misal.hr\/de\/wp-json\/wp\/v2\/types\/page"}],"author":[{"embeddable":true,"href":"https:\/\/misal.hr\/de\/wp-json\/wp\/v2\/users\/1"}],"replies":[{"embeddable":true,"href":"https:\/\/misal.hr\/de\/wp-json\/wp\/v2\/comments?post=519"}],"version-history":[{"count":0,"href":"https:\/\/misal.hr\/de\/wp-json\/wp\/v2\/pages\/519\/revisions"}],"wp:attachment":[{"href":"https:\/\/misal.hr\/de\/wp-json\/wp\/v2\/media?parent=519"}],"curies":[{"name":"wp","href":"https:\/\/api.w.org\/{rel}","templated":true}]}}