{"id":1236,"date":"2017-02-25T17:51:15","date_gmt":"2017-02-25T17:51:15","guid":{"rendered":"http:\/\/misal.hr\/?page_id=1236"},"modified":"2023-04-12T10:04:07","modified_gmt":"2023-04-12T10:04:07","slug":"poklon-paketi","status":"publish","type":"page","link":"https:\/\/misal.hr\/en\/aktualno\/poklon-paketi\/","title":{"rendered":"SPECIALS"},"content":{"rendered":"<div class=\"wpb-content-wrapper\"><p>[vc_row][vc_column width=&#8221;1\/4&#8243;][vc_single_image image=&#8221;1530&#8243; img_size=&#8221;full&#8221;][\/vc_column][vc_column width=&#8221;3\/4&#8243;][vc_column_text]<\/p>\n<h3>Gift packs<\/h3>\n<p>If you are looking for gifts for business partners, family or special events, we have prepared gift packs with wooden boxes for a single bottle. Our offer includes personalized multi-bottle packs, as well as our own glasses, coolers and stopper corks.<\/p>\n<p>&nbsp;<\/p>\n<h3><\/h3>\n<p>[\/vc_column_text][\/vc_column][\/vc_row][vc_row][vc_column][vc_column_text]<\/p>\n<h3>Personalized editions<\/h3>\n<p>We take great pride in personalized editions intended for our business partners.[\/vc_column_text][vc_gallery type=&#8221;image_grid&#8221; images=&#8221;2757,2758&#8243; img_size=&#8221;500&#215;367&#8243;][vc_row_inner equal_height=&#8221;yes&#8221; content_placement=&#8221;middle&#8221; css=&#8221;.vc_custom_1621594251133{border-top-width: 3px !important;border-right-width: 3px !important;border-bottom-width: 3px !important;border-left-width: 3px !important;padding-top: 30px !important;padding-right: 30px !important;padding-bottom: 30px !important;padding-left: 30px !important;border-left-color: #b0976d !important;border-left-style: solid !important;border-right-color: #b0976d !important;border-right-style: solid !important;border-top-color: #b0976d !important;border-top-style: solid !important;border-bottom-color: #b0976d !important;border-bottom-style: solid !important;border-radius: 5px !important;}&#8221;][vc_column_inner width=&#8221;1\/5&#8243;][vc_single_image image=&#8221;6466&#8243; img_size=&#8221;&#8221;][\/vc_column_inner][vc_column_inner width=&#8221;1\/5&#8243;][vc_single_image image=&#8221;6467&#8243; img_size=&#8221;&#8221;][\/vc_column_inner][vc_column_inner width=&#8221;1\/5&#8243;][vc_single_image image=&#8221;6468&#8243; img_size=&#8221;&#8221;][\/vc_column_inner][vc_column_inner width=&#8221;1\/5&#8243;][vc_single_image image=&#8221;6469&#8243; img_size=&#8221;&#8221;][\/vc_column_inner][vc_column_inner width=&#8221;1\/5&#8243;][vc_column_text]<\/p>\n<h3 style=\"text-align: center;\">Find more information at <a href=\"https:\/\/istriana.wine\/\">istriana.wine<\/a><\/h3>\n<p>[\/vc_column_text][\/vc_column_inner][\/vc_row_inner][\/vc_column][\/vc_row][vc_row content_placement=&#8221;middle&#8221;][vc_column width=&#8221;1\/4&#8243;][vc_column_text]<\/p>\n<h3>Limited editions<\/h3>\n<p>[\/vc_column_text][vc_single_image image=&#8221;1538&#8243; img_size=&#8221;full&#8221;][\/vc_column][vc_column width=&#8221;3\/4&#8243;][vc_column_text]<strong>Istrian Malvasia 2006.<br \/>\n<\/strong>Archive wine resting in bottle for already 8 years. Long maceration and oak aging are to thank for its golden colour and opulent and enticing aroma interlacing acacia honey and vanilla notes. Warm and round. Bottle size: 0,75 l<\/p>\n<p><em>Available in winery.<\/em>[\/vc_column_text][\/vc_column][\/vc_row][vc_row][vc_column width=&#8221;1\/4&#8243;][vc_single_image image=&#8221;1540&#8243; img_size=&#8221;full&#8221;][\/vc_column][vc_column width=&#8221;3\/4&#8243;][vc_column_text]<strong>Muscat Per\u0161uri\u0107<br \/>\n<\/strong>Dessert wine produced by quick-drying White Muscat and\/or Yellow Muscat berries in limited editions. Pleasant aroma interlacing notes of dried fruit, honey, bitter almond and muscat. Viscous and intense on the palate, the colour is ancient gold. Bottle size: 0,50 l, 1,50 l<\/p>\n<p><em>Available in winery.<\/em>[\/vc_column_text][\/vc_column][\/vc_row][vc_row full_width=&#8221;stretch_row&#8221; equal_height=&#8221;yes&#8221; content_placement=&#8221;middle&#8221; css=&#8221;.vc_custom_1503922099448{padding-top: 150px !important;padding-bottom: 150px !important;background: #121212 url(http:\/\/misal.hr\/wp-content\/uploads\/2016\/03\/misal_spark_01.jpg?id=1683) !important;background-position: center !important;background-repeat: no-repeat !important;background-size: cover !important;}&#8221;][vc_column][vc_column_text]<\/p>\n<div class=\"heading\">\n<p class=\"h_subtitle\" style=\"text-align: center;\">PJENU\u0160CI PER\u0160URI\u0106<\/p>\n<h2 class=\"h_title\" style=\"text-align: center;\">Because our sparkling wines are so cool<\/h2>\n<\/div>\n<p>[\/vc_column_text][\/vc_column][\/vc_row]<\/p>\n<\/div>","protected":false},"excerpt":{"rendered":"<p>[vc_row][vc_column width=&#8221;1\/4&#8243;][vc_single_image image=&#8221;1530&#8243; img_size=&#8221;full&#8221;][\/vc_column][vc_column width=&#8221;3\/4&#8243;][vc_column_text] Gift packs If you are looking for gifts for business partners, family or special events, we have prepared gift packs with wooden boxes for a single bottle. Our offer includes personalized multi-bottle packs, as well as our own glasses, coolers and stopper corks. &nbsp; [\/vc_column_text][\/vc_column][\/vc_row][vc_row][vc_column][vc_column_text] Personalized editions We take great<br class=\"read-more-spacer\"> <a class=\"more-link\" href=\"https:\/\/misal.hr\/en\/aktualno\/poklon-paketi\/\">Read More<\/a><\/p>\n","protected":false},"author":1,"featured_media":0,"parent":1233,"menu_order":0,"comment_status":"closed","ping_status":"closed","template":"","meta":{"_acf_changed":false,"footnotes":""},"class_list":["post-1236","page","type-page","status-publish"],"acf":[],"yoast_head":"<!-- This site is optimized with the Yoast SEO plugin v26.6 - https:\/\/yoast.com\/wordpress\/plugins\/seo\/ -->\n<title>GIFT PACKS | PERSONALIZED EDITIONS | LIMITED EDITIONS | MISAL<\/title>\n<meta name=\"description\" content=\"If you are looking for gifts for business partners, family or special events, we have prepared gift packs with wooden boxes for a single bottle.\" \/>\n<meta name=\"robots\" content=\"index, follow, max-snippet:-1, max-image-preview:large, max-video-preview:-1\" \/>\n<link rel=\"canonical\" href=\"https:\/\/misal.hr\/en\/aktualno\/poklon-paketi\/\" \/>\n<meta property=\"og:locale\" content=\"en_US\" \/>\n<meta property=\"og:type\" content=\"article\" \/>\n<meta property=\"og:title\" content=\"GIFT PACKS | PERSONALIZED EDITIONS | LIMITED EDITIONS | MISAL\" \/>\n<meta property=\"og:description\" content=\"If you are looking for gifts for business partners, family or special events, we have prepared gift packs with wooden boxes for a single bottle.\" \/>\n<meta property=\"og:url\" content=\"https:\/\/misal.hr\/en\/aktualno\/poklon-paketi\/\" \/>\n<meta property=\"og:site_name\" content=\"MISAL\" \/>\n<meta property=\"article:publisher\" content=\"https:\/\/web.facebook.com\/misal.pjenusci\" \/>\n<meta property=\"article:modified_time\" content=\"2023-04-12T10:04:07+00:00\" \/>\n<meta property=\"og:image\" content=\"https:\/\/misal.hr\/wp-content\/uploads\/2016\/03\/misal_web-sparkle-1.jpg\" \/>\n\t<meta property=\"og:image:width\" content=\"1920\" \/>\n\t<meta property=\"og:image:height\" content=\"1272\" \/>\n\t<meta property=\"og:image:type\" content=\"image\/jpeg\" \/>\n<meta name=\"twitter:card\" content=\"summary_large_image\" \/>\n<meta name=\"twitter:label1\" content=\"Est. reading time\" \/>\n\t<meta name=\"twitter:data1\" content=\"2 minutes\" \/>\n<script type=\"application\/ld+json\" class=\"yoast-schema-graph\">{\"@context\":\"https:\/\/schema.org\",\"@graph\":[{\"@type\":\"WebPage\",\"@id\":\"https:\/\/misal.hr\/en\/aktualno\/poklon-paketi\/\",\"url\":\"https:\/\/misal.hr\/en\/aktualno\/poklon-paketi\/\",\"name\":\"GIFT PACKS | PERSONALIZED EDITIONS | LIMITED EDITIONS | MISAL\",\"isPartOf\":{\"@id\":\"https:\/\/misal.hr\/en\/#website\"},\"datePublished\":\"2017-02-25T17:51:15+00:00\",\"dateModified\":\"2023-04-12T10:04:07+00:00\",\"description\":\"If you are looking for gifts for business partners, family or special events, we have prepared gift packs with wooden boxes for a single bottle.\",\"breadcrumb\":{\"@id\":\"https:\/\/misal.hr\/en\/aktualno\/poklon-paketi\/#breadcrumb\"},\"inLanguage\":\"en-US\",\"potentialAction\":[{\"@type\":\"ReadAction\",\"target\":[[\"https:\/\/misal.hr\/en\/aktualno\/poklon-paketi\/\"]]}]},{\"@type\":\"BreadcrumbList\",\"@id\":\"https:\/\/misal.hr\/en\/aktualno\/poklon-paketi\/#breadcrumb\",\"itemListElement\":[{\"@type\":\"ListItem\",\"position\":1,\"name\":\"Home\",\"item\":\"https:\/\/misal.hr\/en\/\"},{\"@type\":\"ListItem\",\"position\":2,\"name\":\"AKTUALNO\",\"item\":\"https:\/\/misal.hr\/en\/aktualno\/\"},{\"@type\":\"ListItem\",\"position\":3,\"name\":\"SPECIJAL\"}]},{\"@type\":\"WebSite\",\"@id\":\"https:\/\/misal.hr\/en\/#website\",\"url\":\"https:\/\/misal.hr\/en\/\",\"name\":\"MISAL\",\"description\":\"Pjenu\u0161ci Per\u0161uri\u0107\",\"publisher\":{\"@id\":\"https:\/\/misal.hr\/en\/#organization\"},\"potentialAction\":[{\"@type\":\"SearchAction\",\"target\":{\"@type\":\"EntryPoint\",\"urlTemplate\":\"https:\/\/misal.hr\/en\/?s={search_term_string}\"},\"query-input\":{\"@type\":\"PropertyValueSpecification\",\"valueRequired\":true,\"valueName\":\"search_term_string\"}}],\"inLanguage\":\"en-US\"},{\"@type\":\"Organization\",\"@id\":\"https:\/\/misal.hr\/en\/#organization\",\"name\":\"PJENU\u0160CI PER\u0160URI\u0106 d.o.o.\",\"alternateName\":\"MISAL\",\"url\":\"https:\/\/misal.hr\/en\/\",\"logo\":{\"@type\":\"ImageObject\",\"inLanguage\":\"en-US\",\"@id\":\"https:\/\/misal.hr\/en\/#\/schema\/logo\/image\/\",\"url\":\"https:\/\/misal.hr\/wp-content\/uploads\/2016\/03\/misal_pjenusci_vina_persuric.jpg\",\"contentUrl\":\"https:\/\/misal.hr\/wp-content\/uploads\/2016\/03\/misal_pjenusci_vina_persuric.jpg\",\"width\":1500,\"height\":996,\"caption\":\"PJENU\u0160CI PER\u0160URI\u0106 d.o.o.\"},\"image\":{\"@id\":\"https:\/\/misal.hr\/en\/#\/schema\/logo\/image\/\"},\"sameAs\":[\"https:\/\/web.facebook.com\/misal.pjenusci\",\"https:\/\/www.instagram.com\/sparkling_wines_misal\/\"]}]}<\/script>\n<!-- \/ Yoast SEO plugin. -->","yoast_head_json":{"title":"GIFT PACKS | PERSONALIZED EDITIONS | LIMITED EDITIONS | MISAL","description":"If you are looking for gifts for business partners, family or special events, we have prepared gift packs with wooden boxes for a single bottle.","robots":{"index":"index","follow":"follow","max-snippet":"max-snippet:-1","max-image-preview":"max-image-preview:large","max-video-preview":"max-video-preview:-1"},"canonical":"https:\/\/misal.hr\/en\/aktualno\/poklon-paketi\/","og_locale":"en_US","og_type":"article","og_title":"GIFT PACKS | PERSONALIZED EDITIONS | LIMITED EDITIONS | MISAL","og_description":"If you are looking for gifts for business partners, family or special events, we have prepared gift packs with wooden boxes for a single bottle.","og_url":"https:\/\/misal.hr\/en\/aktualno\/poklon-paketi\/","og_site_name":"MISAL","article_publisher":"https:\/\/web.facebook.com\/misal.pjenusci","article_modified_time":"2023-04-12T10:04:07+00:00","og_image":[{"width":1920,"height":1272,"url":"https:\/\/misal.hr\/wp-content\/uploads\/2016\/03\/misal_web-sparkle-1.jpg","type":"image\/jpeg"}],"twitter_card":"summary_large_image","twitter_misc":{"Est. reading time":"2 minutes"},"schema":{"@context":"https:\/\/schema.org","@graph":[{"@type":"WebPage","@id":"https:\/\/misal.hr\/en\/aktualno\/poklon-paketi\/","url":"https:\/\/misal.hr\/en\/aktualno\/poklon-paketi\/","name":"GIFT PACKS | PERSONALIZED EDITIONS | LIMITED EDITIONS | MISAL","isPartOf":{"@id":"https:\/\/misal.hr\/en\/#website"},"datePublished":"2017-02-25T17:51:15+00:00","dateModified":"2023-04-12T10:04:07+00:00","description":"If you are looking for gifts for business partners, family or special events, we have prepared gift packs with wooden boxes for a single bottle.","breadcrumb":{"@id":"https:\/\/misal.hr\/en\/aktualno\/poklon-paketi\/#breadcrumb"},"inLanguage":"en-US","potentialAction":[{"@type":"ReadAction","target":[["https:\/\/misal.hr\/en\/aktualno\/poklon-paketi\/"]]}]},{"@type":"BreadcrumbList","@id":"https:\/\/misal.hr\/en\/aktualno\/poklon-paketi\/#breadcrumb","itemListElement":[{"@type":"ListItem","position":1,"name":"Home","item":"https:\/\/misal.hr\/en\/"},{"@type":"ListItem","position":2,"name":"AKTUALNO","item":"https:\/\/misal.hr\/en\/aktualno\/"},{"@type":"ListItem","position":3,"name":"SPECIJAL"}]},{"@type":"WebSite","@id":"https:\/\/misal.hr\/en\/#website","url":"https:\/\/misal.hr\/en\/","name":"MISAL","description":"Pjenu\u0161ci Per\u0161uri\u0107","publisher":{"@id":"https:\/\/misal.hr\/en\/#organization"},"potentialAction":[{"@type":"SearchAction","target":{"@type":"EntryPoint","urlTemplate":"https:\/\/misal.hr\/en\/?s={search_term_string}"},"query-input":{"@type":"PropertyValueSpecification","valueRequired":true,"valueName":"search_term_string"}}],"inLanguage":"en-US"},{"@type":"Organization","@id":"https:\/\/misal.hr\/en\/#organization","name":"PJENU\u0160CI PER\u0160URI\u0106 d.o.o.","alternateName":"MISAL","url":"https:\/\/misal.hr\/en\/","logo":{"@type":"ImageObject","inLanguage":"en-US","@id":"https:\/\/misal.hr\/en\/#\/schema\/logo\/image\/","url":"https:\/\/misal.hr\/wp-content\/uploads\/2016\/03\/misal_pjenusci_vina_persuric.jpg","contentUrl":"https:\/\/misal.hr\/wp-content\/uploads\/2016\/03\/misal_pjenusci_vina_persuric.jpg","width":1500,"height":996,"caption":"PJENU\u0160CI PER\u0160URI\u0106 d.o.o."},"image":{"@id":"https:\/\/misal.hr\/en\/#\/schema\/logo\/image\/"},"sameAs":["https:\/\/web.facebook.com\/misal.pjenusci","https:\/\/www.instagram.com\/sparkling_wines_misal\/"]}]}},"_links":{"self":[{"href":"https:\/\/misal.hr\/en\/wp-json\/wp\/v2\/pages\/1236","targetHints":{"allow":["GET"]}}],"collection":[{"href":"https:\/\/misal.hr\/en\/wp-json\/wp\/v2\/pages"}],"about":[{"href":"https:\/\/misal.hr\/en\/wp-json\/wp\/v2\/types\/page"}],"author":[{"embeddable":true,"href":"https:\/\/misal.hr\/en\/wp-json\/wp\/v2\/users\/1"}],"replies":[{"embeddable":true,"href":"https:\/\/misal.hr\/en\/wp-json\/wp\/v2\/comments?post=1236"}],"version-history":[{"count":0,"href":"https:\/\/misal.hr\/en\/wp-json\/wp\/v2\/pages\/1236\/revisions"}],"up":[{"embeddable":true,"href":"https:\/\/misal.hr\/en\/wp-json\/wp\/v2\/pages\/1233"}],"wp:attachment":[{"href":"https:\/\/misal.hr\/en\/wp-json\/wp\/v2\/media?parent=1236"}],"curies":[{"name":"wp","href":"https:\/\/api.w.org\/{rel}","templated":true}]}}