{"id":2006,"date":"2017-11-09T08:40:54","date_gmt":"2017-11-09T08:40:54","guid":{"rendered":"http:\/\/misal.hr\/?page_id=2006"},"modified":"2017-11-20T12:17:55","modified_gmt":"2017-11-20T12:17:55","slug":"opci-uvjeti-poslovanja","status":"publish","type":"page","link":"https:\/\/misal.hr\/en\/opci-uvjeti-poslovanja\/","title":{"rendered":"General Business Terms"},"content":{"rendered":"<p><strong>Overview<\/strong><br \/>\nPjenu\u0161ci Per\u0161uri\u0107 d.o.o. operate in accordance with legal regulations that do not allow the sale of alcoholic beverages to people under the age of 18. The offered assortment is sold to physical and legal persons. Our offer is free and non-binding.<\/p>\n<p><strong>Transport damage<\/strong><br \/>\nAll goods are delivered in original carton packaging that reduces the risk of damage. You are not required to take over the goods if a damage occurs during transport (a bottle break or similar). In this case please immediately report the damage to the courier, who is obliged to issue a certificate of damage of the shipment, and let us know about it.<\/p>\n<p><strong>Returns and warranty<\/strong><br \/>\nIn the case of return of goods the buyer is obliged to submit a justified complaint within the prescribed time by e-mail: info@misal.hr or at the address: Pjenu\u0161ci Per\u0161uri\u0107 d.o.o., Pr\u0161uri\u0107i 5a, 52 463 Vi\u0161njan.<\/p>\n<p>The buyer has the right to claim in the following cases:<\/p>\n<ul>\n<li>delivery of goods that aren&#8217;t ordered (no later than 7 days from the date of purchase)<\/li>\n<li>delivery of goods that are not of satisfactory quality (no later than 60 days from the date of purchase)<\/li>\n<li>delivery of goods that have a defect or damage that did not occur in transport (no later than 7 days from the date of purchase)<\/li>\n<\/ul>\n<p>The seller is obliged to replace the product within 30 days from the date of receipt of the written complaint to the Buyer or to return the money.<\/p>\n<p><strong>Privacy and security<\/strong><br \/>\nPjenu\u0161ci Per\u0161uri\u0107 d.o.o. will collect and keep only those customer information that is required for a successful completion of the order and delivery. It undertakes to protect the privacy of all the customers and the data collected, and it will not be disclosed to the third parties under any conditions. The Seller agrees to comply with the Customer Protection Policy.<\/p>","protected":false},"excerpt":{"rendered":"<p>Overview Pjenu\u0161ci Per\u0161uri\u0107 d.o.o. operate in accordance with legal regulations that do not allow the sale of alcoholic beverages to people under the age of 18. The offered assortment is sold to physical and legal persons. Our offer is free and non-binding. Transport damage All goods are delivered in original carton packaging that reduces the<br class=\"read-more-spacer\"> <a class=\"more-link\" href=\"https:\/\/misal.hr\/en\/opci-uvjeti-poslovanja\/\">Read More<\/a><\/p>\n","protected":false},"author":1,"featured_media":0,"parent":0,"menu_order":0,"comment_status":"closed","ping_status":"closed","template":"","meta":{"_acf_changed":false,"footnotes":""},"class_list":["post-2006","page","type-page","status-publish"],"acf":[],"yoast_head":"<!-- This site is optimized with the Yoast SEO plugin v26.6 - https:\/\/yoast.com\/wordpress\/plugins\/seo\/ -->\n<title>General Business Terms - MISAL<\/title>\n<meta name=\"robots\" content=\"index, follow, max-snippet:-1, max-image-preview:large, max-video-preview:-1\" \/>\n<link rel=\"canonical\" href=\"https:\/\/misal.hr\/en\/opci-uvjeti-poslovanja\/\" \/>\n<meta property=\"og:locale\" content=\"en_US\" \/>\n<meta property=\"og:type\" content=\"article\" \/>\n<meta property=\"og:title\" content=\"General Business Terms - MISAL\" \/>\n<meta property=\"og:description\" content=\"Overview Pjenu\u0161ci Per\u0161uri\u0107 d.o.o. operate in accordance with legal regulations that do not allow the sale of alcoholic beverages to people under the age of 18. The offered assortment is sold to physical and legal persons. Our offer is free and non-binding. Transport damage All goods are delivered in original carton packaging that reduces the Read More\" \/>\n<meta property=\"og:url\" content=\"https:\/\/misal.hr\/en\/opci-uvjeti-poslovanja\/\" \/>\n<meta property=\"og:site_name\" content=\"MISAL\" \/>\n<meta property=\"article:publisher\" content=\"https:\/\/web.facebook.com\/misal.pjenusci\" \/>\n<meta property=\"article:modified_time\" content=\"2017-11-20T12:17:55+00:00\" \/>\n<meta property=\"og:image\" content=\"https:\/\/misal.hr\/wp-content\/uploads\/2016\/03\/misal_web-sparkle-1.jpg\" \/>\n\t<meta property=\"og:image:width\" content=\"1920\" \/>\n\t<meta property=\"og:image:height\" content=\"1272\" \/>\n\t<meta property=\"og:image:type\" content=\"image\/jpeg\" \/>\n<meta name=\"twitter:card\" content=\"summary_large_image\" \/>\n<meta name=\"twitter:label1\" content=\"Est. reading time\" \/>\n\t<meta name=\"twitter:data1\" content=\"6 minutes\" \/>\n<script type=\"application\/ld+json\" class=\"yoast-schema-graph\">{\"@context\":\"https:\/\/schema.org\",\"@graph\":[{\"@type\":\"WebPage\",\"@id\":\"https:\/\/misal.hr\/en\/opci-uvjeti-poslovanja\/\",\"url\":\"https:\/\/misal.hr\/en\/opci-uvjeti-poslovanja\/\",\"name\":\"General Business Terms - MISAL\",\"isPartOf\":{\"@id\":\"https:\/\/misal.hr\/en\/#website\"},\"datePublished\":\"2017-11-09T08:40:54+00:00\",\"dateModified\":\"2017-11-20T12:17:55+00:00\",\"breadcrumb\":{\"@id\":\"https:\/\/misal.hr\/en\/opci-uvjeti-poslovanja\/#breadcrumb\"},\"inLanguage\":\"en-US\",\"potentialAction\":[{\"@type\":\"ReadAction\",\"target\":[[\"https:\/\/misal.hr\/en\/opci-uvjeti-poslovanja\/\"]]}]},{\"@type\":\"BreadcrumbList\",\"@id\":\"https:\/\/misal.hr\/en\/opci-uvjeti-poslovanja\/#breadcrumb\",\"itemListElement\":[{\"@type\":\"ListItem\",\"position\":1,\"name\":\"Home\",\"item\":\"https:\/\/misal.hr\/en\/\"},{\"@type\":\"ListItem\",\"position\":2,\"name\":\"Op\u0107i uvjeti poslovanja\"}]},{\"@type\":\"WebSite\",\"@id\":\"https:\/\/misal.hr\/en\/#website\",\"url\":\"https:\/\/misal.hr\/en\/\",\"name\":\"MISAL\",\"description\":\"Pjenu\u0161ci Per\u0161uri\u0107\",\"publisher\":{\"@id\":\"https:\/\/misal.hr\/en\/#organization\"},\"potentialAction\":[{\"@type\":\"SearchAction\",\"target\":{\"@type\":\"EntryPoint\",\"urlTemplate\":\"https:\/\/misal.hr\/en\/?s={search_term_string}\"},\"query-input\":{\"@type\":\"PropertyValueSpecification\",\"valueRequired\":true,\"valueName\":\"search_term_string\"}}],\"inLanguage\":\"en-US\"},{\"@type\":\"Organization\",\"@id\":\"https:\/\/misal.hr\/en\/#organization\",\"name\":\"PJENU\u0160CI PER\u0160URI\u0106 d.o.o.\",\"alternateName\":\"MISAL\",\"url\":\"https:\/\/misal.hr\/en\/\",\"logo\":{\"@type\":\"ImageObject\",\"inLanguage\":\"en-US\",\"@id\":\"https:\/\/misal.hr\/en\/#\/schema\/logo\/image\/\",\"url\":\"https:\/\/misal.hr\/wp-content\/uploads\/2016\/03\/misal_pjenusci_vina_persuric.jpg\",\"contentUrl\":\"https:\/\/misal.hr\/wp-content\/uploads\/2016\/03\/misal_pjenusci_vina_persuric.jpg\",\"width\":1500,\"height\":996,\"caption\":\"PJENU\u0160CI PER\u0160URI\u0106 d.o.o.\"},\"image\":{\"@id\":\"https:\/\/misal.hr\/en\/#\/schema\/logo\/image\/\"},\"sameAs\":[\"https:\/\/web.facebook.com\/misal.pjenusci\",\"https:\/\/www.instagram.com\/sparkling_wines_misal\/\"]}]}<\/script>\n<!-- \/ Yoast SEO plugin. -->","yoast_head_json":{"title":"General Business Terms - MISAL","robots":{"index":"index","follow":"follow","max-snippet":"max-snippet:-1","max-image-preview":"max-image-preview:large","max-video-preview":"max-video-preview:-1"},"canonical":"https:\/\/misal.hr\/en\/opci-uvjeti-poslovanja\/","og_locale":"en_US","og_type":"article","og_title":"General Business Terms - MISAL","og_description":"Overview Pjenu\u0161ci Per\u0161uri\u0107 d.o.o. operate in accordance with legal regulations that do not allow the sale of alcoholic beverages to people under the age of 18. The offered assortment is sold to physical and legal persons. Our offer is free and non-binding. Transport damage All goods are delivered in original carton packaging that reduces the Read More","og_url":"https:\/\/misal.hr\/en\/opci-uvjeti-poslovanja\/","og_site_name":"MISAL","article_publisher":"https:\/\/web.facebook.com\/misal.pjenusci","article_modified_time":"2017-11-20T12:17:55+00:00","og_image":[{"width":1920,"height":1272,"url":"https:\/\/misal.hr\/wp-content\/uploads\/2016\/03\/misal_web-sparkle-1.jpg","type":"image\/jpeg"}],"twitter_card":"summary_large_image","twitter_misc":{"Est. reading time":"6 minutes"},"schema":{"@context":"https:\/\/schema.org","@graph":[{"@type":"WebPage","@id":"https:\/\/misal.hr\/en\/opci-uvjeti-poslovanja\/","url":"https:\/\/misal.hr\/en\/opci-uvjeti-poslovanja\/","name":"General Business Terms - MISAL","isPartOf":{"@id":"https:\/\/misal.hr\/en\/#website"},"datePublished":"2017-11-09T08:40:54+00:00","dateModified":"2017-11-20T12:17:55+00:00","breadcrumb":{"@id":"https:\/\/misal.hr\/en\/opci-uvjeti-poslovanja\/#breadcrumb"},"inLanguage":"en-US","potentialAction":[{"@type":"ReadAction","target":[["https:\/\/misal.hr\/en\/opci-uvjeti-poslovanja\/"]]}]},{"@type":"BreadcrumbList","@id":"https:\/\/misal.hr\/en\/opci-uvjeti-poslovanja\/#breadcrumb","itemListElement":[{"@type":"ListItem","position":1,"name":"Home","item":"https:\/\/misal.hr\/en\/"},{"@type":"ListItem","position":2,"name":"Op\u0107i uvjeti poslovanja"}]},{"@type":"WebSite","@id":"https:\/\/misal.hr\/en\/#website","url":"https:\/\/misal.hr\/en\/","name":"MISAL","description":"Pjenu\u0161ci Per\u0161uri\u0107","publisher":{"@id":"https:\/\/misal.hr\/en\/#organization"},"potentialAction":[{"@type":"SearchAction","target":{"@type":"EntryPoint","urlTemplate":"https:\/\/misal.hr\/en\/?s={search_term_string}"},"query-input":{"@type":"PropertyValueSpecification","valueRequired":true,"valueName":"search_term_string"}}],"inLanguage":"en-US"},{"@type":"Organization","@id":"https:\/\/misal.hr\/en\/#organization","name":"PJENU\u0160CI PER\u0160URI\u0106 d.o.o.","alternateName":"MISAL","url":"https:\/\/misal.hr\/en\/","logo":{"@type":"ImageObject","inLanguage":"en-US","@id":"https:\/\/misal.hr\/en\/#\/schema\/logo\/image\/","url":"https:\/\/misal.hr\/wp-content\/uploads\/2016\/03\/misal_pjenusci_vina_persuric.jpg","contentUrl":"https:\/\/misal.hr\/wp-content\/uploads\/2016\/03\/misal_pjenusci_vina_persuric.jpg","width":1500,"height":996,"caption":"PJENU\u0160CI PER\u0160URI\u0106 d.o.o."},"image":{"@id":"https:\/\/misal.hr\/en\/#\/schema\/logo\/image\/"},"sameAs":["https:\/\/web.facebook.com\/misal.pjenusci","https:\/\/www.instagram.com\/sparkling_wines_misal\/"]}]}},"_links":{"self":[{"href":"https:\/\/misal.hr\/en\/wp-json\/wp\/v2\/pages\/2006","targetHints":{"allow":["GET"]}}],"collection":[{"href":"https:\/\/misal.hr\/en\/wp-json\/wp\/v2\/pages"}],"about":[{"href":"https:\/\/misal.hr\/en\/wp-json\/wp\/v2\/types\/page"}],"author":[{"embeddable":true,"href":"https:\/\/misal.hr\/en\/wp-json\/wp\/v2\/users\/1"}],"replies":[{"embeddable":true,"href":"https:\/\/misal.hr\/en\/wp-json\/wp\/v2\/comments?post=2006"}],"version-history":[{"count":0,"href":"https:\/\/misal.hr\/en\/wp-json\/wp\/v2\/pages\/2006\/revisions"}],"wp:attachment":[{"href":"https:\/\/misal.hr\/en\/wp-json\/wp\/v2\/media?parent=2006"}],"curies":[{"name":"wp","href":"https:\/\/api.w.org\/{rel}","templated":true}]}}