{"id":341,"date":"2016-03-15T14:31:38","date_gmt":"2016-03-15T14:31:38","guid":{"rendered":"http:\/\/okthemes.com\/villenoirdemo\/?page_id=341"},"modified":"2024-08-31T11:29:01","modified_gmt":"2024-08-31T11:29:01","slug":"o-nama-vina","status":"publish","type":"page","link":"https:\/\/misal.hr\/en\/o-nama-vina\/","title":{"rendered":"OUR STORY"},"content":{"rendered":"<div class=\"wpb-content-wrapper\"><p>[vc_row full_width=&#8221;stretch_row&#8221; full_height=&#8221;yes&#8221; columns_placement=&#8221;top&#8221; equal_height=&#8221;yes&#8221; content_placement=&#8221;top&#8221; css_animation=&#8221;&#8221; css=&#8221;.vc_custom_1503575320385{background-color: #ededed !important;}&#8221;][vc_column width=&#8221;1\/2&#8243; css_animation=&#8221;&#8221;][vc_single_image image=&#8221;1894&#8243; img_size=&#8221;full&#8221; alignment=&#8221;center&#8221; css_animation=&#8221;&#8221;][vc_column_text css_animation=&#8221;&#8221;]<\/p>\n<p style=\"text-align: center;\">MISAL sparkling wines are our strenght and pride, the essence that binds our past, present and future. In MISAL sparkling wines we have been given a legacy to nourish, love and evolve with. MISAL is the best we have to offer to the world.<\/p>\n<p>[\/vc_column_text][vc_single_image image=&#8221;1896&#8243; img_size=&#8221;full&#8221; alignment=&#8221;center&#8221; css_animation=&#8221;&#8221;][\/vc_column][vc_column width=&#8221;1\/2&#8243; css_animation=&#8221;&#8221;][vc_single_image image=&#8221;1518&#8243; img_size=&#8221;full&#8221; alignment=&#8221;center&#8221; css_animation=&#8221;&#8221;][vc_column_text css_animation=&#8221;&#8221;]<\/p>\n<p style=\"text-align: center;\">Misal bubbles are filled with the energy of Istrian stone, the beauty of terra rossa, the warmth of the Mediterranean Sun and the kindness of Per\u0161uri\u0107 family, who has been growing with the vines for the past five centuries.<\/p>\n<p>[\/vc_column_text][vc_single_image image=&#8221;1395&#8243; img_size=&#8221;full&#8221; alignment=&#8221;center&#8221; css_animation=&#8221;&#8221;][\/vc_column][\/vc_row][vc_row full_width=&#8221;stretch_row&#8221; css_animation=&#8221;&#8221; css=&#8221;.vc_custom_1681294986238{padding-top: 120px !important;padding-bottom: 400px !important;background-image: url(http:\/\/misal.hr\/wp-content\/uploads\/2023\/04\/misal_vinograd.jpg?id=6480) !important;background-position: center !important;background-repeat: no-repeat !important;background-size: cover !important;}&#8221; el_class=&#8221;gg-force-background-bottom&#8221;][vc_column width=&#8221;1\/2&#8243; css_animation=&#8221;&#8221; el_class=&#8221;nasa_prica&#8221;][vc_column_text css_animation=&#8221;&#8221;]<\/p>\n<h2>How we started<\/h2>\n<p>The first MISAL sparkling wine bottles ever produced were a result of a research led by dr. sc. \u0110ordan Per\u0161uri\u0107 in the early 1990s.<\/p>\n<p>In his desire to present the abundance of autochthonous cultivar and climate he embarked on a path of creating a distinguished brand that MISAL is today.<\/p>\n<p>MISAL sparkling wines are a product of immense love, genuine passion and ardurous work.[\/vc_column_text][\/vc_column][vc_column width=&#8221;1\/2&#8243; css_animation=&#8221;&#8221; el_class=&#8221;nasa_prica&#8221;]\n\t<div class=\"title-subtitle-box \" style=\" padding: 90px 0 0 0px; text-align: center;\">\n\t\t<p  style=\"\">PJENU\u0160CI PER\u0160URI\u0106<\/p>\n\t\t<h1 style=\" color:#e8cfa4;  font-style: normal;\">''We wish to produce sparkling wines that will enrich your taste&amp;soul''<\/h1>\n\t<\/div> [\/vc_column][\/vc_row][vc_row full_width=&#8221;stretch_row&#8221; css_animation=&#8221;&#8221; css=&#8221;.vc_custom_1493894590475{background-image: url(http:\/\/misal.hr\/wp-content\/uploads\/2016\/03\/persuric-misal.jpg?id=1519) !important;background-position: center !important;background-repeat: no-repeat !important;background-size: cover !important;}&#8221; el_class=&#8221;gg-force-background-bottom-no-cover&#8221;][vc_column width=&#8221;1\/3&#8243; css_animation=&#8221;&#8221;][\/vc_column][vc_column width=&#8221;1\/3&#8243; css_animation=&#8221;&#8221; css=&#8221;.vc_custom_1506687529874{padding-right: 5% !important;padding-left: 5% !important;}&#8221; el_class=&#8221;sivo&#8221;]\n\t<div class=\"title-subtitle-box \" style=\" text-align: left;\">\n\t\t<p  style=\"\">OUR HISTORY<\/p>\n\t<\/div> [vc_column_text css_animation=&#8221;&#8221;]<span style=\"color: #ffffff;\">The Per\u0161uri\u0107 family has been in the wine-making business for over five centuries. The MISAL sparkling wines production originator, dr.sc. \u0110ordano Per\u0161uri\u0107, returned to his hometown of Pr\u0161uri\u0107i after finishing college and, alongside his father, started producing very successful still wines. In the late 1980s he started working on his first sparkling wine as part of a research, which eventually lead to the first hundred bottles in the early 1990s.<\/span>[\/vc_column_text][vc_btn title=&#8221;READ MORE&#8221; shape=&#8221;square&#8221; color=&#8221;white&#8221; size=&#8221;xs&#8221; align=&#8221;left&#8221; css_animation=&#8221;&#8221; link=&#8221;url:http%3A%2F%2Fmisal.hr%2Fo-nama%2Fnasa-povijest%2F|||&#8221;][\/vc_column][vc_column width=&#8221;1\/3&#8243; css_animation=&#8221;&#8221; css=&#8221;.vc_custom_1506687533370{padding-top: 80px !important;}&#8221; el_class=&#8221;sivo&#8221;][vc_column_text css_animation=&#8221;&#8221;]<\/p>\n<p style=\"text-align: right;\"><span style=\"color: #ffffff;\">Up until the year 2000 the production was perceived as a family hobby, but the new millennium brought about a whole new perspective, as well as expansion of production and manufacturing facilities.<\/span><\/p>\n<p>[\/vc_column_text][vc_column_text css_animation=&#8221;&#8221;]<\/p>\n<p style=\"text-align: right;\"><span style=\"color: #ffffff;\">After graduating from college daughters Katarina and Ana became a part of the family business, mostly by managing the wine-making and marketing at first, but completely took over the winery after their father\u2019s passing in 2015.<\/span><\/p>\n<p>[\/vc_column_text][\/vc_column][\/vc_row][vc_row full_width=&#8221;stretch_row&#8221; css_animation=&#8221;&#8221; css=&#8221;.vc_custom_1504013342058{background-color: #ededed !important;}&#8221;][vc_column width=&#8221;1\/3&#8243; css_animation=&#8221;&#8221;]\n\t<div class=\"title-subtitle-box \" style=\" text-align: left;\">\n\t\t<p  style=\"\">AWARDS<\/p>\n\t\t<h1 style=\" font-style: normal;\">MISAL<\/h1>\n\t<\/div> [vc_column_text css_animation=&#8221;&#8221;]We vouch for the quality of MISAL sparkling wines not only with high level education and unlimited love for our business, but also numerous awards and recognitions our sparkling wines receive.[\/vc_column_text][vc_btn title=&#8221;READ MORE&#8221; shape=&#8221;square&#8221; color=&#8221;black&#8221; size=&#8221;xs&#8221; align=&#8221;left&#8221; css_animation=&#8221;&#8221; link=&#8221;url:http%3A%2F%2Fmisal.hr%2Fo-nama%2Fnagrade%2F|||&#8221;][\/vc_column][vc_column width=&#8221;2\/3&#8243; css_animation=&#8221;&#8221;][vc_masonry_media_grid element_width=&#8221;3&#8243; grid_id=&#8221;vc_gid:1725103710016-9a56a84c-b2e0-0&#8243; include=&#8221;1820,1819,1818,1817,1816,1815,1814,1813,1858,1920,1919,1918,1917,1916,1915,1914&#8243;][\/vc_column][\/vc_row][vc_row full_width=&#8221;stretch_row&#8221; equal_height=&#8221;yes&#8221; content_placement=&#8221;middle&#8221; css_animation=&#8221;&#8221; css=&#8221;.vc_custom_1503575578758{background: #121212 url(http:\/\/misal.hr\/wp-content\/uploads\/2016\/03\/misal_spark_01.jpg?id=1683) !important;background-position: center !important;background-repeat: no-repeat !important;background-size: cover !important;}&#8221;][vc_column css_animation=&#8221;&#8221;][vc_column_text css_animation=&#8221;&#8221;]<\/p>\n<div class=\"heading\">\n<p class=\"h_subtitle\" style=\"text-align: center;\">PJENU\u0160CI PER\u0160URI\u0106<\/p>\n<h2 class=\"h_title\" style=\"text-align: center;\">Premium quality MISAL sparkling wines<\/h2>\n<\/div>\n<p>[\/vc_column_text][\/vc_column][\/vc_row]<\/p>\n<\/div>","protected":false},"excerpt":{"rendered":"<p>[vc_row full_width=&#8221;stretch_row&#8221; full_height=&#8221;yes&#8221; columns_placement=&#8221;top&#8221; equal_height=&#8221;yes&#8221; content_placement=&#8221;top&#8221; css_animation=&#8221;&#8221; css=&#8221;.vc_custom_1503575320385{background-color: #ededed !important;}&#8221;][vc_column width=&#8221;1\/2&#8243; css_animation=&#8221;&#8221;][vc_single_image image=&#8221;1894&#8243; img_size=&#8221;full&#8221; alignment=&#8221;center&#8221; css_animation=&#8221;&#8221;][vc_column_text css_animation=&#8221;&#8221;] MISAL sparkling wines are our strenght and pride, the essence that binds our past, present and future. In MISAL sparkling wines we have been given a legacy to nourish, love and evolve with. MISAL is the best we<br class=\"read-more-spacer\"> <a class=\"more-link\" href=\"https:\/\/misal.hr\/en\/o-nama-vina\/\">Read More<\/a><\/p>\n","protected":false},"author":1,"featured_media":0,"parent":0,"menu_order":0,"comment_status":"closed","ping_status":"closed","template":"","meta":{"_acf_changed":false,"footnotes":""},"class_list":["post-341","page","type-page","status-publish"],"acf":[],"yoast_head":"<!-- This site is optimized with the Yoast SEO plugin v26.6 - https:\/\/yoast.com\/wordpress\/plugins\/seo\/ -->\n<title>OUR STORY | MISAL | SPARKLING WINES | PJENU\u0160CI PER\u0160URI\u0106<\/title>\n<meta name=\"description\" content=\"MISAL sparkling wines are our strenght and pride, the essence that binds our past, present and future. In MISAL sparkling wines we have been given a legacy\" \/>\n<meta name=\"robots\" content=\"index, follow, max-snippet:-1, max-image-preview:large, max-video-preview:-1\" \/>\n<link rel=\"canonical\" href=\"https:\/\/misal.hr\/en\/o-nama-vina\/\" \/>\n<meta property=\"og:locale\" content=\"en_US\" \/>\n<meta property=\"og:type\" content=\"article\" \/>\n<meta property=\"og:title\" content=\"OUR STORY | MISAL | SPARKLING WINES | PJENU\u0160CI PER\u0160URI\u0106\" \/>\n<meta property=\"og:description\" content=\"MISAL sparkling wines are our strenght and pride, the essence that binds our past, present and future. In MISAL sparkling wines we have been given a legacy\" \/>\n<meta property=\"og:url\" content=\"https:\/\/misal.hr\/en\/o-nama-vina\/\" \/>\n<meta property=\"og:site_name\" content=\"MISAL\" \/>\n<meta property=\"article:publisher\" content=\"https:\/\/web.facebook.com\/misal.pjenusci\" \/>\n<meta property=\"article:modified_time\" content=\"2024-08-31T11:29:01+00:00\" \/>\n<meta property=\"og:image\" content=\"https:\/\/misal.hr\/wp-content\/uploads\/2016\/03\/misal_web-sparkle-1.jpg\" \/>\n\t<meta property=\"og:image:width\" content=\"1920\" \/>\n\t<meta property=\"og:image:height\" content=\"1272\" \/>\n\t<meta property=\"og:image:type\" content=\"image\/jpeg\" \/>\n<meta name=\"twitter:card\" content=\"summary_large_image\" \/>\n<meta name=\"twitter:label1\" content=\"Est. reading time\" \/>\n\t<meta name=\"twitter:data1\" content=\"19 minutes\" \/>\n<script type=\"application\/ld+json\" class=\"yoast-schema-graph\">{\"@context\":\"https:\/\/schema.org\",\"@graph\":[{\"@type\":\"WebPage\",\"@id\":\"https:\/\/misal.hr\/en\/o-nama-vina\/\",\"url\":\"https:\/\/misal.hr\/en\/o-nama-vina\/\",\"name\":\"OUR STORY | MISAL | SPARKLING WINES | PJENU\u0160CI PER\u0160URI\u0106\",\"isPartOf\":{\"@id\":\"https:\/\/misal.hr\/en\/#website\"},\"datePublished\":\"2016-03-15T14:31:38+00:00\",\"dateModified\":\"2024-08-31T11:29:01+00:00\",\"description\":\"MISAL sparkling wines are our strenght and pride, the essence that binds our past, present and future. In MISAL sparkling wines we have been given a legacy\",\"breadcrumb\":{\"@id\":\"https:\/\/misal.hr\/en\/o-nama-vina\/#breadcrumb\"},\"inLanguage\":\"en-US\",\"potentialAction\":[{\"@type\":\"ReadAction\",\"target\":[[\"https:\/\/misal.hr\/en\/o-nama-vina\/\"]]}]},{\"@type\":\"BreadcrumbList\",\"@id\":\"https:\/\/misal.hr\/en\/o-nama-vina\/#breadcrumb\",\"itemListElement\":[{\"@type\":\"ListItem\",\"position\":1,\"name\":\"Home\",\"item\":\"https:\/\/misal.hr\/en\/\"},{\"@type\":\"ListItem\",\"position\":2,\"name\":\"NA\u0160A PRI\u010cA\"}]},{\"@type\":\"WebSite\",\"@id\":\"https:\/\/misal.hr\/en\/#website\",\"url\":\"https:\/\/misal.hr\/en\/\",\"name\":\"MISAL\",\"description\":\"Pjenu\u0161ci Per\u0161uri\u0107\",\"publisher\":{\"@id\":\"https:\/\/misal.hr\/en\/#organization\"},\"potentialAction\":[{\"@type\":\"SearchAction\",\"target\":{\"@type\":\"EntryPoint\",\"urlTemplate\":\"https:\/\/misal.hr\/en\/?s={search_term_string}\"},\"query-input\":{\"@type\":\"PropertyValueSpecification\",\"valueRequired\":true,\"valueName\":\"search_term_string\"}}],\"inLanguage\":\"en-US\"},{\"@type\":\"Organization\",\"@id\":\"https:\/\/misal.hr\/en\/#organization\",\"name\":\"PJENU\u0160CI PER\u0160URI\u0106 d.o.o.\",\"alternateName\":\"MISAL\",\"url\":\"https:\/\/misal.hr\/en\/\",\"logo\":{\"@type\":\"ImageObject\",\"inLanguage\":\"en-US\",\"@id\":\"https:\/\/misal.hr\/en\/#\/schema\/logo\/image\/\",\"url\":\"https:\/\/misal.hr\/wp-content\/uploads\/2016\/03\/misal_pjenusci_vina_persuric.jpg\",\"contentUrl\":\"https:\/\/misal.hr\/wp-content\/uploads\/2016\/03\/misal_pjenusci_vina_persuric.jpg\",\"width\":1500,\"height\":996,\"caption\":\"PJENU\u0160CI PER\u0160URI\u0106 d.o.o.\"},\"image\":{\"@id\":\"https:\/\/misal.hr\/en\/#\/schema\/logo\/image\/\"},\"sameAs\":[\"https:\/\/web.facebook.com\/misal.pjenusci\",\"https:\/\/www.instagram.com\/sparkling_wines_misal\/\"]}]}<\/script>\n<!-- \/ Yoast SEO plugin. -->","yoast_head_json":{"title":"OUR STORY | MISAL | SPARKLING WINES | PJENU\u0160CI PER\u0160URI\u0106","description":"MISAL sparkling wines are our strenght and pride, the essence that binds our past, present and future. In MISAL sparkling wines we have been given a legacy","robots":{"index":"index","follow":"follow","max-snippet":"max-snippet:-1","max-image-preview":"max-image-preview:large","max-video-preview":"max-video-preview:-1"},"canonical":"https:\/\/misal.hr\/en\/o-nama-vina\/","og_locale":"en_US","og_type":"article","og_title":"OUR STORY | MISAL | SPARKLING WINES | PJENU\u0160CI PER\u0160URI\u0106","og_description":"MISAL sparkling wines are our strenght and pride, the essence that binds our past, present and future. In MISAL sparkling wines we have been given a legacy","og_url":"https:\/\/misal.hr\/en\/o-nama-vina\/","og_site_name":"MISAL","article_publisher":"https:\/\/web.facebook.com\/misal.pjenusci","article_modified_time":"2024-08-31T11:29:01+00:00","og_image":[{"width":1920,"height":1272,"url":"https:\/\/misal.hr\/wp-content\/uploads\/2016\/03\/misal_web-sparkle-1.jpg","type":"image\/jpeg"}],"twitter_card":"summary_large_image","twitter_misc":{"Est. reading time":"19 minutes"},"schema":{"@context":"https:\/\/schema.org","@graph":[{"@type":"WebPage","@id":"https:\/\/misal.hr\/en\/o-nama-vina\/","url":"https:\/\/misal.hr\/en\/o-nama-vina\/","name":"OUR STORY | MISAL | SPARKLING WINES | PJENU\u0160CI PER\u0160URI\u0106","isPartOf":{"@id":"https:\/\/misal.hr\/en\/#website"},"datePublished":"2016-03-15T14:31:38+00:00","dateModified":"2024-08-31T11:29:01+00:00","description":"MISAL sparkling wines are our strenght and pride, the essence that binds our past, present and future. In MISAL sparkling wines we have been given a legacy","breadcrumb":{"@id":"https:\/\/misal.hr\/en\/o-nama-vina\/#breadcrumb"},"inLanguage":"en-US","potentialAction":[{"@type":"ReadAction","target":[["https:\/\/misal.hr\/en\/o-nama-vina\/"]]}]},{"@type":"BreadcrumbList","@id":"https:\/\/misal.hr\/en\/o-nama-vina\/#breadcrumb","itemListElement":[{"@type":"ListItem","position":1,"name":"Home","item":"https:\/\/misal.hr\/en\/"},{"@type":"ListItem","position":2,"name":"NA\u0160A PRI\u010cA"}]},{"@type":"WebSite","@id":"https:\/\/misal.hr\/en\/#website","url":"https:\/\/misal.hr\/en\/","name":"MISAL","description":"Pjenu\u0161ci Per\u0161uri\u0107","publisher":{"@id":"https:\/\/misal.hr\/en\/#organization"},"potentialAction":[{"@type":"SearchAction","target":{"@type":"EntryPoint","urlTemplate":"https:\/\/misal.hr\/en\/?s={search_term_string}"},"query-input":{"@type":"PropertyValueSpecification","valueRequired":true,"valueName":"search_term_string"}}],"inLanguage":"en-US"},{"@type":"Organization","@id":"https:\/\/misal.hr\/en\/#organization","name":"PJENU\u0160CI PER\u0160URI\u0106 d.o.o.","alternateName":"MISAL","url":"https:\/\/misal.hr\/en\/","logo":{"@type":"ImageObject","inLanguage":"en-US","@id":"https:\/\/misal.hr\/en\/#\/schema\/logo\/image\/","url":"https:\/\/misal.hr\/wp-content\/uploads\/2016\/03\/misal_pjenusci_vina_persuric.jpg","contentUrl":"https:\/\/misal.hr\/wp-content\/uploads\/2016\/03\/misal_pjenusci_vina_persuric.jpg","width":1500,"height":996,"caption":"PJENU\u0160CI PER\u0160URI\u0106 d.o.o."},"image":{"@id":"https:\/\/misal.hr\/en\/#\/schema\/logo\/image\/"},"sameAs":["https:\/\/web.facebook.com\/misal.pjenusci","https:\/\/www.instagram.com\/sparkling_wines_misal\/"]}]}},"_links":{"self":[{"href":"https:\/\/misal.hr\/en\/wp-json\/wp\/v2\/pages\/341","targetHints":{"allow":["GET"]}}],"collection":[{"href":"https:\/\/misal.hr\/en\/wp-json\/wp\/v2\/pages"}],"about":[{"href":"https:\/\/misal.hr\/en\/wp-json\/wp\/v2\/types\/page"}],"author":[{"embeddable":true,"href":"https:\/\/misal.hr\/en\/wp-json\/wp\/v2\/users\/1"}],"replies":[{"embeddable":true,"href":"https:\/\/misal.hr\/en\/wp-json\/wp\/v2\/comments?post=341"}],"version-history":[{"count":0,"href":"https:\/\/misal.hr\/en\/wp-json\/wp\/v2\/pages\/341\/revisions"}],"wp:attachment":[{"href":"https:\/\/misal.hr\/en\/wp-json\/wp\/v2\/media?parent=341"}],"curies":[{"name":"wp","href":"https:\/\/api.w.org\/{rel}","templated":true}]}}