{"id":503,"date":"2016-03-21T12:36:58","date_gmt":"2016-03-21T12:36:58","guid":{"rendered":"http:\/\/okthemes.com\/villenoirdemo\/?page_id=503"},"modified":"2023-04-12T09:15:31","modified_gmt":"2023-04-12T09:15:31","slug":"nagrade","status":"publish","type":"page","link":"https:\/\/misal.hr\/en\/o-nama-vina\/nagrade\/","title":{"rendered":"AWARDS"},"content":{"rendered":"<div class=\"wpb-content-wrapper\"><p>[vc_row css=&#8221;.vc_custom_1458564277675{padding-bottom: 0px !important;}&#8221;][vc_column width=&#8221;1\/2&#8243;]\n\t<div class=\"title-subtitle-box \" style=\" text-align: left;\">\n\t\t<h2 style=\" font-style: normal;\">Blanc de blancs<\/h2>\n\t<\/div> [\/vc_column][vc_column width=&#8221;1\/2&#8243;]\n\t<div class=\"gg_list list_style_line   \">\n<ul>\n<li>3 gold medals<\/li>\n<li>4 silver medals<\/li>\n<li>The award \u201cdr. sc. \u0110ordano Per\u0161uri\u0107\u201d municipality of Vi\u0161njan for the best sparkling wine 2022.<\/li>\n<li>TOP Croatian white champagne \u2013 Salon of Sparkling Wines 2017 (Zagreb\/Ljubljana)<\/li>\n<li>gold medal \u2013 Penina Festival (Portoro\u017e), 2015, 2014<\/li>\n<li>bronce medal at the\u00a0International Wine Chellange \u2013 London 2013.<\/li>\n<\/ul>\n<\/div>[\/vc_column][\/vc_row][vc_row css=&#8221;.vc_custom_1458564260157{padding-top: 0px !important;padding-bottom: 0px !important;}&#8221;][vc_column css=&#8221;.vc_custom_1458564215708{padding-top: 0px !important;padding-bottom: 0px !important;}&#8221;][vc_separator css=&#8221;.vc_custom_1458564307490{margin-bottom: 0px !important;}&#8221;][\/vc_column][\/vc_row][vc_row css=&#8221;.vc_custom_1458565399766{padding-top: 55px !important;padding-bottom: 0px !important;}&#8221;][vc_column width=&#8221;1\/2&#8243;]\n\t<div class=\"title-subtitle-box \" style=\" text-align: left;\">\n\t\t<h2 style=\" font-style: normal;\">Prestige<\/h2>\n\t<\/div> [\/vc_column][vc_column width=&#8221;1\/2&#8243;]\n\t<div class=\"gg_list list_style_line   \">\n<ul>\n<li>13 gold medals<\/li>\n<li>21 silver medals<\/li>\n<li>Gold medal at The World\u2019s Finest Glass of Bubbly Awards 2022, 2020 in the Oaky &amp; Toasty category<\/li>\n<li>The award \u201cdr. cc. \u0110ordano Per\u0161uri\u0107\u201d municipality of Vi\u0161njan for the best sparkling wine 2018<\/li>\n<li>4 Ve\u010dernji list Wine stars (2016, 2015)<\/li>\n<li>Sabatina 2010 Champion<\/li>\n<li>Vinistra 2007 and 2004 Champion<\/li>\n<\/ul>\n<\/div>[\/vc_column][\/vc_row][vc_row css=&#8221;.vc_custom_1458564260157{padding-top: 0px !important;padding-bottom: 0px !important;}&#8221;][vc_column css=&#8221;.vc_custom_1458564215708{padding-top: 0px !important;padding-bottom: 0px !important;}&#8221;][vc_separator css=&#8221;.vc_custom_1458564307490{margin-bottom: 0px !important;}&#8221;][\/vc_column][\/vc_row][vc_row css=&#8221;.vc_custom_1458565399766{padding-top: 55px !important;padding-bottom: 0px !important;}&#8221;][vc_column width=&#8221;1\/2&#8243;]\n\t<div class=\"title-subtitle-box \" style=\" text-align: left;\">\n\t\t<h2 style=\" font-style: normal;\">Blanc de noirs<\/h2>\n\t<\/div> [\/vc_column][vc_column width=&#8221;1\/2&#8243;]\n\t<div class=\"gg_list list_style_line   \">\n<ul>\n<li>3 silver medals<\/li>\n<li>gold medal \u2013 Penina Festival (Portoro\u017e), 2015<\/li>\n<\/ul>\n<\/div>[\/vc_column][\/vc_row][vc_row css=&#8221;.vc_custom_1458564260157{padding-top: 0px !important;padding-bottom: 0px !important;}&#8221;][vc_column css=&#8221;.vc_custom_1458564215708{padding-top: 0px !important;padding-bottom: 0px !important;}&#8221;][vc_separator css=&#8221;.vc_custom_1458564307490{margin-bottom: 0px !important;}&#8221;][\/vc_column][\/vc_row][vc_row css=&#8221;.vc_custom_1487926892300{padding-top: 55px !important;padding-bottom: 0px !important;}&#8221;][vc_column width=&#8221;1\/2&#8243;]\n\t<div class=\"title-subtitle-box \" style=\" text-align: left;\">\n\t\t<h2 style=\" font-style: normal;\">Millennium<\/h2>\n\t<\/div> [\/vc_column][vc_column width=&#8221;1\/2&#8243;]\n\t<div class=\"gg_list list_style_line   \">\n<ul>\n<li>9 gold medals<\/li>\n<li>27 silver medals<\/li>\n<li>silver medal, International Wine Challenge, London 2018 and 2012<\/li>\n<li>The award &#8220;dr. cc. \u0110ordano Per\u0161uri\u0107&#8221; municipality of Vi\u0161njan for the best sparkling wine 2017.<\/li>\n<li>gold medal, 1st The Balkans International Wine Competition, Sofia, Bulgaria 2012<\/li>\n<li>4 \u201eVe\u010dernjakova \u010da\u0161ica\u201c awards, 2011<\/li>\n<li>Gast Split Grand Gold, Split 2003<\/li>\n<\/ul>\n<\/div>[\/vc_column][\/vc_row][vc_row css=&#8221;.vc_custom_1458564260157{padding-top: 0px !important;padding-bottom: 0px !important;}&#8221;][vc_column css=&#8221;.vc_custom_1458564215708{padding-top: 0px !important;padding-bottom: 0px !important;}&#8221;][vc_separator css=&#8221;.vc_custom_1458564307490{margin-bottom: 0px !important;}&#8221;][\/vc_column][\/vc_row][vc_row css=&#8221;.vc_custom_1487926886628{padding-top: 55px !important;padding-bottom: 0px !important;}&#8221;][vc_column width=&#8221;1\/2&#8243;]\n\t<div class=\"title-subtitle-box \" style=\" text-align: left;\">\n\t\t<h2 style=\" font-style: normal;\">Royal<\/h2>\n\t<\/div> [\/vc_column][vc_column width=&#8221;1\/2&#8243;]\n\t<div class=\"gg_list list_style_line   \">\n<ul>\n<li>1 gold medal<\/li>\n<li>1 silver medal<\/li>\n<li>Trophy at The World\u2019s Finest Glass of Bubbly Awards 2022 in the Oaky &amp; Toasty category<\/li>\n<\/ul>\n<\/div>[\/vc_column][\/vc_row][vc_row css=&#8221;.vc_custom_1458564260157{padding-top: 0px !important;padding-bottom: 0px !important;}&#8221;][vc_column css=&#8221;.vc_custom_1458564215708{padding-top: 0px !important;padding-bottom: 0px !important;}&#8221;][vc_separator css=&#8221;.vc_custom_1458564307490{margin-bottom: 0px !important;}&#8221;][\/vc_column][\/vc_row][vc_row css=&#8221;.vc_custom_1487926879114{padding-top: 55px !important;padding-bottom: 0px !important;}&#8221;][vc_column width=&#8221;1\/2&#8243;]\n\t<div class=\"title-subtitle-box \" style=\" text-align: left;\">\n\t\t<h2 style=\" font-style: normal;\">Istra<\/h2>\n\t<\/div> [\/vc_column][vc_column width=&#8221;1\/2&#8243;]\n\t<div class=\"gg_list list_style_line   \">\n<ul>\n<li>bronze medal, International Wine Challenge, London 2012<\/li>\n<li>gold medal, 3rd The Balkans International Wine Competition, Sofia, Bulgaria 2012<\/li>\n<\/ul>\n<\/div>[\/vc_column][\/vc_row][vc_row css=&#8221;.vc_custom_1458564260157{padding-top: 0px !important;padding-bottom: 0px !important;}&#8221;][vc_column css=&#8221;.vc_custom_1458564215708{padding-top: 0px !important;padding-bottom: 0px !important;}&#8221;][vc_separator css=&#8221;.vc_custom_1458564307490{margin-bottom: 0px !important;}&#8221;][\/vc_column][\/vc_row][vc_row css=&#8221;.vc_custom_1487926871034{padding-top: 55px !important;padding-bottom: 0px !important;}&#8221;][vc_column width=&#8221;1\/2&#8243;]\n\t<div class=\"title-subtitle-box \" style=\" text-align: left;\">\n\t\t<h2 style=\" font-style: normal;\">Rose<\/h2>\n\t<\/div> [\/vc_column][vc_column width=&#8221;1\/2&#8243;]\n\t<div class=\"gg_list list_style_line   \">\n<ul>\n<li>13 gold medals<\/li>\n<li>17 silver medals<\/li>\n<li>silver medal, 1st The Balkans International Wine Competition, Sofia, Bulgaria 2012<\/li>\n<li>Sabatina 2011. champion<\/li>\n<li>4 \u201eVe\u010dernjakova \u010da\u0161ica\u201c awards 2011<\/li>\n<li>Best Croatian champagne, Ivan Turk Cup, Vinovita 2004<\/li>\n<li>Studec award for best rated Croatian wine, Vinovita 2001, 1999<\/li>\n<\/ul>\n<\/div>[\/vc_column][\/vc_row][vc_row css=&#8221;.vc_custom_1458564260157{padding-top: 0px !important;padding-bottom: 0px !important;}&#8221;][vc_column css=&#8221;.vc_custom_1458564215708{padding-top: 0px !important;padding-bottom: 0px !important;}&#8221;][vc_separator css=&#8221;.vc_custom_1458564307490{margin-bottom: 0px !important;}&#8221;][\/vc_column][\/vc_row][vc_row css=&#8221;.vc_custom_1487926863492{padding-top: 55px !important;padding-bottom: 0px !important;}&#8221;][vc_column width=&#8221;1\/2&#8243;]\n\t<div class=\"title-subtitle-box \" style=\" text-align: left;\">\n\t\t<h2 style=\" font-style: normal;\">Rouge<\/h2>\n\t<\/div> [\/vc_column][vc_column width=&#8221;1\/2&#8243;]\n\t<div class=\"gg_list list_style_line   \">\n<ul>\n<li>4 gold medals<\/li>\n<li>11 silver medals<\/li>\n<li>Trophy at The World\u2019s Finest Glass of Bubbly Awards 2022 in the Dessert category<\/li>\n<\/ul>\n<\/div>[\/vc_column][\/vc_row][vc_row css=&#8221;.vc_custom_1458564260157{padding-top: 0px !important;padding-bottom: 0px !important;}&#8221;][vc_column css=&#8221;.vc_custom_1458564215708{padding-top: 0px !important;padding-bottom: 0px !important;}&#8221;][vc_separator css=&#8221;.vc_custom_1458564307490{margin-bottom: 0px !important;}&#8221;][\/vc_column][\/vc_row][vc_row css=&#8221;.vc_custom_1487926856607{padding-top: 55px !important;padding-bottom: 0px !important;}&#8221;][vc_column width=&#8221;1\/2&#8243;]\n\t<div class=\"title-subtitle-box \" style=\" text-align: left;\">\n\t\t<h2 style=\" font-style: normal;\">Amor<\/h2>\n\t<\/div> [\/vc_column][vc_column width=&#8221;1\/2&#8243;]\n\t<div class=\"gg_list list_style_line   \">\n<ul>\n<li>2 silver medals<\/li>\n<\/ul>\n<\/div>[\/vc_column][\/vc_row][vc_row css=&#8221;.vc_custom_1458564260157{padding-top: 0px !important;padding-bottom: 0px !important;}&#8221;][vc_column css=&#8221;.vc_custom_1458564215708{padding-top: 0px !important;padding-bottom: 0px !important;}&#8221;][vc_separator css=&#8221;.vc_custom_1458564307490{margin-bottom: 0px !important;}&#8221;][\/vc_column][\/vc_row][vc_row css=&#8221;.vc_custom_1487926847492{padding-top: 55px !important;padding-bottom: 0px !important;}&#8221;][vc_column width=&#8221;1\/2&#8243;]\n\t<div class=\"title-subtitle-box \" style=\" text-align: left;\">\n\t\t<h2 style=\" font-style: normal;\">Ostalo<\/h2>\n\t<\/div> [\/vc_column][vc_column width=&#8221;1\/2&#8243;]\n\t<div class=\"gg_list list_style_line   \">\n<ul>\n<li>Award &#8221;Female Business Leaders&#8221; 2020<\/li>\n<li>The best OPG 2019 in the Young Hopes category<\/li>\n<li>recognized as one of Top 20 Croatian winemakers in 2006 and 2002<\/li>\n<li>Lions Club Opatija certificate of appreciation<\/li>\n<li>Donor Network of Croatia certificate of appreciation<\/li>\n<li>Certificate of appreciation by International Association of Students of Agronomy and Related Sciences<\/li>\n<li>TOMS Association of the Disabled certificate of appreciation<\/li>\n<li>Tourism and Hospitality Management certificate of appreciation<\/li>\n<\/ul>\n<\/div>[\/vc_column][\/vc_row][vc_row css=&#8221;.vc_custom_1458564260157{padding-top: 0px !important;padding-bottom: 0px !important;}&#8221;][vc_column css=&#8221;.vc_custom_1458564215708{padding-top: 0px !important;padding-bottom: 0px !important;}&#8221;][vc_separator css=&#8221;.vc_custom_1458564307490{margin-bottom: 0px !important;}&#8221;][\/vc_column][\/vc_row][vc_row full_width=&#8221;stretch_row&#8221; equal_height=&#8221;yes&#8221; content_placement=&#8221;middle&#8221; css=&#8221;.vc_custom_1488276288645{background-color: #121212 !important;}&#8221;][vc_column][vc_column_text]<\/p>\n<div class=\"heading\">\n<p class=\"h_subtitle\" style=\"text-align: center;\">PJENU\u0160CI PER\u0160URI\u0106<\/p>\n<h2 class=\"h_title\" style=\"text-align: center;\">Premium quality MISAL sparkling wines<\/h2>\n<\/div>\n<p>[\/vc_column_text][\/vc_column][\/vc_row]<\/p>\n<\/div>","protected":false},"excerpt":{"rendered":"<p>[vc_row css=&#8221;.vc_custom_1458564277675{padding-bottom: 0px !important;}&#8221;][vc_column width=&#8221;1\/2&#8243;][\/vc_column][vc_column width=&#8221;1\/2&#8243;][\/vc_column][\/vc_row][vc_row css=&#8221;.vc_custom_1458564260157{padding-top: 0px !important;padding-bottom: 0px !important;}&#8221;][vc_column css=&#8221;.vc_custom_1458564215708{padding-top: 0px !important;padding-bottom: 0px !important;}&#8221;][vc_separator css=&#8221;.vc_custom_1458564307490{margin-bottom: 0px !important;}&#8221;][\/vc_column][\/vc_row][vc_row css=&#8221;.vc_custom_1458565399766{padding-top: 55px !important;padding-bottom: 0px !important;}&#8221;][vc_column width=&#8221;1\/2&#8243;][\/vc_column][vc_column width=&#8221;1\/2&#8243;][\/vc_column][\/vc_row][vc_row css=&#8221;.vc_custom_1458564260157{padding-top: 0px !important;padding-bottom: 0px !important;}&#8221;][vc_column css=&#8221;.vc_custom_1458564215708{padding-top: 0px !important;padding-bottom: 0px !important;}&#8221;][vc_separator css=&#8221;.vc_custom_1458564307490{margin-bottom: 0px !important;}&#8221;][\/vc_column][\/vc_row][vc_row css=&#8221;.vc_custom_1458565399766{padding-top: 55px !important;padding-bottom: 0px !important;}&#8221;][vc_column width=&#8221;1\/2&#8243;][\/vc_column][vc_column width=&#8221;1\/2&#8243;][\/vc_column][\/vc_row][vc_row css=&#8221;.vc_custom_1458564260157{padding-top: 0px !important;padding-bottom: 0px !important;}&#8221;][vc_column css=&#8221;.vc_custom_1458564215708{padding-top: 0px !important;padding-bottom: 0px<br class=\"read-more-spacer\"> <a class=\"more-link\" href=\"https:\/\/misal.hr\/en\/o-nama-vina\/nagrade\/\">Read More<\/a><\/p>\n","protected":false},"author":1,"featured_media":0,"parent":341,"menu_order":0,"comment_status":"closed","ping_status":"closed","template":"","meta":{"_acf_changed":false,"footnotes":""},"class_list":["post-503","page","type-page","status-publish"],"acf":[],"yoast_head":"<!-- This site is optimized with the Yoast SEO plugin v26.6 - https:\/\/yoast.com\/wordpress\/plugins\/seo\/ -->\n<title>AWARDS | MISAL | PJENU\u0160CI PER\u0160URI\u0106 | VI\u0160NJAN<\/title>\n<meta name=\"description\" content=\"We vouch for the quality of MISAL sparkling wines not only with high level education and unlimited love for our business, but also numerous awards\" \/>\n<meta name=\"robots\" content=\"index, follow, max-snippet:-1, max-image-preview:large, max-video-preview:-1\" \/>\n<link rel=\"canonical\" href=\"https:\/\/misal.hr\/en\/o-nama-vina\/nagrade\/\" \/>\n<meta property=\"og:locale\" content=\"en_US\" \/>\n<meta property=\"og:type\" content=\"article\" \/>\n<meta property=\"og:title\" content=\"AWARDS | MISAL | PJENU\u0160CI PER\u0160URI\u0106 | VI\u0160NJAN\" \/>\n<meta property=\"og:description\" content=\"We vouch for the quality of MISAL sparkling wines not only with high level education and unlimited love for our business, but also numerous awards\" \/>\n<meta property=\"og:url\" content=\"https:\/\/misal.hr\/en\/o-nama-vina\/nagrade\/\" \/>\n<meta property=\"og:site_name\" content=\"MISAL\" \/>\n<meta property=\"article:publisher\" content=\"https:\/\/web.facebook.com\/misal.pjenusci\" \/>\n<meta property=\"article:modified_time\" content=\"2023-04-12T09:15:31+00:00\" \/>\n<meta property=\"og:image\" content=\"https:\/\/misal.hr\/wp-content\/uploads\/2016\/03\/misal_web-sparkle-1.jpg\" \/>\n\t<meta property=\"og:image:width\" content=\"1920\" \/>\n\t<meta property=\"og:image:height\" content=\"1272\" \/>\n\t<meta property=\"og:image:type\" content=\"image\/jpeg\" \/>\n<meta name=\"twitter:card\" content=\"summary_large_image\" \/>\n<meta name=\"twitter:label1\" content=\"Est. reading time\" \/>\n\t<meta name=\"twitter:data1\" content=\"4 minutes\" \/>\n<script type=\"application\/ld+json\" class=\"yoast-schema-graph\">{\"@context\":\"https:\/\/schema.org\",\"@graph\":[{\"@type\":\"WebPage\",\"@id\":\"https:\/\/misal.hr\/en\/o-nama-vina\/nagrade\/\",\"url\":\"https:\/\/misal.hr\/en\/o-nama-vina\/nagrade\/\",\"name\":\"AWARDS | MISAL | PJENU\u0160CI PER\u0160URI\u0106 | VI\u0160NJAN\",\"isPartOf\":{\"@id\":\"https:\/\/misal.hr\/en\/#website\"},\"datePublished\":\"2016-03-21T12:36:58+00:00\",\"dateModified\":\"2023-04-12T09:15:31+00:00\",\"description\":\"We vouch for the quality of MISAL sparkling wines not only with high level education and unlimited love for our business, but also numerous awards\",\"breadcrumb\":{\"@id\":\"https:\/\/misal.hr\/en\/o-nama-vina\/nagrade\/#breadcrumb\"},\"inLanguage\":\"en-US\",\"potentialAction\":[{\"@type\":\"ReadAction\",\"target\":[[\"https:\/\/misal.hr\/en\/o-nama-vina\/nagrade\/\"]]}]},{\"@type\":\"BreadcrumbList\",\"@id\":\"https:\/\/misal.hr\/en\/o-nama-vina\/nagrade\/#breadcrumb\",\"itemListElement\":[{\"@type\":\"ListItem\",\"position\":1,\"name\":\"Home\",\"item\":\"https:\/\/misal.hr\/en\/\"},{\"@type\":\"ListItem\",\"position\":2,\"name\":\"NA\u0160A PRI\u010cA\",\"item\":\"https:\/\/misal.hr\/en\/o-nama-vina\/\"},{\"@type\":\"ListItem\",\"position\":3,\"name\":\"NAGRADE\"}]},{\"@type\":\"WebSite\",\"@id\":\"https:\/\/misal.hr\/en\/#website\",\"url\":\"https:\/\/misal.hr\/en\/\",\"name\":\"MISAL\",\"description\":\"Pjenu\u0161ci Per\u0161uri\u0107\",\"publisher\":{\"@id\":\"https:\/\/misal.hr\/en\/#organization\"},\"potentialAction\":[{\"@type\":\"SearchAction\",\"target\":{\"@type\":\"EntryPoint\",\"urlTemplate\":\"https:\/\/misal.hr\/en\/?s={search_term_string}\"},\"query-input\":{\"@type\":\"PropertyValueSpecification\",\"valueRequired\":true,\"valueName\":\"search_term_string\"}}],\"inLanguage\":\"en-US\"},{\"@type\":\"Organization\",\"@id\":\"https:\/\/misal.hr\/en\/#organization\",\"name\":\"PJENU\u0160CI PER\u0160URI\u0106 d.o.o.\",\"alternateName\":\"MISAL\",\"url\":\"https:\/\/misal.hr\/en\/\",\"logo\":{\"@type\":\"ImageObject\",\"inLanguage\":\"en-US\",\"@id\":\"https:\/\/misal.hr\/en\/#\/schema\/logo\/image\/\",\"url\":\"https:\/\/misal.hr\/wp-content\/uploads\/2016\/03\/misal_pjenusci_vina_persuric.jpg\",\"contentUrl\":\"https:\/\/misal.hr\/wp-content\/uploads\/2016\/03\/misal_pjenusci_vina_persuric.jpg\",\"width\":1500,\"height\":996,\"caption\":\"PJENU\u0160CI PER\u0160URI\u0106 d.o.o.\"},\"image\":{\"@id\":\"https:\/\/misal.hr\/en\/#\/schema\/logo\/image\/\"},\"sameAs\":[\"https:\/\/web.facebook.com\/misal.pjenusci\",\"https:\/\/www.instagram.com\/sparkling_wines_misal\/\"]}]}<\/script>\n<!-- \/ Yoast SEO plugin. -->","yoast_head_json":{"title":"AWARDS | MISAL | PJENU\u0160CI PER\u0160URI\u0106 | VI\u0160NJAN","description":"We vouch for the quality of MISAL sparkling wines not only with high level education and unlimited love for our business, but also numerous awards","robots":{"index":"index","follow":"follow","max-snippet":"max-snippet:-1","max-image-preview":"max-image-preview:large","max-video-preview":"max-video-preview:-1"},"canonical":"https:\/\/misal.hr\/en\/o-nama-vina\/nagrade\/","og_locale":"en_US","og_type":"article","og_title":"AWARDS | MISAL | PJENU\u0160CI PER\u0160URI\u0106 | VI\u0160NJAN","og_description":"We vouch for the quality of MISAL sparkling wines not only with high level education and unlimited love for our business, but also numerous awards","og_url":"https:\/\/misal.hr\/en\/o-nama-vina\/nagrade\/","og_site_name":"MISAL","article_publisher":"https:\/\/web.facebook.com\/misal.pjenusci","article_modified_time":"2023-04-12T09:15:31+00:00","og_image":[{"width":1920,"height":1272,"url":"https:\/\/misal.hr\/wp-content\/uploads\/2016\/03\/misal_web-sparkle-1.jpg","type":"image\/jpeg"}],"twitter_card":"summary_large_image","twitter_misc":{"Est. reading time":"4 minutes"},"schema":{"@context":"https:\/\/schema.org","@graph":[{"@type":"WebPage","@id":"https:\/\/misal.hr\/en\/o-nama-vina\/nagrade\/","url":"https:\/\/misal.hr\/en\/o-nama-vina\/nagrade\/","name":"AWARDS | MISAL | PJENU\u0160CI PER\u0160URI\u0106 | VI\u0160NJAN","isPartOf":{"@id":"https:\/\/misal.hr\/en\/#website"},"datePublished":"2016-03-21T12:36:58+00:00","dateModified":"2023-04-12T09:15:31+00:00","description":"We vouch for the quality of MISAL sparkling wines not only with high level education and unlimited love for our business, but also numerous awards","breadcrumb":{"@id":"https:\/\/misal.hr\/en\/o-nama-vina\/nagrade\/#breadcrumb"},"inLanguage":"en-US","potentialAction":[{"@type":"ReadAction","target":[["https:\/\/misal.hr\/en\/o-nama-vina\/nagrade\/"]]}]},{"@type":"BreadcrumbList","@id":"https:\/\/misal.hr\/en\/o-nama-vina\/nagrade\/#breadcrumb","itemListElement":[{"@type":"ListItem","position":1,"name":"Home","item":"https:\/\/misal.hr\/en\/"},{"@type":"ListItem","position":2,"name":"NA\u0160A PRI\u010cA","item":"https:\/\/misal.hr\/en\/o-nama-vina\/"},{"@type":"ListItem","position":3,"name":"NAGRADE"}]},{"@type":"WebSite","@id":"https:\/\/misal.hr\/en\/#website","url":"https:\/\/misal.hr\/en\/","name":"MISAL","description":"Pjenu\u0161ci Per\u0161uri\u0107","publisher":{"@id":"https:\/\/misal.hr\/en\/#organization"},"potentialAction":[{"@type":"SearchAction","target":{"@type":"EntryPoint","urlTemplate":"https:\/\/misal.hr\/en\/?s={search_term_string}"},"query-input":{"@type":"PropertyValueSpecification","valueRequired":true,"valueName":"search_term_string"}}],"inLanguage":"en-US"},{"@type":"Organization","@id":"https:\/\/misal.hr\/en\/#organization","name":"PJENU\u0160CI PER\u0160URI\u0106 d.o.o.","alternateName":"MISAL","url":"https:\/\/misal.hr\/en\/","logo":{"@type":"ImageObject","inLanguage":"en-US","@id":"https:\/\/misal.hr\/en\/#\/schema\/logo\/image\/","url":"https:\/\/misal.hr\/wp-content\/uploads\/2016\/03\/misal_pjenusci_vina_persuric.jpg","contentUrl":"https:\/\/misal.hr\/wp-content\/uploads\/2016\/03\/misal_pjenusci_vina_persuric.jpg","width":1500,"height":996,"caption":"PJENU\u0160CI PER\u0160URI\u0106 d.o.o."},"image":{"@id":"https:\/\/misal.hr\/en\/#\/schema\/logo\/image\/"},"sameAs":["https:\/\/web.facebook.com\/misal.pjenusci","https:\/\/www.instagram.com\/sparkling_wines_misal\/"]}]}},"_links":{"self":[{"href":"https:\/\/misal.hr\/en\/wp-json\/wp\/v2\/pages\/503","targetHints":{"allow":["GET"]}}],"collection":[{"href":"https:\/\/misal.hr\/en\/wp-json\/wp\/v2\/pages"}],"about":[{"href":"https:\/\/misal.hr\/en\/wp-json\/wp\/v2\/types\/page"}],"author":[{"embeddable":true,"href":"https:\/\/misal.hr\/en\/wp-json\/wp\/v2\/users\/1"}],"replies":[{"embeddable":true,"href":"https:\/\/misal.hr\/en\/wp-json\/wp\/v2\/comments?post=503"}],"version-history":[{"count":0,"href":"https:\/\/misal.hr\/en\/wp-json\/wp\/v2\/pages\/503\/revisions"}],"up":[{"embeddable":true,"href":"https:\/\/misal.hr\/en\/wp-json\/wp\/v2\/pages\/341"}],"wp:attachment":[{"href":"https:\/\/misal.hr\/en\/wp-json\/wp\/v2\/media?parent=503"}],"curies":[{"name":"wp","href":"https:\/\/api.w.org\/{rel}","templated":true}]}}