{"id":519,"date":"2016-03-21T13:06:29","date_gmt":"2016-03-21T13:06:29","guid":{"rendered":"http:\/\/okthemes.com\/villenoirdemo\/?page_id=519"},"modified":"2018-06-07T07:09:59","modified_gmt":"2018-06-07T07:09:59","slug":"zastita-osobnih-podataka","status":"publish","type":"page","link":"https:\/\/misal.hr\/en\/zastita-osobnih-podataka\/","title":{"rendered":"Personal Data Protection"},"content":{"rendered":"<div class=\"wpb-content-wrapper\"><p>[vc_row][vc_column][vc_column_text]<b>PRIVACY STATEMENT<\/b><\/p>\n<p><span style=\"font-weight: 400;\">PJENU\u0160CI PER\u0160URI\u0106 d.o.o., PER\u0160URI\u0106I 5a, 52463 Vi\u0161njan (hereinafter: MISAL) retains all copyrights on the use of photographs, texts and other published materials in the sense of positive legal regulations in the Republic of Croatia.<\/span><\/p>\n<p><b>INTRODUCTORY PROVISIONS<\/b><\/p>\n<p><span style=\"font-weight: 400;\">MISAL respects your privacy and undertakes to protect your personal information. Collecting and keeping data is carried out in accordance with the provisions of the Personal Data Protection Act.<\/span><\/p>\n<p><b>DATA COVERED BY THE PRIVACY POLICY SYSTEM<\/b><\/p>\n<p><span style=\"font-weight: 400;\">The information that we ask you and that is protected:<\/span><\/p>\n<p><span style=\"font-weight: 400;\">&#8211; name and surname<\/span><\/p>\n<p><span style=\"font-weight: 400;\">&#8211; email address<\/span><\/p>\n<p><span style=\"font-weight: 400;\">&#8211; other information you specify and note that you want to remain secret.<\/span><\/p>\n<p><b>THE PURPOSE OF THE OBTAINED DATA<\/b><\/p>\n<p><span style=\"font-weight: 400;\">All the information MISAL receives from you is exclusively for:<\/span><\/p>\n<p><span style=\"font-weight: 400;\">&#8211; the most effective response to your inquiry<\/span><\/p>\n<p><span style=\"font-weight: 400;\">&#8211; providing the requested service<\/span><\/p>\n<p><span style=\"font-weight: 400;\">&#8211; our internal statistical data processing<\/span><\/p>\n<p><span style=\"font-weight: 400;\">&#8211; the possibility of sending publications, brochures and other promotional materials.<\/span><\/p>\n<p><span style=\"font-weight: 400;\">MISAL warrants that the data collected will only be used for these purposes. By submitting your personal information through all forms of communication, you expressly acknowledge that MISAL may contact you for these purposes. If you do not want MISAL to contact you, you are obliged to inform MISAL in a written way.<\/span><\/p>\n<p><b>THE DURATION OF PRIVACY POLICY<\/b><\/p>\n<p><span style=\"font-weight: 400;\">By submitting your information, you agree us to contact you. The moment you enter is your explicit consent to contact. The privacy of your data is permanent and at any moment you can request termination of email notifications. After that, MISAL will no longer use your data except for internal purposes, for example, for information or statistical processing purposes.<\/span><\/p>\n<p><b>THE PRIVACY POLICY CONTENT<\/b><\/p>\n<p><span style=\"font-weight: 400;\">Your email address and other information we do not sell, rent or make available to third parties, legal and natural persons outside the MISAL website without your consent, as this is contrary to our privacy policy.<\/span> <span style=\"font-weight: 400;\">MISAL is holding strict &#8220;no spam&#8221; policies. MISAL does not respond to a random mistake or error due to force majeure or other objective circumstances that cause an accidental violation of the guaranteed protection of your data, but warrants that the error will be removed, if possible, as soon as possible. <\/span><\/p>\n<p><b>COOKIES AND INTERNET TECHNOLOGIES<\/b><\/p>\n<p><span style=\"font-weight: 400;\">Like many other websites, ours can also use &#8220;cookies&#8221; and other technologies that help us deliver content depending on your areas of interest, processing requests, and\/or analyzing the characteristics of your visits. Cookies alone can\u2019t be used to reveal your personal identity. When accessing our website, this information identifies the features of your browser to our servers, but not you. If you want to delete or disable cookies at your computer at any time, you can update your browser&#8217;s settings (see the &#8220;Help&#8221; menu for information on how to delete or disable cookies).<\/span> <span style=\"font-weight: 400;\">Information can also be collected using &#8220;pixel tags&#8221;, &#8221; Signals&#8221;, &#8221; Blank GIFs, &#8220;or similar (commonly called&#8221; pixel tags&#8221;) that allow us to find out when you visit our portal and how to use our emails or ads.<\/span><\/p>\n<p><b>DATA CHANGE<\/b><\/p>\n<p><span style=\"font-weight: 400;\">You can contact us at any time to review your personal information, as well as to update, correct or delete your data. By that time, we will use your old data for the purposes mentioned.<\/span><\/p>\n<p><b>YOUR CONSENT<\/b><\/p>\n<p><span style=\"font-weight: 400;\">By filling the forms on this site, you warrant that the information you have provided is accurate, that you are competent and authorized to dispose of the information provided and that you fully agree that MISAL uses and collects your information in accordance with the law and the terms of our privacy policy.<\/span><\/p>\n<p><b>TRANSPARENCY<\/b><\/p>\n<p><span style=\"font-weight: 400;\">If we decide to change our privacy policy, we&#8217;ll make changes to this page so you can keep track of them.<\/span><\/p>\n<p><strong>ADDITIONAL EXPLANATIONS<\/strong><\/p>\n<p><span style=\"font-weight: 400;\">By using our site you confirm that you have read the Privacy Statement and that you agree to it.<\/span><\/p>\n<p><span style=\"font-weight: 400;\">If you have any additional questions, concerns or remarks regarding our privacy policy, you can email us at <a href=\"mailto:info@misal.hr\">info@misal.hr<\/a>.<\/span>[\/vc_column_text][\/vc_column][\/vc_row]<\/p>\n<\/div>","protected":false},"excerpt":{"rendered":"<p>[vc_row][vc_column][vc_column_text]PRIVACY STATEMENT PJENU\u0160CI PER\u0160URI\u0106 d.o.o., PER\u0160URI\u0106I 5a, 52463 Vi\u0161njan (hereinafter: MISAL) retains all copyrights on the use of photographs, texts and other published materials in the sense of positive legal regulations in the Republic of Croatia. INTRODUCTORY PROVISIONS MISAL respects your privacy and undertakes to protect your personal information. Collecting and keeping data is carried<br class=\"read-more-spacer\"> <a class=\"more-link\" href=\"https:\/\/misal.hr\/en\/zastita-osobnih-podataka\/\">Read More<\/a><\/p>\n","protected":false},"author":1,"featured_media":0,"parent":0,"menu_order":0,"comment_status":"closed","ping_status":"closed","template":"","meta":{"_acf_changed":false,"footnotes":""},"class_list":["post-519","page","type-page","status-publish"],"acf":[],"yoast_head":"<!-- This site is optimized with the Yoast SEO plugin v26.6 - https:\/\/yoast.com\/wordpress\/plugins\/seo\/ -->\n<title>Personal Data Protection - MISAL<\/title>\n<meta name=\"robots\" content=\"index, follow, max-snippet:-1, max-image-preview:large, max-video-preview:-1\" \/>\n<link rel=\"canonical\" href=\"https:\/\/misal.hr\/en\/zastita-osobnih-podataka\/\" \/>\n<meta property=\"og:locale\" content=\"en_US\" \/>\n<meta property=\"og:type\" content=\"article\" \/>\n<meta property=\"og:title\" content=\"Personal Data Protection - MISAL\" \/>\n<meta property=\"og:description\" content=\"[vc_row][vc_column][vc_column_text]PRIVACY STATEMENT PJENU\u0160CI PER\u0160URI\u0106 d.o.o., PER\u0160URI\u0106I 5a, 52463 Vi\u0161njan (hereinafter: MISAL) retains all copyrights on the use of photographs, texts and other published materials in the sense of positive legal regulations in the Republic of Croatia. INTRODUCTORY PROVISIONS MISAL respects your privacy and undertakes to protect your personal information. Collecting and keeping data is carried Read More\" \/>\n<meta property=\"og:url\" content=\"https:\/\/misal.hr\/en\/zastita-osobnih-podataka\/\" \/>\n<meta property=\"og:site_name\" content=\"MISAL\" \/>\n<meta property=\"article:publisher\" content=\"https:\/\/web.facebook.com\/misal.pjenusci\" \/>\n<meta property=\"article:modified_time\" content=\"2018-06-07T07:09:59+00:00\" \/>\n<meta property=\"og:image\" content=\"https:\/\/misal.hr\/wp-content\/uploads\/2016\/03\/misal_web-sparkle-1.jpg\" \/>\n\t<meta property=\"og:image:width\" content=\"1920\" \/>\n\t<meta property=\"og:image:height\" content=\"1272\" \/>\n\t<meta property=\"og:image:type\" content=\"image\/jpeg\" \/>\n<meta name=\"twitter:card\" content=\"summary_large_image\" \/>\n<meta name=\"twitter:label1\" content=\"Est. reading time\" \/>\n\t<meta name=\"twitter:data1\" content=\"15 minutes\" \/>\n<script type=\"application\/ld+json\" class=\"yoast-schema-graph\">{\"@context\":\"https:\/\/schema.org\",\"@graph\":[{\"@type\":\"WebPage\",\"@id\":\"https:\/\/misal.hr\/en\/zastita-osobnih-podataka\/\",\"url\":\"https:\/\/misal.hr\/en\/zastita-osobnih-podataka\/\",\"name\":\"Personal Data Protection - MISAL\",\"isPartOf\":{\"@id\":\"https:\/\/misal.hr\/en\/#website\"},\"datePublished\":\"2016-03-21T13:06:29+00:00\",\"dateModified\":\"2018-06-07T07:09:59+00:00\",\"breadcrumb\":{\"@id\":\"https:\/\/misal.hr\/en\/zastita-osobnih-podataka\/#breadcrumb\"},\"inLanguage\":\"en-US\",\"potentialAction\":[{\"@type\":\"ReadAction\",\"target\":[[\"https:\/\/misal.hr\/en\/zastita-osobnih-podataka\/\"]]}]},{\"@type\":\"BreadcrumbList\",\"@id\":\"https:\/\/misal.hr\/en\/zastita-osobnih-podataka\/#breadcrumb\",\"itemListElement\":[{\"@type\":\"ListItem\",\"position\":1,\"name\":\"Home\",\"item\":\"https:\/\/misal.hr\/en\/\"},{\"@type\":\"ListItem\",\"position\":2,\"name\":\"Za\u0161tita osobnih podataka\"}]},{\"@type\":\"WebSite\",\"@id\":\"https:\/\/misal.hr\/en\/#website\",\"url\":\"https:\/\/misal.hr\/en\/\",\"name\":\"MISAL\",\"description\":\"Pjenu\u0161ci Per\u0161uri\u0107\",\"publisher\":{\"@id\":\"https:\/\/misal.hr\/en\/#organization\"},\"potentialAction\":[{\"@type\":\"SearchAction\",\"target\":{\"@type\":\"EntryPoint\",\"urlTemplate\":\"https:\/\/misal.hr\/en\/?s={search_term_string}\"},\"query-input\":{\"@type\":\"PropertyValueSpecification\",\"valueRequired\":true,\"valueName\":\"search_term_string\"}}],\"inLanguage\":\"en-US\"},{\"@type\":\"Organization\",\"@id\":\"https:\/\/misal.hr\/en\/#organization\",\"name\":\"PJENU\u0160CI PER\u0160URI\u0106 d.o.o.\",\"alternateName\":\"MISAL\",\"url\":\"https:\/\/misal.hr\/en\/\",\"logo\":{\"@type\":\"ImageObject\",\"inLanguage\":\"en-US\",\"@id\":\"https:\/\/misal.hr\/en\/#\/schema\/logo\/image\/\",\"url\":\"https:\/\/misal.hr\/wp-content\/uploads\/2016\/03\/misal_pjenusci_vina_persuric.jpg\",\"contentUrl\":\"https:\/\/misal.hr\/wp-content\/uploads\/2016\/03\/misal_pjenusci_vina_persuric.jpg\",\"width\":1500,\"height\":996,\"caption\":\"PJENU\u0160CI PER\u0160URI\u0106 d.o.o.\"},\"image\":{\"@id\":\"https:\/\/misal.hr\/en\/#\/schema\/logo\/image\/\"},\"sameAs\":[\"https:\/\/web.facebook.com\/misal.pjenusci\",\"https:\/\/www.instagram.com\/sparkling_wines_misal\/\"]}]}<\/script>\n<!-- \/ Yoast SEO plugin. -->","yoast_head_json":{"title":"Personal Data Protection - MISAL","robots":{"index":"index","follow":"follow","max-snippet":"max-snippet:-1","max-image-preview":"max-image-preview:large","max-video-preview":"max-video-preview:-1"},"canonical":"https:\/\/misal.hr\/en\/zastita-osobnih-podataka\/","og_locale":"en_US","og_type":"article","og_title":"Personal Data Protection - MISAL","og_description":"[vc_row][vc_column][vc_column_text]PRIVACY STATEMENT PJENU\u0160CI PER\u0160URI\u0106 d.o.o., PER\u0160URI\u0106I 5a, 52463 Vi\u0161njan (hereinafter: MISAL) retains all copyrights on the use of photographs, texts and other published materials in the sense of positive legal regulations in the Republic of Croatia. INTRODUCTORY PROVISIONS MISAL respects your privacy and undertakes to protect your personal information. Collecting and keeping data is carried Read More","og_url":"https:\/\/misal.hr\/en\/zastita-osobnih-podataka\/","og_site_name":"MISAL","article_publisher":"https:\/\/web.facebook.com\/misal.pjenusci","article_modified_time":"2018-06-07T07:09:59+00:00","og_image":[{"width":1920,"height":1272,"url":"https:\/\/misal.hr\/wp-content\/uploads\/2016\/03\/misal_web-sparkle-1.jpg","type":"image\/jpeg"}],"twitter_card":"summary_large_image","twitter_misc":{"Est. reading time":"15 minutes"},"schema":{"@context":"https:\/\/schema.org","@graph":[{"@type":"WebPage","@id":"https:\/\/misal.hr\/en\/zastita-osobnih-podataka\/","url":"https:\/\/misal.hr\/en\/zastita-osobnih-podataka\/","name":"Personal Data Protection - MISAL","isPartOf":{"@id":"https:\/\/misal.hr\/en\/#website"},"datePublished":"2016-03-21T13:06:29+00:00","dateModified":"2018-06-07T07:09:59+00:00","breadcrumb":{"@id":"https:\/\/misal.hr\/en\/zastita-osobnih-podataka\/#breadcrumb"},"inLanguage":"en-US","potentialAction":[{"@type":"ReadAction","target":[["https:\/\/misal.hr\/en\/zastita-osobnih-podataka\/"]]}]},{"@type":"BreadcrumbList","@id":"https:\/\/misal.hr\/en\/zastita-osobnih-podataka\/#breadcrumb","itemListElement":[{"@type":"ListItem","position":1,"name":"Home","item":"https:\/\/misal.hr\/en\/"},{"@type":"ListItem","position":2,"name":"Za\u0161tita osobnih podataka"}]},{"@type":"WebSite","@id":"https:\/\/misal.hr\/en\/#website","url":"https:\/\/misal.hr\/en\/","name":"MISAL","description":"Pjenu\u0161ci Per\u0161uri\u0107","publisher":{"@id":"https:\/\/misal.hr\/en\/#organization"},"potentialAction":[{"@type":"SearchAction","target":{"@type":"EntryPoint","urlTemplate":"https:\/\/misal.hr\/en\/?s={search_term_string}"},"query-input":{"@type":"PropertyValueSpecification","valueRequired":true,"valueName":"search_term_string"}}],"inLanguage":"en-US"},{"@type":"Organization","@id":"https:\/\/misal.hr\/en\/#organization","name":"PJENU\u0160CI PER\u0160URI\u0106 d.o.o.","alternateName":"MISAL","url":"https:\/\/misal.hr\/en\/","logo":{"@type":"ImageObject","inLanguage":"en-US","@id":"https:\/\/misal.hr\/en\/#\/schema\/logo\/image\/","url":"https:\/\/misal.hr\/wp-content\/uploads\/2016\/03\/misal_pjenusci_vina_persuric.jpg","contentUrl":"https:\/\/misal.hr\/wp-content\/uploads\/2016\/03\/misal_pjenusci_vina_persuric.jpg","width":1500,"height":996,"caption":"PJENU\u0160CI PER\u0160URI\u0106 d.o.o."},"image":{"@id":"https:\/\/misal.hr\/en\/#\/schema\/logo\/image\/"},"sameAs":["https:\/\/web.facebook.com\/misal.pjenusci","https:\/\/www.instagram.com\/sparkling_wines_misal\/"]}]}},"_links":{"self":[{"href":"https:\/\/misal.hr\/en\/wp-json\/wp\/v2\/pages\/519","targetHints":{"allow":["GET"]}}],"collection":[{"href":"https:\/\/misal.hr\/en\/wp-json\/wp\/v2\/pages"}],"about":[{"href":"https:\/\/misal.hr\/en\/wp-json\/wp\/v2\/types\/page"}],"author":[{"embeddable":true,"href":"https:\/\/misal.hr\/en\/wp-json\/wp\/v2\/users\/1"}],"replies":[{"embeddable":true,"href":"https:\/\/misal.hr\/en\/wp-json\/wp\/v2\/comments?post=519"}],"version-history":[{"count":0,"href":"https:\/\/misal.hr\/en\/wp-json\/wp\/v2\/pages\/519\/revisions"}],"wp:attachment":[{"href":"https:\/\/misal.hr\/en\/wp-json\/wp\/v2\/media?parent=519"}],"curies":[{"name":"wp","href":"https:\/\/api.w.org\/{rel}","templated":true}]}}