{"id":5981,"date":"2022-04-06T11:10:21","date_gmt":"2022-04-06T11:10:21","guid":{"rendered":"http:\/\/misal.hr\/?post_type=product&#038;p=5981"},"modified":"2022-04-12T07:54:07","modified_gmt":"2022-04-12T07:54:07","slug":"misal-pjenusac-sa-personaliziranom-etiketom-samo-za-vas-uskrs","status":"publish","type":"product","link":"https:\/\/misal.hr\/en\/proizvod\/misal-pjenusac-sa-personaliziranom-etiketom-samo-za-vas-uskrs\/","title":{"rendered":"MISAL Sparkling wine with a personalized label just for you | Easter"},"content":{"rendered":"","protected":false},"excerpt":{"rendered":"","protected":false},"featured_media":5990,"template":"","meta":{"_acf_changed":false},"product_brand":[],"product_cat":[129],"product_tag":[],"class_list":{"0":"post-5981","1":"product","2":"type-product","3":"status-publish","4":"has-post-thumbnail","6":"product_cat-personalizirana","8":"first","9":"instock","10":"taxable","11":"shipping-taxable","12":"purchasable","13":"product-type-composite"},"acf":[],"yoast_head":"<!-- This site is optimized with the Yoast SEO plugin v26.6 - https:\/\/yoast.com\/wordpress\/plugins\/seo\/ -->\n<title>MISAL Sparkling wine with a personalized label just for you | Easter - MISAL<\/title>\n<meta name=\"robots\" content=\"index, follow, max-snippet:-1, max-image-preview:large, max-video-preview:-1\" \/>\n<link rel=\"canonical\" href=\"https:\/\/misal.hr\/en\/proizvod\/misal-pjenusac-sa-personaliziranom-etiketom-samo-za-vas-uskrs\/\" \/>\n<meta property=\"og:locale\" content=\"en_US\" \/>\n<meta property=\"og:type\" content=\"article\" \/>\n<meta property=\"og:title\" content=\"MISAL Sparkling wine with a personalized label just for you | Easter - MISAL\" \/>\n<meta property=\"og:url\" content=\"https:\/\/misal.hr\/en\/proizvod\/misal-pjenusac-sa-personaliziranom-etiketom-samo-za-vas-uskrs\/\" \/>\n<meta property=\"og:site_name\" content=\"MISAL\" \/>\n<meta property=\"article:publisher\" content=\"https:\/\/web.facebook.com\/misal.pjenusci\" \/>\n<meta property=\"article:modified_time\" content=\"2022-04-12T07:54:07+00:00\" \/>\n<meta property=\"og:image\" content=\"https:\/\/misal.hr\/wp-content\/uploads\/2022\/04\/uskrs_etikete-01.jpg\" \/>\n\t<meta property=\"og:image:width\" content=\"592\" \/>\n\t<meta property=\"og:image:height\" content=\"592\" \/>\n\t<meta property=\"og:image:type\" content=\"image\/jpeg\" \/>\n<meta name=\"twitter:card\" content=\"summary_large_image\" \/>\n<script type=\"application\/ld+json\" class=\"yoast-schema-graph\">{\"@context\":\"https:\/\/schema.org\",\"@graph\":[{\"@type\":\"WebPage\",\"@id\":\"https:\/\/misal.hr\/en\/proizvod\/misal-pjenusac-sa-personaliziranom-etiketom-samo-za-vas-uskrs\/\",\"url\":\"https:\/\/misal.hr\/en\/proizvod\/misal-pjenusac-sa-personaliziranom-etiketom-samo-za-vas-uskrs\/\",\"name\":\"MISAL Sparkling wine with a personalized label just for you | Easter - MISAL\",\"isPartOf\":{\"@id\":\"https:\/\/misal.hr\/en\/#website\"},\"primaryImageOfPage\":{\"@id\":\"https:\/\/misal.hr\/en\/proizvod\/misal-pjenusac-sa-personaliziranom-etiketom-samo-za-vas-uskrs\/#primaryimage\"},\"image\":{\"@id\":\"https:\/\/misal.hr\/proizvod\/misal-pjenusac-sa-personaliziranom-etiketom-samo-za-vas-uskrs\/#primaryimage\"},\"thumbnailUrl\":\"https:\/\/misal.hr\/wp-content\/uploads\/2022\/04\/uskrs_etikete-01.jpg\",\"datePublished\":\"2022-04-06T11:10:21+00:00\",\"dateModified\":\"2022-04-12T07:54:07+00:00\",\"breadcrumb\":{\"@id\":\"https:\/\/misal.hr\/en\/proizvod\/misal-pjenusac-sa-personaliziranom-etiketom-samo-za-vas-uskrs\/#breadcrumb\"},\"inLanguage\":\"en-US\",\"potentialAction\":[{\"@type\":\"ReadAction\",\"target\":[[\"https:\/\/misal.hr\/en\/proizvod\/misal-pjenusac-sa-personaliziranom-etiketom-samo-za-vas-uskrs\/\"]]}]},{\"@type\":\"ImageObject\",\"inLanguage\":\"en-US\",\"@id\":\"https:\/\/misal.hr\/en\/proizvod\/misal-pjenusac-sa-personaliziranom-etiketom-samo-za-vas-uskrs\/#primaryimage\",\"url\":\"https:\/\/misal.hr\/wp-content\/uploads\/2022\/04\/uskrs_etikete-01.jpg\",\"contentUrl\":\"https:\/\/misal.hr\/wp-content\/uploads\/2022\/04\/uskrs_etikete-01.jpg\",\"width\":592,\"height\":592},{\"@type\":\"BreadcrumbList\",\"@id\":\"https:\/\/misal.hr\/en\/proizvod\/misal-pjenusac-sa-personaliziranom-etiketom-samo-za-vas-uskrs\/#breadcrumb\",\"itemListElement\":[{\"@type\":\"ListItem\",\"position\":1,\"name\":\"Home\",\"item\":\"https:\/\/misal.hr\/en\/\"},{\"@type\":\"ListItem\",\"position\":2,\"name\":\"Products\",\"item\":\"https:\/\/misal.hr\/en\/shop\/\"},{\"@type\":\"ListItem\",\"position\":3,\"name\":\"MISAL pjenu\u0161ac sa personaliziranom etiketom samo za vas | Uskrs\"}]},{\"@type\":\"WebSite\",\"@id\":\"https:\/\/misal.hr\/en\/#website\",\"url\":\"https:\/\/misal.hr\/en\/\",\"name\":\"MISAL\",\"description\":\"Pjenu\u0161ci Per\u0161uri\u0107\",\"publisher\":{\"@id\":\"https:\/\/misal.hr\/en\/#organization\"},\"potentialAction\":[{\"@type\":\"SearchAction\",\"target\":{\"@type\":\"EntryPoint\",\"urlTemplate\":\"https:\/\/misal.hr\/en\/?s={search_term_string}\"},\"query-input\":{\"@type\":\"PropertyValueSpecification\",\"valueRequired\":true,\"valueName\":\"search_term_string\"}}],\"inLanguage\":\"en-US\"},{\"@type\":\"Organization\",\"@id\":\"https:\/\/misal.hr\/en\/#organization\",\"name\":\"PJENU\u0160CI PER\u0160URI\u0106 d.o.o.\",\"alternateName\":\"MISAL\",\"url\":\"https:\/\/misal.hr\/en\/\",\"logo\":{\"@type\":\"ImageObject\",\"inLanguage\":\"en-US\",\"@id\":\"https:\/\/misal.hr\/en\/#\/schema\/logo\/image\/\",\"url\":\"https:\/\/misal.hr\/wp-content\/uploads\/2016\/03\/misal_pjenusci_vina_persuric.jpg\",\"contentUrl\":\"https:\/\/misal.hr\/wp-content\/uploads\/2016\/03\/misal_pjenusci_vina_persuric.jpg\",\"width\":1500,\"height\":996,\"caption\":\"PJENU\u0160CI PER\u0160URI\u0106 d.o.o.\"},\"image\":{\"@id\":\"https:\/\/misal.hr\/en\/#\/schema\/logo\/image\/\"},\"sameAs\":[\"https:\/\/web.facebook.com\/misal.pjenusci\",\"https:\/\/www.instagram.com\/sparkling_wines_misal\/\"]}]}<\/script>\n<!-- \/ Yoast SEO plugin. -->","yoast_head_json":{"title":"MISAL Sparkling wine with a personalized label just for you | Easter - MISAL","robots":{"index":"index","follow":"follow","max-snippet":"max-snippet:-1","max-image-preview":"max-image-preview:large","max-video-preview":"max-video-preview:-1"},"canonical":"https:\/\/misal.hr\/en\/proizvod\/misal-pjenusac-sa-personaliziranom-etiketom-samo-za-vas-uskrs\/","og_locale":"en_US","og_type":"article","og_title":"MISAL Sparkling wine with a personalized label just for you | Easter - MISAL","og_url":"https:\/\/misal.hr\/en\/proizvod\/misal-pjenusac-sa-personaliziranom-etiketom-samo-za-vas-uskrs\/","og_site_name":"MISAL","article_publisher":"https:\/\/web.facebook.com\/misal.pjenusci","article_modified_time":"2022-04-12T07:54:07+00:00","og_image":[{"width":592,"height":592,"url":"https:\/\/misal.hr\/wp-content\/uploads\/2022\/04\/uskrs_etikete-01.jpg","type":"image\/jpeg"}],"twitter_card":"summary_large_image","schema":{"@context":"https:\/\/schema.org","@graph":[{"@type":"WebPage","@id":"https:\/\/misal.hr\/en\/proizvod\/misal-pjenusac-sa-personaliziranom-etiketom-samo-za-vas-uskrs\/","url":"https:\/\/misal.hr\/en\/proizvod\/misal-pjenusac-sa-personaliziranom-etiketom-samo-za-vas-uskrs\/","name":"MISAL Sparkling wine with a personalized label just for you | Easter - MISAL","isPartOf":{"@id":"https:\/\/misal.hr\/en\/#website"},"primaryImageOfPage":{"@id":"https:\/\/misal.hr\/en\/proizvod\/misal-pjenusac-sa-personaliziranom-etiketom-samo-za-vas-uskrs\/#primaryimage"},"image":{"@id":"https:\/\/misal.hr\/proizvod\/misal-pjenusac-sa-personaliziranom-etiketom-samo-za-vas-uskrs\/#primaryimage"},"thumbnailUrl":"https:\/\/misal.hr\/wp-content\/uploads\/2022\/04\/uskrs_etikete-01.jpg","datePublished":"2022-04-06T11:10:21+00:00","dateModified":"2022-04-12T07:54:07+00:00","breadcrumb":{"@id":"https:\/\/misal.hr\/en\/proizvod\/misal-pjenusac-sa-personaliziranom-etiketom-samo-za-vas-uskrs\/#breadcrumb"},"inLanguage":"en-US","potentialAction":[{"@type":"ReadAction","target":[["https:\/\/misal.hr\/en\/proizvod\/misal-pjenusac-sa-personaliziranom-etiketom-samo-za-vas-uskrs\/"]]}]},{"@type":"ImageObject","inLanguage":"en-US","@id":"https:\/\/misal.hr\/en\/proizvod\/misal-pjenusac-sa-personaliziranom-etiketom-samo-za-vas-uskrs\/#primaryimage","url":"https:\/\/misal.hr\/wp-content\/uploads\/2022\/04\/uskrs_etikete-01.jpg","contentUrl":"https:\/\/misal.hr\/wp-content\/uploads\/2022\/04\/uskrs_etikete-01.jpg","width":592,"height":592},{"@type":"BreadcrumbList","@id":"https:\/\/misal.hr\/en\/proizvod\/misal-pjenusac-sa-personaliziranom-etiketom-samo-za-vas-uskrs\/#breadcrumb","itemListElement":[{"@type":"ListItem","position":1,"name":"Home","item":"https:\/\/misal.hr\/en\/"},{"@type":"ListItem","position":2,"name":"Products","item":"https:\/\/misal.hr\/en\/shop\/"},{"@type":"ListItem","position":3,"name":"MISAL pjenu\u0161ac sa personaliziranom etiketom samo za vas | Uskrs"}]},{"@type":"WebSite","@id":"https:\/\/misal.hr\/en\/#website","url":"https:\/\/misal.hr\/en\/","name":"MISAL","description":"Pjenu\u0161ci Per\u0161uri\u0107","publisher":{"@id":"https:\/\/misal.hr\/en\/#organization"},"potentialAction":[{"@type":"SearchAction","target":{"@type":"EntryPoint","urlTemplate":"https:\/\/misal.hr\/en\/?s={search_term_string}"},"query-input":{"@type":"PropertyValueSpecification","valueRequired":true,"valueName":"search_term_string"}}],"inLanguage":"en-US"},{"@type":"Organization","@id":"https:\/\/misal.hr\/en\/#organization","name":"PJENU\u0160CI PER\u0160URI\u0106 d.o.o.","alternateName":"MISAL","url":"https:\/\/misal.hr\/en\/","logo":{"@type":"ImageObject","inLanguage":"en-US","@id":"https:\/\/misal.hr\/en\/#\/schema\/logo\/image\/","url":"https:\/\/misal.hr\/wp-content\/uploads\/2016\/03\/misal_pjenusci_vina_persuric.jpg","contentUrl":"https:\/\/misal.hr\/wp-content\/uploads\/2016\/03\/misal_pjenusci_vina_persuric.jpg","width":1500,"height":996,"caption":"PJENU\u0160CI PER\u0160URI\u0106 d.o.o."},"image":{"@id":"https:\/\/misal.hr\/en\/#\/schema\/logo\/image\/"},"sameAs":["https:\/\/web.facebook.com\/misal.pjenusci","https:\/\/www.instagram.com\/sparkling_wines_misal\/"]}]}},"_links":{"self":[{"href":"https:\/\/misal.hr\/en\/wp-json\/wp\/v2\/product\/5981","targetHints":{"allow":["GET"]}}],"collection":[{"href":"https:\/\/misal.hr\/en\/wp-json\/wp\/v2\/product"}],"about":[{"href":"https:\/\/misal.hr\/en\/wp-json\/wp\/v2\/types\/product"}],"wp:featuredmedia":[{"embeddable":true,"href":"https:\/\/misal.hr\/en\/wp-json\/wp\/v2\/media\/5990"}],"wp:attachment":[{"href":"https:\/\/misal.hr\/en\/wp-json\/wp\/v2\/media?parent=5981"}],"wp:term":[{"taxonomy":"product_brand","embeddable":true,"href":"https:\/\/misal.hr\/en\/wp-json\/wp\/v2\/product_brand?post=5981"},{"taxonomy":"product_cat","embeddable":true,"href":"https:\/\/misal.hr\/en\/wp-json\/wp\/v2\/product_cat?post=5981"},{"taxonomy":"product_tag","embeddable":true,"href":"https:\/\/misal.hr\/en\/wp-json\/wp\/v2\/product_tag?post=5981"}],"curies":[{"name":"wp","href":"https:\/\/api.w.org\/{rel}","templated":true}]}}