{"id":1233,"date":"2017-02-25T17:51:01","date_gmt":"2017-02-25T17:51:01","guid":{"rendered":"http:\/\/misal.hr\/?page_id=1233"},"modified":"2019-11-18T13:57:31","modified_gmt":"2019-11-18T13:57:31","slug":"aktualno","status":"publish","type":"page","link":"https:\/\/misal.hr\/hr\/aktualno\/","title":{"rendered":"AKTUALNO"},"content":{"rendered":"<div class=\"wpb-content-wrapper\"><p>[vc_row equal_height=&#8221;yes&#8221; content_placement=&#8221;middle&#8221;][vc_column]\n\t<div class=\"title-subtitle-box \" style=\" text-align: center;\">\n\t\t<p  style=\"\">Posljednje<\/p>\n\t\t<h1 style=\" font-style: normal;\">NOVOSTI<\/h1>\n\t<\/div> \n\t<div class=\" vc-gg-blog-posts\">\n\t<div class=\"gg_posts_grid\">\n\t<ul  class=\"el-grid row \" data-layout-mode=\"masonry\" data-pagination=\"none\">\n\t<li class=\"  isotope-item col-xs-12 col-sm-6 col-md-4 grid-cat-novosti \">\n\t\r\n<article id=\"post-5243\" class=\"gg-vc-posts-grid-default-no-img post-5243 post type-post status-publish format-standard has-post-thumbnail category-novosti\">\r\n\t\t<header class=\"entry-header\">\r\n\t\t\t<time class=\"updated\" datetime=\"%2\">22\/11\/2021<\/time>\t\t\t<h2 class=\"entry-title\"><a href=\"https:\/\/misal.hr\/hr\/novo-istarski-koktel-pjenusac\/\" rel=\"bookmark\">NOVO! Istarski koktel pjenu\u0161ac<\/a><\/h2>\t\t<\/header><!-- .entry-header -->\r\n\r\n\t\t<div class=\"entry-summary\">\r\n\t\t\t<p>Pjenu\u0161avo vino proizvedeno klasi\u010dnom metodom od sorti gro\u017e\u0111a Pinot crni i Malvazija istarska uz dodatak istarskog likera Teranina \u010dini savr\u0161eno osvje\u017eenje u svako doba dana. Preporuka za serviranje: ohla\u0111eno na 4 \u00b0C u toplim mjesecima servirati uz 1 \u017eli\u010dicu smrznutog crvenog vo\u0107a i ananasa, a u zimskim mjesecima uz pola kri\u0161ke naran\u010de, smrznute borovnice i<br class=\"read-more-spacer\"> <a class=\"more-link\" href=\"https:\/\/misal.hr\/hr\/novo-istarski-koktel-pjenusac\/\">Read More<\/a><\/p>\n\t\t<\/div><!-- .entry-summary -->\r\n<\/article><!-- article -->\r\n\n\t<\/li>\n\t<li class=\"  isotope-item col-xs-12 col-sm-6 col-md-4 grid-cat-akcije grid-cat-novosti \">\n\t\r\n<article id=\"post-4239\" class=\"gg-vc-posts-grid-default-no-img post-4239 post type-post status-publish format-standard has-post-thumbnail category-akcije category-novosti\">\r\n\t\t<header class=\"entry-header\">\r\n\t\t\t<time class=\"updated\" datetime=\"%2\">04\/12\/2020<\/time>\t\t\t<h2 class=\"entry-title\"><a href=\"https:\/\/misal.hr\/hr\/posebna-ponuda\/\" rel=\"bookmark\">Posebna ponuda<\/a><\/h2>\t\t<\/header><!-- .entry-header -->\r\n\r\n\t\t<div class=\"entry-summary\">\r\n\t\t\t\t\t<\/div><!-- .entry-summary -->\r\n<\/article><!-- article -->\r\n\n\t<\/li>\n\t<li class=\"  isotope-item col-xs-12 col-sm-6 col-md-4 grid-cat-sajmovi grid-cat-novosti \">\n\t\r\n<article id=\"post-3275\" class=\"gg-vc-posts-grid-default-no-img post-3275 post type-post status-publish format-standard has-post-thumbnail category-sajmovi category-novosti\">\r\n\t\t<header class=\"entry-header\">\r\n\t\t\t<time class=\"updated\" datetime=\"%2\">18\/11\/2019<\/time>\t\t\t<h2 class=\"entry-title\"><a href=\"https:\/\/misal.hr\/hr\/festival-pjenusaca-visnjan\/\" rel=\"bookmark\">Festival pjenu\u0161aca Vi\u0161njan<\/a><\/h2>\t\t<\/header><!-- .entry-header -->\r\n\r\n\t\t<div class=\"entry-summary\">\r\n\t\t\t<p>Festival pjenu\u0161aca Vi\u0161njan \u2013 06.12.-07.12.2019. od 13 do 19h \u2013 Pala\u010da Sincich Vi\u0161njan, Hrvatska<\/p>\n\t\t<\/div><!-- .entry-summary -->\r\n<\/article><!-- article -->\r\n\n\t<\/li>\n\t<\/ul>\n\t<\/div>\n\t<\/div>[vc_btn title=&#8221;SVE NOVOSTI&#8221; style=&#8221;flat&#8221; shape=&#8221;square&#8221; color=&#8221;chino&#8221; size=&#8221;sm&#8221; align=&#8221;center&#8221; link=&#8221;url:http%3A%2F%2Fmisal.hr%2Faktualno%2Fnovosti%2F|||&#8221;][\/vc_column][\/vc_row][vc_row full_width=&#8221;stretch_row&#8221; equal_height=&#8221;yes&#8221; content_placement=&#8221;middle&#8221; css=&#8221;.vc_custom_1488881165335{background-color: #e8e8e8 !important;}&#8221;][vc_column]\n\t<div class=\"title-subtitle-box \" style=\" text-align: center;\">\n\t\t<p  style=\"\">DRUGI<\/p>\n\t\t<h1 style=\" font-style: normal;\">O NAMA<\/h1>\n\t<\/div> [vc_column_text]<\/p>\n<p style=\"text-align: center;\"><span style=\"color: #000000;\">O nama su pisali mnogi svjetski \u010dasopisi i portali.<\/span><\/p>\n<p>[\/vc_column_text][vc_row_inner][vc_column_inner width=&#8221;1\/4&#8243;][vc_single_image image=&#8221;1365&#8243; img_size=&#8221;full&#8221; alignment=&#8221;center&#8221;][\/vc_column_inner][vc_column_inner width=&#8221;1\/4&#8243;][vc_single_image image=&#8221;1367&#8243; img_size=&#8221;full&#8221; alignment=&#8221;center&#8221;][\/vc_column_inner][vc_column_inner width=&#8221;1\/4&#8243;][vc_single_image image=&#8221;1366&#8243; img_size=&#8221;full&#8221; alignment=&#8221;center&#8221;][\/vc_column_inner][vc_column_inner width=&#8221;1\/4&#8243;][vc_single_image image=&#8221;1372&#8243; img_size=&#8221;full&#8221; alignment=&#8221;center&#8221;][\/vc_column_inner][\/vc_row_inner][vc_btn title=&#8221;POGLEDAJMO&#8221; style=&#8221;flat&#8221; shape=&#8221;square&#8221; color=&#8221;chino&#8221; size=&#8221;sm&#8221; align=&#8221;center&#8221; link=&#8221;url:http%3A%2F%2Fmisal.hr%2Faktualno%2Fdrugi-o-nama%2F|||&#8221;][\/vc_column][\/vc_row][vc_row equal_height=&#8221;yes&#8221; content_placement=&#8221;middle&#8221;][vc_column]\n\t<div class=\"title-subtitle-box \" style=\" text-align: center;\">\n\t\t<p  style=\"\">Misal<\/p>\n\t\t<h1 style=\" font-style: normal;\">SPECIJAL<\/h1>\n\t<\/div> [vc_row_inner][vc_column_inner width=&#8221;1\/3&#8243;][vc_column_text css=&#8221;.vc_custom_1492773679486{padding-top: 50px !important;padding-right: 30px !important;padding-bottom: 50px !important;padding-left: 30px !important;background-color: #000000 !important;}&#8221;]<\/p>\n<p style=\"text-align: center;\"><span style=\"color: #ffffff;\">POKLON PAKETI<\/span><\/p>\n<p>[\/vc_column_text][\/vc_column_inner][vc_column_inner width=&#8221;1\/3&#8243;][vc_column_text css=&#8221;.vc_custom_1492773685334{padding-top: 50px !important;padding-right: 30px !important;padding-bottom: 50px !important;padding-left: 30px !important;background-color: #000000 !important;}&#8221;]<\/p>\n<p style=\"text-align: center;\"><span style=\"color: #ffffff;\">PERSONALIZIRANE SERIJE<\/span><\/p>\n<p>[\/vc_column_text][\/vc_column_inner][vc_column_inner width=&#8221;1\/3&#8243;][vc_column_text css=&#8221;.vc_custom_1492773692006{padding-top: 50px !important;padding-right: 30px !important;padding-bottom: 50px !important;padding-left: 30px !important;background-color: #000000 !important;}&#8221;]<\/p>\n<p style=\"text-align: center;\"><span style=\"color: #ffffff;\">LIMITIRANE SERIJE<\/span><\/p>\n<p>[\/vc_column_text][\/vc_column_inner][\/vc_row_inner][vc_btn title=&#8221;POGLEDAJMO&#8221; style=&#8221;flat&#8221; shape=&#8221;square&#8221; color=&#8221;chino&#8221; size=&#8221;sm&#8221; align=&#8221;center&#8221; link=&#8221;url:http%3A%2F%2Fmisal.hr%2Faktualno%2Fpoklon-paketi%2F|||&#8221;][\/vc_column][\/vc_row]<\/p>\n<\/div>","protected":false},"excerpt":{"rendered":"<p>[vc_row equal_height=&#8221;yes&#8221; content_placement=&#8221;middle&#8221;][vc_column][vc_btn title=&#8221;SVE NOVOSTI&#8221; style=&#8221;flat&#8221; shape=&#8221;square&#8221; color=&#8221;chino&#8221; size=&#8221;sm&#8221; align=&#8221;center&#8221; link=&#8221;url:http%3A%2F%2Fmisal.hr%2Faktualno%2Fnovosti%2F|||&#8221;][\/vc_column][\/vc_row][vc_row full_width=&#8221;stretch_row&#8221; equal_height=&#8221;yes&#8221; content_placement=&#8221;middle&#8221; css=&#8221;.vc_custom_1488881165335{background-color: #e8e8e8 !important;}&#8221;][vc_column][vc_column_text] O nama su pisali mnogi svjetski \u010dasopisi i portali. [\/vc_column_text][vc_row_inner][vc_column_inner width=&#8221;1\/4&#8243;][vc_single_image image=&#8221;1365&#8243; img_size=&#8221;full&#8221; alignment=&#8221;center&#8221;][\/vc_column_inner][vc_column_inner width=&#8221;1\/4&#8243;][vc_single_image image=&#8221;1367&#8243; img_size=&#8221;full&#8221; alignment=&#8221;center&#8221;][\/vc_column_inner][vc_column_inner width=&#8221;1\/4&#8243;][vc_single_image image=&#8221;1366&#8243; img_size=&#8221;full&#8221; alignment=&#8221;center&#8221;][\/vc_column_inner][vc_column_inner width=&#8221;1\/4&#8243;][vc_single_image image=&#8221;1372&#8243; img_size=&#8221;full&#8221; alignment=&#8221;center&#8221;][\/vc_column_inner][\/vc_row_inner][vc_btn title=&#8221;POGLEDAJMO&#8221; style=&#8221;flat&#8221; shape=&#8221;square&#8221; color=&#8221;chino&#8221; size=&#8221;sm&#8221; align=&#8221;center&#8221; link=&#8221;url:http%3A%2F%2Fmisal.hr%2Faktualno%2Fdrugi-o-nama%2F|||&#8221;][\/vc_column][\/vc_row][vc_row equal_height=&#8221;yes&#8221; content_placement=&#8221;middle&#8221;][vc_column][vc_row_inner][vc_column_inner width=&#8221;1\/3&#8243;][vc_column_text css=&#8221;.vc_custom_1492773679486{padding-top: 50px<br class=\"read-more-spacer\"> <a class=\"more-link\" href=\"https:\/\/misal.hr\/hr\/14-zagreb-vinocom\/\">Read More<\/a><\/p>\n","protected":false},"author":1,"featured_media":0,"parent":0,"menu_order":0,"comment_status":"closed","ping_status":"closed","template":"","meta":{"_acf_changed":false,"footnotes":""},"class_list":["post-1233","page","type-page","status-publish"],"acf":[],"yoast_head":"<!-- This site is optimized with the Yoast SEO plugin v26.6 - https:\/\/yoast.com\/wordpress\/plugins\/seo\/ -->\n<title>AKTUALNO - MISAL<\/title>\n<meta name=\"robots\" content=\"index, follow, max-snippet:-1, max-image-preview:large, max-video-preview:-1\" \/>\n<link rel=\"canonical\" href=\"https:\/\/misal.hr\/hr\/aktualno\/\" \/>\n<meta property=\"og:locale\" content=\"hr_HR\" \/>\n<meta property=\"og:type\" content=\"article\" \/>\n<meta property=\"og:title\" content=\"AKTUALNO - MISAL\" \/>\n<meta property=\"og:description\" content=\"[vc_row equal_height=&#8221;yes&#8221; content_placement=&#8221;middle&#8221;][vc_column][vc_btn title=&#8221;SVE NOVOSTI&#8221; style=&#8221;flat&#8221; shape=&#8221;square&#8221; color=&#8221;chino&#8221; size=&#8221;sm&#8221; align=&#8221;center&#8221; link=&#8221;url:http%3A%2F%2Fmisal.hr%2Faktualno%2Fnovosti%2F|||&#8221;][\/vc_column][\/vc_row][vc_row full_width=&#8221;stretch_row&#8221; equal_height=&#8221;yes&#8221; content_placement=&#8221;middle&#8221; css=&#8221;.vc_custom_1488881165335{background-color: #e8e8e8 !important;}&#8221;][vc_column][vc_column_text] O nama su pisali mnogi svjetski \u010dasopisi i portali. [\/vc_column_text][vc_row_inner][vc_column_inner width=&#8221;1\/4&#8243;][vc_single_image image=&#8221;1365&#8243; img_size=&#8221;full&#8221; alignment=&#8221;center&#8221;][\/vc_column_inner][vc_column_inner width=&#8221;1\/4&#8243;][vc_single_image image=&#8221;1367&#8243; img_size=&#8221;full&#8221; alignment=&#8221;center&#8221;][\/vc_column_inner][vc_column_inner width=&#8221;1\/4&#8243;][vc_single_image image=&#8221;1366&#8243; img_size=&#8221;full&#8221; alignment=&#8221;center&#8221;][\/vc_column_inner][vc_column_inner width=&#8221;1\/4&#8243;][vc_single_image image=&#8221;1372&#8243; img_size=&#8221;full&#8221; alignment=&#8221;center&#8221;][\/vc_column_inner][\/vc_row_inner][vc_btn title=&#8221;POGLEDAJMO&#8221; style=&#8221;flat&#8221; shape=&#8221;square&#8221; color=&#8221;chino&#8221; size=&#8221;sm&#8221; align=&#8221;center&#8221; link=&#8221;url:http%3A%2F%2Fmisal.hr%2Faktualno%2Fdrugi-o-nama%2F|||&#8221;][\/vc_column][\/vc_row][vc_row equal_height=&#8221;yes&#8221; content_placement=&#8221;middle&#8221;][vc_column][vc_row_inner][vc_column_inner width=&#8221;1\/3&#8243;][vc_column_text css=&#8221;.vc_custom_1492773679486{padding-top: 50px Read More\" \/>\n<meta property=\"og:url\" content=\"https:\/\/misal.hr\/hr\/aktualno\/\" \/>\n<meta property=\"og:site_name\" content=\"MISAL\" \/>\n<meta property=\"article:publisher\" content=\"https:\/\/web.facebook.com\/misal.pjenusci\" \/>\n<meta property=\"article:modified_time\" content=\"2019-11-18T13:57:31+00:00\" \/>\n<meta property=\"og:image\" content=\"https:\/\/misal.hr\/wp-content\/uploads\/2016\/03\/misal_web-sparkle-1.jpg\" \/>\n\t<meta property=\"og:image:width\" content=\"1920\" \/>\n\t<meta property=\"og:image:height\" content=\"1272\" \/>\n\t<meta property=\"og:image:type\" content=\"image\/jpeg\" \/>\n<meta name=\"twitter:card\" content=\"summary_large_image\" \/>\n<meta name=\"twitter:label1\" content=\"Procijenjeno vrijeme \u010ditanja\" \/>\n\t<meta name=\"twitter:data1\" content=\"7 minuta\" \/>\n<script type=\"application\/ld+json\" class=\"yoast-schema-graph\">{\"@context\":\"https:\/\/schema.org\",\"@graph\":[{\"@type\":\"WebPage\",\"@id\":\"https:\/\/misal.hr\/hr\/aktualno\/\",\"url\":\"https:\/\/misal.hr\/hr\/aktualno\/\",\"name\":\"AKTUALNO - MISAL\",\"isPartOf\":{\"@id\":\"https:\/\/misal.hr\/hr\/#website\"},\"datePublished\":\"2017-02-25T17:51:01+00:00\",\"dateModified\":\"2019-11-18T13:57:31+00:00\",\"breadcrumb\":{\"@id\":\"https:\/\/misal.hr\/hr\/aktualno\/#breadcrumb\"},\"inLanguage\":\"hr\",\"potentialAction\":[{\"@type\":\"ReadAction\",\"target\":[[\"https:\/\/misal.hr\/hr\/aktualno\/\"]]}]},{\"@type\":\"BreadcrumbList\",\"@id\":\"https:\/\/misal.hr\/hr\/aktualno\/#breadcrumb\",\"itemListElement\":[{\"@type\":\"ListItem\",\"position\":1,\"name\":\"Home\",\"item\":\"https:\/\/misal.hr\/hr\/\"},{\"@type\":\"ListItem\",\"position\":2,\"name\":\"AKTUALNO\"}]},{\"@type\":\"WebSite\",\"@id\":\"https:\/\/misal.hr\/hr\/#website\",\"url\":\"https:\/\/misal.hr\/hr\/\",\"name\":\"MISAL\",\"description\":\"Pjenu\u0161ci Per\u0161uri\u0107\",\"publisher\":{\"@id\":\"https:\/\/misal.hr\/hr\/#organization\"},\"potentialAction\":[{\"@type\":\"SearchAction\",\"target\":{\"@type\":\"EntryPoint\",\"urlTemplate\":\"https:\/\/misal.hr\/hr\/?s={search_term_string}\"},\"query-input\":{\"@type\":\"PropertyValueSpecification\",\"valueRequired\":true,\"valueName\":\"search_term_string\"}}],\"inLanguage\":\"hr\"},{\"@type\":\"Organization\",\"@id\":\"https:\/\/misal.hr\/hr\/#organization\",\"name\":\"PJENU\u0160CI PER\u0160URI\u0106 d.o.o.\",\"alternateName\":\"MISAL\",\"url\":\"https:\/\/misal.hr\/hr\/\",\"logo\":{\"@type\":\"ImageObject\",\"inLanguage\":\"hr\",\"@id\":\"https:\/\/misal.hr\/hr\/#\/schema\/logo\/image\/\",\"url\":\"https:\/\/misal.hr\/wp-content\/uploads\/2016\/03\/misal_pjenusci_vina_persuric.jpg\",\"contentUrl\":\"https:\/\/misal.hr\/wp-content\/uploads\/2016\/03\/misal_pjenusci_vina_persuric.jpg\",\"width\":1500,\"height\":996,\"caption\":\"PJENU\u0160CI PER\u0160URI\u0106 d.o.o.\"},\"image\":{\"@id\":\"https:\/\/misal.hr\/hr\/#\/schema\/logo\/image\/\"},\"sameAs\":[\"https:\/\/web.facebook.com\/misal.pjenusci\",\"https:\/\/www.instagram.com\/sparkling_wines_misal\/\"]}]}<\/script>\n<!-- \/ Yoast SEO plugin. -->","yoast_head_json":{"title":"AKTUALNO - MISAL","robots":{"index":"index","follow":"follow","max-snippet":"max-snippet:-1","max-image-preview":"max-image-preview:large","max-video-preview":"max-video-preview:-1"},"canonical":"https:\/\/misal.hr\/hr\/aktualno\/","og_locale":"hr_HR","og_type":"article","og_title":"AKTUALNO - MISAL","og_description":"[vc_row equal_height=&#8221;yes&#8221; content_placement=&#8221;middle&#8221;][vc_column][vc_btn title=&#8221;SVE NOVOSTI&#8221; style=&#8221;flat&#8221; shape=&#8221;square&#8221; color=&#8221;chino&#8221; size=&#8221;sm&#8221; align=&#8221;center&#8221; link=&#8221;url:http%3A%2F%2Fmisal.hr%2Faktualno%2Fnovosti%2F|||&#8221;][\/vc_column][\/vc_row][vc_row full_width=&#8221;stretch_row&#8221; equal_height=&#8221;yes&#8221; content_placement=&#8221;middle&#8221; css=&#8221;.vc_custom_1488881165335{background-color: #e8e8e8 !important;}&#8221;][vc_column][vc_column_text] O nama su pisali mnogi svjetski \u010dasopisi i portali. [\/vc_column_text][vc_row_inner][vc_column_inner width=&#8221;1\/4&#8243;][vc_single_image image=&#8221;1365&#8243; img_size=&#8221;full&#8221; alignment=&#8221;center&#8221;][\/vc_column_inner][vc_column_inner width=&#8221;1\/4&#8243;][vc_single_image image=&#8221;1367&#8243; img_size=&#8221;full&#8221; alignment=&#8221;center&#8221;][\/vc_column_inner][vc_column_inner width=&#8221;1\/4&#8243;][vc_single_image image=&#8221;1366&#8243; img_size=&#8221;full&#8221; alignment=&#8221;center&#8221;][\/vc_column_inner][vc_column_inner width=&#8221;1\/4&#8243;][vc_single_image image=&#8221;1372&#8243; img_size=&#8221;full&#8221; alignment=&#8221;center&#8221;][\/vc_column_inner][\/vc_row_inner][vc_btn title=&#8221;POGLEDAJMO&#8221; style=&#8221;flat&#8221; shape=&#8221;square&#8221; color=&#8221;chino&#8221; size=&#8221;sm&#8221; align=&#8221;center&#8221; link=&#8221;url:http%3A%2F%2Fmisal.hr%2Faktualno%2Fdrugi-o-nama%2F|||&#8221;][\/vc_column][\/vc_row][vc_row equal_height=&#8221;yes&#8221; content_placement=&#8221;middle&#8221;][vc_column][vc_row_inner][vc_column_inner width=&#8221;1\/3&#8243;][vc_column_text css=&#8221;.vc_custom_1492773679486{padding-top: 50px Read More","og_url":"https:\/\/misal.hr\/hr\/aktualno\/","og_site_name":"MISAL","article_publisher":"https:\/\/web.facebook.com\/misal.pjenusci","article_modified_time":"2019-11-18T13:57:31+00:00","og_image":[{"width":1920,"height":1272,"url":"https:\/\/misal.hr\/wp-content\/uploads\/2016\/03\/misal_web-sparkle-1.jpg","type":"image\/jpeg"}],"twitter_card":"summary_large_image","twitter_misc":{"Procijenjeno vrijeme \u010ditanja":"7 minuta"},"schema":{"@context":"https:\/\/schema.org","@graph":[{"@type":"WebPage","@id":"https:\/\/misal.hr\/hr\/aktualno\/","url":"https:\/\/misal.hr\/hr\/aktualno\/","name":"AKTUALNO - MISAL","isPartOf":{"@id":"https:\/\/misal.hr\/hr\/#website"},"datePublished":"2017-02-25T17:51:01+00:00","dateModified":"2019-11-18T13:57:31+00:00","breadcrumb":{"@id":"https:\/\/misal.hr\/hr\/aktualno\/#breadcrumb"},"inLanguage":"hr","potentialAction":[{"@type":"ReadAction","target":[["https:\/\/misal.hr\/hr\/aktualno\/"]]}]},{"@type":"BreadcrumbList","@id":"https:\/\/misal.hr\/hr\/aktualno\/#breadcrumb","itemListElement":[{"@type":"ListItem","position":1,"name":"Home","item":"https:\/\/misal.hr\/hr\/"},{"@type":"ListItem","position":2,"name":"AKTUALNO"}]},{"@type":"WebSite","@id":"https:\/\/misal.hr\/hr\/#website","url":"https:\/\/misal.hr\/hr\/","name":"MISAL","description":"Pjenu\u0161ci Per\u0161uri\u0107","publisher":{"@id":"https:\/\/misal.hr\/hr\/#organization"},"potentialAction":[{"@type":"SearchAction","target":{"@type":"EntryPoint","urlTemplate":"https:\/\/misal.hr\/hr\/?s={search_term_string}"},"query-input":{"@type":"PropertyValueSpecification","valueRequired":true,"valueName":"search_term_string"}}],"inLanguage":"hr"},{"@type":"Organization","@id":"https:\/\/misal.hr\/hr\/#organization","name":"PJENU\u0160CI PER\u0160URI\u0106 d.o.o.","alternateName":"MISAL","url":"https:\/\/misal.hr\/hr\/","logo":{"@type":"ImageObject","inLanguage":"hr","@id":"https:\/\/misal.hr\/hr\/#\/schema\/logo\/image\/","url":"https:\/\/misal.hr\/wp-content\/uploads\/2016\/03\/misal_pjenusci_vina_persuric.jpg","contentUrl":"https:\/\/misal.hr\/wp-content\/uploads\/2016\/03\/misal_pjenusci_vina_persuric.jpg","width":1500,"height":996,"caption":"PJENU\u0160CI PER\u0160URI\u0106 d.o.o."},"image":{"@id":"https:\/\/misal.hr\/hr\/#\/schema\/logo\/image\/"},"sameAs":["https:\/\/web.facebook.com\/misal.pjenusci","https:\/\/www.instagram.com\/sparkling_wines_misal\/"]}]}},"_links":{"self":[{"href":"https:\/\/misal.hr\/hr\/wp-json\/wp\/v2\/pages\/1233","targetHints":{"allow":["GET"]}}],"collection":[{"href":"https:\/\/misal.hr\/hr\/wp-json\/wp\/v2\/pages"}],"about":[{"href":"https:\/\/misal.hr\/hr\/wp-json\/wp\/v2\/types\/page"}],"author":[{"embeddable":true,"href":"https:\/\/misal.hr\/hr\/wp-json\/wp\/v2\/users\/1"}],"replies":[{"embeddable":true,"href":"https:\/\/misal.hr\/hr\/wp-json\/wp\/v2\/comments?post=1233"}],"version-history":[{"count":0,"href":"https:\/\/misal.hr\/hr\/wp-json\/wp\/v2\/pages\/1233\/revisions"}],"wp:attachment":[{"href":"https:\/\/misal.hr\/hr\/wp-json\/wp\/v2\/media?parent=1233"}],"curies":[{"name":"wp","href":"https:\/\/api.w.org\/{rel}","templated":true}]}}