{"id":1236,"date":"2017-02-25T17:51:15","date_gmt":"2017-02-25T17:51:15","guid":{"rendered":"http:\/\/misal.hr\/?page_id=1236"},"modified":"2023-04-12T10:04:07","modified_gmt":"2023-04-12T10:04:07","slug":"poklon-paketi","status":"publish","type":"page","link":"https:\/\/misal.hr\/hr\/aktualno\/poklon-paketi\/","title":{"rendered":"SPECIJAL"},"content":{"rendered":"<div class=\"wpb-content-wrapper\"><p>[vc_row content_placement=&#8221;middle&#8221;][vc_column width=&#8221;1\/4&#8243;][vc_single_image image=&#8221;1530&#8243; img_size=&#8221;full&#8221;][\/vc_column][vc_column width=&#8221;3\/4&#8243;][vc_column_text]<\/p>\n<h3>Poklon paketi<\/h3>\n<p>Tra\u017eite poklone za poslovne partnere, obitelj ili posebne doga\u0111aje u \u017eivotu za vas smo pripremili poklon pakete s drvenim kutijama za jednu bocu. Po narud\u017ebi mo\u017eemo izraditi i poklon pakete s vi\u0161e boca, te s na\u0161im \u010da\u0161ama, posudama za hla\u0111enje ili stoper \u010depovima.<\/p>\n<p>&nbsp;<\/p>\n<h3><\/h3>\n<p>[\/vc_column_text][\/vc_column][\/vc_row][vc_row content_placement=&#8221;middle&#8221;][vc_column][vc_column_text]<\/p>\n<h3>Personalizirane serije<\/h3>\n<p>Ponosni smo na projekt personaliziranih serija na\u0161ih proizvoda koje radimo za na\u0161e poslovne partnere.[\/vc_column_text][vc_gallery type=&#8221;image_grid&#8221; images=&#8221;2757,2758&#8243; img_size=&#8221;500&#215;367&#8243;][vc_row_inner equal_height=&#8221;yes&#8221; content_placement=&#8221;middle&#8221; css=&#8221;.vc_custom_1681293287788{border-top-width: 3px !important;border-right-width: 3px !important;border-bottom-width: 3px !important;border-left-width: 3px !important;padding-top: 30px !important;padding-right: 30px !important;padding-bottom: 30px !important;padding-left: 30px !important;border-left-color: #b0976d !important;border-left-style: solid !important;border-right-color: #b0976d !important;border-right-style: solid !important;border-top-color: #b0976d !important;border-top-style: solid !important;border-bottom-color: #b0976d !important;border-bottom-style: solid !important;border-radius: 5px !important;}&#8221;][vc_column_inner width=&#8221;1\/5&#8243;][vc_single_image image=&#8221;6466&#8243; img_size=&#8221;400&#215;400&#8243;][\/vc_column_inner][vc_column_inner width=&#8221;1\/5&#8243;][vc_single_image image=&#8221;6467&#8243; img_size=&#8221;400&#215;400&#8243;][\/vc_column_inner][vc_column_inner width=&#8221;1\/5&#8243;][vc_single_image image=&#8221;6468&#8243; img_size=&#8221;400&#215;400&#8243;][\/vc_column_inner][vc_column_inner width=&#8221;1\/5&#8243;][vc_single_image image=&#8221;6469&#8243; img_size=&#8221;400&#215;400&#8243;][\/vc_column_inner][vc_column_inner width=&#8221;1\/5&#8243;][vc_column_text]<\/p>\n<h4 style=\"text-align: center;\">Vi\u0161e informacija potra\u017eite na <a href=\"https:\/\/istriana.wine\/\">istriana.wine<\/a><\/h4>\n<p>[\/vc_column_text][\/vc_column_inner][\/vc_row_inner][\/vc_column][\/vc_row][vc_row content_placement=&#8221;middle&#8221;][vc_column width=&#8221;1\/4&#8243;][vc_column_text]<\/p>\n<h3>Limitirane serije<\/h3>\n<p>[\/vc_column_text][vc_single_image image=&#8221;1538&#8243; img_size=&#8221;full&#8221;][\/vc_column][vc_column width=&#8221;3\/4&#8243;][vc_column_text]<strong>Malvazija istarska 2006.<\/strong><br \/>\nArhivsko vino koje odle\u017eava ve\u0107 8 godina u boci. Duga maceracija i odle\u017eavanje u starim hrastovim ba\u010dvama daju ovom vinu zlatno \u017eutu boju, te bogate i opijaju\u0107e arome u kojoj se isprepli\u0107u note bagremovog meda i vanilije. Na okus toplo i zaokru\u017eeno. Pakiranje: 0,75 lit.<\/p>\n<p><em>Vino je u prodaji u vinariji.<\/em>[\/vc_column_text][\/vc_column][\/vc_row][vc_row][vc_column width=&#8221;1\/4&#8243;][vc_single_image image=&#8221;1540&#8243; img_size=&#8221;full&#8221;][\/vc_column][vc_column width=&#8221;3\/4&#8243;][vc_column_text]<strong>Mu\u0161kat Per\u0161uri\u0107<\/strong><br \/>\nDesertno vino koje se proizvodi prosu\u0161ivanjem bobica Mu\u0161kata bijelog i\/ili Mu\u0161kata \u017eutog. Proizvodi se u rijetkim godinama i vrlo malim serijama. Ugodne arome u kojoj se isprepli\u0107e suho vo\u0107e, med, gorki badem i mu\u0161katne note. Vrlo gusto vino, izuzetno bogatog okusa i boje starog zlata. Pakiranje: 0,50 lit. i 1,50 lit.<\/p>\n<p><em>Vino je u prodaji u vinariji.<\/em>[\/vc_column_text][\/vc_column][\/vc_row][vc_row full_width=&#8221;stretch_row&#8221; equal_height=&#8221;yes&#8221; content_placement=&#8221;middle&#8221; css=&#8221;.vc_custom_1503578087477{padding-top: 150px !important;padding-bottom: 150px !important;background: #121212 url(http:\/\/misal.hr\/wp-content\/uploads\/2016\/03\/misal_spark_01.jpg?id=1683) !important;background-position: center !important;background-repeat: no-repeat !important;background-size: cover !important;}&#8221;][vc_column][vc_column_text]<\/p>\n<div class=\"heading\">\n<p class=\"h_subtitle\" style=\"text-align: center;\">PJENU\u0160CI PER\u0160URI\u0106<\/p>\n<h2 class=\"h_title\" style=\"text-align: center;\">Jer na\u0161i su pjenu\u0161ci tako cool<\/h2>\n<\/div>\n<p>[\/vc_column_text][\/vc_column][\/vc_row]<\/p>\n<\/div>","protected":false},"excerpt":{"rendered":"<p>[vc_row content_placement=&#8221;middle&#8221;][vc_column width=&#8221;1\/4&#8243;][vc_single_image image=&#8221;1530&#8243; img_size=&#8221;full&#8221;][\/vc_column][vc_column width=&#8221;3\/4&#8243;][vc_column_text] Poklon paketi Tra\u017eite poklone za poslovne partnere, obitelj ili posebne doga\u0111aje u \u017eivotu za vas smo pripremili poklon pakete s drvenim kutijama za jednu bocu. Po narud\u017ebi mo\u017eemo izraditi i poklon pakete s vi\u0161e boca, te s na\u0161im \u010da\u0161ama, posudama za hla\u0111enje ili stoper \u010depovima. &nbsp; [\/vc_column_text][\/vc_column][\/vc_row][vc_row content_placement=&#8221;middle&#8221;][vc_column][vc_column_text] Personalizirane<br class=\"read-more-spacer\"> <a class=\"more-link\" href=\"https:\/\/misal.hr\/hr\/aktualno\/poklon-paketi\/\">Read More<\/a><\/p>\n","protected":false},"author":1,"featured_media":0,"parent":1233,"menu_order":0,"comment_status":"closed","ping_status":"closed","template":"","meta":{"_acf_changed":false,"footnotes":""},"class_list":["post-1236","page","type-page","status-publish"],"acf":[],"yoast_head":"<!-- This site is optimized with the Yoast SEO plugin v26.6 - https:\/\/yoast.com\/wordpress\/plugins\/seo\/ -->\n<title>POKLON PAKETI | PERSONALIZIRANE SERIJE | SPECIJAL | MISAL<\/title>\n<meta name=\"description\" content=\"Tra\u017eite poklone pakete za poslovne partnere, obitelj ili posebne doga\u0111aje u \u017eivotu za vas smo pripremili poklon pakete s drvenim kutijama za jednu bocu.\" \/>\n<meta name=\"robots\" content=\"index, follow, max-snippet:-1, max-image-preview:large, max-video-preview:-1\" \/>\n<link rel=\"canonical\" href=\"https:\/\/misal.hr\/hr\/aktualno\/poklon-paketi\/\" \/>\n<meta property=\"og:locale\" content=\"hr_HR\" \/>\n<meta property=\"og:type\" content=\"article\" \/>\n<meta property=\"og:title\" content=\"POKLON PAKETI | PERSONALIZIRANE SERIJE | SPECIJAL | MISAL\" \/>\n<meta property=\"og:description\" content=\"Tra\u017eite poklone pakete za poslovne partnere, obitelj ili posebne doga\u0111aje u \u017eivotu za vas smo pripremili poklon pakete s drvenim kutijama za jednu bocu.\" \/>\n<meta property=\"og:url\" content=\"https:\/\/misal.hr\/hr\/aktualno\/poklon-paketi\/\" \/>\n<meta property=\"og:site_name\" content=\"MISAL\" \/>\n<meta property=\"article:publisher\" content=\"https:\/\/web.facebook.com\/misal.pjenusci\" \/>\n<meta property=\"article:modified_time\" content=\"2023-04-12T10:04:07+00:00\" \/>\n<meta property=\"og:image\" content=\"https:\/\/misal.hr\/wp-content\/uploads\/2016\/03\/misal_web-sparkle-1.jpg\" \/>\n\t<meta property=\"og:image:width\" content=\"1920\" \/>\n\t<meta property=\"og:image:height\" content=\"1272\" \/>\n\t<meta property=\"og:image:type\" content=\"image\/jpeg\" \/>\n<meta name=\"twitter:card\" content=\"summary_large_image\" \/>\n<meta name=\"twitter:label1\" content=\"Procijenjeno vrijeme \u010ditanja\" \/>\n\t<meta name=\"twitter:data1\" content=\"2 minute\" \/>\n<script type=\"application\/ld+json\" class=\"yoast-schema-graph\">{\"@context\":\"https:\/\/schema.org\",\"@graph\":[{\"@type\":\"WebPage\",\"@id\":\"https:\/\/misal.hr\/hr\/aktualno\/poklon-paketi\/\",\"url\":\"https:\/\/misal.hr\/hr\/aktualno\/poklon-paketi\/\",\"name\":\"POKLON PAKETI | PERSONALIZIRANE SERIJE | SPECIJAL | MISAL\",\"isPartOf\":{\"@id\":\"https:\/\/misal.hr\/hr\/#website\"},\"datePublished\":\"2017-02-25T17:51:15+00:00\",\"dateModified\":\"2023-04-12T10:04:07+00:00\",\"description\":\"Tra\u017eite poklone pakete za poslovne partnere, obitelj ili posebne doga\u0111aje u \u017eivotu za vas smo pripremili poklon pakete s drvenim kutijama za jednu bocu.\",\"breadcrumb\":{\"@id\":\"https:\/\/misal.hr\/hr\/aktualno\/poklon-paketi\/#breadcrumb\"},\"inLanguage\":\"hr\",\"potentialAction\":[{\"@type\":\"ReadAction\",\"target\":[[\"https:\/\/misal.hr\/hr\/aktualno\/poklon-paketi\/\"]]}]},{\"@type\":\"BreadcrumbList\",\"@id\":\"https:\/\/misal.hr\/hr\/aktualno\/poklon-paketi\/#breadcrumb\",\"itemListElement\":[{\"@type\":\"ListItem\",\"position\":1,\"name\":\"Home\",\"item\":\"https:\/\/misal.hr\/hr\/\"},{\"@type\":\"ListItem\",\"position\":2,\"name\":\"AKTUALNO\",\"item\":\"https:\/\/misal.hr\/hr\/aktualno\/\"},{\"@type\":\"ListItem\",\"position\":3,\"name\":\"SPECIJAL\"}]},{\"@type\":\"WebSite\",\"@id\":\"https:\/\/misal.hr\/hr\/#website\",\"url\":\"https:\/\/misal.hr\/hr\/\",\"name\":\"MISAL\",\"description\":\"Pjenu\u0161ci Per\u0161uri\u0107\",\"publisher\":{\"@id\":\"https:\/\/misal.hr\/hr\/#organization\"},\"potentialAction\":[{\"@type\":\"SearchAction\",\"target\":{\"@type\":\"EntryPoint\",\"urlTemplate\":\"https:\/\/misal.hr\/hr\/?s={search_term_string}\"},\"query-input\":{\"@type\":\"PropertyValueSpecification\",\"valueRequired\":true,\"valueName\":\"search_term_string\"}}],\"inLanguage\":\"hr\"},{\"@type\":\"Organization\",\"@id\":\"https:\/\/misal.hr\/hr\/#organization\",\"name\":\"PJENU\u0160CI PER\u0160URI\u0106 d.o.o.\",\"alternateName\":\"MISAL\",\"url\":\"https:\/\/misal.hr\/hr\/\",\"logo\":{\"@type\":\"ImageObject\",\"inLanguage\":\"hr\",\"@id\":\"https:\/\/misal.hr\/hr\/#\/schema\/logo\/image\/\",\"url\":\"https:\/\/misal.hr\/wp-content\/uploads\/2016\/03\/misal_pjenusci_vina_persuric.jpg\",\"contentUrl\":\"https:\/\/misal.hr\/wp-content\/uploads\/2016\/03\/misal_pjenusci_vina_persuric.jpg\",\"width\":1500,\"height\":996,\"caption\":\"PJENU\u0160CI PER\u0160URI\u0106 d.o.o.\"},\"image\":{\"@id\":\"https:\/\/misal.hr\/hr\/#\/schema\/logo\/image\/\"},\"sameAs\":[\"https:\/\/web.facebook.com\/misal.pjenusci\",\"https:\/\/www.instagram.com\/sparkling_wines_misal\/\"]}]}<\/script>\n<!-- \/ Yoast SEO plugin. -->","yoast_head_json":{"title":"POKLON PAKETI | PERSONALIZIRANE SERIJE | SPECIJAL | MISAL","description":"Tra\u017eite poklone pakete za poslovne partnere, obitelj ili posebne doga\u0111aje u \u017eivotu za vas smo pripremili poklon pakete s drvenim kutijama za jednu bocu.","robots":{"index":"index","follow":"follow","max-snippet":"max-snippet:-1","max-image-preview":"max-image-preview:large","max-video-preview":"max-video-preview:-1"},"canonical":"https:\/\/misal.hr\/hr\/aktualno\/poklon-paketi\/","og_locale":"hr_HR","og_type":"article","og_title":"POKLON PAKETI | PERSONALIZIRANE SERIJE | SPECIJAL | MISAL","og_description":"Tra\u017eite poklone pakete za poslovne partnere, obitelj ili posebne doga\u0111aje u \u017eivotu za vas smo pripremili poklon pakete s drvenim kutijama za jednu bocu.","og_url":"https:\/\/misal.hr\/hr\/aktualno\/poklon-paketi\/","og_site_name":"MISAL","article_publisher":"https:\/\/web.facebook.com\/misal.pjenusci","article_modified_time":"2023-04-12T10:04:07+00:00","og_image":[{"width":1920,"height":1272,"url":"https:\/\/misal.hr\/wp-content\/uploads\/2016\/03\/misal_web-sparkle-1.jpg","type":"image\/jpeg"}],"twitter_card":"summary_large_image","twitter_misc":{"Procijenjeno vrijeme \u010ditanja":"2 minute"},"schema":{"@context":"https:\/\/schema.org","@graph":[{"@type":"WebPage","@id":"https:\/\/misal.hr\/hr\/aktualno\/poklon-paketi\/","url":"https:\/\/misal.hr\/hr\/aktualno\/poklon-paketi\/","name":"POKLON PAKETI | PERSONALIZIRANE SERIJE | SPECIJAL | MISAL","isPartOf":{"@id":"https:\/\/misal.hr\/hr\/#website"},"datePublished":"2017-02-25T17:51:15+00:00","dateModified":"2023-04-12T10:04:07+00:00","description":"Tra\u017eite poklone pakete za poslovne partnere, obitelj ili posebne doga\u0111aje u \u017eivotu za vas smo pripremili poklon pakete s drvenim kutijama za jednu bocu.","breadcrumb":{"@id":"https:\/\/misal.hr\/hr\/aktualno\/poklon-paketi\/#breadcrumb"},"inLanguage":"hr","potentialAction":[{"@type":"ReadAction","target":[["https:\/\/misal.hr\/hr\/aktualno\/poklon-paketi\/"]]}]},{"@type":"BreadcrumbList","@id":"https:\/\/misal.hr\/hr\/aktualno\/poklon-paketi\/#breadcrumb","itemListElement":[{"@type":"ListItem","position":1,"name":"Home","item":"https:\/\/misal.hr\/hr\/"},{"@type":"ListItem","position":2,"name":"AKTUALNO","item":"https:\/\/misal.hr\/hr\/aktualno\/"},{"@type":"ListItem","position":3,"name":"SPECIJAL"}]},{"@type":"WebSite","@id":"https:\/\/misal.hr\/hr\/#website","url":"https:\/\/misal.hr\/hr\/","name":"MISAL","description":"Pjenu\u0161ci Per\u0161uri\u0107","publisher":{"@id":"https:\/\/misal.hr\/hr\/#organization"},"potentialAction":[{"@type":"SearchAction","target":{"@type":"EntryPoint","urlTemplate":"https:\/\/misal.hr\/hr\/?s={search_term_string}"},"query-input":{"@type":"PropertyValueSpecification","valueRequired":true,"valueName":"search_term_string"}}],"inLanguage":"hr"},{"@type":"Organization","@id":"https:\/\/misal.hr\/hr\/#organization","name":"PJENU\u0160CI PER\u0160URI\u0106 d.o.o.","alternateName":"MISAL","url":"https:\/\/misal.hr\/hr\/","logo":{"@type":"ImageObject","inLanguage":"hr","@id":"https:\/\/misal.hr\/hr\/#\/schema\/logo\/image\/","url":"https:\/\/misal.hr\/wp-content\/uploads\/2016\/03\/misal_pjenusci_vina_persuric.jpg","contentUrl":"https:\/\/misal.hr\/wp-content\/uploads\/2016\/03\/misal_pjenusci_vina_persuric.jpg","width":1500,"height":996,"caption":"PJENU\u0160CI PER\u0160URI\u0106 d.o.o."},"image":{"@id":"https:\/\/misal.hr\/hr\/#\/schema\/logo\/image\/"},"sameAs":["https:\/\/web.facebook.com\/misal.pjenusci","https:\/\/www.instagram.com\/sparkling_wines_misal\/"]}]}},"_links":{"self":[{"href":"https:\/\/misal.hr\/hr\/wp-json\/wp\/v2\/pages\/1236","targetHints":{"allow":["GET"]}}],"collection":[{"href":"https:\/\/misal.hr\/hr\/wp-json\/wp\/v2\/pages"}],"about":[{"href":"https:\/\/misal.hr\/hr\/wp-json\/wp\/v2\/types\/page"}],"author":[{"embeddable":true,"href":"https:\/\/misal.hr\/hr\/wp-json\/wp\/v2\/users\/1"}],"replies":[{"embeddable":true,"href":"https:\/\/misal.hr\/hr\/wp-json\/wp\/v2\/comments?post=1236"}],"version-history":[{"count":0,"href":"https:\/\/misal.hr\/hr\/wp-json\/wp\/v2\/pages\/1236\/revisions"}],"up":[{"embeddable":true,"href":"https:\/\/misal.hr\/hr\/wp-json\/wp\/v2\/pages\/1233"}],"wp:attachment":[{"href":"https:\/\/misal.hr\/hr\/wp-json\/wp\/v2\/media?parent=1236"}],"curies":[{"name":"wp","href":"https:\/\/api.w.org\/{rel}","templated":true}]}}