{"id":1276,"date":"2017-02-26T10:08:22","date_gmt":"2017-02-26T10:08:22","guid":{"rendered":"http:\/\/misal.hr\/?page_id=1276"},"modified":"2017-05-18T09:38:59","modified_gmt":"2017-05-18T09:38:59","slug":"koristenje-kolacica","status":"publish","type":"page","link":"https:\/\/misal.hr\/hr\/koristenje-kolacica\/","title":{"rendered":"Kori\u0161tenje kola\u010di\u0107a"},"content":{"rendered":"<div class=\"wpb-content-wrapper\"><p>[vc_row][vc_column][vc_column_text]Kola\u010di\u0107i u va\u0161em pregledniku omogu\u0107uju nam da osiguramo rad svih funkcija internetske stranice, da odre\u0111ene sadr\u017eaje prilagodimo posebno za vas i analizom posjeta stalno pobolj\u0161avamo internetsku stranicu.<\/p>\n<p>Osim toga, mo\u017eete odlu\u010diti da ne dopustite kori\u0161tenje kola\u010di\u0107a. U tom slu\u010daju internetska stranica u va\u0161em pregledniku ne\u0107e u\u010ditati nijedan trajni kola\u010di\u0107 osim vlastitih kola\u010di\u0107a kojima analiziramo posje\u0107enost internetske stranice te kola\u010di\u0107a koji vam omogu\u0107uju da putem internetske stranice obavite rezervaciju. Ali time vam ne mo\u017eemo jam\u010diti da \u0107ete internetsku stranicu mo\u0107i upotrebljavati u cijelosti. Internetska stranica upotrebljava elemente drugih ponu\u0111a\u010da koji tako\u0111er koriste kola\u010di\u0107e.[\/vc_column_text][\/vc_column][\/vc_row]<\/p>\n<\/div>","protected":false},"excerpt":{"rendered":"<p>[vc_row][vc_column][vc_column_text]Kola\u010di\u0107i u va\u0161em pregledniku omogu\u0107uju nam da osiguramo rad svih funkcija internetske stranice, da odre\u0111ene sadr\u017eaje prilagodimo posebno za vas i analizom posjeta stalno pobolj\u0161avamo internetsku stranicu. Osim toga, mo\u017eete odlu\u010diti da ne dopustite kori\u0161tenje kola\u010di\u0107a. U tom slu\u010daju internetska stranica u va\u0161em pregledniku ne\u0107e u\u010ditati nijedan trajni kola\u010di\u0107 osim vlastitih kola\u010di\u0107a kojima analiziramo posje\u0107enost<br class=\"read-more-spacer\"> <a class=\"more-link\" href=\"https:\/\/misal.hr\/hr\/koristenje-kolacica\/\">Read More<\/a><\/p>\n","protected":false},"author":1,"featured_media":0,"parent":0,"menu_order":0,"comment_status":"closed","ping_status":"closed","template":"","meta":{"_acf_changed":false,"footnotes":""},"class_list":["post-1276","page","type-page","status-publish"],"acf":[],"yoast_head":"<!-- This site is optimized with the Yoast SEO plugin v26.6 - https:\/\/yoast.com\/wordpress\/plugins\/seo\/ -->\n<title>Kori\u0161tenje kola\u010di\u0107a - MISAL<\/title>\n<meta name=\"robots\" content=\"index, follow, max-snippet:-1, max-image-preview:large, max-video-preview:-1\" \/>\n<link rel=\"canonical\" href=\"https:\/\/misal.hr\/hr\/koristenje-kolacica\/\" \/>\n<meta property=\"og:locale\" content=\"hr_HR\" \/>\n<meta property=\"og:type\" content=\"article\" \/>\n<meta property=\"og:title\" content=\"Kori\u0161tenje kola\u010di\u0107a - MISAL\" \/>\n<meta property=\"og:description\" content=\"[vc_row][vc_column][vc_column_text]Kola\u010di\u0107i u va\u0161em pregledniku omogu\u0107uju nam da osiguramo rad svih funkcija internetske stranice, da odre\u0111ene sadr\u017eaje prilagodimo posebno za vas i analizom posjeta stalno pobolj\u0161avamo internetsku stranicu. Osim toga, mo\u017eete odlu\u010diti da ne dopustite kori\u0161tenje kola\u010di\u0107a. U tom slu\u010daju internetska stranica u va\u0161em pregledniku ne\u0107e u\u010ditati nijedan trajni kola\u010di\u0107 osim vlastitih kola\u010di\u0107a kojima analiziramo posje\u0107enost Read More\" \/>\n<meta property=\"og:url\" content=\"https:\/\/misal.hr\/hr\/koristenje-kolacica\/\" \/>\n<meta property=\"og:site_name\" content=\"MISAL\" \/>\n<meta property=\"article:publisher\" content=\"https:\/\/web.facebook.com\/misal.pjenusci\" \/>\n<meta property=\"article:modified_time\" content=\"2017-05-18T09:38:59+00:00\" \/>\n<meta property=\"og:image\" content=\"https:\/\/misal.hr\/wp-content\/uploads\/2016\/03\/misal_web-sparkle-1.jpg\" \/>\n\t<meta property=\"og:image:width\" content=\"1920\" \/>\n\t<meta property=\"og:image:height\" content=\"1272\" \/>\n\t<meta property=\"og:image:type\" content=\"image\/jpeg\" \/>\n<meta name=\"twitter:card\" content=\"summary_large_image\" \/>\n<meta name=\"twitter:label1\" content=\"Procijenjeno vrijeme \u010ditanja\" \/>\n\t<meta name=\"twitter:data1\" content=\"3 minute\" \/>\n<script type=\"application\/ld+json\" class=\"yoast-schema-graph\">{\"@context\":\"https:\/\/schema.org\",\"@graph\":[{\"@type\":\"WebPage\",\"@id\":\"https:\/\/misal.hr\/hr\/koristenje-kolacica\/\",\"url\":\"https:\/\/misal.hr\/hr\/koristenje-kolacica\/\",\"name\":\"Kori\u0161tenje kola\u010di\u0107a - MISAL\",\"isPartOf\":{\"@id\":\"https:\/\/misal.hr\/hr\/#website\"},\"datePublished\":\"2017-02-26T10:08:22+00:00\",\"dateModified\":\"2017-05-18T09:38:59+00:00\",\"breadcrumb\":{\"@id\":\"https:\/\/misal.hr\/hr\/koristenje-kolacica\/#breadcrumb\"},\"inLanguage\":\"hr\",\"potentialAction\":[{\"@type\":\"ReadAction\",\"target\":[[\"https:\/\/misal.hr\/hr\/koristenje-kolacica\/\"]]}]},{\"@type\":\"BreadcrumbList\",\"@id\":\"https:\/\/misal.hr\/hr\/koristenje-kolacica\/#breadcrumb\",\"itemListElement\":[{\"@type\":\"ListItem\",\"position\":1,\"name\":\"Home\",\"item\":\"https:\/\/misal.hr\/hr\/\"},{\"@type\":\"ListItem\",\"position\":2,\"name\":\"Kori\u0161tenje kola\u010di\u0107a\"}]},{\"@type\":\"WebSite\",\"@id\":\"https:\/\/misal.hr\/hr\/#website\",\"url\":\"https:\/\/misal.hr\/hr\/\",\"name\":\"MISAL\",\"description\":\"Pjenu\u0161ci Per\u0161uri\u0107\",\"publisher\":{\"@id\":\"https:\/\/misal.hr\/hr\/#organization\"},\"potentialAction\":[{\"@type\":\"SearchAction\",\"target\":{\"@type\":\"EntryPoint\",\"urlTemplate\":\"https:\/\/misal.hr\/hr\/?s={search_term_string}\"},\"query-input\":{\"@type\":\"PropertyValueSpecification\",\"valueRequired\":true,\"valueName\":\"search_term_string\"}}],\"inLanguage\":\"hr\"},{\"@type\":\"Organization\",\"@id\":\"https:\/\/misal.hr\/hr\/#organization\",\"name\":\"PJENU\u0160CI PER\u0160URI\u0106 d.o.o.\",\"alternateName\":\"MISAL\",\"url\":\"https:\/\/misal.hr\/hr\/\",\"logo\":{\"@type\":\"ImageObject\",\"inLanguage\":\"hr\",\"@id\":\"https:\/\/misal.hr\/hr\/#\/schema\/logo\/image\/\",\"url\":\"https:\/\/misal.hr\/wp-content\/uploads\/2016\/03\/misal_pjenusci_vina_persuric.jpg\",\"contentUrl\":\"https:\/\/misal.hr\/wp-content\/uploads\/2016\/03\/misal_pjenusci_vina_persuric.jpg\",\"width\":1500,\"height\":996,\"caption\":\"PJENU\u0160CI PER\u0160URI\u0106 d.o.o.\"},\"image\":{\"@id\":\"https:\/\/misal.hr\/hr\/#\/schema\/logo\/image\/\"},\"sameAs\":[\"https:\/\/web.facebook.com\/misal.pjenusci\",\"https:\/\/www.instagram.com\/sparkling_wines_misal\/\"]}]}<\/script>\n<!-- \/ Yoast SEO plugin. -->","yoast_head_json":{"title":"Kori\u0161tenje kola\u010di\u0107a - MISAL","robots":{"index":"index","follow":"follow","max-snippet":"max-snippet:-1","max-image-preview":"max-image-preview:large","max-video-preview":"max-video-preview:-1"},"canonical":"https:\/\/misal.hr\/hr\/koristenje-kolacica\/","og_locale":"hr_HR","og_type":"article","og_title":"Kori\u0161tenje kola\u010di\u0107a - MISAL","og_description":"[vc_row][vc_column][vc_column_text]Kola\u010di\u0107i u va\u0161em pregledniku omogu\u0107uju nam da osiguramo rad svih funkcija internetske stranice, da odre\u0111ene sadr\u017eaje prilagodimo posebno za vas i analizom posjeta stalno pobolj\u0161avamo internetsku stranicu. Osim toga, mo\u017eete odlu\u010diti da ne dopustite kori\u0161tenje kola\u010di\u0107a. U tom slu\u010daju internetska stranica u va\u0161em pregledniku ne\u0107e u\u010ditati nijedan trajni kola\u010di\u0107 osim vlastitih kola\u010di\u0107a kojima analiziramo posje\u0107enost Read More","og_url":"https:\/\/misal.hr\/hr\/koristenje-kolacica\/","og_site_name":"MISAL","article_publisher":"https:\/\/web.facebook.com\/misal.pjenusci","article_modified_time":"2017-05-18T09:38:59+00:00","og_image":[{"width":1920,"height":1272,"url":"https:\/\/misal.hr\/wp-content\/uploads\/2016\/03\/misal_web-sparkle-1.jpg","type":"image\/jpeg"}],"twitter_card":"summary_large_image","twitter_misc":{"Procijenjeno vrijeme \u010ditanja":"3 minute"},"schema":{"@context":"https:\/\/schema.org","@graph":[{"@type":"WebPage","@id":"https:\/\/misal.hr\/hr\/koristenje-kolacica\/","url":"https:\/\/misal.hr\/hr\/koristenje-kolacica\/","name":"Kori\u0161tenje kola\u010di\u0107a - MISAL","isPartOf":{"@id":"https:\/\/misal.hr\/hr\/#website"},"datePublished":"2017-02-26T10:08:22+00:00","dateModified":"2017-05-18T09:38:59+00:00","breadcrumb":{"@id":"https:\/\/misal.hr\/hr\/koristenje-kolacica\/#breadcrumb"},"inLanguage":"hr","potentialAction":[{"@type":"ReadAction","target":[["https:\/\/misal.hr\/hr\/koristenje-kolacica\/"]]}]},{"@type":"BreadcrumbList","@id":"https:\/\/misal.hr\/hr\/koristenje-kolacica\/#breadcrumb","itemListElement":[{"@type":"ListItem","position":1,"name":"Home","item":"https:\/\/misal.hr\/hr\/"},{"@type":"ListItem","position":2,"name":"Kori\u0161tenje kola\u010di\u0107a"}]},{"@type":"WebSite","@id":"https:\/\/misal.hr\/hr\/#website","url":"https:\/\/misal.hr\/hr\/","name":"MISAL","description":"Pjenu\u0161ci Per\u0161uri\u0107","publisher":{"@id":"https:\/\/misal.hr\/hr\/#organization"},"potentialAction":[{"@type":"SearchAction","target":{"@type":"EntryPoint","urlTemplate":"https:\/\/misal.hr\/hr\/?s={search_term_string}"},"query-input":{"@type":"PropertyValueSpecification","valueRequired":true,"valueName":"search_term_string"}}],"inLanguage":"hr"},{"@type":"Organization","@id":"https:\/\/misal.hr\/hr\/#organization","name":"PJENU\u0160CI PER\u0160URI\u0106 d.o.o.","alternateName":"MISAL","url":"https:\/\/misal.hr\/hr\/","logo":{"@type":"ImageObject","inLanguage":"hr","@id":"https:\/\/misal.hr\/hr\/#\/schema\/logo\/image\/","url":"https:\/\/misal.hr\/wp-content\/uploads\/2016\/03\/misal_pjenusci_vina_persuric.jpg","contentUrl":"https:\/\/misal.hr\/wp-content\/uploads\/2016\/03\/misal_pjenusci_vina_persuric.jpg","width":1500,"height":996,"caption":"PJENU\u0160CI PER\u0160URI\u0106 d.o.o."},"image":{"@id":"https:\/\/misal.hr\/hr\/#\/schema\/logo\/image\/"},"sameAs":["https:\/\/web.facebook.com\/misal.pjenusci","https:\/\/www.instagram.com\/sparkling_wines_misal\/"]}]}},"_links":{"self":[{"href":"https:\/\/misal.hr\/hr\/wp-json\/wp\/v2\/pages\/1276","targetHints":{"allow":["GET"]}}],"collection":[{"href":"https:\/\/misal.hr\/hr\/wp-json\/wp\/v2\/pages"}],"about":[{"href":"https:\/\/misal.hr\/hr\/wp-json\/wp\/v2\/types\/page"}],"author":[{"embeddable":true,"href":"https:\/\/misal.hr\/hr\/wp-json\/wp\/v2\/users\/1"}],"replies":[{"embeddable":true,"href":"https:\/\/misal.hr\/hr\/wp-json\/wp\/v2\/comments?post=1276"}],"version-history":[{"count":0,"href":"https:\/\/misal.hr\/hr\/wp-json\/wp\/v2\/pages\/1276\/revisions"}],"wp:attachment":[{"href":"https:\/\/misal.hr\/hr\/wp-json\/wp\/v2\/media?parent=1276"}],"curies":[{"name":"wp","href":"https:\/\/api.w.org\/{rel}","templated":true}]}}