{"id":183,"date":"2016-03-10T09:22:08","date_gmt":"2016-03-10T09:22:08","guid":{"rendered":"http:\/\/okthemes.com\/villenoirdemo\/?page_id=183"},"modified":"2023-04-12T10:32:41","modified_gmt":"2023-04-12T10:32:41","slug":"kontakt","status":"publish","type":"page","link":"https:\/\/misal.hr\/hr\/kontakt\/","title":{"rendered":"KONTAKT"},"content":{"rendered":"<div class=\"wpb-content-wrapper\"><p>[vc_row full_width=&#8221;stretch_row&#8221; css=&#8221;.vc_custom_1503999541866{padding-top: 90px !important;padding-bottom: 0px !important;background: #000000 url(http:\/\/misal.hr\/wp-content\/uploads\/2016\/03\/misal_kontakt.jpg?id=1804) !important;background-position: center !important;background-repeat: no-repeat !important;background-size: cover !important;}&#8221;][vc_column width=&#8221;1\/2&#8243;]\n\t<div class=\"gg-infobox \" style=\"text-align:left;\">\n\t\t<p class=\"subtitle\" >PJENU\u0160CI PER\u0160URI\u0106<\/p>\n\t\t<div class=\"description\" style=\"color: #ffffff;\"><p>Pr\u0161uri\u0107i 5a, 52 463 Vi\u0161njan,<br \/>\nIstra, Hrvatska<\/p>\n<\/div>\n\t<\/div> \n\t<div class=\"gg-infobox \" style=\"text-align:left;\">\n\t\t<p class=\"subtitle\" >KONTAKTIRAJTE NAS<\/p>\n\t\t<div class=\"description\" style=\"color: #ffffff;\"><p><span style=\"color: #b0976d;\">T \u00a0<\/span>\u00a0<span style=\"color: #ffffff;\"><a style=\"color: #ffffff;\" href=\"tel:00385981957037\">00385 98 19 57 037 (Ana)<\/a><\/span><br \/>\n<span style=\"color: #b0976d;\">T \u00a0<\/span>\u00a0<span style=\"color: #ffffff;\"><a style=\"color: #ffffff;\" href=\"tel:0038598226881\">00385 98 226 881 (Katarina)<\/a><\/span><br \/>\n<span style=\"color: #b0976d;\">T \u00a0<\/span>\u00a0<span style=\"color: #ffffff;\"><a style=\"color: #ffffff;\" href=\"tel: 0038552431586\">00385 52 431 586<\/a><\/span><br \/>\n<span style=\"color: #b0976d;\">E \u00a0<\/span>\u00a0<span style=\"color: #ffffff;\"><a style=\"color: #ffffff;\" href=\"mailto:info@misal.hr\">info@misal.hr<\/a><\/span><\/p>\n<\/div>\n\t<\/div> [\/vc_column][vc_column width=&#8221;1\/2&#8243; el_class=&#8221;slova_big&#8221;]\n\t<div class=\"gg-infobox vc_custom_1681295433723\" style=\"text-align:left;\">\n\t\t<p class=\"subtitle\" >RADNO VRIJEME ZA POSJETITELJE<\/p>\n\t\t<div class=\"description\" style=\"color: #ffffff;\"><p>REZERVACIJA termina za sve posjetitelje je OBAVEZNA.<\/p>\n<\/div>\n\t<\/div> <div class=\"gg-horizontal-list sb\"><p class=\"subtitle\">MOGU\u0106NOST REZERVACIJE TERMINA (PON-PET):<\/p><dl class=\"horizontal\">\n\t<dt style=\"color: #ffffff;\">ujutro<\/dt>\n\t<dd style=\"color: #ffffff;\">9.30 - 13.30<\/dd><\/dl><\/div>\n\t<div class=\"gg-infobox vc_custom_1621846037475\" style=\"text-align:left;\">\n\t\t<p class=\"subtitle\" ><\/p>\n\t\t<div class=\"description\" style=\"color: #ffffff;\"><p>Subota prema dogovoru.<br \/>\nNedjelja i blagdani zatvoreno.<\/p>\n<\/div>\n\t<\/div> [\/vc_column][\/vc_row][vc_row css=&#8221;.vc_custom_1621586261943{margin-top: 0px !important;margin-bottom: 0px !important;}&#8221;][vc_column]\n\t<div class=\"gg-infobox vc_custom_1621586219752\" style=\"text-align:left;\">\n\t\t<p class=\"subtitle\" >Termin mo\u017eete rezervirati putem kontakt obrasca, e-mailom na info@misal.hr ili pozivom na broj 098\/1957-037.<\/p>\n\t\t<div class=\"description\" ><p>Radno vrijeme i mogu\u0107nosti posjeta, te maksimalan broj posjetitelja uvjetovani su trenutnim Mjerama propisanih od strane nadle\u017enih tijela, a u svrhu prevencije epidemije, te su iste podlo\u017ene promjenama sukladno mogu\u0107nostima obavljanja djelatnosti.<\/p>\n<p>Svi posjetitelji prilikom dolaska du\u017eni su se pridr\u017eavati propisanih epidemiolo\u0161kih mjera.<\/p>\n<\/div>\n\t<\/div> [\/vc_column][\/vc_row][vc_row full_width=&#8221;stretch_row&#8221;][vc_column width=&#8221;1\/2&#8243;][vc_gmaps link=&#8221;#E-8_JTNDaWZyYW1lJTIwc3JjJTNEJTIyaHR0cHMlM0ElMkYlMkZ3d3cuZ29vZ2xlLmNvbSUyRm1hcHMlMkZlbWJlZCUzRnBiJTNEJTIxMW0xOCUyMTFtMTIlMjExbTMlMjExZDcwMi40MjI4NzM3MjU5NzUxJTIxMmQxMy43MDk5NjU4Mjc2MzAyNzQlMjEzZDQ1LjIzMzgwNzk3OTA5ODg1JTIxMm0zJTIxMWYwJTIxMmYwJTIxM2YwJTIxM20yJTIxMWkxMDI0JTIxMmk3NjglMjE0ZjEzLjElMjEzbTMlMjExbTIlMjExczB4NDc3Y2EzMmU2OWNmMjk4NyUyNTNBMHg0NDhjMjc2OWYzYTFlNGZkJTIxMnpVR1Z5eGFGMWNtbkVoeUJOYVhOaGJBJTIxNWUwJTIxM20yJTIxMXNociUyMTJzaHIlMjE0djE0OTI1MjA4MzU0NTglMjIlMjB3aWR0aCUzRCUyMjEwMCUyNSUyMiUyMGhlaWdodCUzRCUyMjQ1MCUyMiUyMGZyYW1lYm9yZGVyJTNEJTIyMCUyMiUyMHN0eWxlJTNEJTIyYm9yZGVyJTNBMCUyMiUyMGFsbG93ZnVsbHNjcmVlbiUzRSUzQyUyRmlmcmFtZSUzRQ==&#8221; size=&#8221;540px&#8221;][\/vc_column][vc_column width=&#8221;1\/2&#8243;]\n<div class=\"wpcf7 no-js\" id=\"wpcf7-f1374-o1\" lang=\"hr\" dir=\"ltr\" data-wpcf7-id=\"1374\">\n<div class=\"screen-reader-response\"><p role=\"status\" aria-live=\"polite\" aria-atomic=\"true\"><\/p> <ul><\/ul><\/div>\n<form action=\"\/hr\/wp-json\/wp\/v2\/pages\/183#wpcf7-f1374-o1\" method=\"post\" class=\"wpcf7-form init\" aria-label=\"Kontakt obrazac\" novalidate=\"novalidate\" data-status=\"init\">\n<fieldset class=\"hidden-fields-container\"><input type=\"hidden\" name=\"_wpcf7\" value=\"1374\" \/><input type=\"hidden\" name=\"_wpcf7_version\" value=\"6.1.4\" \/><input type=\"hidden\" name=\"_wpcf7_locale\" value=\"hr\" \/><input type=\"hidden\" name=\"_wpcf7_unit_tag\" value=\"wpcf7-f1374-o1\" \/><input type=\"hidden\" name=\"_wpcf7_container_post\" value=\"0\" \/><input type=\"hidden\" name=\"_wpcf7_posted_data_hash\" value=\"\" \/><input type=\"hidden\" name=\"_wpcf7_recaptcha_response\" value=\"\" \/>\n<\/fieldset>\n<p><label> Ime (*)<br \/>\n<span class=\"wpcf7-form-control-wrap\" data-name=\"your-name\"><input size=\"40\" maxlength=\"400\" class=\"wpcf7-form-control wpcf7-text wpcf7-validates-as-required\" aria-required=\"true\" aria-invalid=\"false\" value=\"\" type=\"text\" name=\"your-name\" \/><\/span> <\/label>\n<\/p>\n<p><label> Email (*)<br \/>\n<span class=\"wpcf7-form-control-wrap\" data-name=\"your-email\"><input size=\"40\" maxlength=\"400\" class=\"wpcf7-form-control wpcf7-email wpcf7-validates-as-required wpcf7-text wpcf7-validates-as-email\" aria-required=\"true\" aria-invalid=\"false\" value=\"\" type=\"email\" name=\"your-email\" \/><\/span> <\/label>\n<\/p>\n<p><label> Poruka<br \/>\n<span class=\"wpcf7-form-control-wrap\" data-name=\"your-message\"><textarea cols=\"40\" rows=\"10\" maxlength=\"2000\" class=\"wpcf7-form-control wpcf7-textarea\" aria-invalid=\"false\" name=\"your-message\"><\/textarea><\/span> <\/label>\n<\/p>\n<p>*Obavezno polje\n<\/p>\n<p>[wpgdprc \"PRO\u010cITAO SAM I SLA\u017dEM SE S PRAVILIMA PRIVATNOSTI\"]<br \/>\n<br \/>\n<span id=\"wpcf7-69fe9adebf046-wrapper\" class=\"wpcf7-form-control-wrap website-spam-wrap\" style=\"display:none !important; visibility:hidden !important;\"><label for=\"wpcf7-69fe9adebf046-field\" class=\"hp-message\">Please leave this field empty.<\/label><input id=\"wpcf7-69fe9adebf046-field\"  class=\"wpcf7-form-control wpcf7-text\" type=\"text\" name=\"website-spam\" value=\"\" size=\"40\" tabindex=\"-1\" autocomplete=\"new-password\" \/><\/span>\n<\/p>\n<p><input class=\"wpcf7-form-control wpcf7-submit has-spinner\" type=\"submit\" value=\"Po\u0161alji\" \/>\n<\/p><input type='hidden' class='wpcf7-pum' value='{\"closepopup\":false,\"closedelay\":0,\"openpopup\":false,\"openpopup_id\":0}' \/><div class=\"wpcf7-response-output\" aria-hidden=\"true\"><\/div>\n<\/form>\n<\/div>\n[\/vc_column][\/vc_row][vc_row full_width=&#8221;stretch_row&#8221; content_placement=&#8221;middle&#8221; css=&#8221;.vc_custom_1503578164633{background: #121212 url(http:\/\/misal.hr\/wp-content\/uploads\/2016\/03\/misal_spark_01.jpg?id=1683) !important;background-position: center !important;background-repeat: no-repeat !important;background-size: cover !important;}&#8221;][vc_column][vc_column_text]<\/p>\n<div class=\"heading\">\n<p class=\"h_subtitle\" style=\"text-align: center;\">PJENU\u0160CI PER\u0160URI\u0106<\/p>\n<h2 class=\"h_title\" style=\"text-align: center;\">MISAL za svaku priliku<\/h2>\n<\/div>\n<p>[\/vc_column_text][\/vc_column][\/vc_row]<\/p>\n<\/div>","protected":false},"excerpt":{"rendered":"<p>[vc_row full_width=&#8221;stretch_row&#8221; css=&#8221;.vc_custom_1503999541866{padding-top: 90px !important;padding-bottom: 0px !important;background: #000000 url(http:\/\/misal.hr\/wp-content\/uploads\/2016\/03\/misal_kontakt.jpg?id=1804) !important;background-position: center !important;background-repeat: no-repeat !important;background-size: cover !important;}&#8221;][vc_column width=&#8221;1\/2&#8243;][\/vc_column][vc_column width=&#8221;1\/2&#8243; el_class=&#8221;slova_big&#8221;][\/vc_column][\/vc_row][vc_row css=&#8221;.vc_custom_1621586261943{margin-top: 0px !important;margin-bottom: 0px !important;}&#8221;][vc_column][\/vc_column][\/vc_row][vc_row full_width=&#8221;stretch_row&#8221;][vc_column width=&#8221;1\/2&#8243;][vc_gmaps link=&#8221;#E-8_JTNDaWZyYW1lJTIwc3JjJTNEJTIyaHR0cHMlM0ElMkYlMkZ3d3cuZ29vZ2xlLmNvbSUyRm1hcHMlMkZlbWJlZCUzRnBiJTNEJTIxMW0xOCUyMTFtMTIlMjExbTMlMjExZDcwMi40MjI4NzM3MjU5NzUxJTIxMmQxMy43MDk5NjU4Mjc2MzAyNzQlMjEzZDQ1LjIzMzgwNzk3OTA5ODg1JTIxMm0zJTIxMWYwJTIxMmYwJTIxM2YwJTIxM20yJTIxMWkxMDI0JTIxMmk3NjglMjE0ZjEzLjElMjEzbTMlMjExbTIlMjExczB4NDc3Y2EzMmU2OWNmMjk4NyUyNTNBMHg0NDhjMjc2OWYzYTFlNGZkJTIxMnpVR1Z5eGFGMWNtbkVoeUJOYVhOaGJBJTIxNWUwJTIxM20yJTIxMXNociUyMTJzaHIlMjE0djE0OTI1MjA4MzU0NTglMjIlMjB3aWR0aCUzRCUyMjEwMCUyNSUyMiUyMGhlaWdodCUzRCUyMjQ1MCUyMiUyMGZyYW1lYm9yZGVyJTNEJTIyMCUyMiUyMHN0eWxlJTNEJTIyYm9yZGVyJTNBMCUyMiUyMGFsbG93ZnVsbHNjcmVlbiUzRSUzQyUyRmlmcmFtZSUzRQ==&#8221; size=&#8221;540px&#8221;][\/vc_column][vc_column width=&#8221;1\/2&#8243;][\/vc_column][\/vc_row][vc_row full_width=&#8221;stretch_row&#8221; content_placement=&#8221;middle&#8221; css=&#8221;.vc_custom_1503578164633{background: #121212 url(http:\/\/misal.hr\/wp-content\/uploads\/2016\/03\/misal_spark_01.jpg?id=1683) !important;background-position: center !important;background-repeat: no-repeat !important;background-size: cover !important;}&#8221;][vc_column][vc_column_text] PJENU\u0160CI PER\u0160URI\u0106 MISAL za svaku priliku [\/vc_column_text][\/vc_column][\/vc_row]<\/p>\n","protected":false},"author":1,"featured_media":0,"parent":0,"menu_order":0,"comment_status":"closed","ping_status":"closed","template":"theme-templates\/contact.php","meta":{"_acf_changed":false,"footnotes":""},"class_list":["post-183","page","type-page","status-publish"],"acf":[],"yoast_head":"<!-- This site is optimized with the Yoast SEO plugin v27.4 - https:\/\/yoast.com\/product\/yoast-seo-wordpress\/ -->\n<title>KONTAKT | MISAL | INFO@MISAL.HR | 00385 52 431 586<\/title>\n<meta name=\"robots\" content=\"index, follow, max-snippet:-1, max-image-preview:large, max-video-preview:-1\" \/>\n<link rel=\"canonical\" href=\"https:\/\/misal.hr\/hr\/kontakt\/\" \/>\n<meta property=\"og:locale\" content=\"hr_HR\" \/>\n<meta property=\"og:type\" content=\"article\" \/>\n<meta property=\"og:title\" content=\"KONTAKT | MISAL | INFO@MISAL.HR | 00385 52 431 586\" \/>\n<meta property=\"og:description\" content=\"[vc_row full_width=&#8221;stretch_row&#8221; css=&#8221;.vc_custom_1503999541866{padding-top: 90px !important;padding-bottom: 0px !important;background: #000000 url(http:\/\/misal.hr\/wp-content\/uploads\/2016\/03\/misal_kontakt.jpg?id=1804) !important;background-position: center !important;background-repeat: no-repeat !important;background-size: cover !important;}&#8221;][vc_column width=&#8221;1\/2&#8243;][\/vc_column][vc_column width=&#8221;1\/2&#8243; el_class=&#8221;slova_big&#8221;][\/vc_column][\/vc_row][vc_row css=&#8221;.vc_custom_1621586261943{margin-top: 0px !important;margin-bottom: 0px !important;}&#8221;][vc_column][\/vc_column][\/vc_row][vc_row full_width=&#8221;stretch_row&#8221;][vc_column width=&#8221;1\/2&#8243;][vc_gmaps link=&#8221;#E-8_JTNDaWZyYW1lJTIwc3JjJTNEJTIyaHR0cHMlM0ElMkYlMkZ3d3cuZ29vZ2xlLmNvbSUyRm1hcHMlMkZlbWJlZCUzRnBiJTNEJTIxMW0xOCUyMTFtMTIlMjExbTMlMjExZDcwMi40MjI4NzM3MjU5NzUxJTIxMmQxMy43MDk5NjU4Mjc2MzAyNzQlMjEzZDQ1LjIzMzgwNzk3OTA5ODg1JTIxMm0zJTIxMWYwJTIxMmYwJTIxM2YwJTIxM20yJTIxMWkxMDI0JTIxMmk3NjglMjE0ZjEzLjElMjEzbTMlMjExbTIlMjExczB4NDc3Y2EzMmU2OWNmMjk4NyUyNTNBMHg0NDhjMjc2OWYzYTFlNGZkJTIxMnpVR1Z5eGFGMWNtbkVoeUJOYVhOaGJBJTIxNWUwJTIxM20yJTIxMXNociUyMTJzaHIlMjE0djE0OTI1MjA4MzU0NTglMjIlMjB3aWR0aCUzRCUyMjEwMCUyNSUyMiUyMGhlaWdodCUzRCUyMjQ1MCUyMiUyMGZyYW1lYm9yZGVyJTNEJTIyMCUyMiUyMHN0eWxlJTNEJTIyYm9yZGVyJTNBMCUyMiUyMGFsbG93ZnVsbHNjcmVlbiUzRSUzQyUyRmlmcmFtZSUzRQ==&#8221; size=&#8221;540px&#8221;][\/vc_column][vc_column width=&#8221;1\/2&#8243;][\/vc_column][\/vc_row][vc_row full_width=&#8221;stretch_row&#8221; content_placement=&#8221;middle&#8221; css=&#8221;.vc_custom_1503578164633{background: #121212 url(http:\/\/misal.hr\/wp-content\/uploads\/2016\/03\/misal_spark_01.jpg?id=1683) !important;background-position: center !important;background-repeat: no-repeat !important;background-size: cover !important;}&#8221;][vc_column][vc_column_text] PJENU\u0160CI PER\u0160URI\u0106 MISAL za svaku priliku [\/vc_column_text][\/vc_column][\/vc_row]\" \/>\n<meta property=\"og:url\" content=\"https:\/\/misal.hr\/hr\/kontakt\/\" \/>\n<meta property=\"og:site_name\" content=\"MISAL\" \/>\n<meta property=\"article:publisher\" content=\"https:\/\/web.facebook.com\/misal.pjenusci\" \/>\n<meta property=\"article:modified_time\" content=\"2023-04-12T10:32:41+00:00\" \/>\n<meta property=\"og:image\" content=\"https:\/\/misal.hr\/wp-content\/uploads\/2016\/03\/misal_web-sparkle-1.jpg\" \/>\n\t<meta property=\"og:image:width\" content=\"1920\" \/>\n\t<meta property=\"og:image:height\" content=\"1272\" \/>\n\t<meta property=\"og:image:type\" content=\"image\/jpeg\" \/>\n<meta name=\"twitter:card\" content=\"summary_large_image\" \/>\n<meta name=\"twitter:label1\" content=\"Procijenjeno vrijeme \u010ditanja\" \/>\n\t<meta name=\"twitter:data1\" content=\"2 minute\" \/>\n<script type=\"application\/ld+json\" class=\"yoast-schema-graph\">{\"@context\":\"https:\\\/\\\/schema.org\",\"@graph\":[{\"@type\":\"WebPage\",\"@id\":\"https:\\\/\\\/misal.hr\\\/hr\\\/kontakt\\\/\",\"url\":\"https:\\\/\\\/misal.hr\\\/hr\\\/kontakt\\\/\",\"name\":\"KONTAKT | MISAL | INFO@MISAL.HR | 00385 52 431 586\",\"isPartOf\":{\"@id\":\"https:\\\/\\\/misal.hr\\\/hr\\\/#website\"},\"datePublished\":\"2016-03-10T09:22:08+00:00\",\"dateModified\":\"2023-04-12T10:32:41+00:00\",\"breadcrumb\":{\"@id\":\"https:\\\/\\\/misal.hr\\\/hr\\\/kontakt\\\/#breadcrumb\"},\"inLanguage\":\"hr\",\"potentialAction\":[{\"@type\":\"ReadAction\",\"target\":[[\"https:\\\/\\\/misal.hr\\\/hr\\\/kontakt\\\/\"]]}]},{\"@type\":\"BreadcrumbList\",\"@id\":\"https:\\\/\\\/misal.hr\\\/hr\\\/kontakt\\\/#breadcrumb\",\"itemListElement\":[{\"@type\":\"ListItem\",\"position\":1,\"name\":\"Home\",\"item\":\"https:\\\/\\\/misal.hr\\\/hr\\\/\"},{\"@type\":\"ListItem\",\"position\":2,\"name\":\"KONTAKT\"}]},{\"@type\":\"WebSite\",\"@id\":\"https:\\\/\\\/misal.hr\\\/hr\\\/#website\",\"url\":\"https:\\\/\\\/misal.hr\\\/hr\\\/\",\"name\":\"MISAL\",\"description\":\"Pjenu\u0161ci Per\u0161uri\u0107\",\"publisher\":{\"@id\":\"https:\\\/\\\/misal.hr\\\/hr\\\/#organization\"},\"potentialAction\":[{\"@type\":\"SearchAction\",\"target\":{\"@type\":\"EntryPoint\",\"urlTemplate\":\"https:\\\/\\\/misal.hr\\\/hr\\\/?s={search_term_string}\"},\"query-input\":{\"@type\":\"PropertyValueSpecification\",\"valueRequired\":true,\"valueName\":\"search_term_string\"}}],\"inLanguage\":\"hr\"},{\"@type\":\"Organization\",\"@id\":\"https:\\\/\\\/misal.hr\\\/hr\\\/#organization\",\"name\":\"PJENU\u0160CI PER\u0160URI\u0106 d.o.o.\",\"alternateName\":\"MISAL\",\"url\":\"https:\\\/\\\/misal.hr\\\/hr\\\/\",\"logo\":{\"@type\":\"ImageObject\",\"inLanguage\":\"hr\",\"@id\":\"https:\\\/\\\/misal.hr\\\/hr\\\/#\\\/schema\\\/logo\\\/image\\\/\",\"url\":\"https:\\\/\\\/misal.hr\\\/wp-content\\\/uploads\\\/2016\\\/03\\\/misal_pjenusci_vina_persuric.jpg\",\"contentUrl\":\"https:\\\/\\\/misal.hr\\\/wp-content\\\/uploads\\\/2016\\\/03\\\/misal_pjenusci_vina_persuric.jpg\",\"width\":1500,\"height\":996,\"caption\":\"PJENU\u0160CI PER\u0160URI\u0106 d.o.o.\"},\"image\":{\"@id\":\"https:\\\/\\\/misal.hr\\\/hr\\\/#\\\/schema\\\/logo\\\/image\\\/\"},\"sameAs\":[\"https:\\\/\\\/web.facebook.com\\\/misal.pjenusci\",\"https:\\\/\\\/www.instagram.com\\\/sparkling_wines_misal\\\/\"]}]}<\/script>\n<!-- \/ Yoast SEO plugin. -->","yoast_head_json":{"title":"KONTAKT | MISAL | INFO@MISAL.HR | 00385 52 431 586","robots":{"index":"index","follow":"follow","max-snippet":"max-snippet:-1","max-image-preview":"max-image-preview:large","max-video-preview":"max-video-preview:-1"},"canonical":"https:\/\/misal.hr\/hr\/kontakt\/","og_locale":"hr_HR","og_type":"article","og_title":"KONTAKT | MISAL | INFO@MISAL.HR | 00385 52 431 586","og_description":"[vc_row full_width=&#8221;stretch_row&#8221; css=&#8221;.vc_custom_1503999541866{padding-top: 90px !important;padding-bottom: 0px !important;background: #000000 url(http:\/\/misal.hr\/wp-content\/uploads\/2016\/03\/misal_kontakt.jpg?id=1804) !important;background-position: center !important;background-repeat: no-repeat !important;background-size: cover !important;}&#8221;][vc_column width=&#8221;1\/2&#8243;][\/vc_column][vc_column width=&#8221;1\/2&#8243; el_class=&#8221;slova_big&#8221;][\/vc_column][\/vc_row][vc_row css=&#8221;.vc_custom_1621586261943{margin-top: 0px !important;margin-bottom: 0px !important;}&#8221;][vc_column][\/vc_column][\/vc_row][vc_row full_width=&#8221;stretch_row&#8221;][vc_column width=&#8221;1\/2&#8243;][vc_gmaps link=&#8221;#E-8_JTNDaWZyYW1lJTIwc3JjJTNEJTIyaHR0cHMlM0ElMkYlMkZ3d3cuZ29vZ2xlLmNvbSUyRm1hcHMlMkZlbWJlZCUzRnBiJTNEJTIxMW0xOCUyMTFtMTIlMjExbTMlMjExZDcwMi40MjI4NzM3MjU5NzUxJTIxMmQxMy43MDk5NjU4Mjc2MzAyNzQlMjEzZDQ1LjIzMzgwNzk3OTA5ODg1JTIxMm0zJTIxMWYwJTIxMmYwJTIxM2YwJTIxM20yJTIxMWkxMDI0JTIxMmk3NjglMjE0ZjEzLjElMjEzbTMlMjExbTIlMjExczB4NDc3Y2EzMmU2OWNmMjk4NyUyNTNBMHg0NDhjMjc2OWYzYTFlNGZkJTIxMnpVR1Z5eGFGMWNtbkVoeUJOYVhOaGJBJTIxNWUwJTIxM20yJTIxMXNociUyMTJzaHIlMjE0djE0OTI1MjA4MzU0NTglMjIlMjB3aWR0aCUzRCUyMjEwMCUyNSUyMiUyMGhlaWdodCUzRCUyMjQ1MCUyMiUyMGZyYW1lYm9yZGVyJTNEJTIyMCUyMiUyMHN0eWxlJTNEJTIyYm9yZGVyJTNBMCUyMiUyMGFsbG93ZnVsbHNjcmVlbiUzRSUzQyUyRmlmcmFtZSUzRQ==&#8221; size=&#8221;540px&#8221;][\/vc_column][vc_column width=&#8221;1\/2&#8243;][\/vc_column][\/vc_row][vc_row full_width=&#8221;stretch_row&#8221; content_placement=&#8221;middle&#8221; css=&#8221;.vc_custom_1503578164633{background: #121212 url(http:\/\/misal.hr\/wp-content\/uploads\/2016\/03\/misal_spark_01.jpg?id=1683) !important;background-position: center !important;background-repeat: no-repeat !important;background-size: cover !important;}&#8221;][vc_column][vc_column_text] PJENU\u0160CI PER\u0160URI\u0106 MISAL za svaku priliku [\/vc_column_text][\/vc_column][\/vc_row]","og_url":"https:\/\/misal.hr\/hr\/kontakt\/","og_site_name":"MISAL","article_publisher":"https:\/\/web.facebook.com\/misal.pjenusci","article_modified_time":"2023-04-12T10:32:41+00:00","og_image":[{"width":1920,"height":1272,"url":"https:\/\/misal.hr\/wp-content\/uploads\/2016\/03\/misal_web-sparkle-1.jpg","type":"image\/jpeg"}],"twitter_card":"summary_large_image","twitter_misc":{"Procijenjeno vrijeme \u010ditanja":"2 minute"},"schema":{"@context":"https:\/\/schema.org","@graph":[{"@type":"WebPage","@id":"https:\/\/misal.hr\/hr\/kontakt\/","url":"https:\/\/misal.hr\/hr\/kontakt\/","name":"KONTAKT | MISAL | INFO@MISAL.HR | 00385 52 431 586","isPartOf":{"@id":"https:\/\/misal.hr\/hr\/#website"},"datePublished":"2016-03-10T09:22:08+00:00","dateModified":"2023-04-12T10:32:41+00:00","breadcrumb":{"@id":"https:\/\/misal.hr\/hr\/kontakt\/#breadcrumb"},"inLanguage":"hr","potentialAction":[{"@type":"ReadAction","target":[["https:\/\/misal.hr\/hr\/kontakt\/"]]}]},{"@type":"BreadcrumbList","@id":"https:\/\/misal.hr\/hr\/kontakt\/#breadcrumb","itemListElement":[{"@type":"ListItem","position":1,"name":"Home","item":"https:\/\/misal.hr\/hr\/"},{"@type":"ListItem","position":2,"name":"KONTAKT"}]},{"@type":"WebSite","@id":"https:\/\/misal.hr\/hr\/#website","url":"https:\/\/misal.hr\/hr\/","name":"MISAL","description":"Pjenu\u0161ci Per\u0161uri\u0107","publisher":{"@id":"https:\/\/misal.hr\/hr\/#organization"},"potentialAction":[{"@type":"SearchAction","target":{"@type":"EntryPoint","urlTemplate":"https:\/\/misal.hr\/hr\/?s={search_term_string}"},"query-input":{"@type":"PropertyValueSpecification","valueRequired":true,"valueName":"search_term_string"}}],"inLanguage":"hr"},{"@type":"Organization","@id":"https:\/\/misal.hr\/hr\/#organization","name":"PJENU\u0160CI PER\u0160URI\u0106 d.o.o.","alternateName":"MISAL","url":"https:\/\/misal.hr\/hr\/","logo":{"@type":"ImageObject","inLanguage":"hr","@id":"https:\/\/misal.hr\/hr\/#\/schema\/logo\/image\/","url":"https:\/\/misal.hr\/wp-content\/uploads\/2016\/03\/misal_pjenusci_vina_persuric.jpg","contentUrl":"https:\/\/misal.hr\/wp-content\/uploads\/2016\/03\/misal_pjenusci_vina_persuric.jpg","width":1500,"height":996,"caption":"PJENU\u0160CI PER\u0160URI\u0106 d.o.o."},"image":{"@id":"https:\/\/misal.hr\/hr\/#\/schema\/logo\/image\/"},"sameAs":["https:\/\/web.facebook.com\/misal.pjenusci","https:\/\/www.instagram.com\/sparkling_wines_misal\/"]}]}},"_links":{"self":[{"href":"https:\/\/misal.hr\/hr\/wp-json\/wp\/v2\/pages\/183","targetHints":{"allow":["GET"]}}],"collection":[{"href":"https:\/\/misal.hr\/hr\/wp-json\/wp\/v2\/pages"}],"about":[{"href":"https:\/\/misal.hr\/hr\/wp-json\/wp\/v2\/types\/page"}],"author":[{"embeddable":true,"href":"https:\/\/misal.hr\/hr\/wp-json\/wp\/v2\/users\/1"}],"replies":[{"embeddable":true,"href":"https:\/\/misal.hr\/hr\/wp-json\/wp\/v2\/comments?post=183"}],"version-history":[{"count":0,"href":"https:\/\/misal.hr\/hr\/wp-json\/wp\/v2\/pages\/183\/revisions"}],"wp:attachment":[{"href":"https:\/\/misal.hr\/hr\/wp-json\/wp\/v2\/media?parent=183"}],"curies":[{"name":"wp","href":"https:\/\/api.w.org\/{rel}","templated":true}]}}