{"id":2006,"date":"2017-11-09T08:40:54","date_gmt":"2017-11-09T08:40:54","guid":{"rendered":"http:\/\/misal.hr\/?page_id=2006"},"modified":"2017-11-20T12:17:55","modified_gmt":"2017-11-20T12:17:55","slug":"opci-uvjeti-poslovanja","status":"publish","type":"page","link":"https:\/\/misal.hr\/hr\/opci-uvjeti-poslovanja\/","title":{"rendered":"Op\u0107i uvjeti poslovanja"},"content":{"rendered":"<p><strong>Op\u0107enito<\/strong><br \/>\nPjenu\u0161ci Per\u0161uri\u0107 d.o.o. posluje u skladu sa zakonskim propisima koji ne dozvoljavaju prodaju alkoholnih pi\u0107a osobama mla\u0111im od 18 godina. Sav ponu\u0111eni asortiman prodajemo fizi\u010dkim i pravnim osobama. Na\u0161a ponuda je slobodna i neobvezuju\u0107a.<\/p>\n<p><strong>\u0160teta pri transportu robe<\/strong><br \/>\nSvu robu isporu\u010dujemo u original kartonskoj ambala\u017ei koja smanjuje rizik od nastanka \u0161tete. Ukoliko bi se ipak dogodila \u0161teta tijekom transporta (lom neke boce ili sli\u010dno) robu niste du\u017eni preuzeti. U tom slu\u010daju molimo da odmah prijavite \u0161tetu kuriru, koji Vam je du\u017ean izdati potvrdu o o\u0161te\u0107enju po\u0161iljke, te nas o tome obavjestite.<\/p>\n<p><strong>Reklamacije i garancije<\/strong><br \/>\nU slu\u010daju povrata robe kupac je du\u017ean uputiti opravdanu reklamaciju u propisanom roku putem e-maila: info@misal.hr ili na adresu: Pjenu\u0161ci Per\u0161uri\u0107 d.o.o., Pr\u0161uri\u0107i 5a, 52 463 Vi\u0161njan.<\/p>\n<p><strong>Kupac ima pravo na reklamaciju u sljede\u0107im slu\u010dajevima:<\/strong><\/p>\n<ul>\n<li>isporuka robe koja nije naru\u010dena (najkasnije 7 dana od datuma kupnje)<\/li>\n<li>isporuka robe koja nije odgovaraju\u0107e kvalitete (najkasnije 60 dana od datuma kupnje)<\/li>\n<li>isporuka robe koja ima gre\u0161ku ili o\u0161te\u0107enja koja nisu nastala u transportu (najkasnije 7 dana od datuma kupnje)<\/li>\n<\/ul>\n<p>Prodavatelj je du\u017ean u roku od 30 dana od dana primitka pisane reklamacije Kupcu zamijeniti proizvod ili vratiti novac.<\/p>\n<p><strong>Za\u0161tita privatnosti i sigurnost<\/strong><br \/>\nPjenu\u0161ci Per\u0161uri\u0107 d.o.o. prikupit \u0107e i \u010duvati od drugih osoba samo one podatke o kupcima koji su potrebni za uspje\u0161no zaklju\u010denje narud\u017ebe i dostave. Obvezuje se da \u0107e \u010duvati privatnost svih kupaca te prikupljene podatke niti pod kojim uvjetima ne\u0107e davati drugima. Prodavatelj se obvezuje na po\u0161tivanje na\u010dela za\u0161tite privatnosti kupaca.<\/p>","protected":false},"excerpt":{"rendered":"<p>Op\u0107enito Pjenu\u0161ci Per\u0161uri\u0107 d.o.o. posluje u skladu sa zakonskim propisima koji ne dozvoljavaju prodaju alkoholnih pi\u0107a osobama mla\u0111im od 18 godina. Sav ponu\u0111eni asortiman prodajemo fizi\u010dkim i pravnim osobama. Na\u0161a ponuda je slobodna i neobvezuju\u0107a. \u0160teta pri transportu robe Svu robu isporu\u010dujemo u original kartonskoj ambala\u017ei koja smanjuje rizik od nastanka \u0161tete. Ukoliko bi se<br class=\"read-more-spacer\"> <a class=\"more-link\" href=\"https:\/\/misal.hr\/hr\/opci-uvjeti-poslovanja\/\">Read More<\/a><\/p>\n","protected":false},"author":1,"featured_media":0,"parent":0,"menu_order":0,"comment_status":"closed","ping_status":"closed","template":"","meta":{"_acf_changed":false,"footnotes":""},"class_list":["post-2006","page","type-page","status-publish"],"acf":[],"yoast_head":"<!-- This site is optimized with the Yoast SEO plugin v26.6 - https:\/\/yoast.com\/wordpress\/plugins\/seo\/ -->\n<title>Op\u0107i uvjeti poslovanja - MISAL<\/title>\n<meta name=\"robots\" content=\"index, follow, max-snippet:-1, max-image-preview:large, max-video-preview:-1\" \/>\n<link rel=\"canonical\" href=\"https:\/\/misal.hr\/hr\/opci-uvjeti-poslovanja\/\" \/>\n<meta property=\"og:locale\" content=\"hr_HR\" \/>\n<meta property=\"og:type\" content=\"article\" \/>\n<meta property=\"og:title\" content=\"Op\u0107i uvjeti poslovanja - MISAL\" \/>\n<meta property=\"og:description\" content=\"Op\u0107enito Pjenu\u0161ci Per\u0161uri\u0107 d.o.o. posluje u skladu sa zakonskim propisima koji ne dozvoljavaju prodaju alkoholnih pi\u0107a osobama mla\u0111im od 18 godina. Sav ponu\u0111eni asortiman prodajemo fizi\u010dkim i pravnim osobama. Na\u0161a ponuda je slobodna i neobvezuju\u0107a. \u0160teta pri transportu robe Svu robu isporu\u010dujemo u original kartonskoj ambala\u017ei koja smanjuje rizik od nastanka \u0161tete. Ukoliko bi se Read More\" \/>\n<meta property=\"og:url\" content=\"https:\/\/misal.hr\/hr\/opci-uvjeti-poslovanja\/\" \/>\n<meta property=\"og:site_name\" content=\"MISAL\" \/>\n<meta property=\"article:publisher\" content=\"https:\/\/web.facebook.com\/misal.pjenusci\" \/>\n<meta property=\"article:modified_time\" content=\"2017-11-20T12:17:55+00:00\" \/>\n<meta property=\"og:image\" content=\"https:\/\/misal.hr\/wp-content\/uploads\/2016\/03\/misal_web-sparkle-1.jpg\" \/>\n\t<meta property=\"og:image:width\" content=\"1920\" \/>\n\t<meta property=\"og:image:height\" content=\"1272\" \/>\n\t<meta property=\"og:image:type\" content=\"image\/jpeg\" \/>\n<meta name=\"twitter:card\" content=\"summary_large_image\" \/>\n<meta name=\"twitter:label1\" content=\"Procijenjeno vrijeme \u010ditanja\" \/>\n\t<meta name=\"twitter:data1\" content=\"6 minuta\" \/>\n<script type=\"application\/ld+json\" class=\"yoast-schema-graph\">{\"@context\":\"https:\/\/schema.org\",\"@graph\":[{\"@type\":\"WebPage\",\"@id\":\"https:\/\/misal.hr\/hr\/opci-uvjeti-poslovanja\/\",\"url\":\"https:\/\/misal.hr\/hr\/opci-uvjeti-poslovanja\/\",\"name\":\"Op\u0107i uvjeti poslovanja - MISAL\",\"isPartOf\":{\"@id\":\"https:\/\/misal.hr\/hr\/#website\"},\"datePublished\":\"2017-11-09T08:40:54+00:00\",\"dateModified\":\"2017-11-20T12:17:55+00:00\",\"breadcrumb\":{\"@id\":\"https:\/\/misal.hr\/hr\/opci-uvjeti-poslovanja\/#breadcrumb\"},\"inLanguage\":\"hr\",\"potentialAction\":[{\"@type\":\"ReadAction\",\"target\":[[\"https:\/\/misal.hr\/hr\/opci-uvjeti-poslovanja\/\"]]}]},{\"@type\":\"BreadcrumbList\",\"@id\":\"https:\/\/misal.hr\/hr\/opci-uvjeti-poslovanja\/#breadcrumb\",\"itemListElement\":[{\"@type\":\"ListItem\",\"position\":1,\"name\":\"Home\",\"item\":\"https:\/\/misal.hr\/hr\/\"},{\"@type\":\"ListItem\",\"position\":2,\"name\":\"Op\u0107i uvjeti poslovanja\"}]},{\"@type\":\"WebSite\",\"@id\":\"https:\/\/misal.hr\/hr\/#website\",\"url\":\"https:\/\/misal.hr\/hr\/\",\"name\":\"MISAL\",\"description\":\"Pjenu\u0161ci Per\u0161uri\u0107\",\"publisher\":{\"@id\":\"https:\/\/misal.hr\/hr\/#organization\"},\"potentialAction\":[{\"@type\":\"SearchAction\",\"target\":{\"@type\":\"EntryPoint\",\"urlTemplate\":\"https:\/\/misal.hr\/hr\/?s={search_term_string}\"},\"query-input\":{\"@type\":\"PropertyValueSpecification\",\"valueRequired\":true,\"valueName\":\"search_term_string\"}}],\"inLanguage\":\"hr\"},{\"@type\":\"Organization\",\"@id\":\"https:\/\/misal.hr\/hr\/#organization\",\"name\":\"PJENU\u0160CI PER\u0160URI\u0106 d.o.o.\",\"alternateName\":\"MISAL\",\"url\":\"https:\/\/misal.hr\/hr\/\",\"logo\":{\"@type\":\"ImageObject\",\"inLanguage\":\"hr\",\"@id\":\"https:\/\/misal.hr\/hr\/#\/schema\/logo\/image\/\",\"url\":\"https:\/\/misal.hr\/wp-content\/uploads\/2016\/03\/misal_pjenusci_vina_persuric.jpg\",\"contentUrl\":\"https:\/\/misal.hr\/wp-content\/uploads\/2016\/03\/misal_pjenusci_vina_persuric.jpg\",\"width\":1500,\"height\":996,\"caption\":\"PJENU\u0160CI PER\u0160URI\u0106 d.o.o.\"},\"image\":{\"@id\":\"https:\/\/misal.hr\/hr\/#\/schema\/logo\/image\/\"},\"sameAs\":[\"https:\/\/web.facebook.com\/misal.pjenusci\",\"https:\/\/www.instagram.com\/sparkling_wines_misal\/\"]}]}<\/script>\n<!-- \/ Yoast SEO plugin. -->","yoast_head_json":{"title":"Op\u0107i uvjeti poslovanja - MISAL","robots":{"index":"index","follow":"follow","max-snippet":"max-snippet:-1","max-image-preview":"max-image-preview:large","max-video-preview":"max-video-preview:-1"},"canonical":"https:\/\/misal.hr\/hr\/opci-uvjeti-poslovanja\/","og_locale":"hr_HR","og_type":"article","og_title":"Op\u0107i uvjeti poslovanja - MISAL","og_description":"Op\u0107enito Pjenu\u0161ci Per\u0161uri\u0107 d.o.o. posluje u skladu sa zakonskim propisima koji ne dozvoljavaju prodaju alkoholnih pi\u0107a osobama mla\u0111im od 18 godina. Sav ponu\u0111eni asortiman prodajemo fizi\u010dkim i pravnim osobama. Na\u0161a ponuda je slobodna i neobvezuju\u0107a. \u0160teta pri transportu robe Svu robu isporu\u010dujemo u original kartonskoj ambala\u017ei koja smanjuje rizik od nastanka \u0161tete. Ukoliko bi se Read More","og_url":"https:\/\/misal.hr\/hr\/opci-uvjeti-poslovanja\/","og_site_name":"MISAL","article_publisher":"https:\/\/web.facebook.com\/misal.pjenusci","article_modified_time":"2017-11-20T12:17:55+00:00","og_image":[{"width":1920,"height":1272,"url":"https:\/\/misal.hr\/wp-content\/uploads\/2016\/03\/misal_web-sparkle-1.jpg","type":"image\/jpeg"}],"twitter_card":"summary_large_image","twitter_misc":{"Procijenjeno vrijeme \u010ditanja":"6 minuta"},"schema":{"@context":"https:\/\/schema.org","@graph":[{"@type":"WebPage","@id":"https:\/\/misal.hr\/hr\/opci-uvjeti-poslovanja\/","url":"https:\/\/misal.hr\/hr\/opci-uvjeti-poslovanja\/","name":"Op\u0107i uvjeti poslovanja - MISAL","isPartOf":{"@id":"https:\/\/misal.hr\/hr\/#website"},"datePublished":"2017-11-09T08:40:54+00:00","dateModified":"2017-11-20T12:17:55+00:00","breadcrumb":{"@id":"https:\/\/misal.hr\/hr\/opci-uvjeti-poslovanja\/#breadcrumb"},"inLanguage":"hr","potentialAction":[{"@type":"ReadAction","target":[["https:\/\/misal.hr\/hr\/opci-uvjeti-poslovanja\/"]]}]},{"@type":"BreadcrumbList","@id":"https:\/\/misal.hr\/hr\/opci-uvjeti-poslovanja\/#breadcrumb","itemListElement":[{"@type":"ListItem","position":1,"name":"Home","item":"https:\/\/misal.hr\/hr\/"},{"@type":"ListItem","position":2,"name":"Op\u0107i uvjeti poslovanja"}]},{"@type":"WebSite","@id":"https:\/\/misal.hr\/hr\/#website","url":"https:\/\/misal.hr\/hr\/","name":"MISAL","description":"Pjenu\u0161ci Per\u0161uri\u0107","publisher":{"@id":"https:\/\/misal.hr\/hr\/#organization"},"potentialAction":[{"@type":"SearchAction","target":{"@type":"EntryPoint","urlTemplate":"https:\/\/misal.hr\/hr\/?s={search_term_string}"},"query-input":{"@type":"PropertyValueSpecification","valueRequired":true,"valueName":"search_term_string"}}],"inLanguage":"hr"},{"@type":"Organization","@id":"https:\/\/misal.hr\/hr\/#organization","name":"PJENU\u0160CI PER\u0160URI\u0106 d.o.o.","alternateName":"MISAL","url":"https:\/\/misal.hr\/hr\/","logo":{"@type":"ImageObject","inLanguage":"hr","@id":"https:\/\/misal.hr\/hr\/#\/schema\/logo\/image\/","url":"https:\/\/misal.hr\/wp-content\/uploads\/2016\/03\/misal_pjenusci_vina_persuric.jpg","contentUrl":"https:\/\/misal.hr\/wp-content\/uploads\/2016\/03\/misal_pjenusci_vina_persuric.jpg","width":1500,"height":996,"caption":"PJENU\u0160CI PER\u0160URI\u0106 d.o.o."},"image":{"@id":"https:\/\/misal.hr\/hr\/#\/schema\/logo\/image\/"},"sameAs":["https:\/\/web.facebook.com\/misal.pjenusci","https:\/\/www.instagram.com\/sparkling_wines_misal\/"]}]}},"_links":{"self":[{"href":"https:\/\/misal.hr\/hr\/wp-json\/wp\/v2\/pages\/2006","targetHints":{"allow":["GET"]}}],"collection":[{"href":"https:\/\/misal.hr\/hr\/wp-json\/wp\/v2\/pages"}],"about":[{"href":"https:\/\/misal.hr\/hr\/wp-json\/wp\/v2\/types\/page"}],"author":[{"embeddable":true,"href":"https:\/\/misal.hr\/hr\/wp-json\/wp\/v2\/users\/1"}],"replies":[{"embeddable":true,"href":"https:\/\/misal.hr\/hr\/wp-json\/wp\/v2\/comments?post=2006"}],"version-history":[{"count":0,"href":"https:\/\/misal.hr\/hr\/wp-json\/wp\/v2\/pages\/2006\/revisions"}],"wp:attachment":[{"href":"https:\/\/misal.hr\/hr\/wp-json\/wp\/v2\/media?parent=2006"}],"curies":[{"name":"wp","href":"https:\/\/api.w.org\/{rel}","templated":true}]}}