{"id":341,"date":"2016-03-15T14:31:38","date_gmt":"2016-03-15T14:31:38","guid":{"rendered":"http:\/\/okthemes.com\/villenoirdemo\/?page_id=341"},"modified":"2024-08-31T11:29:01","modified_gmt":"2024-08-31T11:29:01","slug":"o-nama-vina","status":"publish","type":"page","link":"https:\/\/misal.hr\/hr\/o-nama-vina\/","title":{"rendered":"NA\u0160A PRI\u010cA"},"content":{"rendered":"<div class=\"wpb-content-wrapper\"><p>[vc_row full_width=&#8221;stretch_row&#8221; full_height=&#8221;yes&#8221; columns_placement=&#8221;top&#8221; equal_height=&#8221;yes&#8221; content_placement=&#8221;top&#8221; css_animation=&#8221;&#8221; css=&#8221;.vc_custom_1503575320385{background-color: #ededed !important;}&#8221;][vc_column width=&#8221;1\/2&#8243; css_animation=&#8221;&#8221;][vc_single_image image=&#8221;1894&#8243; img_size=&#8221;full&#8221; alignment=&#8221;center&#8221; css_animation=&#8221;&#8221;][vc_column_text css_animation=&#8221;&#8221;]<\/p>\n<p style=\"text-align: center;\">Pjenu\u0161ava vina MISAL na\u0161a su snaga i na\u0161 ponos. Nit koja povezuje na\u0161u pro\u0161lost, sada\u0161njost i budu\u0107nost. Za nas su pjenu\u0161ava vina MISAL dar koji smo dobile u naslije\u0111e da ga nosimo, volimo i zajedno s njime rastemo i odrastamo. MISAL je ono najbolje od nas \u0161to svijetu mo\u017eemo ponuditi.<\/p>\n<p>[\/vc_column_text][vc_single_image image=&#8221;1896&#8243; img_size=&#8221;full&#8221; alignment=&#8221;center&#8221; css_animation=&#8221;&#8221;][\/vc_column][vc_column width=&#8221;1\/2&#8243; css_animation=&#8221;&#8221;][vc_single_image image=&#8221;1518&#8243; img_size=&#8221;full&#8221; alignment=&#8221;center&#8221; css_animation=&#8221;&#8221;][vc_column_text css_animation=&#8221;&#8221;]<\/p>\n<p style=\"text-align: center;\">Mjehuri\u0107i Misala puni su snage istarskog kamena, ljepote zemlje crvenice, topline mediteranskog sunca i dobrote obitelji Per\u0161uri\u0107 koja se ve\u0107 pet stolje\u0107a oko trsa trsi.<\/p>\n<p>[\/vc_column_text][vc_single_image image=&#8221;1395&#8243; img_size=&#8221;full&#8221; alignment=&#8221;center&#8221; css_animation=&#8221;&#8221;][\/vc_column][\/vc_row][vc_row full_width=&#8221;stretch_row&#8221; css_animation=&#8221;&#8221; css=&#8221;.vc_custom_1725099996081{padding-top: 120px !important;padding-bottom: 400px !important;background-image: url(http:\/\/misal.hr\/wp-content\/uploads\/2023\/04\/misal_vinograd.jpg?id=6480) !important;background-position: center !important;background-repeat: no-repeat !important;background-size: cover !important;}&#8221; el_class=&#8221;gg-force-background-bottom&#8221;][vc_column width=&#8221;1\/2&#8243; css_animation=&#8221;&#8221; el_class=&#8221;nasa_prica&#8221;][vc_column_text css_animation=&#8221;&#8221;]<\/p>\n<h2>Kako smo zapo\u010deli<\/h2>\n<p>Prve boce pjenu\u0161avog vina MISAL nastale su kao rezultat istra\u017eiva\u010dkog rada Dr. sc. \u0110ordana Per\u0161uri\u0107a po\u010detkom devedesetih godina 20. Stolje\u0107a.<\/p>\n<p>U \u017eelji da poka\u017ee svo bogatstvo autohtonih sorata i podneblja krenuo je na put stvaranja, danas prepoznatljivog branda MISAL.<\/p>\n<p>Pjenu\u0161ava vina MISAL danas nastaju kao rezultat neizmjerne ljubavi, istinske strasti i mukotrpnog rada vo\u0111en znanjem i znano\u0161\u0107u.<\/p>\n<h2><\/h2>\n<p>[\/vc_column_text][\/vc_column][vc_column width=&#8221;1\/2&#8243; css_animation=&#8221;&#8221; el_class=&#8221;nasa_prica&#8221;]\n\t<div class=\"title-subtitle-box \" style=\" padding: 90px 0 0 0px; text-align: center;\">\n\t\t<p  style=\" color:#a98a53; \">PJENU\u0160CI PER\u0160URI\u0106<\/p>\n\t\t<h1 style=\" color:#e8cfa4;  font-style: normal;\">''\u017delja nam je proizvesti pjenu\u0161ce koji \u0107e obogatiti va\u0161 okus&amp;du\u0161u''<\/h1>\n\t<\/div> [\/vc_column][\/vc_row][vc_row full_width=&#8221;stretch_row&#8221; css_animation=&#8221;&#8221; css=&#8221;.vc_custom_1506684938522{background-image: url(http:\/\/misal.hr\/wp-content\/uploads\/2016\/03\/persuric-misal.jpg?id=1519) !important;background-position: center !important;background-repeat: no-repeat !important;background-size: cover !important;}&#8221; el_class=&#8221;gg-force-background-bottom-no-cover&#8221;][vc_column width=&#8221;1\/3&#8243; css_animation=&#8221;&#8221;][\/vc_column][vc_column width=&#8221;1\/3&#8243; css_animation=&#8221;&#8221; css=&#8221;.vc_custom_1506687522659{padding-right: 5% !important;padding-left: 5% !important;}&#8221; el_class=&#8221;sivo&#8221;]\n\t<div class=\"title-subtitle-box \" style=\" text-align: left;\">\n\t\t<p  style=\"\">NA\u0160A POVIJEST<\/p>\n\t<\/div> [vc_column_text css_animation=&#8221;&#8221;]<span style=\"color: #ffffff;\">Obitelji Per\u0161uri\u0107 ve\u0107 se vi\u0161e od pet stolje\u0107a bavi proizvodnjom vina. Za\u010detnik proizvodnje pjenu\u0161avih vina MISAL, Dr.sc. \u0110ordano Per\u0161uri\u0107 nakon zavr\u0161enog fakulteta vra\u0107a se u rodno selo Pr\u0161uri\u0107e te zajedno s ocem proizvodi vrlo uspje\u0161no mirna vina do 1990. godine.<\/span>[\/vc_column_text][vc_btn title=&#8221;PRO\u010cITAJTE VI\u0160E&#8221; shape=&#8221;square&#8221; color=&#8221;white&#8221; size=&#8221;xs&#8221; align=&#8221;left&#8221; css_animation=&#8221;&#8221; link=&#8221;url:http%3A%2F%2Fmisal.hr%2Fo-nama%2Fnasa-povijest%2F|||&#8221;][\/vc_column][vc_column width=&#8221;1\/3&#8243; css_animation=&#8221;&#8221; css=&#8221;.vc_custom_1506685026830{padding-top: 80px !important;}&#8221; el_class=&#8221;sivo&#8221;][vc_column_text css_animation=&#8221;&#8221;]<span style=\"color: #ffffff;\">Krajem 80- tih godina zapo\u010dinje raditi na svom prvom pjenu\u0161avom vinu u sklopu istra\u017eiva\u010dkog rada, da bi po\u010detkom 90- tih proizveo prvih stotinjak boca. Sve do 2000. godine proizvodnja je predstavljala isklju\u010divo hobiji obitelji Per\u0161uri\u0107. Ulaskom u novi milenij obitelj kre\u0107e u ozbiljan posao \u0161irenjem proizvodnje i opremanjem novih proizvodnih pogona.<\/span>[\/vc_column_text][vc_column_text css_animation=&#8221;&#8221;]<span style=\"color: #ffffff;\">Nakon zavr\u0161etka studija u obiteljski posao uklju\u010duju se k\u0107eri Katarina i Ana, koje u po\u010detku rukovode poslove vinarstva i marketinga, a u potpunosti preuzimaju vo\u0111enje vinarije nakon o\u010deve smrti 2015. godine.<\/span>[\/vc_column_text][\/vc_column][\/vc_row][vc_row full_width=&#8221;stretch_row&#8221; css_animation=&#8221;&#8221; css=&#8221;.vc_custom_1504013369493{background-color: #ededed !important;}&#8221;][vc_column width=&#8221;1\/3&#8243; css_animation=&#8221;&#8221;]\n\t<div class=\"title-subtitle-box \" style=\" margin-bottom:0px; text-align: left;\">\n\t\t<p  style=\"\">NAGRADE<\/p>\n\t\t<h1 style=\" font-style: normal;\">MISAL<\/h1>\n\t<\/div> [vc_column_text css_animation=&#8221;&#8221;]Kvalitetu na\u0161ih pjenu\u0161avih vina MISAL garantiramo ne samo visokom naobrazbom i beskrajnom ljubavlju prema onome \u010dime se bavimo, ve\u0107 i brojnim nagradama i priznanjima koje na\u0161i pjenu\u0161ci osvajaju.[\/vc_column_text][vc_btn title=&#8221;POGLEDAJTE SVE NAGRADE&#8221; shape=&#8221;square&#8221; color=&#8221;black&#8221; size=&#8221;xs&#8221; align=&#8221;left&#8221; css_animation=&#8221;&#8221; link=&#8221;url:http%3A%2F%2Fmisal.hr%2Fo-nama%2Fnagrade%2F|||&#8221;][\/vc_column][vc_column width=&#8221;2\/3&#8243; css_animation=&#8221;&#8221;][vc_masonry_media_grid element_width=&#8221;3&#8243; grid_id=&#8221;vc_gid:1725103695388-d1c6cdcf-3f8d-6&#8243; include=&#8221;1820,1819,1818,1817,1816,1815,1814,1813,1858,1914,1915,1916,1917,1918,1919,1920&#8243;][\/vc_column][\/vc_row][vc_row full_width=&#8221;stretch_row&#8221; equal_height=&#8221;yes&#8221; content_placement=&#8221;middle&#8221; css_animation=&#8221;&#8221; css=&#8221;.vc_custom_1503575578758{background: #121212 url(http:\/\/misal.hr\/wp-content\/uploads\/2016\/03\/misal_spark_01.jpg?id=1683) !important;background-position: center !important;background-repeat: no-repeat !important;background-size: cover !important;}&#8221;][vc_column css_animation=&#8221;&#8221;][vc_column_text css_animation=&#8221;&#8221;]<\/p>\n<div class=\"heading\">\n<p class=\"h_subtitle\" style=\"text-align: center;\">PJENU\u0160CI PER\u0160URI\u0106<\/p>\n<h2 class=\"h_title\" style=\"text-align: center;\">Pjenu\u0161ava vina MISAL vrhunske kvalitete<\/h2>\n<\/div>\n<p>[\/vc_column_text][\/vc_column][\/vc_row]<\/p>\n<\/div>","protected":false},"excerpt":{"rendered":"<p>[vc_row full_width=&#8221;stretch_row&#8221; full_height=&#8221;yes&#8221; columns_placement=&#8221;top&#8221; equal_height=&#8221;yes&#8221; content_placement=&#8221;top&#8221; css_animation=&#8221;&#8221; css=&#8221;.vc_custom_1503575320385{background-color: #ededed !important;}&#8221;][vc_column width=&#8221;1\/2&#8243; css_animation=&#8221;&#8221;][vc_single_image image=&#8221;1894&#8243; img_size=&#8221;full&#8221; alignment=&#8221;center&#8221; css_animation=&#8221;&#8221;][vc_column_text css_animation=&#8221;&#8221;] Pjenu\u0161ava vina MISAL na\u0161a su snaga i na\u0161 ponos. Nit koja povezuje na\u0161u pro\u0161lost, sada\u0161njost i budu\u0107nost. Za nas su pjenu\u0161ava vina MISAL dar koji smo dobile u naslije\u0111e da ga nosimo, volimo i zajedno s njime rastemo<br class=\"read-more-spacer\"> <a class=\"more-link\" href=\"https:\/\/misal.hr\/hr\/o-nama-vina\/\">Read More<\/a><\/p>\n","protected":false},"author":1,"featured_media":0,"parent":0,"menu_order":0,"comment_status":"closed","ping_status":"closed","template":"","meta":{"_acf_changed":false,"footnotes":""},"class_list":["post-341","page","type-page","status-publish"],"acf":[],"yoast_head":"<!-- This site is optimized with the Yoast SEO plugin v26.6 - https:\/\/yoast.com\/wordpress\/plugins\/seo\/ -->\n<title>PJENU\u0160AVA VINA PER\u0160URI\u0106 | NA\u0160A PRI\u010cA | MISAL<\/title>\n<meta name=\"description\" content=\"Pjenu\u0161ava vina MISAL danas nastaju kao rezultat neizmjerne ljubavi, istinske strasti i mukotrpnog rada vo\u0111en znanjem i znano\u0161\u0107u.\" \/>\n<meta name=\"robots\" content=\"index, follow, max-snippet:-1, max-image-preview:large, max-video-preview:-1\" \/>\n<link rel=\"canonical\" href=\"https:\/\/misal.hr\/hr\/o-nama-vina\/\" \/>\n<meta property=\"og:locale\" content=\"hr_HR\" \/>\n<meta property=\"og:type\" content=\"article\" \/>\n<meta property=\"og:title\" content=\"PJENU\u0160AVA VINA PER\u0160URI\u0106 | NA\u0160A PRI\u010cA | MISAL\" \/>\n<meta property=\"og:description\" content=\"Pjenu\u0161ava vina MISAL danas nastaju kao rezultat neizmjerne ljubavi, istinske strasti i mukotrpnog rada vo\u0111en znanjem i znano\u0161\u0107u.\" \/>\n<meta property=\"og:url\" content=\"https:\/\/misal.hr\/hr\/o-nama-vina\/\" \/>\n<meta property=\"og:site_name\" content=\"MISAL\" \/>\n<meta property=\"article:publisher\" content=\"https:\/\/web.facebook.com\/misal.pjenusci\" \/>\n<meta property=\"article:modified_time\" content=\"2024-08-31T11:29:01+00:00\" \/>\n<meta property=\"og:image\" content=\"https:\/\/misal.hr\/wp-content\/uploads\/2016\/03\/misal_web-sparkle-1.jpg\" \/>\n\t<meta property=\"og:image:width\" content=\"1920\" \/>\n\t<meta property=\"og:image:height\" content=\"1272\" \/>\n\t<meta property=\"og:image:type\" content=\"image\/jpeg\" \/>\n<meta name=\"twitter:card\" content=\"summary_large_image\" \/>\n<meta name=\"twitter:label1\" content=\"Procijenjeno vrijeme \u010ditanja\" \/>\n\t<meta name=\"twitter:data1\" content=\"19 minuta\" \/>\n<script type=\"application\/ld+json\" class=\"yoast-schema-graph\">{\"@context\":\"https:\/\/schema.org\",\"@graph\":[{\"@type\":\"WebPage\",\"@id\":\"https:\/\/misal.hr\/hr\/o-nama-vina\/\",\"url\":\"https:\/\/misal.hr\/hr\/o-nama-vina\/\",\"name\":\"PJENU\u0160AVA VINA PER\u0160URI\u0106 | NA\u0160A PRI\u010cA | MISAL\",\"isPartOf\":{\"@id\":\"https:\/\/misal.hr\/hr\/#website\"},\"datePublished\":\"2016-03-15T14:31:38+00:00\",\"dateModified\":\"2024-08-31T11:29:01+00:00\",\"description\":\"Pjenu\u0161ava vina MISAL danas nastaju kao rezultat neizmjerne ljubavi, istinske strasti i mukotrpnog rada vo\u0111en znanjem i znano\u0161\u0107u.\",\"breadcrumb\":{\"@id\":\"https:\/\/misal.hr\/hr\/o-nama-vina\/#breadcrumb\"},\"inLanguage\":\"hr\",\"potentialAction\":[{\"@type\":\"ReadAction\",\"target\":[[\"https:\/\/misal.hr\/hr\/o-nama-vina\/\"]]}]},{\"@type\":\"BreadcrumbList\",\"@id\":\"https:\/\/misal.hr\/hr\/o-nama-vina\/#breadcrumb\",\"itemListElement\":[{\"@type\":\"ListItem\",\"position\":1,\"name\":\"Home\",\"item\":\"https:\/\/misal.hr\/hr\/\"},{\"@type\":\"ListItem\",\"position\":2,\"name\":\"NA\u0160A PRI\u010cA\"}]},{\"@type\":\"WebSite\",\"@id\":\"https:\/\/misal.hr\/hr\/#website\",\"url\":\"https:\/\/misal.hr\/hr\/\",\"name\":\"MISAL\",\"description\":\"Pjenu\u0161ci Per\u0161uri\u0107\",\"publisher\":{\"@id\":\"https:\/\/misal.hr\/hr\/#organization\"},\"potentialAction\":[{\"@type\":\"SearchAction\",\"target\":{\"@type\":\"EntryPoint\",\"urlTemplate\":\"https:\/\/misal.hr\/hr\/?s={search_term_string}\"},\"query-input\":{\"@type\":\"PropertyValueSpecification\",\"valueRequired\":true,\"valueName\":\"search_term_string\"}}],\"inLanguage\":\"hr\"},{\"@type\":\"Organization\",\"@id\":\"https:\/\/misal.hr\/hr\/#organization\",\"name\":\"PJENU\u0160CI PER\u0160URI\u0106 d.o.o.\",\"alternateName\":\"MISAL\",\"url\":\"https:\/\/misal.hr\/hr\/\",\"logo\":{\"@type\":\"ImageObject\",\"inLanguage\":\"hr\",\"@id\":\"https:\/\/misal.hr\/hr\/#\/schema\/logo\/image\/\",\"url\":\"https:\/\/misal.hr\/wp-content\/uploads\/2016\/03\/misal_pjenusci_vina_persuric.jpg\",\"contentUrl\":\"https:\/\/misal.hr\/wp-content\/uploads\/2016\/03\/misal_pjenusci_vina_persuric.jpg\",\"width\":1500,\"height\":996,\"caption\":\"PJENU\u0160CI PER\u0160URI\u0106 d.o.o.\"},\"image\":{\"@id\":\"https:\/\/misal.hr\/hr\/#\/schema\/logo\/image\/\"},\"sameAs\":[\"https:\/\/web.facebook.com\/misal.pjenusci\",\"https:\/\/www.instagram.com\/sparkling_wines_misal\/\"]}]}<\/script>\n<!-- \/ Yoast SEO plugin. -->","yoast_head_json":{"title":"PJENU\u0160AVA VINA PER\u0160URI\u0106 | NA\u0160A PRI\u010cA | MISAL","description":"Pjenu\u0161ava vina MISAL danas nastaju kao rezultat neizmjerne ljubavi, istinske strasti i mukotrpnog rada vo\u0111en znanjem i znano\u0161\u0107u.","robots":{"index":"index","follow":"follow","max-snippet":"max-snippet:-1","max-image-preview":"max-image-preview:large","max-video-preview":"max-video-preview:-1"},"canonical":"https:\/\/misal.hr\/hr\/o-nama-vina\/","og_locale":"hr_HR","og_type":"article","og_title":"PJENU\u0160AVA VINA PER\u0160URI\u0106 | NA\u0160A PRI\u010cA | MISAL","og_description":"Pjenu\u0161ava vina MISAL danas nastaju kao rezultat neizmjerne ljubavi, istinske strasti i mukotrpnog rada vo\u0111en znanjem i znano\u0161\u0107u.","og_url":"https:\/\/misal.hr\/hr\/o-nama-vina\/","og_site_name":"MISAL","article_publisher":"https:\/\/web.facebook.com\/misal.pjenusci","article_modified_time":"2024-08-31T11:29:01+00:00","og_image":[{"width":1920,"height":1272,"url":"https:\/\/misal.hr\/wp-content\/uploads\/2016\/03\/misal_web-sparkle-1.jpg","type":"image\/jpeg"}],"twitter_card":"summary_large_image","twitter_misc":{"Procijenjeno vrijeme \u010ditanja":"19 minuta"},"schema":{"@context":"https:\/\/schema.org","@graph":[{"@type":"WebPage","@id":"https:\/\/misal.hr\/hr\/o-nama-vina\/","url":"https:\/\/misal.hr\/hr\/o-nama-vina\/","name":"PJENU\u0160AVA VINA PER\u0160URI\u0106 | NA\u0160A PRI\u010cA | MISAL","isPartOf":{"@id":"https:\/\/misal.hr\/hr\/#website"},"datePublished":"2016-03-15T14:31:38+00:00","dateModified":"2024-08-31T11:29:01+00:00","description":"Pjenu\u0161ava vina MISAL danas nastaju kao rezultat neizmjerne ljubavi, istinske strasti i mukotrpnog rada vo\u0111en znanjem i znano\u0161\u0107u.","breadcrumb":{"@id":"https:\/\/misal.hr\/hr\/o-nama-vina\/#breadcrumb"},"inLanguage":"hr","potentialAction":[{"@type":"ReadAction","target":[["https:\/\/misal.hr\/hr\/o-nama-vina\/"]]}]},{"@type":"BreadcrumbList","@id":"https:\/\/misal.hr\/hr\/o-nama-vina\/#breadcrumb","itemListElement":[{"@type":"ListItem","position":1,"name":"Home","item":"https:\/\/misal.hr\/hr\/"},{"@type":"ListItem","position":2,"name":"NA\u0160A PRI\u010cA"}]},{"@type":"WebSite","@id":"https:\/\/misal.hr\/hr\/#website","url":"https:\/\/misal.hr\/hr\/","name":"MISAL","description":"Pjenu\u0161ci Per\u0161uri\u0107","publisher":{"@id":"https:\/\/misal.hr\/hr\/#organization"},"potentialAction":[{"@type":"SearchAction","target":{"@type":"EntryPoint","urlTemplate":"https:\/\/misal.hr\/hr\/?s={search_term_string}"},"query-input":{"@type":"PropertyValueSpecification","valueRequired":true,"valueName":"search_term_string"}}],"inLanguage":"hr"},{"@type":"Organization","@id":"https:\/\/misal.hr\/hr\/#organization","name":"PJENU\u0160CI PER\u0160URI\u0106 d.o.o.","alternateName":"MISAL","url":"https:\/\/misal.hr\/hr\/","logo":{"@type":"ImageObject","inLanguage":"hr","@id":"https:\/\/misal.hr\/hr\/#\/schema\/logo\/image\/","url":"https:\/\/misal.hr\/wp-content\/uploads\/2016\/03\/misal_pjenusci_vina_persuric.jpg","contentUrl":"https:\/\/misal.hr\/wp-content\/uploads\/2016\/03\/misal_pjenusci_vina_persuric.jpg","width":1500,"height":996,"caption":"PJENU\u0160CI PER\u0160URI\u0106 d.o.o."},"image":{"@id":"https:\/\/misal.hr\/hr\/#\/schema\/logo\/image\/"},"sameAs":["https:\/\/web.facebook.com\/misal.pjenusci","https:\/\/www.instagram.com\/sparkling_wines_misal\/"]}]}},"_links":{"self":[{"href":"https:\/\/misal.hr\/hr\/wp-json\/wp\/v2\/pages\/341","targetHints":{"allow":["GET"]}}],"collection":[{"href":"https:\/\/misal.hr\/hr\/wp-json\/wp\/v2\/pages"}],"about":[{"href":"https:\/\/misal.hr\/hr\/wp-json\/wp\/v2\/types\/page"}],"author":[{"embeddable":true,"href":"https:\/\/misal.hr\/hr\/wp-json\/wp\/v2\/users\/1"}],"replies":[{"embeddable":true,"href":"https:\/\/misal.hr\/hr\/wp-json\/wp\/v2\/comments?post=341"}],"version-history":[{"count":0,"href":"https:\/\/misal.hr\/hr\/wp-json\/wp\/v2\/pages\/341\/revisions"}],"wp:attachment":[{"href":"https:\/\/misal.hr\/hr\/wp-json\/wp\/v2\/media?parent=341"}],"curies":[{"name":"wp","href":"https:\/\/api.w.org\/{rel}","templated":true}]}}