{"id":503,"date":"2016-03-21T12:36:58","date_gmt":"2016-03-21T12:36:58","guid":{"rendered":"http:\/\/okthemes.com\/villenoirdemo\/?page_id=503"},"modified":"2023-04-12T09:15:31","modified_gmt":"2023-04-12T09:15:31","slug":"nagrade","status":"publish","type":"page","link":"https:\/\/misal.hr\/hr\/o-nama-vina\/nagrade\/","title":{"rendered":"NAGRADE"},"content":{"rendered":"<div class=\"wpb-content-wrapper\"><p>[vc_row css=&#8221;.vc_custom_1458564277675{padding-bottom: 0px !important;}&#8221;][vc_column width=&#8221;1\/2&#8243;]\n\t<div class=\"title-subtitle-box \" style=\" text-align: left;\">\n\t\t<h2 style=\" font-style: normal;\">Blanc de blancs<\/h2>\n\t<\/div> [\/vc_column][vc_column width=&#8221;1\/2&#8243;]\n\t<div class=\"gg_list list_style_line   \">\n<ul>\n<li>3 zlatne medalje<\/li>\n<li>4 srebrne medalje<\/li>\n<li>Nagrada \u201ddr. sc. \u0110ordano Per\u0161uri\u0107\u201d op\u0107ine Vi\u0161njan za najbolji pjenu\u0161ac 2022.<\/li>\n<li>titulu TOP hrvatskog bijelog pjenu\u0161ca \u2013 Salon pjenu\u0161avih vina Zagreb\/Ljubljana 2017.<\/li>\n<li>zlatna medalja na Festivalu Penina \u2013 Portoro\u017e 2015., 2014.<\/li>\n<li>bron\u010dana medalja na International Wine Chellange \u2013 London 2013.<\/li>\n<\/ul>\n<\/div>[\/vc_column][\/vc_row][vc_row css=&#8221;.vc_custom_1458564260157{padding-top: 0px !important;padding-bottom: 0px !important;}&#8221;][vc_column css=&#8221;.vc_custom_1458564215708{padding-top: 0px !important;padding-bottom: 0px !important;}&#8221;][vc_separator css=&#8221;.vc_custom_1458564307490{margin-bottom: 0px !important;}&#8221;][\/vc_column][\/vc_row][vc_row css=&#8221;.vc_custom_1458565399766{padding-top: 55px !important;padding-bottom: 0px !important;}&#8221;][vc_column width=&#8221;1\/2&#8243;]\n\t<div class=\"title-subtitle-box \" style=\" text-align: left;\">\n\t\t<h2 style=\" font-style: normal;\">Prestige<\/h2>\n\t<\/div> [\/vc_column][vc_column width=&#8221;1\/2&#8243;]\n\t<div class=\"gg_list list_style_line   \">\n<ul>\n<li>\n13 zlatnih medalja\n<\/li>\n<li>\n21 srebrnih medalja\n<\/li>\n<li>\nZlatna medalja na natjecanju The World\u2019s Finest Glass of Bubbly Awards 2022. i 2020. u kategoriji Oaky &amp; Toasty\n<\/li>\n<li>Nagrada \u201ddr. sc. \u0110ordano Per\u0161uri\u0107\u201d op\u0107ine Vi\u0161njan za najbolji pjenu\u0161ac 2018<\/li>\n<li>4 Vinske zvijezdice Ve\u010dernjeg lista 2016. i 2015.<\/li>\n<li>\u0160ampion Sabatine 2010.<\/li>\n<li>\u0160ampion Vinistre 2007. i 2004.<\/li>\n<\/ul>\n<\/div>[\/vc_column][\/vc_row][vc_row css=&#8221;.vc_custom_1458564260157{padding-top: 0px !important;padding-bottom: 0px !important;}&#8221;][vc_column css=&#8221;.vc_custom_1458564215708{padding-top: 0px !important;padding-bottom: 0px !important;}&#8221;][vc_separator css=&#8221;.vc_custom_1458564307490{margin-bottom: 0px !important;}&#8221;][\/vc_column][\/vc_row][vc_row css=&#8221;.vc_custom_1458565399766{padding-top: 55px !important;padding-bottom: 0px !important;}&#8221;][vc_column width=&#8221;1\/2&#8243;]\n\t<div class=\"title-subtitle-box \" style=\" text-align: left;\">\n\t\t<h2 style=\" font-style: normal;\">Blanc de noirs<\/h2>\n\t<\/div> [\/vc_column][vc_column width=&#8221;1\/2&#8243;]\n\t<div class=\"gg_list list_style_line   \">\n<ul>\n<li>3 srebrne medalje<\/li>\n<li>zlatna medalja na Festivalu Penina \u2013 Portoro\u017e 2015.<\/li>\n<\/ul>\n<\/div>[\/vc_column][\/vc_row][vc_row css=&#8221;.vc_custom_1458564260157{padding-top: 0px !important;padding-bottom: 0px !important;}&#8221;][vc_column css=&#8221;.vc_custom_1458564215708{padding-top: 0px !important;padding-bottom: 0px !important;}&#8221;][vc_separator css=&#8221;.vc_custom_1458564307490{margin-bottom: 0px !important;}&#8221;][\/vc_column][\/vc_row][vc_row css=&#8221;.vc_custom_1487926892300{padding-top: 55px !important;padding-bottom: 0px !important;}&#8221;][vc_column width=&#8221;1\/2&#8243;]\n\t<div class=\"title-subtitle-box \" style=\" text-align: left;\">\n\t\t<h2 style=\" font-style: normal;\">Millennium<\/h2>\n\t<\/div> [\/vc_column][vc_column width=&#8221;1\/2&#8243;]\n\t<div class=\"gg_list list_style_line   \">\n<ul>\n<li>9 zlatnih medalja<\/li>\n<li>27 srebrnih medalja<\/li>\n<li>Srebrna medalja na International Wine Chellange \u2013 London 2018. i 2012.<\/li>\n<li>Nagrada &#8221;dr. sc. \u0110ordano Per\u0161uri\u0107&#8221; op\u0107ine Vi\u0161njan za najbolji pjenu\u0161ac 2017.<\/li>\n<li>Zlatna medalja na 1.The Balkans International Wine Competition \u2013 Sofija 2012.<\/li>\n<li>4 \u010da\u0161ice Ve\u010dernjeg lista 2011.<\/li>\n<li>Veliko zlato na Gast Split \u2013 Split 2003.<\/li>\n<\/ul>\n<\/div>[\/vc_column][\/vc_row][vc_row css=&#8221;.vc_custom_1458564260157{padding-top: 0px !important;padding-bottom: 0px !important;}&#8221;][vc_column css=&#8221;.vc_custom_1458564215708{padding-top: 0px !important;padding-bottom: 0px !important;}&#8221;][vc_separator css=&#8221;.vc_custom_1458564307490{margin-bottom: 0px !important;}&#8221;][\/vc_column][\/vc_row][vc_row css=&#8221;.vc_custom_1487926886628{padding-top: 55px !important;padding-bottom: 0px !important;}&#8221;][vc_column width=&#8221;1\/2&#8243;]\n\t<div class=\"title-subtitle-box \" style=\" text-align: left;\">\n\t\t<h2 style=\" font-style: normal;\">Royal<\/h2>\n\t<\/div> [\/vc_column][vc_column width=&#8221;1\/2&#8243;]\n\t<div class=\"gg_list list_style_line   \">\n<ul>\n<li>1 zlatna medalja<\/li>\n<li>1 srebrna medalja<\/li>\n<li>Trofej na natjecanju The World\u2019s Finest Glass of Bubbly Awards 2022 u kategoriji Oaky &amp; Toasty<\/li>\n<\/ul>\n<\/div>[\/vc_column][\/vc_row][vc_row css=&#8221;.vc_custom_1458564260157{padding-top: 0px !important;padding-bottom: 0px !important;}&#8221;][vc_column css=&#8221;.vc_custom_1458564215708{padding-top: 0px !important;padding-bottom: 0px !important;}&#8221;][vc_separator css=&#8221;.vc_custom_1458564307490{margin-bottom: 0px !important;}&#8221;][\/vc_column][\/vc_row][vc_row css=&#8221;.vc_custom_1487926879114{padding-top: 55px !important;padding-bottom: 0px !important;}&#8221;][vc_column width=&#8221;1\/2&#8243;]\n\t<div class=\"title-subtitle-box \" style=\" text-align: left;\">\n\t\t<h2 style=\" font-style: normal;\">Istra<\/h2>\n\t<\/div> [\/vc_column][vc_column width=&#8221;1\/2&#8243;]\n\t<div class=\"gg_list list_style_line   \">\n<ul>\n<li>Zlatna medalja na 3. The Balkans International Wine Competition \u2013 Sofija 2014.<\/li>\n<li>Bron\u010danu medalju na International Wine Chellange \u2013 London 2012.<\/li>\n<\/ul>\n<\/div>[\/vc_column][\/vc_row][vc_row css=&#8221;.vc_custom_1458564260157{padding-top: 0px !important;padding-bottom: 0px !important;}&#8221;][vc_column css=&#8221;.vc_custom_1458564215708{padding-top: 0px !important;padding-bottom: 0px !important;}&#8221;][vc_separator css=&#8221;.vc_custom_1458564307490{margin-bottom: 0px !important;}&#8221;][\/vc_column][\/vc_row][vc_row css=&#8221;.vc_custom_1487926871034{padding-top: 55px !important;padding-bottom: 0px !important;}&#8221;][vc_column width=&#8221;1\/2&#8243;]\n\t<div class=\"title-subtitle-box \" style=\" text-align: left;\">\n\t\t<h2 style=\" font-style: normal;\">Rose<\/h2>\n\t<\/div> [\/vc_column][vc_column width=&#8221;1\/2&#8243;]\n\t<div class=\"gg_list list_style_line   \">\n<ul>\n<li>13 zlatnih medalja<\/li>\n<li>17 srebrnih medalja<\/li>\n<li>Srebrna medalja na 1.The Balkans International Wine Competition \u2013 Sofija 2012.<\/li>\n<li>4 \u010da\u0161ice Ve\u010dernjeg lista 2011.<\/li>\n<li>\u0160ampion Sabatina 2011.<\/li>\n<li>Najbolji hrvatsko pjenu\u0161ac pokal &#8221;Ivan Turk&#8221; na Vinoviti 2004.<\/li>\n<li>Nagrada Studec za najbolje ocjenjeno hrvatsko vino na Vinoviti 2001. i 1999.<\/li>\n<\/ul>\n<\/div>[\/vc_column][\/vc_row][vc_row css=&#8221;.vc_custom_1458564260157{padding-top: 0px !important;padding-bottom: 0px !important;}&#8221;][vc_column css=&#8221;.vc_custom_1458564215708{padding-top: 0px !important;padding-bottom: 0px !important;}&#8221;][vc_separator css=&#8221;.vc_custom_1458564307490{margin-bottom: 0px !important;}&#8221;][\/vc_column][\/vc_row][vc_row css=&#8221;.vc_custom_1487926863492{padding-top: 55px !important;padding-bottom: 0px !important;}&#8221;][vc_column width=&#8221;1\/2&#8243;]\n\t<div class=\"title-subtitle-box \" style=\" text-align: left;\">\n\t\t<h2 style=\" font-style: normal;\">Rouge<\/h2>\n\t<\/div> [\/vc_column][vc_column width=&#8221;1\/2&#8243;]\n\t<div class=\"gg_list list_style_line   \">\n<ul>\n<li>4 zlatne medalje<\/li>\n<li>11 srebrnih medalja<\/li>\n<li>Trofej na natjecanju The World\u2019s Finest Glass of Bubbly Awards 2022 u kategoriji Dessert<\/li>\n<\/ul>\n<\/div>[\/vc_column][\/vc_row][vc_row css=&#8221;.vc_custom_1458564260157{padding-top: 0px !important;padding-bottom: 0px !important;}&#8221;][vc_column css=&#8221;.vc_custom_1458564215708{padding-top: 0px !important;padding-bottom: 0px !important;}&#8221;][vc_separator css=&#8221;.vc_custom_1458564307490{margin-bottom: 0px !important;}&#8221;][\/vc_column][\/vc_row][vc_row css=&#8221;.vc_custom_1487926856607{padding-top: 55px !important;padding-bottom: 0px !important;}&#8221;][vc_column width=&#8221;1\/2&#8243;]\n\t<div class=\"title-subtitle-box \" style=\" text-align: left;\">\n\t\t<h2 style=\" font-style: normal;\">Amor<\/h2>\n\t<\/div> [\/vc_column][vc_column width=&#8221;1\/2&#8243;]\n\t<div class=\"gg_list list_style_line   \">\n<ul>\n<li>2 srebrne medalje<\/li>\n<\/ul>\n<\/div>[\/vc_column][\/vc_row][vc_row css=&#8221;.vc_custom_1458564260157{padding-top: 0px !important;padding-bottom: 0px !important;}&#8221;][vc_column css=&#8221;.vc_custom_1458564215708{padding-top: 0px !important;padding-bottom: 0px !important;}&#8221;][vc_separator css=&#8221;.vc_custom_1458564307490{margin-bottom: 0px !important;}&#8221;][\/vc_column][\/vc_row][vc_row css=&#8221;.vc_custom_1487926847492{padding-top: 55px !important;padding-bottom: 0px !important;}&#8221;][vc_column width=&#8221;1\/2&#8243;]\n\t<div class=\"title-subtitle-box \" style=\" text-align: left;\">\n\t\t<h2 style=\" font-style: normal;\">Ostalo<\/h2>\n\t<\/div> [\/vc_column][vc_column width=&#8221;1\/2&#8243;]\n\t<div class=\"gg_list list_style_line   \">\n<ul>\n<li>Nagrada &#8221;Female Business Leaders&#8221; 2020.<\/li>\n<li>Najbolji OPG 2019. u kategoriji Mlade nade<\/li>\n<li>Priznanje za jednog od 20 najboljih vinara u Hrvatskoj 2006. i 2002.<\/li>\n<li>Zahvalnica Lions Club Opatija<\/li>\n<li>Zahvalnica Hrvatske donatorske mre\u017ee<\/li>\n<li>Zahvalnica Me\u0111unarodne udruge studenata agronomije i srodnih znanosti<\/li>\n<li>Zahvalnica Udruge tjelesnih invalida &#8221;TOMS&#8221;<\/li>\n<li>Zahvalnica za menad\u017ement u turizmu i ugostiteljstvu<\/li>\n<\/ul>\n<\/div>[\/vc_column][\/vc_row][vc_row css=&#8221;.vc_custom_1458564260157{padding-top: 0px !important;padding-bottom: 0px !important;}&#8221;][vc_column css=&#8221;.vc_custom_1458564215708{padding-top: 0px !important;padding-bottom: 0px !important;}&#8221;][vc_separator css=&#8221;.vc_custom_1458564307490{margin-bottom: 0px !important;}&#8221;][\/vc_column][\/vc_row][vc_row full_width=&#8221;stretch_row&#8221; equal_height=&#8221;yes&#8221; content_placement=&#8221;middle&#8221; css=&#8221;.vc_custom_1503575853168{background: #121212 url(http:\/\/misal.hr\/wp-content\/uploads\/2016\/03\/misal_spark_01.jpg?id=1683) !important;background-position: center !important;background-repeat: no-repeat !important;background-size: cover !important;}&#8221;][vc_column][vc_column_text]<\/p>\n<div class=\"heading\">\n<p class=\"h_subtitle\" style=\"text-align: center;\">PJENU\u0160CI PER\u0160URI\u0106<\/p>\n<h2 class=\"h_title\" style=\"text-align: center;\">Pjenu\u0161ava vina MISAL vrhunske kvalitete<\/h2>\n<\/div>\n<p>[\/vc_column_text][\/vc_column][\/vc_row]<\/p>\n<\/div>","protected":false},"excerpt":{"rendered":"<p>[vc_row css=&#8221;.vc_custom_1458564277675{padding-bottom: 0px !important;}&#8221;][vc_column width=&#8221;1\/2&#8243;][\/vc_column][vc_column width=&#8221;1\/2&#8243;][\/vc_column][\/vc_row][vc_row css=&#8221;.vc_custom_1458564260157{padding-top: 0px !important;padding-bottom: 0px !important;}&#8221;][vc_column css=&#8221;.vc_custom_1458564215708{padding-top: 0px !important;padding-bottom: 0px !important;}&#8221;][vc_separator css=&#8221;.vc_custom_1458564307490{margin-bottom: 0px !important;}&#8221;][\/vc_column][\/vc_row][vc_row css=&#8221;.vc_custom_1458565399766{padding-top: 55px !important;padding-bottom: 0px !important;}&#8221;][vc_column width=&#8221;1\/2&#8243;][\/vc_column][vc_column width=&#8221;1\/2&#8243;][\/vc_column][\/vc_row][vc_row css=&#8221;.vc_custom_1458564260157{padding-top: 0px !important;padding-bottom: 0px !important;}&#8221;][vc_column css=&#8221;.vc_custom_1458564215708{padding-top: 0px !important;padding-bottom: 0px !important;}&#8221;][vc_separator css=&#8221;.vc_custom_1458564307490{margin-bottom: 0px !important;}&#8221;][\/vc_column][\/vc_row][vc_row css=&#8221;.vc_custom_1458565399766{padding-top: 55px !important;padding-bottom: 0px !important;}&#8221;][vc_column width=&#8221;1\/2&#8243;][\/vc_column][vc_column width=&#8221;1\/2&#8243;][\/vc_column][\/vc_row][vc_row css=&#8221;.vc_custom_1458564260157{padding-top: 0px !important;padding-bottom: 0px !important;}&#8221;][vc_column css=&#8221;.vc_custom_1458564215708{padding-top: 0px !important;padding-bottom: 0px<br class=\"read-more-spacer\"> <a class=\"more-link\" href=\"https:\/\/misal.hr\/hr\/o-nama-vina\/nagrade\/\">Read More<\/a><\/p>\n","protected":false},"author":1,"featured_media":0,"parent":341,"menu_order":0,"comment_status":"closed","ping_status":"closed","template":"","meta":{"_acf_changed":false,"footnotes":""},"class_list":["post-503","page","type-page","status-publish"],"acf":[],"yoast_head":"<!-- This site is optimized with the Yoast SEO plugin v26.6 - https:\/\/yoast.com\/wordpress\/plugins\/seo\/ -->\n<title>NAGRADE | MISAL | PJENU\u0160CI PER\u0160URI\u0106 | VI\u0160NJAN<\/title>\n<meta name=\"description\" content=\"Kvalitetu na\u0161ih pjenu\u0161avih vina MISAL garantiramo ne samo visokom naobrazbom i beskrajnom ljubavlju prema onome \u010dime se bavimo, ve\u0107 i brojnim nagradama\" \/>\n<meta name=\"robots\" content=\"index, follow, max-snippet:-1, max-image-preview:large, max-video-preview:-1\" \/>\n<link rel=\"canonical\" href=\"https:\/\/misal.hr\/hr\/o-nama-vina\/nagrade\/\" \/>\n<meta property=\"og:locale\" content=\"hr_HR\" \/>\n<meta property=\"og:type\" content=\"article\" \/>\n<meta property=\"og:title\" content=\"NAGRADE | MISAL | PJENU\u0160CI PER\u0160URI\u0106 | VI\u0160NJAN\" \/>\n<meta property=\"og:description\" content=\"Kvalitetu na\u0161ih pjenu\u0161avih vina MISAL garantiramo ne samo visokom naobrazbom i beskrajnom ljubavlju prema onome \u010dime se bavimo, ve\u0107 i brojnim nagradama\" \/>\n<meta property=\"og:url\" content=\"https:\/\/misal.hr\/hr\/o-nama-vina\/nagrade\/\" \/>\n<meta property=\"og:site_name\" content=\"MISAL\" \/>\n<meta property=\"article:publisher\" content=\"https:\/\/web.facebook.com\/misal.pjenusci\" \/>\n<meta property=\"article:modified_time\" content=\"2023-04-12T09:15:31+00:00\" \/>\n<meta property=\"og:image\" content=\"https:\/\/misal.hr\/wp-content\/uploads\/2016\/03\/misal_web-sparkle-1.jpg\" \/>\n\t<meta property=\"og:image:width\" content=\"1920\" \/>\n\t<meta property=\"og:image:height\" content=\"1272\" \/>\n\t<meta property=\"og:image:type\" content=\"image\/jpeg\" \/>\n<meta name=\"twitter:card\" content=\"summary_large_image\" \/>\n<meta name=\"twitter:label1\" content=\"Procijenjeno vrijeme \u010ditanja\" \/>\n\t<meta name=\"twitter:data1\" content=\"4 minute\" \/>\n<script type=\"application\/ld+json\" class=\"yoast-schema-graph\">{\"@context\":\"https:\/\/schema.org\",\"@graph\":[{\"@type\":\"WebPage\",\"@id\":\"https:\/\/misal.hr\/hr\/o-nama-vina\/nagrade\/\",\"url\":\"https:\/\/misal.hr\/hr\/o-nama-vina\/nagrade\/\",\"name\":\"NAGRADE | MISAL | PJENU\u0160CI PER\u0160URI\u0106 | VI\u0160NJAN\",\"isPartOf\":{\"@id\":\"https:\/\/misal.hr\/hr\/#website\"},\"datePublished\":\"2016-03-21T12:36:58+00:00\",\"dateModified\":\"2023-04-12T09:15:31+00:00\",\"description\":\"Kvalitetu na\u0161ih pjenu\u0161avih vina MISAL garantiramo ne samo visokom naobrazbom i beskrajnom ljubavlju prema onome \u010dime se bavimo, ve\u0107 i brojnim nagradama\",\"breadcrumb\":{\"@id\":\"https:\/\/misal.hr\/hr\/o-nama-vina\/nagrade\/#breadcrumb\"},\"inLanguage\":\"hr\",\"potentialAction\":[{\"@type\":\"ReadAction\",\"target\":[[\"https:\/\/misal.hr\/hr\/o-nama-vina\/nagrade\/\"]]}]},{\"@type\":\"BreadcrumbList\",\"@id\":\"https:\/\/misal.hr\/hr\/o-nama-vina\/nagrade\/#breadcrumb\",\"itemListElement\":[{\"@type\":\"ListItem\",\"position\":1,\"name\":\"Home\",\"item\":\"https:\/\/misal.hr\/hr\/\"},{\"@type\":\"ListItem\",\"position\":2,\"name\":\"NA\u0160A PRI\u010cA\",\"item\":\"https:\/\/misal.hr\/hr\/o-nama-vina\/\"},{\"@type\":\"ListItem\",\"position\":3,\"name\":\"NAGRADE\"}]},{\"@type\":\"WebSite\",\"@id\":\"https:\/\/misal.hr\/hr\/#website\",\"url\":\"https:\/\/misal.hr\/hr\/\",\"name\":\"MISAL\",\"description\":\"Pjenu\u0161ci Per\u0161uri\u0107\",\"publisher\":{\"@id\":\"https:\/\/misal.hr\/hr\/#organization\"},\"potentialAction\":[{\"@type\":\"SearchAction\",\"target\":{\"@type\":\"EntryPoint\",\"urlTemplate\":\"https:\/\/misal.hr\/hr\/?s={search_term_string}\"},\"query-input\":{\"@type\":\"PropertyValueSpecification\",\"valueRequired\":true,\"valueName\":\"search_term_string\"}}],\"inLanguage\":\"hr\"},{\"@type\":\"Organization\",\"@id\":\"https:\/\/misal.hr\/hr\/#organization\",\"name\":\"PJENU\u0160CI PER\u0160URI\u0106 d.o.o.\",\"alternateName\":\"MISAL\",\"url\":\"https:\/\/misal.hr\/hr\/\",\"logo\":{\"@type\":\"ImageObject\",\"inLanguage\":\"hr\",\"@id\":\"https:\/\/misal.hr\/hr\/#\/schema\/logo\/image\/\",\"url\":\"https:\/\/misal.hr\/wp-content\/uploads\/2016\/03\/misal_pjenusci_vina_persuric.jpg\",\"contentUrl\":\"https:\/\/misal.hr\/wp-content\/uploads\/2016\/03\/misal_pjenusci_vina_persuric.jpg\",\"width\":1500,\"height\":996,\"caption\":\"PJENU\u0160CI PER\u0160URI\u0106 d.o.o.\"},\"image\":{\"@id\":\"https:\/\/misal.hr\/hr\/#\/schema\/logo\/image\/\"},\"sameAs\":[\"https:\/\/web.facebook.com\/misal.pjenusci\",\"https:\/\/www.instagram.com\/sparkling_wines_misal\/\"]}]}<\/script>\n<!-- \/ Yoast SEO plugin. -->","yoast_head_json":{"title":"NAGRADE | MISAL | PJENU\u0160CI PER\u0160URI\u0106 | VI\u0160NJAN","description":"Kvalitetu na\u0161ih pjenu\u0161avih vina MISAL garantiramo ne samo visokom naobrazbom i beskrajnom ljubavlju prema onome \u010dime se bavimo, ve\u0107 i brojnim nagradama","robots":{"index":"index","follow":"follow","max-snippet":"max-snippet:-1","max-image-preview":"max-image-preview:large","max-video-preview":"max-video-preview:-1"},"canonical":"https:\/\/misal.hr\/hr\/o-nama-vina\/nagrade\/","og_locale":"hr_HR","og_type":"article","og_title":"NAGRADE | MISAL | PJENU\u0160CI PER\u0160URI\u0106 | VI\u0160NJAN","og_description":"Kvalitetu na\u0161ih pjenu\u0161avih vina MISAL garantiramo ne samo visokom naobrazbom i beskrajnom ljubavlju prema onome \u010dime se bavimo, ve\u0107 i brojnim nagradama","og_url":"https:\/\/misal.hr\/hr\/o-nama-vina\/nagrade\/","og_site_name":"MISAL","article_publisher":"https:\/\/web.facebook.com\/misal.pjenusci","article_modified_time":"2023-04-12T09:15:31+00:00","og_image":[{"width":1920,"height":1272,"url":"https:\/\/misal.hr\/wp-content\/uploads\/2016\/03\/misal_web-sparkle-1.jpg","type":"image\/jpeg"}],"twitter_card":"summary_large_image","twitter_misc":{"Procijenjeno vrijeme \u010ditanja":"4 minute"},"schema":{"@context":"https:\/\/schema.org","@graph":[{"@type":"WebPage","@id":"https:\/\/misal.hr\/hr\/o-nama-vina\/nagrade\/","url":"https:\/\/misal.hr\/hr\/o-nama-vina\/nagrade\/","name":"NAGRADE | MISAL | PJENU\u0160CI PER\u0160URI\u0106 | VI\u0160NJAN","isPartOf":{"@id":"https:\/\/misal.hr\/hr\/#website"},"datePublished":"2016-03-21T12:36:58+00:00","dateModified":"2023-04-12T09:15:31+00:00","description":"Kvalitetu na\u0161ih pjenu\u0161avih vina MISAL garantiramo ne samo visokom naobrazbom i beskrajnom ljubavlju prema onome \u010dime se bavimo, ve\u0107 i brojnim nagradama","breadcrumb":{"@id":"https:\/\/misal.hr\/hr\/o-nama-vina\/nagrade\/#breadcrumb"},"inLanguage":"hr","potentialAction":[{"@type":"ReadAction","target":[["https:\/\/misal.hr\/hr\/o-nama-vina\/nagrade\/"]]}]},{"@type":"BreadcrumbList","@id":"https:\/\/misal.hr\/hr\/o-nama-vina\/nagrade\/#breadcrumb","itemListElement":[{"@type":"ListItem","position":1,"name":"Home","item":"https:\/\/misal.hr\/hr\/"},{"@type":"ListItem","position":2,"name":"NA\u0160A PRI\u010cA","item":"https:\/\/misal.hr\/hr\/o-nama-vina\/"},{"@type":"ListItem","position":3,"name":"NAGRADE"}]},{"@type":"WebSite","@id":"https:\/\/misal.hr\/hr\/#website","url":"https:\/\/misal.hr\/hr\/","name":"MISAL","description":"Pjenu\u0161ci Per\u0161uri\u0107","publisher":{"@id":"https:\/\/misal.hr\/hr\/#organization"},"potentialAction":[{"@type":"SearchAction","target":{"@type":"EntryPoint","urlTemplate":"https:\/\/misal.hr\/hr\/?s={search_term_string}"},"query-input":{"@type":"PropertyValueSpecification","valueRequired":true,"valueName":"search_term_string"}}],"inLanguage":"hr"},{"@type":"Organization","@id":"https:\/\/misal.hr\/hr\/#organization","name":"PJENU\u0160CI PER\u0160URI\u0106 d.o.o.","alternateName":"MISAL","url":"https:\/\/misal.hr\/hr\/","logo":{"@type":"ImageObject","inLanguage":"hr","@id":"https:\/\/misal.hr\/hr\/#\/schema\/logo\/image\/","url":"https:\/\/misal.hr\/wp-content\/uploads\/2016\/03\/misal_pjenusci_vina_persuric.jpg","contentUrl":"https:\/\/misal.hr\/wp-content\/uploads\/2016\/03\/misal_pjenusci_vina_persuric.jpg","width":1500,"height":996,"caption":"PJENU\u0160CI PER\u0160URI\u0106 d.o.o."},"image":{"@id":"https:\/\/misal.hr\/hr\/#\/schema\/logo\/image\/"},"sameAs":["https:\/\/web.facebook.com\/misal.pjenusci","https:\/\/www.instagram.com\/sparkling_wines_misal\/"]}]}},"_links":{"self":[{"href":"https:\/\/misal.hr\/hr\/wp-json\/wp\/v2\/pages\/503","targetHints":{"allow":["GET"]}}],"collection":[{"href":"https:\/\/misal.hr\/hr\/wp-json\/wp\/v2\/pages"}],"about":[{"href":"https:\/\/misal.hr\/hr\/wp-json\/wp\/v2\/types\/page"}],"author":[{"embeddable":true,"href":"https:\/\/misal.hr\/hr\/wp-json\/wp\/v2\/users\/1"}],"replies":[{"embeddable":true,"href":"https:\/\/misal.hr\/hr\/wp-json\/wp\/v2\/comments?post=503"}],"version-history":[{"count":0,"href":"https:\/\/misal.hr\/hr\/wp-json\/wp\/v2\/pages\/503\/revisions"}],"up":[{"embeddable":true,"href":"https:\/\/misal.hr\/hr\/wp-json\/wp\/v2\/pages\/341"}],"wp:attachment":[{"href":"https:\/\/misal.hr\/hr\/wp-json\/wp\/v2\/media?parent=503"}],"curies":[{"name":"wp","href":"https:\/\/api.w.org\/{rel}","templated":true}]}}