{"id":1209,"date":"2017-02-03T15:51:49","date_gmt":"2017-02-03T15:51:49","guid":{"rendered":"http:\/\/misal.hr\/product\/misal-sinjorina\/"},"modified":"2025-02-01T08:56:06","modified_gmt":"2025-02-01T08:56:06","slug":"misal-sinjorina","status":"publish","type":"product","link":"https:\/\/misal.hr\/hr\/proizvod\/misal-sinjorina\/","title":{"rendered":"Misal<\/br>\u0160injorina"},"content":{"rendered":"","protected":false},"excerpt":{"rendered":"<h3><em>Razigran i lepr\u0161av pjenu\u0161ac koji odi\u0161e jednostavno\u0161\u0107u<\/em><\/h3>\n[display_attributes]\n","protected":false},"featured_media":6526,"template":"","meta":{"_acf_changed":false},"product_brand":[],"product_cat":[13,101],"product_tag":[],"class_list":{"0":"post-1209","1":"product","2":"type-product","3":"status-publish","4":"has-post-thumbnail","6":"product_cat-malvazija-istarska","7":"product_cat-pjenusci","9":"first","10":"instock","11":"taxable","12":"shipping-taxable","13":"purchasable","14":"product-type-variable"},"acf":[],"yoast_head":"<!-- This site is optimized with the Yoast SEO plugin v26.6 - https:\/\/yoast.com\/wordpress\/plugins\/seo\/ -->\n<title>Misal\u0160injorina - MISAL<\/title>\n<meta name=\"robots\" content=\"index, follow, max-snippet:-1, max-image-preview:large, max-video-preview:-1\" \/>\n<link rel=\"canonical\" href=\"https:\/\/misal.hr\/hr\/proizvod\/misal-sinjorina\/\" \/>\n<meta property=\"og:locale\" content=\"hr_HR\" \/>\n<meta property=\"og:type\" content=\"article\" \/>\n<meta property=\"og:title\" content=\"Misal\u0160injorina - MISAL\" \/>\n<meta property=\"og:description\" content=\"Razigran i lepr\u0161av pjenu\u0161ac koji odi\u0161e jednostavno\u0161\u0107u\" \/>\n<meta property=\"og:url\" content=\"https:\/\/misal.hr\/hr\/proizvod\/misal-sinjorina\/\" \/>\n<meta property=\"og:site_name\" content=\"MISAL\" \/>\n<meta property=\"article:publisher\" content=\"https:\/\/web.facebook.com\/misal.pjenusci\" \/>\n<meta property=\"article:modified_time\" content=\"2025-02-01T08:56:06+00:00\" \/>\n<meta property=\"og:image\" content=\"https:\/\/misal.hr\/wp-content\/uploads\/2017\/02\/Sinjorina.jpg\" \/>\n\t<meta property=\"og:image:width\" content=\"800\" \/>\n\t<meta property=\"og:image:height\" content=\"800\" \/>\n\t<meta property=\"og:image:type\" content=\"image\/jpeg\" \/>\n<meta name=\"twitter:card\" content=\"summary_large_image\" \/>\n<meta name=\"twitter:label1\" content=\"Procijenjeno vrijeme \u010ditanja\" \/>\n\t<meta name=\"twitter:data1\" content=\"1 minuta\" \/>\n<script type=\"application\/ld+json\" class=\"yoast-schema-graph\">{\"@context\":\"https:\/\/schema.org\",\"@graph\":[{\"@type\":\"WebPage\",\"@id\":\"https:\/\/misal.hr\/hr\/proizvod\/misal-sinjorina\/\",\"url\":\"https:\/\/misal.hr\/hr\/proizvod\/misal-sinjorina\/\",\"name\":\"Misal\u0160injorina - MISAL\",\"isPartOf\":{\"@id\":\"https:\/\/misal.hr\/hr\/#website\"},\"primaryImageOfPage\":{\"@id\":\"https:\/\/misal.hr\/hr\/proizvod\/misal-sinjorina\/#primaryimage\"},\"image\":{\"@id\":\"https:\/\/misal.hr\/proizvod\/misal-sinjorina\/#primaryimage\"},\"thumbnailUrl\":\"https:\/\/misal.hr\/wp-content\/uploads\/2017\/02\/Sinjorina.jpg\",\"datePublished\":\"2017-02-03T15:51:49+00:00\",\"dateModified\":\"2025-02-01T08:56:06+00:00\",\"breadcrumb\":{\"@id\":\"https:\/\/misal.hr\/hr\/proizvod\/misal-sinjorina\/#breadcrumb\"},\"inLanguage\":\"hr\",\"potentialAction\":[{\"@type\":\"ReadAction\",\"target\":[[\"https:\/\/misal.hr\/hr\/proizvod\/misal-sinjorina\/\"]]}]},{\"@type\":\"ImageObject\",\"inLanguage\":\"hr\",\"@id\":\"https:\/\/misal.hr\/hr\/proizvod\/misal-sinjorina\/#primaryimage\",\"url\":\"https:\/\/misal.hr\/wp-content\/uploads\/2017\/02\/Sinjorina.jpg\",\"contentUrl\":\"https:\/\/misal.hr\/wp-content\/uploads\/2017\/02\/Sinjorina.jpg\",\"width\":800,\"height\":800},{\"@type\":\"BreadcrumbList\",\"@id\":\"https:\/\/misal.hr\/hr\/proizvod\/misal-sinjorina\/#breadcrumb\",\"itemListElement\":[{\"@type\":\"ListItem\",\"position\":1,\"name\":\"Home\",\"item\":\"https:\/\/misal.hr\/hr\/\"},{\"@type\":\"ListItem\",\"position\":2,\"name\":\"Products\",\"item\":\"https:\/\/misal.hr\/hr\/shop\/\"},{\"@type\":\"ListItem\",\"position\":3,\"name\":\"Misal\u0160injorina\"}]},{\"@type\":\"WebSite\",\"@id\":\"https:\/\/misal.hr\/hr\/#website\",\"url\":\"https:\/\/misal.hr\/hr\/\",\"name\":\"MISAL\",\"description\":\"Pjenu\u0161ci Per\u0161uri\u0107\",\"publisher\":{\"@id\":\"https:\/\/misal.hr\/hr\/#organization\"},\"potentialAction\":[{\"@type\":\"SearchAction\",\"target\":{\"@type\":\"EntryPoint\",\"urlTemplate\":\"https:\/\/misal.hr\/hr\/?s={search_term_string}\"},\"query-input\":{\"@type\":\"PropertyValueSpecification\",\"valueRequired\":true,\"valueName\":\"search_term_string\"}}],\"inLanguage\":\"hr\"},{\"@type\":\"Organization\",\"@id\":\"https:\/\/misal.hr\/hr\/#organization\",\"name\":\"PJENU\u0160CI PER\u0160URI\u0106 d.o.o.\",\"alternateName\":\"MISAL\",\"url\":\"https:\/\/misal.hr\/hr\/\",\"logo\":{\"@type\":\"ImageObject\",\"inLanguage\":\"hr\",\"@id\":\"https:\/\/misal.hr\/hr\/#\/schema\/logo\/image\/\",\"url\":\"https:\/\/misal.hr\/wp-content\/uploads\/2016\/03\/misal_pjenusci_vina_persuric.jpg\",\"contentUrl\":\"https:\/\/misal.hr\/wp-content\/uploads\/2016\/03\/misal_pjenusci_vina_persuric.jpg\",\"width\":1500,\"height\":996,\"caption\":\"PJENU\u0160CI PER\u0160URI\u0106 d.o.o.\"},\"image\":{\"@id\":\"https:\/\/misal.hr\/hr\/#\/schema\/logo\/image\/\"},\"sameAs\":[\"https:\/\/web.facebook.com\/misal.pjenusci\",\"https:\/\/www.instagram.com\/sparkling_wines_misal\/\"]}]}<\/script>\n<!-- \/ Yoast SEO plugin. -->","yoast_head_json":{"title":"Misal\u0160injorina - MISAL","robots":{"index":"index","follow":"follow","max-snippet":"max-snippet:-1","max-image-preview":"max-image-preview:large","max-video-preview":"max-video-preview:-1"},"canonical":"https:\/\/misal.hr\/hr\/proizvod\/misal-sinjorina\/","og_locale":"hr_HR","og_type":"article","og_title":"Misal\u0160injorina - MISAL","og_description":"Razigran i lepr\u0161av pjenu\u0161ac koji odi\u0161e jednostavno\u0161\u0107u","og_url":"https:\/\/misal.hr\/hr\/proizvod\/misal-sinjorina\/","og_site_name":"MISAL","article_publisher":"https:\/\/web.facebook.com\/misal.pjenusci","article_modified_time":"2025-02-01T08:56:06+00:00","og_image":[{"width":800,"height":800,"url":"https:\/\/misal.hr\/wp-content\/uploads\/2017\/02\/Sinjorina.jpg","type":"image\/jpeg"}],"twitter_card":"summary_large_image","twitter_misc":{"Procijenjeno vrijeme \u010ditanja":"1 minuta"},"schema":{"@context":"https:\/\/schema.org","@graph":[{"@type":"WebPage","@id":"https:\/\/misal.hr\/hr\/proizvod\/misal-sinjorina\/","url":"https:\/\/misal.hr\/hr\/proizvod\/misal-sinjorina\/","name":"Misal\u0160injorina - MISAL","isPartOf":{"@id":"https:\/\/misal.hr\/hr\/#website"},"primaryImageOfPage":{"@id":"https:\/\/misal.hr\/hr\/proizvod\/misal-sinjorina\/#primaryimage"},"image":{"@id":"https:\/\/misal.hr\/proizvod\/misal-sinjorina\/#primaryimage"},"thumbnailUrl":"https:\/\/misal.hr\/wp-content\/uploads\/2017\/02\/Sinjorina.jpg","datePublished":"2017-02-03T15:51:49+00:00","dateModified":"2025-02-01T08:56:06+00:00","breadcrumb":{"@id":"https:\/\/misal.hr\/hr\/proizvod\/misal-sinjorina\/#breadcrumb"},"inLanguage":"hr","potentialAction":[{"@type":"ReadAction","target":[["https:\/\/misal.hr\/hr\/proizvod\/misal-sinjorina\/"]]}]},{"@type":"ImageObject","inLanguage":"hr","@id":"https:\/\/misal.hr\/hr\/proizvod\/misal-sinjorina\/#primaryimage","url":"https:\/\/misal.hr\/wp-content\/uploads\/2017\/02\/Sinjorina.jpg","contentUrl":"https:\/\/misal.hr\/wp-content\/uploads\/2017\/02\/Sinjorina.jpg","width":800,"height":800},{"@type":"BreadcrumbList","@id":"https:\/\/misal.hr\/hr\/proizvod\/misal-sinjorina\/#breadcrumb","itemListElement":[{"@type":"ListItem","position":1,"name":"Home","item":"https:\/\/misal.hr\/hr\/"},{"@type":"ListItem","position":2,"name":"Products","item":"https:\/\/misal.hr\/hr\/shop\/"},{"@type":"ListItem","position":3,"name":"Misal\u0160injorina"}]},{"@type":"WebSite","@id":"https:\/\/misal.hr\/hr\/#website","url":"https:\/\/misal.hr\/hr\/","name":"MISAL","description":"Pjenu\u0161ci Per\u0161uri\u0107","publisher":{"@id":"https:\/\/misal.hr\/hr\/#organization"},"potentialAction":[{"@type":"SearchAction","target":{"@type":"EntryPoint","urlTemplate":"https:\/\/misal.hr\/hr\/?s={search_term_string}"},"query-input":{"@type":"PropertyValueSpecification","valueRequired":true,"valueName":"search_term_string"}}],"inLanguage":"hr"},{"@type":"Organization","@id":"https:\/\/misal.hr\/hr\/#organization","name":"PJENU\u0160CI PER\u0160URI\u0106 d.o.o.","alternateName":"MISAL","url":"https:\/\/misal.hr\/hr\/","logo":{"@type":"ImageObject","inLanguage":"hr","@id":"https:\/\/misal.hr\/hr\/#\/schema\/logo\/image\/","url":"https:\/\/misal.hr\/wp-content\/uploads\/2016\/03\/misal_pjenusci_vina_persuric.jpg","contentUrl":"https:\/\/misal.hr\/wp-content\/uploads\/2016\/03\/misal_pjenusci_vina_persuric.jpg","width":1500,"height":996,"caption":"PJENU\u0160CI PER\u0160URI\u0106 d.o.o."},"image":{"@id":"https:\/\/misal.hr\/hr\/#\/schema\/logo\/image\/"},"sameAs":["https:\/\/web.facebook.com\/misal.pjenusci","https:\/\/www.instagram.com\/sparkling_wines_misal\/"]}]}},"_links":{"self":[{"href":"https:\/\/misal.hr\/hr\/wp-json\/wp\/v2\/product\/1209","targetHints":{"allow":["GET"]}}],"collection":[{"href":"https:\/\/misal.hr\/hr\/wp-json\/wp\/v2\/product"}],"about":[{"href":"https:\/\/misal.hr\/hr\/wp-json\/wp\/v2\/types\/product"}],"wp:featuredmedia":[{"embeddable":true,"href":"https:\/\/misal.hr\/hr\/wp-json\/wp\/v2\/media\/6526"}],"wp:attachment":[{"href":"https:\/\/misal.hr\/hr\/wp-json\/wp\/v2\/media?parent=1209"}],"wp:term":[{"taxonomy":"product_brand","embeddable":true,"href":"https:\/\/misal.hr\/hr\/wp-json\/wp\/v2\/product_brand?post=1209"},{"taxonomy":"product_cat","embeddable":true,"href":"https:\/\/misal.hr\/hr\/wp-json\/wp\/v2\/product_cat?post=1209"},{"taxonomy":"product_tag","embeddable":true,"href":"https:\/\/misal.hr\/hr\/wp-json\/wp\/v2\/product_tag?post=1209"}],"curies":[{"name":"wp","href":"https:\/\/api.w.org\/{rel}","templated":true}]}}