{"id":1236,"date":"2017-02-25T17:51:15","date_gmt":"2017-02-25T17:51:15","guid":{"rendered":"http:\/\/misal.hr\/?page_id=1236"},"modified":"2023-04-12T10:04:07","modified_gmt":"2023-04-12T10:04:07","slug":"poklon-paketi","status":"publish","type":"page","link":"https:\/\/misal.hr\/it\/aktualno\/poklon-paketi\/","title":{"rendered":"SPECIALE"},"content":{"rendered":"<div class=\"wpb-content-wrapper\"><p>[vc_row][vc_column width=&#8221;1\/4&#8243;][vc_single_image image=&#8221;1530&#8243; img_size=&#8221;full&#8221;][\/vc_column][vc_column width=&#8221;3\/4&#8243;][vc_column_text]<\/p>\n<h3>Confezioni regalo<\/h3>\n<p>Se cercate i regali per i compagni d&#8217;affari o per gli eventi particolari per voi abbiamo preparato i regali nelle scatole di legno per una bottiglia. Lavoriamo su commisione i regali per piu bottiglie e anche con i nostri bicchieri , vasi per raffreddamento o i tappi stoper.<\/p>\n<p>&nbsp;<\/p>\n<h3><\/h3>\n<p>[\/vc_column_text][\/vc_column][\/vc_row][vc_row css=&#8221;.vc_custom_1505894106780{margin-top: 100px !important;margin-bottom: 100px !important;}&#8221;][vc_column][vc_column_text]<\/p>\n<h3>Serie personalizzate<\/h3>\n<p>Siamo orgogliosi di progetti delle serie personalizzate dei nostri prodotti che prepariamo per i nostri compagni d&#8217;affari .[\/vc_column_text][vc_gallery type=&#8221;image_grid&#8221; images=&#8221;2757,2758&#8243; img_size=&#8221;500&#215;367&#8243;][vc_row_inner equal_height=&#8221;yes&#8221; content_placement=&#8221;middle&#8221; css=&#8221;.vc_custom_1621594612707{border-top-width: 3px !important;border-right-width: 3px !important;border-bottom-width: 3px !important;border-left-width: 3px !important;padding-top: 30px !important;padding-right: 30px !important;padding-bottom: 30px !important;padding-left: 30px !important;border-left-color: #b0976d !important;border-left-style: solid !important;border-right-color: #b0976d !important;border-right-style: solid !important;border-top-color: #b0976d !important;border-top-style: solid !important;border-bottom-color: #b0976d !important;border-bottom-style: solid !important;border-radius: 3px !important;}&#8221;][vc_column_inner width=&#8221;1\/5&#8243;][vc_single_image image=&#8221;6466&#8243; img_size=&#8221;&#8221;][\/vc_column_inner][vc_column_inner width=&#8221;1\/5&#8243;][vc_single_image image=&#8221;6467&#8243; img_size=&#8221;&#8221;][\/vc_column_inner][vc_column_inner width=&#8221;1\/5&#8243;][vc_single_image image=&#8221;6468&#8243; img_size=&#8221;&#8221;][\/vc_column_inner][vc_column_inner width=&#8221;1\/5&#8243;][vc_single_image image=&#8221;6469&#8243; img_size=&#8221;&#8221;][\/vc_column_inner][vc_column_inner width=&#8221;1\/5&#8243;][vc_column_text]<\/p>\n<h4 style=\"text-align: center;\">Trova maggiori informazioni sul <a href=\"https:\/\/istriana.wine\/\">istriana.wine<\/a><\/h4>\n<p>[\/vc_column_text][\/vc_column_inner][\/vc_row_inner][\/vc_column][\/vc_row][vc_row content_placement=&#8221;middle&#8221;][vc_column width=&#8221;1\/4&#8243;][vc_column_text]<\/p>\n<h3>Serie limitate<\/h3>\n<p>[\/vc_column_text][vc_single_image image=&#8221;1538&#8243; img_size=&#8221;full&#8221;][\/vc_column][vc_column width=&#8221;3\/4&#8243;][vc_column_text]<strong>Malvazija istarska ( Malvasia istriana ) 2006.<\/strong><br \/>\nVino archivistico che viene stagionato nella bottiglia gia 8 anni. Macerazione lunga e stagionamento nelle botte di quercia danno a questo vino un colore giallo dorato, e le arome ricche e ebbre di gioa dove si incontrano le note di miele d&#8217;acacia e vaniglia. Il gusto \u00e8 caldo e pieno. Imbalaggio . 0,75 lit.<br \/>\n<em>Vino si vende in cantina.<\/em>[\/vc_column_text][\/vc_column][\/vc_row][vc_row][vc_column width=&#8221;1\/4&#8243;][vc_single_image image=&#8221;1540&#8243; img_size=&#8221;full&#8221;][\/vc_column][vc_column width=&#8221;3\/4&#8243;][vc_column_text]<strong>Mu\u0161kat Per\u0161uri\u0107 (Moscato Per\u0161uri\u0107)<\/strong><br \/>\nVino da dessert si produce asciugando i chicchi di Moscatello bianco e\/o Moscatello giallo. Si produce raramente e in piccole serie. Delle arome piacevoli dove si incontrano la frutta secca, il miele le mandorle amare e le note di moscatello.il vino e denso, di un gusto ricco e di un colore oro vecchio . Imbalaggio : 0,50 lit., e 1,50 lit.<br \/>\n<em>Vino si vende in cantina .<\/em>[\/vc_column_text][\/vc_column][\/vc_row][vc_row full_width=&#8221;stretch_row&#8221; equal_height=&#8221;yes&#8221; content_placement=&#8221;middle&#8221; css=&#8221;.vc_custom_1503922122058{padding-top: 150px !important;padding-bottom: 150px !important;background: #121212 url(http:\/\/misal.hr\/wp-content\/uploads\/2016\/03\/misal_spark_01.jpg?id=1683) !important;background-position: center !important;background-repeat: no-repeat !important;background-size: cover !important;}&#8221;][vc_column][vc_column_text]<\/p>\n<div class=\"heading\">\n<p class=\"h_subtitle\" style=\"text-align: center;\">PJENU\u0160CI PER\u0160URI\u0106<\/p>\n<h2 class=\"h_title\" style=\"text-align: center;\">Perche i nostri spumanti sono cool<\/h2>\n<\/div>\n<p>[\/vc_column_text][\/vc_column][\/vc_row]<\/p>\n<\/div>","protected":false},"excerpt":{"rendered":"<p>[vc_row][vc_column width=&#8221;1\/4&#8243;][vc_single_image image=&#8221;1530&#8243; img_size=&#8221;full&#8221;][\/vc_column][vc_column width=&#8221;3\/4&#8243;][vc_column_text] Confezioni regalo Se cercate i regali per i compagni d&#8217;affari o per gli eventi particolari per voi abbiamo preparato i regali nelle scatole di legno per una bottiglia. Lavoriamo su commisione i regali per piu bottiglie e anche con i nostri bicchieri , vasi per raffreddamento o i tappi stoper.<br class=\"read-more-spacer\"> <a class=\"more-link\" href=\"https:\/\/misal.hr\/it\/aktualno\/poklon-paketi\/\">Read More<\/a><\/p>\n","protected":false},"author":1,"featured_media":0,"parent":1233,"menu_order":0,"comment_status":"closed","ping_status":"closed","template":"","meta":{"_acf_changed":false,"footnotes":""},"class_list":["post-1236","page","type-page","status-publish"],"acf":[],"yoast_head":"<!-- This site is optimized with the Yoast SEO plugin v26.6 - https:\/\/yoast.com\/wordpress\/plugins\/seo\/ -->\n<title>CONFEZIONI REGALO | SERIE PERSONALIZZATE | MISAL<\/title>\n<meta name=\"description\" content=\"Se cercate i regali per i compagni d\u2019affari o per gli eventi particolari per voi abbiamo preparato i regali nelle scatole di legno per una bottiglia.\" \/>\n<meta name=\"robots\" content=\"index, follow, max-snippet:-1, max-image-preview:large, max-video-preview:-1\" \/>\n<link rel=\"canonical\" href=\"https:\/\/misal.hr\/it\/aktualno\/poklon-paketi\/\" \/>\n<meta property=\"og:locale\" content=\"it_IT\" \/>\n<meta property=\"og:type\" content=\"article\" \/>\n<meta property=\"og:title\" content=\"CONFEZIONI REGALO | SERIE PERSONALIZZATE | MISAL\" \/>\n<meta property=\"og:description\" content=\"Se cercate i regali per i compagni d\u2019affari o per gli eventi particolari per voi abbiamo preparato i regali nelle scatole di legno per una bottiglia.\" \/>\n<meta property=\"og:url\" content=\"https:\/\/misal.hr\/it\/aktualno\/poklon-paketi\/\" \/>\n<meta property=\"og:site_name\" content=\"MISAL\" \/>\n<meta property=\"article:publisher\" content=\"https:\/\/web.facebook.com\/misal.pjenusci\" \/>\n<meta property=\"article:modified_time\" content=\"2023-04-12T10:04:07+00:00\" \/>\n<meta property=\"og:image\" content=\"https:\/\/misal.hr\/wp-content\/uploads\/2016\/03\/misal_web-sparkle-1.jpg\" \/>\n\t<meta property=\"og:image:width\" content=\"1920\" \/>\n\t<meta property=\"og:image:height\" content=\"1272\" \/>\n\t<meta property=\"og:image:type\" content=\"image\/jpeg\" \/>\n<meta name=\"twitter:card\" content=\"summary_large_image\" \/>\n<meta name=\"twitter:label1\" content=\"Tempo di lettura stimato\" \/>\n\t<meta name=\"twitter:data1\" content=\"2 minuti\" \/>\n<script type=\"application\/ld+json\" class=\"yoast-schema-graph\">{\"@context\":\"https:\/\/schema.org\",\"@graph\":[{\"@type\":\"WebPage\",\"@id\":\"https:\/\/misal.hr\/it\/aktualno\/poklon-paketi\/\",\"url\":\"https:\/\/misal.hr\/it\/aktualno\/poklon-paketi\/\",\"name\":\"CONFEZIONI REGALO | SERIE PERSONALIZZATE | MISAL\",\"isPartOf\":{\"@id\":\"https:\/\/misal.hr\/it\/#website\"},\"datePublished\":\"2017-02-25T17:51:15+00:00\",\"dateModified\":\"2023-04-12T10:04:07+00:00\",\"description\":\"Se cercate i regali per i compagni d\u2019affari o per gli eventi particolari per voi abbiamo preparato i regali nelle scatole di legno per una bottiglia.\",\"breadcrumb\":{\"@id\":\"https:\/\/misal.hr\/it\/aktualno\/poklon-paketi\/#breadcrumb\"},\"inLanguage\":\"it-IT\",\"potentialAction\":[{\"@type\":\"ReadAction\",\"target\":[[\"https:\/\/misal.hr\/it\/aktualno\/poklon-paketi\/\"]]}]},{\"@type\":\"BreadcrumbList\",\"@id\":\"https:\/\/misal.hr\/it\/aktualno\/poklon-paketi\/#breadcrumb\",\"itemListElement\":[{\"@type\":\"ListItem\",\"position\":1,\"name\":\"Home\",\"item\":\"https:\/\/misal.hr\/it\/\"},{\"@type\":\"ListItem\",\"position\":2,\"name\":\"AKTUALNO\",\"item\":\"https:\/\/misal.hr\/it\/aktualno\/\"},{\"@type\":\"ListItem\",\"position\":3,\"name\":\"SPECIJAL\"}]},{\"@type\":\"WebSite\",\"@id\":\"https:\/\/misal.hr\/it\/#website\",\"url\":\"https:\/\/misal.hr\/it\/\",\"name\":\"MISAL\",\"description\":\"Pjenu\u0161ci Per\u0161uri\u0107\",\"publisher\":{\"@id\":\"https:\/\/misal.hr\/it\/#organization\"},\"potentialAction\":[{\"@type\":\"SearchAction\",\"target\":{\"@type\":\"EntryPoint\",\"urlTemplate\":\"https:\/\/misal.hr\/it\/?s={search_term_string}\"},\"query-input\":{\"@type\":\"PropertyValueSpecification\",\"valueRequired\":true,\"valueName\":\"search_term_string\"}}],\"inLanguage\":\"it-IT\"},{\"@type\":\"Organization\",\"@id\":\"https:\/\/misal.hr\/it\/#organization\",\"name\":\"PJENU\u0160CI PER\u0160URI\u0106 d.o.o.\",\"alternateName\":\"MISAL\",\"url\":\"https:\/\/misal.hr\/it\/\",\"logo\":{\"@type\":\"ImageObject\",\"inLanguage\":\"it-IT\",\"@id\":\"https:\/\/misal.hr\/it\/#\/schema\/logo\/image\/\",\"url\":\"https:\/\/misal.hr\/wp-content\/uploads\/2016\/03\/misal_pjenusci_vina_persuric.jpg\",\"contentUrl\":\"https:\/\/misal.hr\/wp-content\/uploads\/2016\/03\/misal_pjenusci_vina_persuric.jpg\",\"width\":1500,\"height\":996,\"caption\":\"PJENU\u0160CI PER\u0160URI\u0106 d.o.o.\"},\"image\":{\"@id\":\"https:\/\/misal.hr\/it\/#\/schema\/logo\/image\/\"},\"sameAs\":[\"https:\/\/web.facebook.com\/misal.pjenusci\",\"https:\/\/www.instagram.com\/sparkling_wines_misal\/\"]}]}<\/script>\n<!-- \/ Yoast SEO plugin. -->","yoast_head_json":{"title":"CONFEZIONI REGALO | SERIE PERSONALIZZATE | MISAL","description":"Se cercate i regali per i compagni d\u2019affari o per gli eventi particolari per voi abbiamo preparato i regali nelle scatole di legno per una bottiglia.","robots":{"index":"index","follow":"follow","max-snippet":"max-snippet:-1","max-image-preview":"max-image-preview:large","max-video-preview":"max-video-preview:-1"},"canonical":"https:\/\/misal.hr\/it\/aktualno\/poklon-paketi\/","og_locale":"it_IT","og_type":"article","og_title":"CONFEZIONI REGALO | SERIE PERSONALIZZATE | MISAL","og_description":"Se cercate i regali per i compagni d\u2019affari o per gli eventi particolari per voi abbiamo preparato i regali nelle scatole di legno per una bottiglia.","og_url":"https:\/\/misal.hr\/it\/aktualno\/poklon-paketi\/","og_site_name":"MISAL","article_publisher":"https:\/\/web.facebook.com\/misal.pjenusci","article_modified_time":"2023-04-12T10:04:07+00:00","og_image":[{"width":1920,"height":1272,"url":"https:\/\/misal.hr\/wp-content\/uploads\/2016\/03\/misal_web-sparkle-1.jpg","type":"image\/jpeg"}],"twitter_card":"summary_large_image","twitter_misc":{"Tempo di lettura stimato":"2 minuti"},"schema":{"@context":"https:\/\/schema.org","@graph":[{"@type":"WebPage","@id":"https:\/\/misal.hr\/it\/aktualno\/poklon-paketi\/","url":"https:\/\/misal.hr\/it\/aktualno\/poklon-paketi\/","name":"CONFEZIONI REGALO | SERIE PERSONALIZZATE | MISAL","isPartOf":{"@id":"https:\/\/misal.hr\/it\/#website"},"datePublished":"2017-02-25T17:51:15+00:00","dateModified":"2023-04-12T10:04:07+00:00","description":"Se cercate i regali per i compagni d\u2019affari o per gli eventi particolari per voi abbiamo preparato i regali nelle scatole di legno per una bottiglia.","breadcrumb":{"@id":"https:\/\/misal.hr\/it\/aktualno\/poklon-paketi\/#breadcrumb"},"inLanguage":"it-IT","potentialAction":[{"@type":"ReadAction","target":[["https:\/\/misal.hr\/it\/aktualno\/poklon-paketi\/"]]}]},{"@type":"BreadcrumbList","@id":"https:\/\/misal.hr\/it\/aktualno\/poklon-paketi\/#breadcrumb","itemListElement":[{"@type":"ListItem","position":1,"name":"Home","item":"https:\/\/misal.hr\/it\/"},{"@type":"ListItem","position":2,"name":"AKTUALNO","item":"https:\/\/misal.hr\/it\/aktualno\/"},{"@type":"ListItem","position":3,"name":"SPECIJAL"}]},{"@type":"WebSite","@id":"https:\/\/misal.hr\/it\/#website","url":"https:\/\/misal.hr\/it\/","name":"MISAL","description":"Pjenu\u0161ci Per\u0161uri\u0107","publisher":{"@id":"https:\/\/misal.hr\/it\/#organization"},"potentialAction":[{"@type":"SearchAction","target":{"@type":"EntryPoint","urlTemplate":"https:\/\/misal.hr\/it\/?s={search_term_string}"},"query-input":{"@type":"PropertyValueSpecification","valueRequired":true,"valueName":"search_term_string"}}],"inLanguage":"it-IT"},{"@type":"Organization","@id":"https:\/\/misal.hr\/it\/#organization","name":"PJENU\u0160CI PER\u0160URI\u0106 d.o.o.","alternateName":"MISAL","url":"https:\/\/misal.hr\/it\/","logo":{"@type":"ImageObject","inLanguage":"it-IT","@id":"https:\/\/misal.hr\/it\/#\/schema\/logo\/image\/","url":"https:\/\/misal.hr\/wp-content\/uploads\/2016\/03\/misal_pjenusci_vina_persuric.jpg","contentUrl":"https:\/\/misal.hr\/wp-content\/uploads\/2016\/03\/misal_pjenusci_vina_persuric.jpg","width":1500,"height":996,"caption":"PJENU\u0160CI PER\u0160URI\u0106 d.o.o."},"image":{"@id":"https:\/\/misal.hr\/it\/#\/schema\/logo\/image\/"},"sameAs":["https:\/\/web.facebook.com\/misal.pjenusci","https:\/\/www.instagram.com\/sparkling_wines_misal\/"]}]}},"_links":{"self":[{"href":"https:\/\/misal.hr\/it\/wp-json\/wp\/v2\/pages\/1236","targetHints":{"allow":["GET"]}}],"collection":[{"href":"https:\/\/misal.hr\/it\/wp-json\/wp\/v2\/pages"}],"about":[{"href":"https:\/\/misal.hr\/it\/wp-json\/wp\/v2\/types\/page"}],"author":[{"embeddable":true,"href":"https:\/\/misal.hr\/it\/wp-json\/wp\/v2\/users\/1"}],"replies":[{"embeddable":true,"href":"https:\/\/misal.hr\/it\/wp-json\/wp\/v2\/comments?post=1236"}],"version-history":[{"count":0,"href":"https:\/\/misal.hr\/it\/wp-json\/wp\/v2\/pages\/1236\/revisions"}],"up":[{"embeddable":true,"href":"https:\/\/misal.hr\/it\/wp-json\/wp\/v2\/pages\/1233"}],"wp:attachment":[{"href":"https:\/\/misal.hr\/it\/wp-json\/wp\/v2\/media?parent=1236"}],"curies":[{"name":"wp","href":"https:\/\/api.w.org\/{rel}","templated":true}]}}