{"id":1276,"date":"2017-02-26T10:08:22","date_gmt":"2017-02-26T10:08:22","guid":{"rendered":"http:\/\/misal.hr\/?page_id=1276"},"modified":"2017-05-18T09:38:59","modified_gmt":"2017-05-18T09:38:59","slug":"koristenje-kolacica","status":"publish","type":"page","link":"https:\/\/misal.hr\/it\/koristenje-kolacica\/","title":{"rendered":"Utilizzando i cookie"},"content":{"rendered":"<div class=\"wpb-content-wrapper\"><p>[vc_row][vc_column][vc_column_text]I cookie presenti nel vostro browser internet consentono di far funzionare tutte le pagine del nostro sito, adeguare determinati contenuti alle vostre caratteristiche e, attraverso l&#8217;analisi delle visite, apportare costanti migliorie al sito stesso.<\/p>\n<p>Qualora lo desideriate, \u00e8 possibile altres\u00ec non autorizzare l&#8217;utilizzo dei cookie. In tal caso il sito internet nel vostro browser non scaricher\u00e0 alcun cookie permanente ad eccezione di quelli finalizzati all&#8217;analisi del numero di visitatori del sito, nonch\u00e9 quelli che vi consentono di effettuare la prenotazione online. Tuttavia, non saremo in grado di garantirvi il completo utilizzo del sito. Il sito utilizza elementi di altri offerenti che a loro volta utilizzano propri cookie[\/vc_column_text][\/vc_column][\/vc_row]<\/p>\n<\/div>","protected":false},"excerpt":{"rendered":"<p>[vc_row][vc_column][vc_column_text]I cookie presenti nel vostro browser internet consentono di far funzionare tutte le pagine del nostro sito, adeguare determinati contenuti alle vostre caratteristiche e, attraverso l&#8217;analisi delle visite, apportare costanti migliorie al sito stesso. Qualora lo desideriate, \u00e8 possibile altres\u00ec non autorizzare l&#8217;utilizzo dei cookie. In tal caso il sito internet nel vostro browser non<br class=\"read-more-spacer\"> <a class=\"more-link\" href=\"https:\/\/misal.hr\/it\/koristenje-kolacica\/\">Read More<\/a><\/p>\n","protected":false},"author":1,"featured_media":0,"parent":0,"menu_order":0,"comment_status":"closed","ping_status":"closed","template":"","meta":{"_acf_changed":false,"footnotes":""},"class_list":["post-1276","page","type-page","status-publish"],"acf":[],"yoast_head":"<!-- This site is optimized with the Yoast SEO plugin v26.6 - https:\/\/yoast.com\/wordpress\/plugins\/seo\/ -->\n<title>Utilizzando i cookie - MISAL<\/title>\n<meta name=\"robots\" content=\"index, follow, max-snippet:-1, max-image-preview:large, max-video-preview:-1\" \/>\n<link rel=\"canonical\" href=\"https:\/\/misal.hr\/it\/koristenje-kolacica\/\" \/>\n<meta property=\"og:locale\" content=\"it_IT\" \/>\n<meta property=\"og:type\" content=\"article\" \/>\n<meta property=\"og:title\" content=\"Utilizzando i cookie - MISAL\" \/>\n<meta property=\"og:description\" content=\"[vc_row][vc_column][vc_column_text]I cookie presenti nel vostro browser internet consentono di far funzionare tutte le pagine del nostro sito, adeguare determinati contenuti alle vostre caratteristiche e, attraverso l&#8217;analisi delle visite, apportare costanti migliorie al sito stesso. Qualora lo desideriate, \u00e8 possibile altres\u00ec non autorizzare l&#8217;utilizzo dei cookie. In tal caso il sito internet nel vostro browser non Read More\" \/>\n<meta property=\"og:url\" content=\"https:\/\/misal.hr\/it\/koristenje-kolacica\/\" \/>\n<meta property=\"og:site_name\" content=\"MISAL\" \/>\n<meta property=\"article:publisher\" content=\"https:\/\/web.facebook.com\/misal.pjenusci\" \/>\n<meta property=\"article:modified_time\" content=\"2017-05-18T09:38:59+00:00\" \/>\n<meta property=\"og:image\" content=\"https:\/\/misal.hr\/wp-content\/uploads\/2016\/03\/misal_web-sparkle-1.jpg\" \/>\n\t<meta property=\"og:image:width\" content=\"1920\" \/>\n\t<meta property=\"og:image:height\" content=\"1272\" \/>\n\t<meta property=\"og:image:type\" content=\"image\/jpeg\" \/>\n<meta name=\"twitter:card\" content=\"summary_large_image\" \/>\n<meta name=\"twitter:label1\" content=\"Tempo di lettura stimato\" \/>\n\t<meta name=\"twitter:data1\" content=\"3 minuti\" \/>\n<script type=\"application\/ld+json\" class=\"yoast-schema-graph\">{\"@context\":\"https:\/\/schema.org\",\"@graph\":[{\"@type\":\"WebPage\",\"@id\":\"https:\/\/misal.hr\/it\/koristenje-kolacica\/\",\"url\":\"https:\/\/misal.hr\/it\/koristenje-kolacica\/\",\"name\":\"Utilizzando i cookie - MISAL\",\"isPartOf\":{\"@id\":\"https:\/\/misal.hr\/it\/#website\"},\"datePublished\":\"2017-02-26T10:08:22+00:00\",\"dateModified\":\"2017-05-18T09:38:59+00:00\",\"breadcrumb\":{\"@id\":\"https:\/\/misal.hr\/it\/koristenje-kolacica\/#breadcrumb\"},\"inLanguage\":\"it-IT\",\"potentialAction\":[{\"@type\":\"ReadAction\",\"target\":[[\"https:\/\/misal.hr\/it\/koristenje-kolacica\/\"]]}]},{\"@type\":\"BreadcrumbList\",\"@id\":\"https:\/\/misal.hr\/it\/koristenje-kolacica\/#breadcrumb\",\"itemListElement\":[{\"@type\":\"ListItem\",\"position\":1,\"name\":\"Home\",\"item\":\"https:\/\/misal.hr\/it\/\"},{\"@type\":\"ListItem\",\"position\":2,\"name\":\"Kori\u0161tenje kola\u010di\u0107a\"}]},{\"@type\":\"WebSite\",\"@id\":\"https:\/\/misal.hr\/it\/#website\",\"url\":\"https:\/\/misal.hr\/it\/\",\"name\":\"MISAL\",\"description\":\"Pjenu\u0161ci Per\u0161uri\u0107\",\"publisher\":{\"@id\":\"https:\/\/misal.hr\/it\/#organization\"},\"potentialAction\":[{\"@type\":\"SearchAction\",\"target\":{\"@type\":\"EntryPoint\",\"urlTemplate\":\"https:\/\/misal.hr\/it\/?s={search_term_string}\"},\"query-input\":{\"@type\":\"PropertyValueSpecification\",\"valueRequired\":true,\"valueName\":\"search_term_string\"}}],\"inLanguage\":\"it-IT\"},{\"@type\":\"Organization\",\"@id\":\"https:\/\/misal.hr\/it\/#organization\",\"name\":\"PJENU\u0160CI PER\u0160URI\u0106 d.o.o.\",\"alternateName\":\"MISAL\",\"url\":\"https:\/\/misal.hr\/it\/\",\"logo\":{\"@type\":\"ImageObject\",\"inLanguage\":\"it-IT\",\"@id\":\"https:\/\/misal.hr\/it\/#\/schema\/logo\/image\/\",\"url\":\"https:\/\/misal.hr\/wp-content\/uploads\/2016\/03\/misal_pjenusci_vina_persuric.jpg\",\"contentUrl\":\"https:\/\/misal.hr\/wp-content\/uploads\/2016\/03\/misal_pjenusci_vina_persuric.jpg\",\"width\":1500,\"height\":996,\"caption\":\"PJENU\u0160CI PER\u0160URI\u0106 d.o.o.\"},\"image\":{\"@id\":\"https:\/\/misal.hr\/it\/#\/schema\/logo\/image\/\"},\"sameAs\":[\"https:\/\/web.facebook.com\/misal.pjenusci\",\"https:\/\/www.instagram.com\/sparkling_wines_misal\/\"]}]}<\/script>\n<!-- \/ Yoast SEO plugin. -->","yoast_head_json":{"title":"Utilizzando i cookie - MISAL","robots":{"index":"index","follow":"follow","max-snippet":"max-snippet:-1","max-image-preview":"max-image-preview:large","max-video-preview":"max-video-preview:-1"},"canonical":"https:\/\/misal.hr\/it\/koristenje-kolacica\/","og_locale":"it_IT","og_type":"article","og_title":"Utilizzando i cookie - MISAL","og_description":"[vc_row][vc_column][vc_column_text]I cookie presenti nel vostro browser internet consentono di far funzionare tutte le pagine del nostro sito, adeguare determinati contenuti alle vostre caratteristiche e, attraverso l&#8217;analisi delle visite, apportare costanti migliorie al sito stesso. Qualora lo desideriate, \u00e8 possibile altres\u00ec non autorizzare l&#8217;utilizzo dei cookie. In tal caso il sito internet nel vostro browser non Read More","og_url":"https:\/\/misal.hr\/it\/koristenje-kolacica\/","og_site_name":"MISAL","article_publisher":"https:\/\/web.facebook.com\/misal.pjenusci","article_modified_time":"2017-05-18T09:38:59+00:00","og_image":[{"width":1920,"height":1272,"url":"https:\/\/misal.hr\/wp-content\/uploads\/2016\/03\/misal_web-sparkle-1.jpg","type":"image\/jpeg"}],"twitter_card":"summary_large_image","twitter_misc":{"Tempo di lettura stimato":"3 minuti"},"schema":{"@context":"https:\/\/schema.org","@graph":[{"@type":"WebPage","@id":"https:\/\/misal.hr\/it\/koristenje-kolacica\/","url":"https:\/\/misal.hr\/it\/koristenje-kolacica\/","name":"Utilizzando i cookie - MISAL","isPartOf":{"@id":"https:\/\/misal.hr\/it\/#website"},"datePublished":"2017-02-26T10:08:22+00:00","dateModified":"2017-05-18T09:38:59+00:00","breadcrumb":{"@id":"https:\/\/misal.hr\/it\/koristenje-kolacica\/#breadcrumb"},"inLanguage":"it-IT","potentialAction":[{"@type":"ReadAction","target":[["https:\/\/misal.hr\/it\/koristenje-kolacica\/"]]}]},{"@type":"BreadcrumbList","@id":"https:\/\/misal.hr\/it\/koristenje-kolacica\/#breadcrumb","itemListElement":[{"@type":"ListItem","position":1,"name":"Home","item":"https:\/\/misal.hr\/it\/"},{"@type":"ListItem","position":2,"name":"Kori\u0161tenje kola\u010di\u0107a"}]},{"@type":"WebSite","@id":"https:\/\/misal.hr\/it\/#website","url":"https:\/\/misal.hr\/it\/","name":"MISAL","description":"Pjenu\u0161ci Per\u0161uri\u0107","publisher":{"@id":"https:\/\/misal.hr\/it\/#organization"},"potentialAction":[{"@type":"SearchAction","target":{"@type":"EntryPoint","urlTemplate":"https:\/\/misal.hr\/it\/?s={search_term_string}"},"query-input":{"@type":"PropertyValueSpecification","valueRequired":true,"valueName":"search_term_string"}}],"inLanguage":"it-IT"},{"@type":"Organization","@id":"https:\/\/misal.hr\/it\/#organization","name":"PJENU\u0160CI PER\u0160URI\u0106 d.o.o.","alternateName":"MISAL","url":"https:\/\/misal.hr\/it\/","logo":{"@type":"ImageObject","inLanguage":"it-IT","@id":"https:\/\/misal.hr\/it\/#\/schema\/logo\/image\/","url":"https:\/\/misal.hr\/wp-content\/uploads\/2016\/03\/misal_pjenusci_vina_persuric.jpg","contentUrl":"https:\/\/misal.hr\/wp-content\/uploads\/2016\/03\/misal_pjenusci_vina_persuric.jpg","width":1500,"height":996,"caption":"PJENU\u0160CI PER\u0160URI\u0106 d.o.o."},"image":{"@id":"https:\/\/misal.hr\/it\/#\/schema\/logo\/image\/"},"sameAs":["https:\/\/web.facebook.com\/misal.pjenusci","https:\/\/www.instagram.com\/sparkling_wines_misal\/"]}]}},"_links":{"self":[{"href":"https:\/\/misal.hr\/it\/wp-json\/wp\/v2\/pages\/1276","targetHints":{"allow":["GET"]}}],"collection":[{"href":"https:\/\/misal.hr\/it\/wp-json\/wp\/v2\/pages"}],"about":[{"href":"https:\/\/misal.hr\/it\/wp-json\/wp\/v2\/types\/page"}],"author":[{"embeddable":true,"href":"https:\/\/misal.hr\/it\/wp-json\/wp\/v2\/users\/1"}],"replies":[{"embeddable":true,"href":"https:\/\/misal.hr\/it\/wp-json\/wp\/v2\/comments?post=1276"}],"version-history":[{"count":0,"href":"https:\/\/misal.hr\/it\/wp-json\/wp\/v2\/pages\/1276\/revisions"}],"wp:attachment":[{"href":"https:\/\/misal.hr\/it\/wp-json\/wp\/v2\/media?parent=1276"}],"curies":[{"name":"wp","href":"https:\/\/api.w.org\/{rel}","templated":true}]}}