{"id":2006,"date":"2017-11-09T08:40:54","date_gmt":"2017-11-09T08:40:54","guid":{"rendered":"http:\/\/misal.hr\/?page_id=2006"},"modified":"2017-11-20T12:17:55","modified_gmt":"2017-11-20T12:17:55","slug":"opci-uvjeti-poslovanja","status":"publish","type":"page","link":"https:\/\/misal.hr\/it\/opci-uvjeti-poslovanja\/","title":{"rendered":"Le condizioni generali degli affari"},"content":{"rendered":"<p><strong>In genere<\/strong><\/p>\n<p>Pjenu\u0161ci Per\u0161uri\u0107 d.o.o. agisce conforme la legge che non permette la vendita delle bevande alcooliche alle persone piu giovani di 18 anni. Il tutto assortimento offerto vendiamo alle persone fisiche e giuridiche. La nostra offerta \u00e9 libera e facoltativa.<\/p>\n<p><strong>Danno durante il trasporto<\/strong><\/p>\n<p>Tutti i generi consegniamo in imballaggio di cartone originale quale diminuisce il rischio de danni. Se<br \/>\ndurante trasporto il danno succedesse ( rottura della bottiglia o qualcosa simile ) non siete obbligati di prendere i generi. In tal occasione preghiamo di dichiarare subito il danno alla persona che vi ha portato la roba, \u00e9 il suo dovere e consegnarvi la conferma del danneggiamento della spedizione.<\/p>\n<p><strong>Reclamo e garanzia<\/strong><\/p>\n<p>Nel caso della restituzione dei generi, il cliente e obbligato di rimandare il reclamo in periodo prescritto all&#8217;indirizzo e-mail.<\/p>\n<p>Il cliente ha il diritto del reclamo nei casi seguenti:<\/p>\n<ul>\n<li>Consegna del genere che non \u00e9 ordinata ( al piu tardi 7 giorni della dana della compera)<\/li>\n<li>Consegna del genere che non \u00e9 di qualita adeguata ( al piu tardi 60 giorni della dana della compera)<\/li>\n<li>Consegna che ha un falo o danneggiamento che non sono creati in trasporto ( al piu tardi 7 giorni della dana della compera )<\/li>\n<\/ul>\n<p>Venditore \u00e9 obbligato in periodo entro 30 giorni dal giorno del ricevimento del reclamo scritto, sostituire al Cliente il prodotto o tornare il denaro.<\/p>\n<p><strong>Protezione del privato e della sicurezza<\/strong><\/p>\n<p>Spumanti Per\u0161uri\u0107 d.o.o.aquistera e custodira dalle altre persone solo quelle indicazioni dei clienti che sono necessari per conclusione fruttuosa della commissione e della consegna. Si obbliga di custodire il privato di tutti i clienti, e le indicazioni riunite terra segrete in qualsiassi condizione.<\/p>","protected":false},"excerpt":{"rendered":"<p>In genere Pjenu\u0161ci Per\u0161uri\u0107 d.o.o. agisce conforme la legge che non permette la vendita delle bevande alcooliche alle persone piu giovani di 18 anni. Il tutto assortimento offerto vendiamo alle persone fisiche e giuridiche. La nostra offerta \u00e9 libera e facoltativa. Danno durante il trasporto Tutti i generi consegniamo in imballaggio di cartone originale quale<br class=\"read-more-spacer\"> <a class=\"more-link\" href=\"https:\/\/misal.hr\/it\/opci-uvjeti-poslovanja\/\">Read More<\/a><\/p>\n","protected":false},"author":1,"featured_media":0,"parent":0,"menu_order":0,"comment_status":"closed","ping_status":"closed","template":"","meta":{"_acf_changed":false,"footnotes":""},"class_list":["post-2006","page","type-page","status-publish"],"acf":[],"yoast_head":"<!-- This site is optimized with the Yoast SEO plugin v26.6 - https:\/\/yoast.com\/wordpress\/plugins\/seo\/ -->\n<title>Le condizioni generali degli affari - MISAL<\/title>\n<meta name=\"robots\" content=\"index, follow, max-snippet:-1, max-image-preview:large, max-video-preview:-1\" \/>\n<link rel=\"canonical\" href=\"https:\/\/misal.hr\/it\/opci-uvjeti-poslovanja\/\" \/>\n<meta property=\"og:locale\" content=\"it_IT\" \/>\n<meta property=\"og:type\" content=\"article\" \/>\n<meta property=\"og:title\" content=\"Le condizioni generali degli affari - MISAL\" \/>\n<meta property=\"og:description\" content=\"In genere Pjenu\u0161ci Per\u0161uri\u0107 d.o.o. agisce conforme la legge che non permette la vendita delle bevande alcooliche alle persone piu giovani di 18 anni. Il tutto assortimento offerto vendiamo alle persone fisiche e giuridiche. La nostra offerta \u00e9 libera e facoltativa. Danno durante il trasporto Tutti i generi consegniamo in imballaggio di cartone originale quale Read More\" \/>\n<meta property=\"og:url\" content=\"https:\/\/misal.hr\/it\/opci-uvjeti-poslovanja\/\" \/>\n<meta property=\"og:site_name\" content=\"MISAL\" \/>\n<meta property=\"article:publisher\" content=\"https:\/\/web.facebook.com\/misal.pjenusci\" \/>\n<meta property=\"article:modified_time\" content=\"2017-11-20T12:17:55+00:00\" \/>\n<meta property=\"og:image\" content=\"https:\/\/misal.hr\/wp-content\/uploads\/2016\/03\/misal_web-sparkle-1.jpg\" \/>\n\t<meta property=\"og:image:width\" content=\"1920\" \/>\n\t<meta property=\"og:image:height\" content=\"1272\" \/>\n\t<meta property=\"og:image:type\" content=\"image\/jpeg\" \/>\n<meta name=\"twitter:card\" content=\"summary_large_image\" \/>\n<meta name=\"twitter:label1\" content=\"Tempo di lettura stimato\" \/>\n\t<meta name=\"twitter:data1\" content=\"6 minuti\" \/>\n<script type=\"application\/ld+json\" class=\"yoast-schema-graph\">{\"@context\":\"https:\/\/schema.org\",\"@graph\":[{\"@type\":\"WebPage\",\"@id\":\"https:\/\/misal.hr\/it\/opci-uvjeti-poslovanja\/\",\"url\":\"https:\/\/misal.hr\/it\/opci-uvjeti-poslovanja\/\",\"name\":\"Le condizioni generali degli affari - MISAL\",\"isPartOf\":{\"@id\":\"https:\/\/misal.hr\/it\/#website\"},\"datePublished\":\"2017-11-09T08:40:54+00:00\",\"dateModified\":\"2017-11-20T12:17:55+00:00\",\"breadcrumb\":{\"@id\":\"https:\/\/misal.hr\/it\/opci-uvjeti-poslovanja\/#breadcrumb\"},\"inLanguage\":\"it-IT\",\"potentialAction\":[{\"@type\":\"ReadAction\",\"target\":[[\"https:\/\/misal.hr\/it\/opci-uvjeti-poslovanja\/\"]]}]},{\"@type\":\"BreadcrumbList\",\"@id\":\"https:\/\/misal.hr\/it\/opci-uvjeti-poslovanja\/#breadcrumb\",\"itemListElement\":[{\"@type\":\"ListItem\",\"position\":1,\"name\":\"Home\",\"item\":\"https:\/\/misal.hr\/it\/\"},{\"@type\":\"ListItem\",\"position\":2,\"name\":\"Op\u0107i uvjeti poslovanja\"}]},{\"@type\":\"WebSite\",\"@id\":\"https:\/\/misal.hr\/it\/#website\",\"url\":\"https:\/\/misal.hr\/it\/\",\"name\":\"MISAL\",\"description\":\"Pjenu\u0161ci Per\u0161uri\u0107\",\"publisher\":{\"@id\":\"https:\/\/misal.hr\/it\/#organization\"},\"potentialAction\":[{\"@type\":\"SearchAction\",\"target\":{\"@type\":\"EntryPoint\",\"urlTemplate\":\"https:\/\/misal.hr\/it\/?s={search_term_string}\"},\"query-input\":{\"@type\":\"PropertyValueSpecification\",\"valueRequired\":true,\"valueName\":\"search_term_string\"}}],\"inLanguage\":\"it-IT\"},{\"@type\":\"Organization\",\"@id\":\"https:\/\/misal.hr\/it\/#organization\",\"name\":\"PJENU\u0160CI PER\u0160URI\u0106 d.o.o.\",\"alternateName\":\"MISAL\",\"url\":\"https:\/\/misal.hr\/it\/\",\"logo\":{\"@type\":\"ImageObject\",\"inLanguage\":\"it-IT\",\"@id\":\"https:\/\/misal.hr\/it\/#\/schema\/logo\/image\/\",\"url\":\"https:\/\/misal.hr\/wp-content\/uploads\/2016\/03\/misal_pjenusci_vina_persuric.jpg\",\"contentUrl\":\"https:\/\/misal.hr\/wp-content\/uploads\/2016\/03\/misal_pjenusci_vina_persuric.jpg\",\"width\":1500,\"height\":996,\"caption\":\"PJENU\u0160CI PER\u0160URI\u0106 d.o.o.\"},\"image\":{\"@id\":\"https:\/\/misal.hr\/it\/#\/schema\/logo\/image\/\"},\"sameAs\":[\"https:\/\/web.facebook.com\/misal.pjenusci\",\"https:\/\/www.instagram.com\/sparkling_wines_misal\/\"]}]}<\/script>\n<!-- \/ Yoast SEO plugin. -->","yoast_head_json":{"title":"Le condizioni generali degli affari - MISAL","robots":{"index":"index","follow":"follow","max-snippet":"max-snippet:-1","max-image-preview":"max-image-preview:large","max-video-preview":"max-video-preview:-1"},"canonical":"https:\/\/misal.hr\/it\/opci-uvjeti-poslovanja\/","og_locale":"it_IT","og_type":"article","og_title":"Le condizioni generali degli affari - MISAL","og_description":"In genere Pjenu\u0161ci Per\u0161uri\u0107 d.o.o. agisce conforme la legge che non permette la vendita delle bevande alcooliche alle persone piu giovani di 18 anni. Il tutto assortimento offerto vendiamo alle persone fisiche e giuridiche. La nostra offerta \u00e9 libera e facoltativa. Danno durante il trasporto Tutti i generi consegniamo in imballaggio di cartone originale quale Read More","og_url":"https:\/\/misal.hr\/it\/opci-uvjeti-poslovanja\/","og_site_name":"MISAL","article_publisher":"https:\/\/web.facebook.com\/misal.pjenusci","article_modified_time":"2017-11-20T12:17:55+00:00","og_image":[{"width":1920,"height":1272,"url":"https:\/\/misal.hr\/wp-content\/uploads\/2016\/03\/misal_web-sparkle-1.jpg","type":"image\/jpeg"}],"twitter_card":"summary_large_image","twitter_misc":{"Tempo di lettura stimato":"6 minuti"},"schema":{"@context":"https:\/\/schema.org","@graph":[{"@type":"WebPage","@id":"https:\/\/misal.hr\/it\/opci-uvjeti-poslovanja\/","url":"https:\/\/misal.hr\/it\/opci-uvjeti-poslovanja\/","name":"Le condizioni generali degli affari - MISAL","isPartOf":{"@id":"https:\/\/misal.hr\/it\/#website"},"datePublished":"2017-11-09T08:40:54+00:00","dateModified":"2017-11-20T12:17:55+00:00","breadcrumb":{"@id":"https:\/\/misal.hr\/it\/opci-uvjeti-poslovanja\/#breadcrumb"},"inLanguage":"it-IT","potentialAction":[{"@type":"ReadAction","target":[["https:\/\/misal.hr\/it\/opci-uvjeti-poslovanja\/"]]}]},{"@type":"BreadcrumbList","@id":"https:\/\/misal.hr\/it\/opci-uvjeti-poslovanja\/#breadcrumb","itemListElement":[{"@type":"ListItem","position":1,"name":"Home","item":"https:\/\/misal.hr\/it\/"},{"@type":"ListItem","position":2,"name":"Op\u0107i uvjeti poslovanja"}]},{"@type":"WebSite","@id":"https:\/\/misal.hr\/it\/#website","url":"https:\/\/misal.hr\/it\/","name":"MISAL","description":"Pjenu\u0161ci Per\u0161uri\u0107","publisher":{"@id":"https:\/\/misal.hr\/it\/#organization"},"potentialAction":[{"@type":"SearchAction","target":{"@type":"EntryPoint","urlTemplate":"https:\/\/misal.hr\/it\/?s={search_term_string}"},"query-input":{"@type":"PropertyValueSpecification","valueRequired":true,"valueName":"search_term_string"}}],"inLanguage":"it-IT"},{"@type":"Organization","@id":"https:\/\/misal.hr\/it\/#organization","name":"PJENU\u0160CI PER\u0160URI\u0106 d.o.o.","alternateName":"MISAL","url":"https:\/\/misal.hr\/it\/","logo":{"@type":"ImageObject","inLanguage":"it-IT","@id":"https:\/\/misal.hr\/it\/#\/schema\/logo\/image\/","url":"https:\/\/misal.hr\/wp-content\/uploads\/2016\/03\/misal_pjenusci_vina_persuric.jpg","contentUrl":"https:\/\/misal.hr\/wp-content\/uploads\/2016\/03\/misal_pjenusci_vina_persuric.jpg","width":1500,"height":996,"caption":"PJENU\u0160CI PER\u0160URI\u0106 d.o.o."},"image":{"@id":"https:\/\/misal.hr\/it\/#\/schema\/logo\/image\/"},"sameAs":["https:\/\/web.facebook.com\/misal.pjenusci","https:\/\/www.instagram.com\/sparkling_wines_misal\/"]}]}},"_links":{"self":[{"href":"https:\/\/misal.hr\/it\/wp-json\/wp\/v2\/pages\/2006","targetHints":{"allow":["GET"]}}],"collection":[{"href":"https:\/\/misal.hr\/it\/wp-json\/wp\/v2\/pages"}],"about":[{"href":"https:\/\/misal.hr\/it\/wp-json\/wp\/v2\/types\/page"}],"author":[{"embeddable":true,"href":"https:\/\/misal.hr\/it\/wp-json\/wp\/v2\/users\/1"}],"replies":[{"embeddable":true,"href":"https:\/\/misal.hr\/it\/wp-json\/wp\/v2\/comments?post=2006"}],"version-history":[{"count":0,"href":"https:\/\/misal.hr\/it\/wp-json\/wp\/v2\/pages\/2006\/revisions"}],"wp:attachment":[{"href":"https:\/\/misal.hr\/it\/wp-json\/wp\/v2\/media?parent=2006"}],"curies":[{"name":"wp","href":"https:\/\/api.w.org\/{rel}","templated":true}]}}