{"id":2200,"date":"2018-05-24T18:24:44","date_gmt":"2018-05-24T18:24:44","guid":{"rendered":"http:\/\/misal.hr\/data-access-request\/"},"modified":"2018-05-24T19:24:47","modified_gmt":"2018-05-24T19:24:47","slug":"data-access-request","status":"publish","type":"page","link":"https:\/\/misal.hr\/it\/my-account\/data-access-request\/","title":{"rendered":"Richiesta di accesso ai dati"},"content":{"rendered":"<p>[wpgdprc_access_request_form]<\/p>\n","protected":false},"excerpt":{"rendered":"<p>[wpgdprc_access_request_form]<\/p>\n","protected":false},"author":1,"featured_media":0,"parent":8,"menu_order":0,"comment_status":"closed","ping_status":"closed","template":"","meta":{"_acf_changed":false,"footnotes":""},"class_list":["post-2200","page","type-page","status-publish"],"acf":[],"yoast_head":"<!-- This site is optimized with the Yoast SEO plugin v26.6 - https:\/\/yoast.com\/wordpress\/plugins\/seo\/ -->\n<title>Richiesta di accesso ai dati - MISAL<\/title>\n<meta name=\"robots\" content=\"index, follow, max-snippet:-1, max-image-preview:large, max-video-preview:-1\" \/>\n<link rel=\"canonical\" href=\"https:\/\/misal.hr\/it\/my-account\/data-access-request\/\" \/>\n<meta property=\"og:locale\" content=\"it_IT\" \/>\n<meta property=\"og:type\" content=\"article\" \/>\n<meta property=\"og:title\" content=\"Richiesta di accesso ai dati - MISAL\" \/>\n<meta property=\"og:description\" content=\"[wpgdprc_access_request_form]\" \/>\n<meta property=\"og:url\" content=\"https:\/\/misal.hr\/it\/my-account\/data-access-request\/\" \/>\n<meta property=\"og:site_name\" content=\"MISAL\" \/>\n<meta property=\"article:publisher\" content=\"https:\/\/web.facebook.com\/misal.pjenusci\" \/>\n<meta property=\"article:modified_time\" content=\"2018-05-24T19:24:47+00:00\" \/>\n<meta property=\"og:image\" content=\"https:\/\/misal.hr\/wp-content\/uploads\/2016\/03\/misal_web-sparkle-1.jpg\" \/>\n\t<meta property=\"og:image:width\" content=\"1920\" \/>\n\t<meta property=\"og:image:height\" content=\"1272\" \/>\n\t<meta property=\"og:image:type\" content=\"image\/jpeg\" \/>\n<meta name=\"twitter:card\" content=\"summary_large_image\" \/>\n<script type=\"application\/ld+json\" class=\"yoast-schema-graph\">{\"@context\":\"https:\/\/schema.org\",\"@graph\":[{\"@type\":\"WebPage\",\"@id\":\"https:\/\/misal.hr\/it\/my-account\/data-access-request\/\",\"url\":\"https:\/\/misal.hr\/it\/my-account\/data-access-request\/\",\"name\":\"Richiesta di accesso ai dati - MISAL\",\"isPartOf\":{\"@id\":\"https:\/\/misal.hr\/it\/#website\"},\"datePublished\":\"2018-05-24T18:24:44+00:00\",\"dateModified\":\"2018-05-24T19:24:47+00:00\",\"breadcrumb\":{\"@id\":\"https:\/\/misal.hr\/it\/my-account\/data-access-request\/#breadcrumb\"},\"inLanguage\":\"it-IT\",\"potentialAction\":[{\"@type\":\"ReadAction\",\"target\":[[\"https:\/\/misal.hr\/it\/my-account\/data-access-request\/\"]]}]},{\"@type\":\"BreadcrumbList\",\"@id\":\"https:\/\/misal.hr\/it\/my-account\/data-access-request\/#breadcrumb\",\"itemListElement\":[{\"@type\":\"ListItem\",\"position\":1,\"name\":\"Home\",\"item\":\"https:\/\/misal.hr\/it\/\"},{\"@type\":\"ListItem\",\"position\":2,\"name\":\"Moj ra\u010dun\",\"item\":\"https:\/\/misal.hr\/it\/my-account\/\"},{\"@type\":\"ListItem\",\"position\":3,\"name\":\"Zahtjev za pristup podacima\"}]},{\"@type\":\"WebSite\",\"@id\":\"https:\/\/misal.hr\/it\/#website\",\"url\":\"https:\/\/misal.hr\/it\/\",\"name\":\"MISAL\",\"description\":\"Pjenu\u0161ci Per\u0161uri\u0107\",\"publisher\":{\"@id\":\"https:\/\/misal.hr\/it\/#organization\"},\"potentialAction\":[{\"@type\":\"SearchAction\",\"target\":{\"@type\":\"EntryPoint\",\"urlTemplate\":\"https:\/\/misal.hr\/it\/?s={search_term_string}\"},\"query-input\":{\"@type\":\"PropertyValueSpecification\",\"valueRequired\":true,\"valueName\":\"search_term_string\"}}],\"inLanguage\":\"it-IT\"},{\"@type\":\"Organization\",\"@id\":\"https:\/\/misal.hr\/it\/#organization\",\"name\":\"PJENU\u0160CI PER\u0160URI\u0106 d.o.o.\",\"alternateName\":\"MISAL\",\"url\":\"https:\/\/misal.hr\/it\/\",\"logo\":{\"@type\":\"ImageObject\",\"inLanguage\":\"it-IT\",\"@id\":\"https:\/\/misal.hr\/it\/#\/schema\/logo\/image\/\",\"url\":\"https:\/\/misal.hr\/wp-content\/uploads\/2016\/03\/misal_pjenusci_vina_persuric.jpg\",\"contentUrl\":\"https:\/\/misal.hr\/wp-content\/uploads\/2016\/03\/misal_pjenusci_vina_persuric.jpg\",\"width\":1500,\"height\":996,\"caption\":\"PJENU\u0160CI PER\u0160URI\u0106 d.o.o.\"},\"image\":{\"@id\":\"https:\/\/misal.hr\/it\/#\/schema\/logo\/image\/\"},\"sameAs\":[\"https:\/\/web.facebook.com\/misal.pjenusci\",\"https:\/\/www.instagram.com\/sparkling_wines_misal\/\"]}]}<\/script>\n<!-- \/ Yoast SEO plugin. -->","yoast_head_json":{"title":"Richiesta di accesso ai dati - MISAL","robots":{"index":"index","follow":"follow","max-snippet":"max-snippet:-1","max-image-preview":"max-image-preview:large","max-video-preview":"max-video-preview:-1"},"canonical":"https:\/\/misal.hr\/it\/my-account\/data-access-request\/","og_locale":"it_IT","og_type":"article","og_title":"Richiesta di accesso ai dati - MISAL","og_description":"[wpgdprc_access_request_form]","og_url":"https:\/\/misal.hr\/it\/my-account\/data-access-request\/","og_site_name":"MISAL","article_publisher":"https:\/\/web.facebook.com\/misal.pjenusci","article_modified_time":"2018-05-24T19:24:47+00:00","og_image":[{"width":1920,"height":1272,"url":"https:\/\/misal.hr\/wp-content\/uploads\/2016\/03\/misal_web-sparkle-1.jpg","type":"image\/jpeg"}],"twitter_card":"summary_large_image","schema":{"@context":"https:\/\/schema.org","@graph":[{"@type":"WebPage","@id":"https:\/\/misal.hr\/it\/my-account\/data-access-request\/","url":"https:\/\/misal.hr\/it\/my-account\/data-access-request\/","name":"Richiesta di accesso ai dati - MISAL","isPartOf":{"@id":"https:\/\/misal.hr\/it\/#website"},"datePublished":"2018-05-24T18:24:44+00:00","dateModified":"2018-05-24T19:24:47+00:00","breadcrumb":{"@id":"https:\/\/misal.hr\/it\/my-account\/data-access-request\/#breadcrumb"},"inLanguage":"it-IT","potentialAction":[{"@type":"ReadAction","target":[["https:\/\/misal.hr\/it\/my-account\/data-access-request\/"]]}]},{"@type":"BreadcrumbList","@id":"https:\/\/misal.hr\/it\/my-account\/data-access-request\/#breadcrumb","itemListElement":[{"@type":"ListItem","position":1,"name":"Home","item":"https:\/\/misal.hr\/it\/"},{"@type":"ListItem","position":2,"name":"Moj ra\u010dun","item":"https:\/\/misal.hr\/it\/my-account\/"},{"@type":"ListItem","position":3,"name":"Zahtjev za pristup podacima"}]},{"@type":"WebSite","@id":"https:\/\/misal.hr\/it\/#website","url":"https:\/\/misal.hr\/it\/","name":"MISAL","description":"Pjenu\u0161ci Per\u0161uri\u0107","publisher":{"@id":"https:\/\/misal.hr\/it\/#organization"},"potentialAction":[{"@type":"SearchAction","target":{"@type":"EntryPoint","urlTemplate":"https:\/\/misal.hr\/it\/?s={search_term_string}"},"query-input":{"@type":"PropertyValueSpecification","valueRequired":true,"valueName":"search_term_string"}}],"inLanguage":"it-IT"},{"@type":"Organization","@id":"https:\/\/misal.hr\/it\/#organization","name":"PJENU\u0160CI PER\u0160URI\u0106 d.o.o.","alternateName":"MISAL","url":"https:\/\/misal.hr\/it\/","logo":{"@type":"ImageObject","inLanguage":"it-IT","@id":"https:\/\/misal.hr\/it\/#\/schema\/logo\/image\/","url":"https:\/\/misal.hr\/wp-content\/uploads\/2016\/03\/misal_pjenusci_vina_persuric.jpg","contentUrl":"https:\/\/misal.hr\/wp-content\/uploads\/2016\/03\/misal_pjenusci_vina_persuric.jpg","width":1500,"height":996,"caption":"PJENU\u0160CI PER\u0160URI\u0106 d.o.o."},"image":{"@id":"https:\/\/misal.hr\/it\/#\/schema\/logo\/image\/"},"sameAs":["https:\/\/web.facebook.com\/misal.pjenusci","https:\/\/www.instagram.com\/sparkling_wines_misal\/"]}]}},"_links":{"self":[{"href":"https:\/\/misal.hr\/it\/wp-json\/wp\/v2\/pages\/2200","targetHints":{"allow":["GET"]}}],"collection":[{"href":"https:\/\/misal.hr\/it\/wp-json\/wp\/v2\/pages"}],"about":[{"href":"https:\/\/misal.hr\/it\/wp-json\/wp\/v2\/types\/page"}],"author":[{"embeddable":true,"href":"https:\/\/misal.hr\/it\/wp-json\/wp\/v2\/users\/1"}],"replies":[{"embeddable":true,"href":"https:\/\/misal.hr\/it\/wp-json\/wp\/v2\/comments?post=2200"}],"version-history":[{"count":0,"href":"https:\/\/misal.hr\/it\/wp-json\/wp\/v2\/pages\/2200\/revisions"}],"up":[{"embeddable":true,"href":"https:\/\/misal.hr\/it\/wp-json\/wp\/v2\/pages\/8"}],"wp:attachment":[{"href":"https:\/\/misal.hr\/it\/wp-json\/wp\/v2\/media?parent=2200"}],"curies":[{"name":"wp","href":"https:\/\/api.w.org\/{rel}","templated":true}]}}