{"id":341,"date":"2016-03-15T14:31:38","date_gmt":"2016-03-15T14:31:38","guid":{"rendered":"http:\/\/okthemes.com\/villenoirdemo\/?page_id=341"},"modified":"2024-08-31T11:29:01","modified_gmt":"2024-08-31T11:29:01","slug":"o-nama-vina","status":"publish","type":"page","link":"https:\/\/misal.hr\/it\/o-nama-vina\/","title":{"rendered":"IL NOSTRO RACCONTO"},"content":{"rendered":"<div class=\"wpb-content-wrapper\"><p>[vc_row full_width=&#8221;stretch_row&#8221; full_height=&#8221;yes&#8221; columns_placement=&#8221;top&#8221; equal_height=&#8221;yes&#8221; content_placement=&#8221;top&#8221; css_animation=&#8221;&#8221; css=&#8221;.vc_custom_1503575320385{background-color: #ededed !important;}&#8221;][vc_column width=&#8221;1\/2&#8243; css_animation=&#8221;&#8221;][vc_single_image image=&#8221;1894&#8243; img_size=&#8221;full&#8221; alignment=&#8221;center&#8221; css_animation=&#8221;&#8221;][vc_column_text css_animation=&#8221;&#8221;]<\/p>\n<p style=\"text-align: center;\">Gli spumanti MISAL sono la nostra forza e il nostro orgoglio. Il filo che collega il nostro passato, il presente e il futuro. Per noi, gli spumanti MISAL sono un dono che abbiamo ereditato, per portarlo, per amarlo e crescere con esso. MISAL e il migliore che possiamo offrire al mondo.<\/p>\n<p>[\/vc_column_text][vc_single_image image=&#8221;1896&#8243; img_size=&#8221;full&#8221; alignment=&#8221;center&#8221; css_animation=&#8221;&#8221;][\/vc_column][vc_column width=&#8221;1\/2&#8243; css_animation=&#8221;&#8221;][vc_single_image image=&#8221;1518&#8243; img_size=&#8221;full&#8221; alignment=&#8221;center&#8221; css_animation=&#8221;&#8221;][vc_column_text css_animation=&#8221;&#8221;]<\/p>\n<p style=\"text-align: center;\">Le bollicine di MISAL sono piene di forza della pietra istriana, di bellezza della terra rossa , di calore del sole mediteraneo e di bonta della famiglia Per\u0161uri\u0107 , che si da premura dei tralci di vite gia cinque secoli.<\/p>\n<p>[\/vc_column_text][vc_single_image image=&#8221;1395&#8243; img_size=&#8221;full&#8221; alignment=&#8221;center&#8221; css_animation=&#8221;&#8221;][\/vc_column][\/vc_row][vc_row full_width=&#8221;stretch_row&#8221; css_animation=&#8221;&#8221; css=&#8221;.vc_custom_1681295174752{padding-top: 120px !important;padding-bottom: 400px !important;background-image: url(http:\/\/misal.hr\/wp-content\/uploads\/2023\/04\/misal_vinograd.jpg?id=6480) !important;background-position: center !important;background-repeat: no-repeat !important;background-size: cover !important;}&#8221; el_class=&#8221;gg-force-background-bottom&#8221;][vc_column width=&#8221;1\/2&#8243; css_animation=&#8221;&#8221; el_class=&#8221;nasa_prica&#8221;][vc_column_text css_animation=&#8221;&#8221;]<\/p>\n<h2>Come abbiamo iniziato<\/h2>\n<p>Le prime bottiglie MISAL sono nate all\u2019inizio degli anni novanta del 20. secolo, come un lavoro indagato di Dr.sc. \u0110iordano Per\u0161uri\u0107.<\/p>\n<p>Desiderando di mostrare la ricchezza delle sorte e del clima autoctoni, ha cominciato a creare, oggi conosciuto brand MISAL.<\/p>\n<p>Gli spumanti MISAL , oggi si creano con risultato dell\u2019 amore immensamente, di una passione vera e di un lavoro pieno di stenti, guidato da coscienza e scienza.[\/vc_column_text][\/vc_column][vc_column width=&#8221;1\/2&#8243; css_animation=&#8221;&#8221; el_class=&#8221;nasa_prica&#8221;]\n\t<div class=\"title-subtitle-box  vc_custom_1681295180124\" style=\" padding: 90px 0 0 0px; text-align: center;\">\n\t\t<p  style=\"\">PJENU\u0160CI PER\u0160URI\u0106<\/p>\n\t\t<h2 style=\" color:#e8cfa4;  font-style: normal;\">''Vorremmo produrre degli spumanti che vi arriccheranno il sapore e l'anima''<\/h2>\n\t<\/div> [\/vc_column][\/vc_row][vc_row full_width=&#8221;stretch_row&#8221; css_animation=&#8221;&#8221; css=&#8221;.vc_custom_1493894590475{background-image: url(http:\/\/misal.hr\/wp-content\/uploads\/2016\/03\/persuric-misal.jpg?id=1519) !important;background-position: center !important;background-repeat: no-repeat !important;background-size: cover !important;}&#8221; el_class=&#8221;gg-force-background-bottom-no-cover&#8221;][vc_column width=&#8221;1\/3&#8243; css_animation=&#8221;&#8221;][\/vc_column][vc_column width=&#8221;1\/3&#8243; css_animation=&#8221;&#8221; css=&#8221;.vc_custom_1506687547602{padding-right: 5% !important;padding-left: 5% !important;}&#8221; el_class=&#8221;sivo&#8221;]\n\t<div class=\"title-subtitle-box \" style=\" text-align: left;\">\n\t\t<p  style=\"\">LA NOSTRA STORIA<\/p>\n\t<\/div> [vc_column_text css_animation=&#8221;&#8221;]<span style=\"color: #ffffff;\">La famiglia Per\u0161uri\u0107 gia cinque secoli si occupa della produzione del vino. Iniziatore della produzzione degli spumanti MISAL , DR.sc. \u0110ordano Per\u0161uri\u0107, dopo laureato all\u2019 Universita, torna al paese nativo Pr\u0161uri\u0107i, e insieme con suo padre produce fino 1990 i vini fermi.<\/span>[\/vc_column_text][vc_btn title=&#8221;LEGGI DI PI\u00d9&#8221; shape=&#8221;square&#8221; color=&#8221;white&#8221; size=&#8221;xs&#8221; css_animation=&#8221;&#8221; link=&#8221;url:http%3A%2F%2Fmisal.hr%2Fo-nama%2Fnasa-povijest%2F|||&#8221;][\/vc_column][vc_column width=&#8221;1\/3&#8243; css_animation=&#8221;&#8221; css=&#8221;.vc_custom_1506687551516{padding-top: 80px !important;}&#8221; el_class=&#8221;sivo&#8221;][vc_column_text css_animation=&#8221;&#8221;]<\/p>\n<p style=\"text-align: right;\"><span style=\"color: #ffffff;\">Alla fine degli anni 80. comincia a lavorare sul suo primo spumante come un lavoro indagato. All\u2019 inizio degli anni 90. produce le prime cento bottiglie. Fino 2000. la produzione, per la famiglia Per\u0161uri\u0107 e solo un hobby. Entrando nel nuovo millennio, la famiglia comincia con una produzione seria, allargando la produzione e equipaggiando con i nuovi comandi. Prendendo le laure, le figlie Katarina e Ana, entrano nel lavoro famigliare.<\/span><\/p>\n<p>[\/vc_column_text][vc_column_text css_animation=&#8221;&#8221;]<\/p>\n<p style=\"text-align: right;\"><span style=\"color: #ffffff;\">All\u2019 inizio dirigono ai lavori enologici e al commercio, e dopo la morte del padre, nel 2015., assumono la direzione della cantina.<\/span><\/p>\n<p>[\/vc_column_text][\/vc_column][\/vc_row][vc_row full_width=&#8221;stretch_row&#8221; css_animation=&#8221;&#8221; css=&#8221;.vc_custom_1504013031215{background-color: #ededed !important;}&#8221;][vc_column width=&#8221;1\/3&#8243; css_animation=&#8221;&#8221;]\n\t<div class=\"title-subtitle-box \" style=\" text-align: left;\">\n\t\t<p  style=\"\">I PREMI<\/p>\n\t\t<h1 style=\" font-style: normal;\">MISAL<\/h1>\n\t<\/div> [vc_column_text css_animation=&#8221;&#8221;]La qualita dei nostri spumanti \u00e8 garantita non solo delle istruzioni professionali e un amore enorme, ma anche con i premi e gli apprezzi che gli spumanti ricevono.[\/vc_column_text][vc_btn title=&#8221;LEGGI DI PI\u00d9&#8221; shape=&#8221;square&#8221; color=&#8221;black&#8221; size=&#8221;xs&#8221; align=&#8221;left&#8221; css_animation=&#8221;&#8221; link=&#8221;url:http%3A%2F%2Fmisal.hr%2Fo-nama%2Fnagrade%2F|||&#8221;][\/vc_column][vc_column width=&#8221;2\/3&#8243; css_animation=&#8221;&#8221;][vc_masonry_media_grid element_width=&#8221;3&#8243; grid_id=&#8221;vc_gid:1725103731649-5892cc17-6057-1&#8243; include=&#8221;1820,1819,1818,1817,1816,1815,1814,1813,1858,1920,1919,1918,1917,1916,1915,1914&#8243;][\/vc_column][\/vc_row][vc_row full_width=&#8221;stretch_row&#8221; equal_height=&#8221;yes&#8221; content_placement=&#8221;middle&#8221; css_animation=&#8221;&#8221; css=&#8221;.vc_custom_1503575578758{background: #121212 url(http:\/\/misal.hr\/wp-content\/uploads\/2016\/03\/misal_spark_01.jpg?id=1683) !important;background-position: center !important;background-repeat: no-repeat !important;background-size: cover !important;}&#8221;][vc_column css_animation=&#8221;&#8221;][vc_column_text css_animation=&#8221;&#8221;]<\/p>\n<div class=\"heading\">\n<p class=\"h_subtitle\" style=\"text-align: center;\">PJENU\u0160CI PER\u0160URI\u0106<\/p>\n<h2 class=\"h_title\" style=\"text-align: center;\">Gli spumanti MISAL di ottima qualit\u00e0<\/h2>\n<\/div>\n<p>[\/vc_column_text][\/vc_column][\/vc_row]<\/p>\n<\/div>","protected":false},"excerpt":{"rendered":"<p>[vc_row full_width=&#8221;stretch_row&#8221; full_height=&#8221;yes&#8221; columns_placement=&#8221;top&#8221; equal_height=&#8221;yes&#8221; content_placement=&#8221;top&#8221; css_animation=&#8221;&#8221; css=&#8221;.vc_custom_1503575320385{background-color: #ededed !important;}&#8221;][vc_column width=&#8221;1\/2&#8243; css_animation=&#8221;&#8221;][vc_single_image image=&#8221;1894&#8243; img_size=&#8221;full&#8221; alignment=&#8221;center&#8221; css_animation=&#8221;&#8221;][vc_column_text css_animation=&#8221;&#8221;] Gli spumanti MISAL sono la nostra forza e il nostro orgoglio. Il filo che collega il nostro passato, il presente e il futuro. Per noi, gli spumanti MISAL sono un dono che abbiamo ereditato, per portarlo, per amarlo<br class=\"read-more-spacer\"> <a class=\"more-link\" href=\"https:\/\/misal.hr\/it\/o-nama-vina\/\">Read More<\/a><\/p>\n","protected":false},"author":1,"featured_media":0,"parent":0,"menu_order":0,"comment_status":"closed","ping_status":"closed","template":"","meta":{"_acf_changed":false,"footnotes":""},"class_list":["post-341","page","type-page","status-publish"],"acf":[],"yoast_head":"<!-- This site is optimized with the Yoast SEO plugin v26.6 - https:\/\/yoast.com\/wordpress\/plugins\/seo\/ -->\n<title>IL NOSTRO RACCONTO | MISAL | PJENU\u0160CI PER\u0160URI\u0106<\/title>\n<meta name=\"description\" content=\"Gli spumanti MISAL sono la nostra forza e il nostro orgoglio. Il filo che collega il nostro passato, il presente e il futuro. Per noi, gli spumanti MISAL\" \/>\n<meta name=\"robots\" content=\"index, follow, max-snippet:-1, max-image-preview:large, max-video-preview:-1\" \/>\n<link rel=\"canonical\" href=\"https:\/\/misal.hr\/it\/o-nama-vina\/\" \/>\n<meta property=\"og:locale\" content=\"it_IT\" \/>\n<meta property=\"og:type\" content=\"article\" \/>\n<meta property=\"og:title\" content=\"IL NOSTRO RACCONTO | MISAL | PJENU\u0160CI PER\u0160URI\u0106\" \/>\n<meta property=\"og:description\" content=\"Gli spumanti MISAL sono la nostra forza e il nostro orgoglio. Il filo che collega il nostro passato, il presente e il futuro. Per noi, gli spumanti MISAL\" \/>\n<meta property=\"og:url\" content=\"https:\/\/misal.hr\/it\/o-nama-vina\/\" \/>\n<meta property=\"og:site_name\" content=\"MISAL\" \/>\n<meta property=\"article:publisher\" content=\"https:\/\/web.facebook.com\/misal.pjenusci\" \/>\n<meta property=\"article:modified_time\" content=\"2024-08-31T11:29:01+00:00\" \/>\n<meta property=\"og:image\" content=\"https:\/\/misal.hr\/wp-content\/uploads\/2016\/03\/misal_web-sparkle-1.jpg\" \/>\n\t<meta property=\"og:image:width\" content=\"1920\" \/>\n\t<meta property=\"og:image:height\" content=\"1272\" \/>\n\t<meta property=\"og:image:type\" content=\"image\/jpeg\" \/>\n<meta name=\"twitter:card\" content=\"summary_large_image\" \/>\n<meta name=\"twitter:label1\" content=\"Tempo di lettura stimato\" \/>\n\t<meta name=\"twitter:data1\" content=\"19 minuti\" \/>\n<script type=\"application\/ld+json\" class=\"yoast-schema-graph\">{\"@context\":\"https:\/\/schema.org\",\"@graph\":[{\"@type\":\"WebPage\",\"@id\":\"https:\/\/misal.hr\/it\/o-nama-vina\/\",\"url\":\"https:\/\/misal.hr\/it\/o-nama-vina\/\",\"name\":\"IL NOSTRO RACCONTO | MISAL | PJENU\u0160CI PER\u0160URI\u0106\",\"isPartOf\":{\"@id\":\"https:\/\/misal.hr\/it\/#website\"},\"datePublished\":\"2016-03-15T14:31:38+00:00\",\"dateModified\":\"2024-08-31T11:29:01+00:00\",\"description\":\"Gli spumanti MISAL sono la nostra forza e il nostro orgoglio. Il filo che collega il nostro passato, il presente e il futuro. Per noi, gli spumanti MISAL\",\"breadcrumb\":{\"@id\":\"https:\/\/misal.hr\/it\/o-nama-vina\/#breadcrumb\"},\"inLanguage\":\"it-IT\",\"potentialAction\":[{\"@type\":\"ReadAction\",\"target\":[[\"https:\/\/misal.hr\/it\/o-nama-vina\/\"]]}]},{\"@type\":\"BreadcrumbList\",\"@id\":\"https:\/\/misal.hr\/it\/o-nama-vina\/#breadcrumb\",\"itemListElement\":[{\"@type\":\"ListItem\",\"position\":1,\"name\":\"Home\",\"item\":\"https:\/\/misal.hr\/it\/\"},{\"@type\":\"ListItem\",\"position\":2,\"name\":\"NA\u0160A PRI\u010cA\"}]},{\"@type\":\"WebSite\",\"@id\":\"https:\/\/misal.hr\/it\/#website\",\"url\":\"https:\/\/misal.hr\/it\/\",\"name\":\"MISAL\",\"description\":\"Pjenu\u0161ci Per\u0161uri\u0107\",\"publisher\":{\"@id\":\"https:\/\/misal.hr\/it\/#organization\"},\"potentialAction\":[{\"@type\":\"SearchAction\",\"target\":{\"@type\":\"EntryPoint\",\"urlTemplate\":\"https:\/\/misal.hr\/it\/?s={search_term_string}\"},\"query-input\":{\"@type\":\"PropertyValueSpecification\",\"valueRequired\":true,\"valueName\":\"search_term_string\"}}],\"inLanguage\":\"it-IT\"},{\"@type\":\"Organization\",\"@id\":\"https:\/\/misal.hr\/it\/#organization\",\"name\":\"PJENU\u0160CI PER\u0160URI\u0106 d.o.o.\",\"alternateName\":\"MISAL\",\"url\":\"https:\/\/misal.hr\/it\/\",\"logo\":{\"@type\":\"ImageObject\",\"inLanguage\":\"it-IT\",\"@id\":\"https:\/\/misal.hr\/it\/#\/schema\/logo\/image\/\",\"url\":\"https:\/\/misal.hr\/wp-content\/uploads\/2016\/03\/misal_pjenusci_vina_persuric.jpg\",\"contentUrl\":\"https:\/\/misal.hr\/wp-content\/uploads\/2016\/03\/misal_pjenusci_vina_persuric.jpg\",\"width\":1500,\"height\":996,\"caption\":\"PJENU\u0160CI PER\u0160URI\u0106 d.o.o.\"},\"image\":{\"@id\":\"https:\/\/misal.hr\/it\/#\/schema\/logo\/image\/\"},\"sameAs\":[\"https:\/\/web.facebook.com\/misal.pjenusci\",\"https:\/\/www.instagram.com\/sparkling_wines_misal\/\"]}]}<\/script>\n<!-- \/ Yoast SEO plugin. -->","yoast_head_json":{"title":"IL NOSTRO RACCONTO | MISAL | PJENU\u0160CI PER\u0160URI\u0106","description":"Gli spumanti MISAL sono la nostra forza e il nostro orgoglio. Il filo che collega il nostro passato, il presente e il futuro. Per noi, gli spumanti MISAL","robots":{"index":"index","follow":"follow","max-snippet":"max-snippet:-1","max-image-preview":"max-image-preview:large","max-video-preview":"max-video-preview:-1"},"canonical":"https:\/\/misal.hr\/it\/o-nama-vina\/","og_locale":"it_IT","og_type":"article","og_title":"IL NOSTRO RACCONTO | MISAL | PJENU\u0160CI PER\u0160URI\u0106","og_description":"Gli spumanti MISAL sono la nostra forza e il nostro orgoglio. Il filo che collega il nostro passato, il presente e il futuro. Per noi, gli spumanti MISAL","og_url":"https:\/\/misal.hr\/it\/o-nama-vina\/","og_site_name":"MISAL","article_publisher":"https:\/\/web.facebook.com\/misal.pjenusci","article_modified_time":"2024-08-31T11:29:01+00:00","og_image":[{"width":1920,"height":1272,"url":"https:\/\/misal.hr\/wp-content\/uploads\/2016\/03\/misal_web-sparkle-1.jpg","type":"image\/jpeg"}],"twitter_card":"summary_large_image","twitter_misc":{"Tempo di lettura stimato":"19 minuti"},"schema":{"@context":"https:\/\/schema.org","@graph":[{"@type":"WebPage","@id":"https:\/\/misal.hr\/it\/o-nama-vina\/","url":"https:\/\/misal.hr\/it\/o-nama-vina\/","name":"IL NOSTRO RACCONTO | MISAL | PJENU\u0160CI PER\u0160URI\u0106","isPartOf":{"@id":"https:\/\/misal.hr\/it\/#website"},"datePublished":"2016-03-15T14:31:38+00:00","dateModified":"2024-08-31T11:29:01+00:00","description":"Gli spumanti MISAL sono la nostra forza e il nostro orgoglio. Il filo che collega il nostro passato, il presente e il futuro. Per noi, gli spumanti MISAL","breadcrumb":{"@id":"https:\/\/misal.hr\/it\/o-nama-vina\/#breadcrumb"},"inLanguage":"it-IT","potentialAction":[{"@type":"ReadAction","target":[["https:\/\/misal.hr\/it\/o-nama-vina\/"]]}]},{"@type":"BreadcrumbList","@id":"https:\/\/misal.hr\/it\/o-nama-vina\/#breadcrumb","itemListElement":[{"@type":"ListItem","position":1,"name":"Home","item":"https:\/\/misal.hr\/it\/"},{"@type":"ListItem","position":2,"name":"NA\u0160A PRI\u010cA"}]},{"@type":"WebSite","@id":"https:\/\/misal.hr\/it\/#website","url":"https:\/\/misal.hr\/it\/","name":"MISAL","description":"Pjenu\u0161ci Per\u0161uri\u0107","publisher":{"@id":"https:\/\/misal.hr\/it\/#organization"},"potentialAction":[{"@type":"SearchAction","target":{"@type":"EntryPoint","urlTemplate":"https:\/\/misal.hr\/it\/?s={search_term_string}"},"query-input":{"@type":"PropertyValueSpecification","valueRequired":true,"valueName":"search_term_string"}}],"inLanguage":"it-IT"},{"@type":"Organization","@id":"https:\/\/misal.hr\/it\/#organization","name":"PJENU\u0160CI PER\u0160URI\u0106 d.o.o.","alternateName":"MISAL","url":"https:\/\/misal.hr\/it\/","logo":{"@type":"ImageObject","inLanguage":"it-IT","@id":"https:\/\/misal.hr\/it\/#\/schema\/logo\/image\/","url":"https:\/\/misal.hr\/wp-content\/uploads\/2016\/03\/misal_pjenusci_vina_persuric.jpg","contentUrl":"https:\/\/misal.hr\/wp-content\/uploads\/2016\/03\/misal_pjenusci_vina_persuric.jpg","width":1500,"height":996,"caption":"PJENU\u0160CI PER\u0160URI\u0106 d.o.o."},"image":{"@id":"https:\/\/misal.hr\/it\/#\/schema\/logo\/image\/"},"sameAs":["https:\/\/web.facebook.com\/misal.pjenusci","https:\/\/www.instagram.com\/sparkling_wines_misal\/"]}]}},"_links":{"self":[{"href":"https:\/\/misal.hr\/it\/wp-json\/wp\/v2\/pages\/341","targetHints":{"allow":["GET"]}}],"collection":[{"href":"https:\/\/misal.hr\/it\/wp-json\/wp\/v2\/pages"}],"about":[{"href":"https:\/\/misal.hr\/it\/wp-json\/wp\/v2\/types\/page"}],"author":[{"embeddable":true,"href":"https:\/\/misal.hr\/it\/wp-json\/wp\/v2\/users\/1"}],"replies":[{"embeddable":true,"href":"https:\/\/misal.hr\/it\/wp-json\/wp\/v2\/comments?post=341"}],"version-history":[{"count":0,"href":"https:\/\/misal.hr\/it\/wp-json\/wp\/v2\/pages\/341\/revisions"}],"wp:attachment":[{"href":"https:\/\/misal.hr\/it\/wp-json\/wp\/v2\/media?parent=341"}],"curies":[{"name":"wp","href":"https:\/\/api.w.org\/{rel}","templated":true}]}}