{"id":519,"date":"2016-03-21T13:06:29","date_gmt":"2016-03-21T13:06:29","guid":{"rendered":"http:\/\/okthemes.com\/villenoirdemo\/?page_id=519"},"modified":"2018-06-07T07:09:59","modified_gmt":"2018-06-07T07:09:59","slug":"zastita-osobnih-podataka","status":"publish","type":"page","link":"https:\/\/misal.hr\/it\/zastita-osobnih-podataka\/","title":{"rendered":"Protezione dei dati personali"},"content":{"rendered":"<div class=\"wpb-content-wrapper\"><p>[vc_row][vc_column][vc_column_text]<b>Informativa sulla privacy <\/b><\/p>\n<p>&nbsp;<\/p>\n<p><span style=\"font-weight: 400;\">La societ\u00e0 \u201dPJENU\u0160CI PER\u0160URI\u0106 d.o.o.\u201d, PER\u0160URI\u0106I 5a, 52463 Vi\u0161njan (in seguito denominata MISAL) ritiene tutti i diritti d\u2019autore nel utilizzo di fotografie, testi e altri materiali pubblicati rispettando le leggi positive della Repubblica di Croazia. Le fotografie, i testi e tutti i materiali non verranno pubblicati, venduti n\u00e9 comunicati o usati in nessun modo senza l\u2019approvazione di MISAL.<\/span><\/p>\n<p><b>Clausole introduttive <\/b><\/p>\n<p><span style=\"font-weight: 400;\">MISAL rispetta la Sua privacy e si obbliga alla protezione dei Suoi dati personali. La raccolta e la conservazione dei dati \u00e8 effettuata ai sensi delle disposizioni della Legge sulla protezione dei dati personali.<\/span><\/p>\n<p><b>Dati protetti tramite il sistema della politica sulla privacy<\/b><\/p>\n<p><span style=\"font-weight: 400;\">I dati prevalentemente cercati e protetti sono i seguenti:<\/span><\/p>\n<p><span style=\"font-weight: 400;\">&#8211; nome e cognome<\/span><\/p>\n<p><span style=\"font-weight: 400;\">&#8211; posta elettronica <\/span><\/p>\n<p><span style=\"font-weight: 400;\">&#8211; altri dati personali da Lei comunicati, ma con richiesta che rimangano segreti \u00a0<\/span><\/p>\n<p><b>Scopo dei dati raccolti<\/b><\/p>\n<p><span style=\"font-weight: 400;\">Tutti i Suoi dati verranno usati<\/span><span style=\"font-weight: 400;\"> esclusivamente per i seguenti scopi:<\/span><\/p>\n<p><span style=\"font-weight: 400;\">&#8211; una risposta favorevole alla Sua domanda<\/span><\/p>\n<p><span style=\"font-weight: 400;\">&#8211; assicurazione della prestazione del servizio richiesto<\/span><\/p>\n<p><span style=\"font-weight: 400;\">&#8211; elaborazione interna di dati a scopi statistici<\/span><\/p>\n<p><span style=\"font-weight: 400;\">&#8211; invio di pubblicazioni, opuscoli e altri materiali promozionali.<\/span><\/p>\n<p><span style=\"font-weight: 400;\">MISAL garantisce che i dati raccolti verranno utilizzati esclusivamente per gli scopi sopra elencati. <\/span><\/p>\n<p><span style=\"font-weight: 400;\">Con la cessione dei dati personali per ogni forma di comunicazione dichiara il Suo espresso consenso ad essere contattato da parte di MISAL ai fini sopra riportati. In caso non voglia che MISAL Vi contatti, \u00e8 Suo obbligo informare MISAL per via scritta. <\/span><\/p>\n<p><b>Periodo di validit\u00e0 della politica sulla privacy<\/b><\/p>\n<p><span style=\"font-weight: 400;\">Nel momento in cui rilascia i Suoi dati personali si dichiara d\u2019accordo a venire contattato da MISAL. Il momento dell\u2019accesso alla nostra pagina web rappresenta il vostro espresso consenso al contatto. La protezione dei Suoi dati personali \u00e8 permanente e in ogni momento potete inviare una richiesta se non volete pi\u00f9 ricevere notifiche via posta elettronica. In seguito MISAL non utilizzer\u00e0 pi\u00f9 \u00a0i Suoi dati tranne ai propri fini, ad esempio per l\u2019elaborazione informatica o statistica dei dati. <\/span><\/p>\n<p><b>Contenuto della politica sulla privacy<\/b><\/p>\n<p><span style=\"font-weight: 400;\">La Sua posta elettronica e altri dati non verranno venduti, locati n\u00e9 messi a disposizione ad altre persone fisiche o giuridiche al di fuori della pagina web MISAL senza il Suo consenso, visto che ci\u00f2 \u00e8 contrario alla nostra politica sulla privacy. MISAL rispetta la rigorosa politica \u201cno spam\u201d. MISAL non \u00e8 responsabile per un errore involontario o un errore di forza maggiore o per altri fatti oggettivi i quali causano un\u2019involontaria violazione della garantita protezione dei dati personali. D\u2019altro lato MISAL garantisce che l\u2019errore verr\u00e0 rimosso, se possibile, in tempo breve. <\/span><\/p>\n<p>&nbsp;<\/p>\n<p><b>I cookie e la tecnologia internet <\/b><\/p>\n<p><span style=\"font-weight: 400;\">Come in molti altri casi, cos\u00ec anche la nostra pagina web pu\u00f2 servirsi dei cookie e di altre tecnologie che ci permettono di rilasciare i contenuti dipendentemente dai Suoi campi d\u2019interesse, gestire richieste e\/o analizzare le Sue visite. I cookie non possono essere usati per rivelare la Sua identit\u00e0. Quando accede alla nostra pagina web, questa informazione serve ai nostri server solo per identificare le caratteristiche del Suo browser e non l\u2019utente. Per cancellare o deattivare i cookie in qualsiasi momento deve soltanto aggiornare le impostazioni del browser (informazioni sulle modalit\u00e0 di cancellazione o altri usi dei cookie dell\u2019utente si trovano sul browser web sotto \u201cAiuto\u201d). Le informazioni possono essere raccolte anche usando i \u201cpixel\u201d, i \u201csegnali di rete\u201d, i \u201cGIF vuoti\u201d o simili mezzi chiamati comunemente \u201crivelatori pixel\u201d i quali ci aiutano a raccogliere informazioni sulle visite della nostra pagina web e come usa la nostra posta elettronica e i nostri avvisi. <\/span><\/p>\n<p><b>Cambio dei dati personali<\/b><\/p>\n<p><span style=\"font-weight: 400;\">In qualsiasi momento ci pu\u00f2 contattare per rivedere i Suoi dati personali, per il loro aggiornamento, la loro correzione e la loro cancellazione. Fino a quel momento utilizzeremo i Suoi dati gi\u00e0 ottenuti per i scopi sopra nominati. <\/span><\/p>\n<p><b>Consenso<\/b><\/p>\n<p><span style=\"font-weight: 400;\">Compilando i moduli su questa pagina web garantisce l\u2019autenticit\u00e0 dei dati, di possedere la capacit\u00e0 di lavoro, che \u00e8 autorizzato a disporre con le date informazioni e di essere d&#8217;accordo che MISAL usi e raccolga i Suoi dati rispettando la legge e le condizioni della nostra politica sulla privacy.<\/span><\/p>\n<p><b>Trasparenza<\/b><\/p>\n<p><span style=\"font-weight: 400;\">In caso di cambiamento della politica sulla privacy tutte le novit\u00e0 verranno pubblicate su questa pagina web, cos\u00ec che l\u2019utente abbia la possibilit\u00e0 di essere aggiornato sulle novit\u00e0 in qualsiasi momento.<\/span><\/p>\n<p><b>Ulteriori informazioni <\/b><\/p>\n<p><span style=\"font-weight: 400;\">Utilizzando la nostra pagina web conferma di aver letto l\u2019Informativa sulla privacy e di essere d\u2019accordo con la stessa. \u00a0<\/span><\/p>\n<p><span style=\"font-weight: 400;\">Per ulteriori informazioni, problemi o osservazioni relative alla nostra politica sulla privacy pu\u00f2 contattarci all\u2019indirizzo di posta elettronica info@misal.hr. <\/span>[\/vc_column_text][\/vc_column][\/vc_row]<\/p>\n<\/div>","protected":false},"excerpt":{"rendered":"<p>[vc_row][vc_column][vc_column_text]Informativa sulla privacy &nbsp; La societ\u00e0 \u201dPJENU\u0160CI PER\u0160URI\u0106 d.o.o.\u201d, PER\u0160URI\u0106I 5a, 52463 Vi\u0161njan (in seguito denominata MISAL) ritiene tutti i diritti d\u2019autore nel utilizzo di fotografie, testi e altri materiali pubblicati rispettando le leggi positive della Repubblica di Croazia. Le fotografie, i testi e tutti i materiali non verranno pubblicati, venduti n\u00e9 comunicati o usati<br class=\"read-more-spacer\"> <a class=\"more-link\" href=\"https:\/\/misal.hr\/it\/zastita-osobnih-podataka\/\">Read More<\/a><\/p>\n","protected":false},"author":1,"featured_media":0,"parent":0,"menu_order":0,"comment_status":"closed","ping_status":"closed","template":"","meta":{"_acf_changed":false,"footnotes":""},"class_list":["post-519","page","type-page","status-publish"],"acf":[],"yoast_head":"<!-- This site is optimized with the Yoast SEO plugin v26.6 - https:\/\/yoast.com\/wordpress\/plugins\/seo\/ -->\n<title>Protezione dei dati personali - MISAL<\/title>\n<meta name=\"robots\" content=\"index, follow, max-snippet:-1, max-image-preview:large, max-video-preview:-1\" \/>\n<link rel=\"canonical\" href=\"https:\/\/misal.hr\/it\/zastita-osobnih-podataka\/\" \/>\n<meta property=\"og:locale\" content=\"it_IT\" \/>\n<meta property=\"og:type\" content=\"article\" \/>\n<meta property=\"og:title\" content=\"Protezione dei dati personali - MISAL\" \/>\n<meta property=\"og:description\" content=\"[vc_row][vc_column][vc_column_text]Informativa sulla privacy &nbsp; La societ\u00e0 \u201dPJENU\u0160CI PER\u0160URI\u0106 d.o.o.\u201d, PER\u0160URI\u0106I 5a, 52463 Vi\u0161njan (in seguito denominata MISAL) ritiene tutti i diritti d\u2019autore nel utilizzo di fotografie, testi e altri materiali pubblicati rispettando le leggi positive della Repubblica di Croazia. Le fotografie, i testi e tutti i materiali non verranno pubblicati, venduti n\u00e9 comunicati o usati Read More\" \/>\n<meta property=\"og:url\" content=\"https:\/\/misal.hr\/it\/zastita-osobnih-podataka\/\" \/>\n<meta property=\"og:site_name\" content=\"MISAL\" \/>\n<meta property=\"article:publisher\" content=\"https:\/\/web.facebook.com\/misal.pjenusci\" \/>\n<meta property=\"article:modified_time\" content=\"2018-06-07T07:09:59+00:00\" \/>\n<meta property=\"og:image\" content=\"https:\/\/misal.hr\/wp-content\/uploads\/2016\/03\/misal_web-sparkle-1.jpg\" \/>\n\t<meta property=\"og:image:width\" content=\"1920\" \/>\n\t<meta property=\"og:image:height\" content=\"1272\" \/>\n\t<meta property=\"og:image:type\" content=\"image\/jpeg\" \/>\n<meta name=\"twitter:card\" content=\"summary_large_image\" \/>\n<meta name=\"twitter:label1\" content=\"Tempo di lettura stimato\" \/>\n\t<meta name=\"twitter:data1\" content=\"15 minuti\" \/>\n<script type=\"application\/ld+json\" class=\"yoast-schema-graph\">{\"@context\":\"https:\/\/schema.org\",\"@graph\":[{\"@type\":\"WebPage\",\"@id\":\"https:\/\/misal.hr\/it\/zastita-osobnih-podataka\/\",\"url\":\"https:\/\/misal.hr\/it\/zastita-osobnih-podataka\/\",\"name\":\"Protezione dei dati personali - MISAL\",\"isPartOf\":{\"@id\":\"https:\/\/misal.hr\/it\/#website\"},\"datePublished\":\"2016-03-21T13:06:29+00:00\",\"dateModified\":\"2018-06-07T07:09:59+00:00\",\"breadcrumb\":{\"@id\":\"https:\/\/misal.hr\/it\/zastita-osobnih-podataka\/#breadcrumb\"},\"inLanguage\":\"it-IT\",\"potentialAction\":[{\"@type\":\"ReadAction\",\"target\":[[\"https:\/\/misal.hr\/it\/zastita-osobnih-podataka\/\"]]}]},{\"@type\":\"BreadcrumbList\",\"@id\":\"https:\/\/misal.hr\/it\/zastita-osobnih-podataka\/#breadcrumb\",\"itemListElement\":[{\"@type\":\"ListItem\",\"position\":1,\"name\":\"Home\",\"item\":\"https:\/\/misal.hr\/it\/\"},{\"@type\":\"ListItem\",\"position\":2,\"name\":\"Za\u0161tita osobnih podataka\"}]},{\"@type\":\"WebSite\",\"@id\":\"https:\/\/misal.hr\/it\/#website\",\"url\":\"https:\/\/misal.hr\/it\/\",\"name\":\"MISAL\",\"description\":\"Pjenu\u0161ci Per\u0161uri\u0107\",\"publisher\":{\"@id\":\"https:\/\/misal.hr\/it\/#organization\"},\"potentialAction\":[{\"@type\":\"SearchAction\",\"target\":{\"@type\":\"EntryPoint\",\"urlTemplate\":\"https:\/\/misal.hr\/it\/?s={search_term_string}\"},\"query-input\":{\"@type\":\"PropertyValueSpecification\",\"valueRequired\":true,\"valueName\":\"search_term_string\"}}],\"inLanguage\":\"it-IT\"},{\"@type\":\"Organization\",\"@id\":\"https:\/\/misal.hr\/it\/#organization\",\"name\":\"PJENU\u0160CI PER\u0160URI\u0106 d.o.o.\",\"alternateName\":\"MISAL\",\"url\":\"https:\/\/misal.hr\/it\/\",\"logo\":{\"@type\":\"ImageObject\",\"inLanguage\":\"it-IT\",\"@id\":\"https:\/\/misal.hr\/it\/#\/schema\/logo\/image\/\",\"url\":\"https:\/\/misal.hr\/wp-content\/uploads\/2016\/03\/misal_pjenusci_vina_persuric.jpg\",\"contentUrl\":\"https:\/\/misal.hr\/wp-content\/uploads\/2016\/03\/misal_pjenusci_vina_persuric.jpg\",\"width\":1500,\"height\":996,\"caption\":\"PJENU\u0160CI PER\u0160URI\u0106 d.o.o.\"},\"image\":{\"@id\":\"https:\/\/misal.hr\/it\/#\/schema\/logo\/image\/\"},\"sameAs\":[\"https:\/\/web.facebook.com\/misal.pjenusci\",\"https:\/\/www.instagram.com\/sparkling_wines_misal\/\"]}]}<\/script>\n<!-- \/ Yoast SEO plugin. -->","yoast_head_json":{"title":"Protezione dei dati personali - MISAL","robots":{"index":"index","follow":"follow","max-snippet":"max-snippet:-1","max-image-preview":"max-image-preview:large","max-video-preview":"max-video-preview:-1"},"canonical":"https:\/\/misal.hr\/it\/zastita-osobnih-podataka\/","og_locale":"it_IT","og_type":"article","og_title":"Protezione dei dati personali - MISAL","og_description":"[vc_row][vc_column][vc_column_text]Informativa sulla privacy &nbsp; La societ\u00e0 \u201dPJENU\u0160CI PER\u0160URI\u0106 d.o.o.\u201d, PER\u0160URI\u0106I 5a, 52463 Vi\u0161njan (in seguito denominata MISAL) ritiene tutti i diritti d\u2019autore nel utilizzo di fotografie, testi e altri materiali pubblicati rispettando le leggi positive della Repubblica di Croazia. Le fotografie, i testi e tutti i materiali non verranno pubblicati, venduti n\u00e9 comunicati o usati Read More","og_url":"https:\/\/misal.hr\/it\/zastita-osobnih-podataka\/","og_site_name":"MISAL","article_publisher":"https:\/\/web.facebook.com\/misal.pjenusci","article_modified_time":"2018-06-07T07:09:59+00:00","og_image":[{"width":1920,"height":1272,"url":"https:\/\/misal.hr\/wp-content\/uploads\/2016\/03\/misal_web-sparkle-1.jpg","type":"image\/jpeg"}],"twitter_card":"summary_large_image","twitter_misc":{"Tempo di lettura stimato":"15 minuti"},"schema":{"@context":"https:\/\/schema.org","@graph":[{"@type":"WebPage","@id":"https:\/\/misal.hr\/it\/zastita-osobnih-podataka\/","url":"https:\/\/misal.hr\/it\/zastita-osobnih-podataka\/","name":"Protezione dei dati personali - MISAL","isPartOf":{"@id":"https:\/\/misal.hr\/it\/#website"},"datePublished":"2016-03-21T13:06:29+00:00","dateModified":"2018-06-07T07:09:59+00:00","breadcrumb":{"@id":"https:\/\/misal.hr\/it\/zastita-osobnih-podataka\/#breadcrumb"},"inLanguage":"it-IT","potentialAction":[{"@type":"ReadAction","target":[["https:\/\/misal.hr\/it\/zastita-osobnih-podataka\/"]]}]},{"@type":"BreadcrumbList","@id":"https:\/\/misal.hr\/it\/zastita-osobnih-podataka\/#breadcrumb","itemListElement":[{"@type":"ListItem","position":1,"name":"Home","item":"https:\/\/misal.hr\/it\/"},{"@type":"ListItem","position":2,"name":"Za\u0161tita osobnih podataka"}]},{"@type":"WebSite","@id":"https:\/\/misal.hr\/it\/#website","url":"https:\/\/misal.hr\/it\/","name":"MISAL","description":"Pjenu\u0161ci Per\u0161uri\u0107","publisher":{"@id":"https:\/\/misal.hr\/it\/#organization"},"potentialAction":[{"@type":"SearchAction","target":{"@type":"EntryPoint","urlTemplate":"https:\/\/misal.hr\/it\/?s={search_term_string}"},"query-input":{"@type":"PropertyValueSpecification","valueRequired":true,"valueName":"search_term_string"}}],"inLanguage":"it-IT"},{"@type":"Organization","@id":"https:\/\/misal.hr\/it\/#organization","name":"PJENU\u0160CI PER\u0160URI\u0106 d.o.o.","alternateName":"MISAL","url":"https:\/\/misal.hr\/it\/","logo":{"@type":"ImageObject","inLanguage":"it-IT","@id":"https:\/\/misal.hr\/it\/#\/schema\/logo\/image\/","url":"https:\/\/misal.hr\/wp-content\/uploads\/2016\/03\/misal_pjenusci_vina_persuric.jpg","contentUrl":"https:\/\/misal.hr\/wp-content\/uploads\/2016\/03\/misal_pjenusci_vina_persuric.jpg","width":1500,"height":996,"caption":"PJENU\u0160CI PER\u0160URI\u0106 d.o.o."},"image":{"@id":"https:\/\/misal.hr\/it\/#\/schema\/logo\/image\/"},"sameAs":["https:\/\/web.facebook.com\/misal.pjenusci","https:\/\/www.instagram.com\/sparkling_wines_misal\/"]}]}},"_links":{"self":[{"href":"https:\/\/misal.hr\/it\/wp-json\/wp\/v2\/pages\/519","targetHints":{"allow":["GET"]}}],"collection":[{"href":"https:\/\/misal.hr\/it\/wp-json\/wp\/v2\/pages"}],"about":[{"href":"https:\/\/misal.hr\/it\/wp-json\/wp\/v2\/types\/page"}],"author":[{"embeddable":true,"href":"https:\/\/misal.hr\/it\/wp-json\/wp\/v2\/users\/1"}],"replies":[{"embeddable":true,"href":"https:\/\/misal.hr\/it\/wp-json\/wp\/v2\/comments?post=519"}],"version-history":[{"count":0,"href":"https:\/\/misal.hr\/it\/wp-json\/wp\/v2\/pages\/519\/revisions"}],"wp:attachment":[{"href":"https:\/\/misal.hr\/it\/wp-json\/wp\/v2\/media?parent=519"}],"curies":[{"name":"wp","href":"https:\/\/api.w.org\/{rel}","templated":true}]}}